{"id":3905,"date":"2026-02-02T12:59:04","date_gmt":"2026-02-02T10:59:04","guid":{"rendered":"https:\/\/satuaasintalli.fi\/?post_type=product&#038;p=3905"},"modified":"2026-02-02T13:18:44","modified_gmt":"2026-02-02T11:18:44","slug":"sukat-mustat","status":"publish","type":"product","link":"https:\/\/satuaasintalli.fi\/index.php\/tuote\/sukat-mustat\/","title":{"rendered":"Sukat, mustat"},"content":{"rendered":"<p>N\u00e4ill\u00e4 sukilla kelpaa askeltaa aasipowerin voimalla. Sukkien varressa vaihtoehtoina kaksi eri aasikuvaa: suloinen ja vauhdikas miniaasivarsa Calle tai p\u00f6rr\u00f6iset aasiyst\u00e4vykset Jummi ja Calle.<\/p>\n<p>Valittavissa olevat koot<br \/>\n34-37<br \/>\n38-42<br \/>\n43-46<\/p>\n<p>Materiaali<strong><br \/>\n<\/strong>Musta alaosa 90% puuvilla, 10% elastaani: tuntuu miellytt\u00e4v\u00e4lt\u00e4 jalassa ja hengitt\u00e4\u00e4.<br \/>\nVarsi 95% polyesteri, 5% elastaani: takaa erinomaisen painatuksen.<\/p>\n<p>Pesuohje:\u00a0kylm\u00e4ss\u00e4 vedess\u00e4 nurinp\u00e4in k\u00e4\u00e4nnettyn\u00e4.<\/p>\n<p>HUOM! Tuotteet tilataan tilauskohtaisesti painatusyritykselt\u00e4, mist\u00e4 ne toimitetaan suoraan ostajalle. Painatus tehd\u00e4\u00e4n Suomessa \u00c4\u00e4nekoskella Kaiffarin painopajassa.<\/p>\n","protected":false},"excerpt":{"rendered":"<p>N\u00e4ill\u00e4 sukilla kelpaa askeltaa aasipowerin voimalla. Sukkien varressa vaihtoehtoina kaksi eri aasikuvaa: suloinen ja vauhdikas miniaasivarsa Calle tai p\u00f6rr\u00f6iset aasiyst\u00e4vykset Jummi ja Calle.<\/p>\n<p>Valittavissa olevat koot<br \/>\n34-37<br \/>\n38-42<br \/>\n43-46<\/p>\n<p>Materiaali<br \/>\nMusta alaosa 90% puuvilla, 10% elastaani: tuntuu miellytt\u00e4v\u00e4lt\u00e4 jalassa ja hengitt\u00e4\u00e4.<br \/>\nVarsi 95% polyesteri, 5% elastaani: takaa erinomaisen painatuksen.<\/p>\n<p>Pesuohje: kylm\u00e4ss\u00e4 vedess\u00e4 nurinp\u00e4in k\u00e4\u00e4nnettyn\u00e4.<\/p>\n<p>&nbsp;<\/p>\n","protected":false},"featured_media":3878,"comment_status":"open","ping_status":"closed","template":"","meta":[],"product_brand":[],"product_cat":[129],"product_tag":[132,131,68,130],"class_list":{"0":"post-3905","1":"product","2":"type-product","3":"status-publish","4":"has-post-thumbnail","6":"product_cat-sukat","7":"product_tag-aasikuvalla","8":"product_tag-aasisukat","9":"product_tag-aasituote","10":"product_tag-sukat","11":"wcpa_has_options","13":"first","14":"instock","15":"taxable","16":"shipping-taxable","17":"purchasable","18":"product-type-simple"},"yoast_head":"<!-- This site is optimized with the Yoast SEO plugin v27.4 - https:\/\/yoast.com\/product\/yoast-seo-wordpress\/ -->\n<title>Sukat, mustat - SatuAasin talli<\/title>\n<meta name=\"description\" content=\"N\u00e4ill\u00e4 sukilla kelpaa askeltaa aasipowerin voimalla. Valittavana mustiin sukkiin kuvina suloinen aasivarsa tai p\u00f6rr\u00f6iset aasikaverukset.\" \/>\n<meta name=\"robots\" content=\"index, follow, max-snippet:-1, max-image-preview:large, max-video-preview:-1\" \/>\n<link rel=\"canonical\" href=\"https:\/\/satuaasintalli.fi\/index.php\/tuote\/sukat-mustat\/\" \/>\n<meta property=\"og:locale\" content=\"fi_FI\" \/>\n<meta property=\"og:type\" content=\"article\" \/>\n<meta property=\"og:title\" content=\"Sukat, mustat - SatuAasin talli\" \/>\n<meta property=\"og:description\" content=\"N\u00e4ill\u00e4 sukilla kelpaa askeltaa aasipowerin voimalla. Valittavana mustiin sukkiin kuvina suloinen aasivarsa tai p\u00f6rr\u00f6iset aasikaverukset.\" \/>\n<meta property=\"og:url\" content=\"https:\/\/satuaasintalli.fi\/index.php\/tuote\/sukat-mustat\/\" \/>\n<meta property=\"og:site_name\" content=\"SatuAasin talli\" \/>\n<meta property=\"article:publisher\" content=\"https:\/\/www.facebook.com\/hevostoimintavalkas\/\" \/>\n<meta property=\"article:modified_time\" content=\"2026-02-02T11:18:44+00:00\" \/>\n<meta property=\"og:image\" content=\"https:\/\/satuaasintalli.fi\/wp-content\/uploads\/2026\/01\/Mustat-sukat-talviturkki.png\" \/>\n\t<meta property=\"og:image:width\" content=\"1080\" \/>\n\t<meta property=\"og:image:height\" content=\"1080\" \/>\n\t<meta property=\"og:image:type\" content=\"image\/png\" \/>\n<meta name=\"twitter:card\" content=\"summary_large_image\" \/>\n<meta name=\"twitter:label1\" content=\"Arvioitu lukuaika\" \/>\n\t<meta name=\"twitter:data1\" content=\"1 minuutti\" \/>\n<script type=\"application\/ld+json\" class=\"yoast-schema-graph\">{\"@context\":\"https:\\\/\\\/schema.org\",\"@graph\":[{\"@type\":\"WebPage\",\"@id\":\"https:\\\/\\\/satuaasintalli.fi\\\/index.php\\\/tuote\\\/sukat-mustat\\\/\",\"url\":\"https:\\\/\\\/satuaasintalli.fi\\\/index.php\\\/tuote\\\/sukat-mustat\\\/\",\"name\":\"Sukat, mustat - SatuAasin talli\",\"isPartOf\":{\"@id\":\"https:\\\/\\\/satuaasintalli.fi\\\/#website\"},\"primaryImageOfPage\":{\"@id\":\"https:\\\/\\\/satuaasintalli.fi\\\/index.php\\\/tuote\\\/sukat-mustat\\\/#primaryimage\"},\"image\":{\"@id\":\"https:\\\/\\\/satuaasintalli.fi\\\/index.php\\\/tuote\\\/sukat-mustat\\\/#primaryimage\"},\"thumbnailUrl\":\"https:\\\/\\\/satuaasintalli.fi\\\/wp-content\\\/uploads\\\/2026\\\/01\\\/Mustat-sukat-talviturkki.png\",\"datePublished\":\"2026-02-02T10:59:04+00:00\",\"dateModified\":\"2026-02-02T11:18:44+00:00\",\"description\":\"N\u00e4ill\u00e4 sukilla kelpaa askeltaa aasipowerin voimalla. Valittavana mustiin sukkiin kuvina suloinen aasivarsa tai p\u00f6rr\u00f6iset aasikaverukset.\",\"breadcrumb\":{\"@id\":\"https:\\\/\\\/satuaasintalli.fi\\\/index.php\\\/tuote\\\/sukat-mustat\\\/#breadcrumb\"},\"inLanguage\":\"fi\",\"potentialAction\":[{\"@type\":\"ReadAction\",\"target\":[\"https:\\\/\\\/satuaasintalli.fi\\\/index.php\\\/tuote\\\/sukat-mustat\\\/\"]}]},{\"@type\":\"ImageObject\",\"inLanguage\":\"fi\",\"@id\":\"https:\\\/\\\/satuaasintalli.fi\\\/index.php\\\/tuote\\\/sukat-mustat\\\/#primaryimage\",\"url\":\"https:\\\/\\\/satuaasintalli.fi\\\/wp-content\\\/uploads\\\/2026\\\/01\\\/Mustat-sukat-talviturkki.png\",\"contentUrl\":\"https:\\\/\\\/satuaasintalli.fi\\\/wp-content\\\/uploads\\\/2026\\\/01\\\/Mustat-sukat-talviturkki.png\",\"width\":1080,\"height\":1080},{\"@type\":\"BreadcrumbList\",\"@id\":\"https:\\\/\\\/satuaasintalli.fi\\\/index.php\\\/tuote\\\/sukat-mustat\\\/#breadcrumb\",\"itemListElement\":[{\"@type\":\"ListItem\",\"position\":1,\"name\":\"Home\",\"item\":\"https:\\\/\\\/satuaasintalli.fi\\\/\"},{\"@type\":\"ListItem\",\"position\":2,\"name\":\"Tervetuloa SatuAasien kauppaan!\",\"item\":\"https:\\\/\\\/satuaasintalli.fi\\\/index.php\\\/kauppa\\\/\"},{\"@type\":\"ListItem\",\"position\":3,\"name\":\"Sukat, mustat\"}]},{\"@type\":\"WebSite\",\"@id\":\"https:\\\/\\\/satuaasintalli.fi\\\/#website\",\"url\":\"https:\\\/\\\/satuaasintalli.fi\\\/\",\"name\":\"SatuAasin talli\",\"description\":\"SatuAasin tallin kotisivut ja verkkokauppa\",\"publisher\":{\"@id\":\"https:\\\/\\\/satuaasintalli.fi\\\/#organization\"},\"potentialAction\":[{\"@type\":\"SearchAction\",\"target\":{\"@type\":\"EntryPoint\",\"urlTemplate\":\"https:\\\/\\\/satuaasintalli.fi\\\/?s={search_term_string}\"},\"query-input\":{\"@type\":\"PropertyValueSpecification\",\"valueRequired\":true,\"valueName\":\"search_term_string\"}}],\"inLanguage\":\"fi\"},{\"@type\":\"Organization\",\"@id\":\"https:\\\/\\\/satuaasintalli.fi\\\/#organization\",\"name\":\"SatuAasin talli\",\"url\":\"https:\\\/\\\/satuaasintalli.fi\\\/\",\"logo\":{\"@type\":\"ImageObject\",\"inLanguage\":\"fi\",\"@id\":\"https:\\\/\\\/satuaasintalli.fi\\\/#\\\/schema\\\/logo\\\/image\\\/\",\"url\":\"https:\\\/\\\/satuaasintalli.fi\\\/wp-content\\\/uploads\\\/2022\\\/03\\\/SatuAasin-talli-logo.png\",\"contentUrl\":\"https:\\\/\\\/satuaasintalli.fi\\\/wp-content\\\/uploads\\\/2022\\\/03\\\/SatuAasin-talli-logo.png\",\"width\":500,\"height\":523,\"caption\":\"SatuAasin talli\"},\"image\":{\"@id\":\"https:\\\/\\\/satuaasintalli.fi\\\/#\\\/schema\\\/logo\\\/image\\\/\"},\"sameAs\":[\"https:\\\/\\\/www.facebook.com\\\/hevostoimintavalkas\\\/\",\"https:\\\/\\\/www.instagram.com\\\/satuaasintalli\\\/?hl=fi\"]}]}<\/script>\n<!-- \/ Yoast SEO plugin. -->","yoast_head_json":{"title":"Sukat, mustat - SatuAasin talli","description":"N\u00e4ill\u00e4 sukilla kelpaa askeltaa aasipowerin voimalla. Valittavana mustiin sukkiin kuvina suloinen aasivarsa tai p\u00f6rr\u00f6iset aasikaverukset.","robots":{"index":"index","follow":"follow","max-snippet":"max-snippet:-1","max-image-preview":"max-image-preview:large","max-video-preview":"max-video-preview:-1"},"canonical":"https:\/\/satuaasintalli.fi\/index.php\/tuote\/sukat-mustat\/","og_locale":"fi_FI","og_type":"article","og_title":"Sukat, mustat - SatuAasin talli","og_description":"N\u00e4ill\u00e4 sukilla kelpaa askeltaa aasipowerin voimalla. Valittavana mustiin sukkiin kuvina suloinen aasivarsa tai p\u00f6rr\u00f6iset aasikaverukset.","og_url":"https:\/\/satuaasintalli.fi\/index.php\/tuote\/sukat-mustat\/","og_site_name":"SatuAasin talli","article_publisher":"https:\/\/www.facebook.com\/hevostoimintavalkas\/","article_modified_time":"2026-02-02T11:18:44+00:00","og_image":[{"width":1080,"height":1080,"url":"https:\/\/satuaasintalli.fi\/wp-content\/uploads\/2026\/01\/Mustat-sukat-talviturkki.png","type":"image\/png"}],"twitter_card":"summary_large_image","twitter_misc":{"Arvioitu lukuaika":"1 minuutti"},"schema":{"@context":"https:\/\/schema.org","@graph":[{"@type":"WebPage","@id":"https:\/\/satuaasintalli.fi\/index.php\/tuote\/sukat-mustat\/","url":"https:\/\/satuaasintalli.fi\/index.php\/tuote\/sukat-mustat\/","name":"Sukat, mustat - SatuAasin talli","isPartOf":{"@id":"https:\/\/satuaasintalli.fi\/#website"},"primaryImageOfPage":{"@id":"https:\/\/satuaasintalli.fi\/index.php\/tuote\/sukat-mustat\/#primaryimage"},"image":{"@id":"https:\/\/satuaasintalli.fi\/index.php\/tuote\/sukat-mustat\/#primaryimage"},"thumbnailUrl":"https:\/\/satuaasintalli.fi\/wp-content\/uploads\/2026\/01\/Mustat-sukat-talviturkki.png","datePublished":"2026-02-02T10:59:04+00:00","dateModified":"2026-02-02T11:18:44+00:00","description":"N\u00e4ill\u00e4 sukilla kelpaa askeltaa aasipowerin voimalla. Valittavana mustiin sukkiin kuvina suloinen aasivarsa tai p\u00f6rr\u00f6iset aasikaverukset.","breadcrumb":{"@id":"https:\/\/satuaasintalli.fi\/index.php\/tuote\/sukat-mustat\/#breadcrumb"},"inLanguage":"fi","potentialAction":[{"@type":"ReadAction","target":["https:\/\/satuaasintalli.fi\/index.php\/tuote\/sukat-mustat\/"]}]},{"@type":"ImageObject","inLanguage":"fi","@id":"https:\/\/satuaasintalli.fi\/index.php\/tuote\/sukat-mustat\/#primaryimage","url":"https:\/\/satuaasintalli.fi\/wp-content\/uploads\/2026\/01\/Mustat-sukat-talviturkki.png","contentUrl":"https:\/\/satuaasintalli.fi\/wp-content\/uploads\/2026\/01\/Mustat-sukat-talviturkki.png","width":1080,"height":1080},{"@type":"BreadcrumbList","@id":"https:\/\/satuaasintalli.fi\/index.php\/tuote\/sukat-mustat\/#breadcrumb","itemListElement":[{"@type":"ListItem","position":1,"name":"Home","item":"https:\/\/satuaasintalli.fi\/"},{"@type":"ListItem","position":2,"name":"Tervetuloa SatuAasien kauppaan!","item":"https:\/\/satuaasintalli.fi\/index.php\/kauppa\/"},{"@type":"ListItem","position":3,"name":"Sukat, mustat"}]},{"@type":"WebSite","@id":"https:\/\/satuaasintalli.fi\/#website","url":"https:\/\/satuaasintalli.fi\/","name":"SatuAasin talli","description":"SatuAasin tallin kotisivut ja verkkokauppa","publisher":{"@id":"https:\/\/satuaasintalli.fi\/#organization"},"potentialAction":[{"@type":"SearchAction","target":{"@type":"EntryPoint","urlTemplate":"https:\/\/satuaasintalli.fi\/?s={search_term_string}"},"query-input":{"@type":"PropertyValueSpecification","valueRequired":true,"valueName":"search_term_string"}}],"inLanguage":"fi"},{"@type":"Organization","@id":"https:\/\/satuaasintalli.fi\/#organization","name":"SatuAasin talli","url":"https:\/\/satuaasintalli.fi\/","logo":{"@type":"ImageObject","inLanguage":"fi","@id":"https:\/\/satuaasintalli.fi\/#\/schema\/logo\/image\/","url":"https:\/\/satuaasintalli.fi\/wp-content\/uploads\/2022\/03\/SatuAasin-talli-logo.png","contentUrl":"https:\/\/satuaasintalli.fi\/wp-content\/uploads\/2022\/03\/SatuAasin-talli-logo.png","width":500,"height":523,"caption":"SatuAasin talli"},"image":{"@id":"https:\/\/satuaasintalli.fi\/#\/schema\/logo\/image\/"},"sameAs":["https:\/\/www.facebook.com\/hevostoimintavalkas\/","https:\/\/www.instagram.com\/satuaasintalli\/?hl=fi"]}]}},"wcpa_form_fields":{"wcpaData":{"product":{"product_price":15.9000000000000003552713678800500929355621337890625,"price_html":"<span class=\"woocommerce-Price-amount amount\"><bdi>15,90&nbsp;<span class=\"woocommerce-Price-currencySymbol\">&euro;<\/span><\/bdi><\/span>","original_product_price":15.9000000000000003552713678800500929355621337890625,"price_including_tax":15.9000000000000003552713678800500929355621337890625,"price_excluding_tax":12.6693230000000003343529897392727434635162353515625,"product_id":{"parent":3905,"variation":false},"is_variable":false,"stock_status":"instock","stock_quantity":null,"parent_sku":"","product_attributes":{"materiaali":{"is_variation":false,"values":["Musta alaosa 90% puuvilla, 10% elastaani: tuntuu miellytt\u00e4v\u00e4lt\u00e4 jalassa ja hengitt\u00e4\u00e4.\nVarsi 95% polyesteri, 5% elastaani: takaa erinomaisen painatuksen."]},"pesuohjeet":{"is_variation":false,"values":["kylm\u00e4ss\u00e4 vedess\u00e4 nurinp\u00e4in k\u00e4\u00e4nnettyn\u00e4."]},"kokovalikoima":{"is_variation":false,"values":["34-37\n38-42\n43-46"]}},"custom_fields":[],"is_taxable":true,"product_name":"Sukat, mustat","hasImage":false},"fields":{"sec_9698084e30e035":{"extra":{"key":"sec_9698084e30e035","section_id":"sec_9698084e30e035","name":"Default","status":1,"cl_rule":"show","enableCl":false,"relations":[],"toggle":true,"title_tag":"h3","show_title":false,"showPrice":"default","form_id":3908,"form_rules":{"exclude_from_discount":false,"fee_label":"","disp_hide_options_price":false,"disp_show_section_price":false,"disp_show_field_price":true,"layout_option":"standard","pric_use_as_fee":false,"process_fee_as":"woo_fee"},"layout_option":"standard"},"fields":[[{"active":true,"col":6,"relations":false,"cl_rule":"show","enableCl":false,"price":"","enablePrice":false,"className":"","label_position":"default","desc_position":"default","type":"radio-group","required":true,"elementId":"radio-group_6698084e30e058","label":"Sukan koko","name":"radio-group_6698084e30e058","values":[{"label":"34-37","value":"34-37","selected":false,"tempId":"aco_263","gt_translate_keys":["label"]},{"label":"38-42","value":"38-42","selected":false,"tempId":"aco_264","gt_translate_keys":["label"]},{"label":"43-46","value":"43-46","selected":false,"tempId":"aco_284","gt_translate_keys":["label"]}],"isWeightTemplate":false,"error":false,"isTemplate":false,"layOut":"","checkUi":"","min_quantity":"1","quantity_decimal":false,"quantity_step":"1","quantity_label":"Quantity","repeater_field_label":"{field_label}","repeater_bind":"","gt_translate_keys":["label","repeater_field_label","quantity_label"],"price_dependency":false,"cl_dependency":false,"value":""}],[{"active":true,"col":6,"relations":false,"cl_rule":"show","enableCl":false,"price":"","enablePrice":false,"className":"","label_position":"default","desc_position":"default","type":"image-group","required":true,"elementId":"image-group_8698084e30e062","label":"Valitse haluamasi aasivarsan kuva","name":"image-group_8698084e30e062","enable_popup":"all","multiple":false,"layOut":"inline","img_selection_type":"outline","disp_type":"square","values":[{"label":"Jummi ja Calle","value":"Jummi ja Calle","selected":false,"image":"https:\/\/satuaasintalli.fi\/wp-content\/uploads\/2026\/01\/Mustat-sukat-talviturkki.png","thumb":"https:\/\/satuaasintalli.fi\/wp-content\/uploads\/2026\/01\/Mustat-sukat-talviturkki-150x150.png","tempId":"aco_1091","image_id":3878,"thumb_src":"https:\/\/satuaasintalli.fi\/wp-content\/uploads\/2026\/01\/Mustat-sukat-talviturkki-100x100.png","gt_translate_keys":["label"]},{"label":"Aasivarsa Calle","value":"Aasivarsa Calle, donkeypower","selected":false,"image":"https:\/\/satuaasintalli.fi\/wp-content\/uploads\/2026\/01\/Mustat-sukat-donkeypower.png","thumb":"https:\/\/satuaasintalli.fi\/wp-content\/uploads\/2026\/01\/Mustat-sukat-donkeypower-150x150.png","tempId":"aco_1092","image_id":3877,"thumb_src":"https:\/\/satuaasintalli.fi\/wp-content\/uploads\/2026\/01\/Mustat-sukat-donkeypower-100x100.png","gt_translate_keys":["label"]}],"isWeightTemplate":false,"error":false,"isTemplate":false,"img_preview_disable_mobile":true,"disp_size_img":{"width":75,"height":75},"min_quantity":"1","quantity_decimal":false,"quantity_step":"1","quantity_label":"Quantity","repeater_field_label":"{field_label}","repeater_bind":"","gt_translate_keys":["label","repeater_field_label","quantity_label"],"price_dependency":false,"cl_dependency":false,"value":""}]]}},"config":{"price_override":"","enable_recaptcha":false,"bind_quantity":false,"quantity_bind_formula":false,"disp_summ_show_option_price":true,"disp_summ_show_product_price":true,"disp_summ_show_total_price":true,"disp_summ_show_fee":false,"disp_summ_show_discount":false,"summary_title":"","options_total_label":"Lis\u00e4valinnat","total_label":"Yhteens\u00e4","options_product_label":"Tuotteen hinta","fee_label":"","discount_label":"Alennus","has_price":true,"has_quantity_formula":false},"mc_unit":1,"tax_rate":1,"tax_rate_real":0.25500000000000000444089209850062616169452667236328125,"discount":{"percentage":0,"fixed":0},"design":{"conf":{"LabelPosition":"above","DescPosition":"above","UploadField":"custom_1","QuantityFieldStyle":"default"},"css":{"LeftLabelWidth":"100px"}},"formulas":[],"lookuptables":[],"clones":false,"cartKey":false}},"_links":{"self":[{"href":"https:\/\/satuaasintalli.fi\/index.php\/wp-json\/wp\/v2\/product\/3905","targetHints":{"allow":["GET"]}}],"collection":[{"href":"https:\/\/satuaasintalli.fi\/index.php\/wp-json\/wp\/v2\/product"}],"about":[{"href":"https:\/\/satuaasintalli.fi\/index.php\/wp-json\/wp\/v2\/types\/product"}],"replies":[{"embeddable":true,"href":"https:\/\/satuaasintalli.fi\/index.php\/wp-json\/wp\/v2\/comments?post=3905"}],"version-history":[{"count":2,"href":"https:\/\/satuaasintalli.fi\/index.php\/wp-json\/wp\/v2\/product\/3905\/revisions"}],"predecessor-version":[{"id":3912,"href":"https:\/\/satuaasintalli.fi\/index.php\/wp-json\/wp\/v2\/product\/3905\/revisions\/3912"}],"wp:featuredmedia":[{"embeddable":true,"href":"https:\/\/satuaasintalli.fi\/index.php\/wp-json\/wp\/v2\/media\/3878"}],"wp:attachment":[{"href":"https:\/\/satuaasintalli.fi\/index.php\/wp-json\/wp\/v2\/media?parent=3905"}],"wp:term":[{"taxonomy":"product_brand","embeddable":true,"href":"https:\/\/satuaasintalli.fi\/index.php\/wp-json\/wp\/v2\/product_brand?post=3905"},{"taxonomy":"product_cat","embeddable":true,"href":"https:\/\/satuaasintalli.fi\/index.php\/wp-json\/wp\/v2\/product_cat?post=3905"},{"taxonomy":"product_tag","embeddable":true,"href":"https:\/\/satuaasintalli.fi\/index.php\/wp-json\/wp\/v2\/product_tag?post=3905"}],"curies":[{"name":"wp","href":"https:\/\/api.w.org\/{rel}","templated":true}]}}