{"id":3409,"date":"2025-06-09T20:36:18","date_gmt":"2025-06-09T18:36:18","guid":{"rendered":"https:\/\/satuaasintalli.fi\/?post_type=product&#038;p=3409"},"modified":"2025-10-11T17:45:36","modified_gmt":"2025-10-11T15:45:36","slug":"pitkakorvien-puuhatuokio","status":"publish","type":"product","link":"https:\/\/satuaasintalli.fi\/index.php\/tuote\/pitkakorvien-puuhatuokio\/","title":{"rendered":"Pitk\u00e4korvien puuhatuokio"},"content":{"rendered":"<p>Pitk\u00e4korvien puuhatuokio on tapahtuma, jossa p\u00e4\u00e4set itsen\u00e4isemmin erilaisten teht\u00e4v\u00e4pisteiden avulla tutustumaan aasien ja tallimme el\u00e4m\u00e4\u00e4n. Teht\u00e4v\u00e4pisteit\u00e4 on sijoitettu tallin l\u00e4hiymp\u00e4rist\u00f6\u00f6n ja niit\u00e4 voi kiert\u00e4\u00e4 omassa tahdissa edeten. Tuokion aikana jokainen p\u00e4\u00e4see my\u00f6s halutessaan aaseja harjailemaan ja aasiagilityrataa kokeilemaan. S\u00e4\u00e4varaus toiminnassa otetaan huomioon.<\/p>\n<p><span class=\"OYPEnA font-feature-liga-off font-feature-clig-off font-feature-calt-off text-decoration-none text-strikethrough-none\">Puuhatuokio sopii aikuisille ja lapsille noin 3-vuotiaasta yl\u00f6sp\u00e4in, sill\u00e4 teht\u00e4v\u00e4pisteit\u00e4 l\u00f6ytyy kaikenik\u00e4isille teht\u00e4v\u00e4ksi ja osallistua voi omien mieltymysten mukaisesti. <\/span>Tapahtumassa on mehu- ja keksitarjoilu. Mukaan tarvitsee s\u00e4\u00e4nmukaisen ulkoiluvaatetuksen ja iloisen mielen.<\/p>\n<p>5-vuotiaat ja nuoremmat ilmaiseksi aikuisen seurassa.<\/p>\n","protected":false},"excerpt":{"rendered":"<p><strong>Seuraavat puuhatuokiot vuonna 2026!<\/strong><\/p>\n<p>Pitk\u00e4korvien puuhatuokio on tapahtuma, jossa p\u00e4\u00e4set itsen\u00e4isemmin erilaisten teht\u00e4v\u00e4pisteiden avulla tutustumaan aasien ja tallimme el\u00e4m\u00e4\u00e4n. Teht\u00e4v\u00e4pisteit\u00e4 on sijoitettu tallin l\u00e4hiymp\u00e4rist\u00f6\u00f6n ja niit\u00e4 voi kiert\u00e4\u00e4 omassa tahdissa edeten. Tuokion aikana jokainen p\u00e4\u00e4see my\u00f6s halutessaan aaseja harjailemaan ja aasiagilityrataa kokeilemaan.<\/p>\n<p><span class=\"OYPEnA font-feature-liga-off font-feature-clig-off font-feature-calt-off text-decoration-none text-strikethrough-none\">Puuhatuokio sopii aikuisille ja lapsille noin 3-vuotiaasta yl\u00f6sp\u00e4in, sill\u00e4 teht\u00e4v\u00e4pisteit\u00e4 l\u00f6ytyy kaikenik\u00e4isille teht\u00e4v\u00e4ksi ja osallistua voi omien mieltymysten mukaisesti. <\/span>Tapahtumassa on mehu- ja keksitarjoilu. Mukaan tarvitsee s\u00e4\u00e4nmukaisen ulkoiluvaatetuksen ja iloisen mielen. 5-vuotiaat ja nuoremmat ilmaiseksi aikuisen seurassa.<\/p>\n<p>&nbsp;<\/p>\n<p>&nbsp;<\/p>\n","protected":false},"featured_media":2826,"comment_status":"open","ping_status":"closed","template":"","meta":[],"product_brand":[],"product_cat":[24],"product_tag":[114,113,112,115],"class_list":{"0":"post-3409","1":"product","2":"type-product","3":"status-publish","4":"has-post-thumbnail","6":"product_cat-aasiaktiviteetit","7":"product_tag-aikuisille","8":"product_tag-lapsille","9":"product_tag-puuhatuokio","10":"product_tag-tekemista-elainten-kanssa","12":"first","13":"outofstock","14":"virtual","15":"taxable","16":"purchasable","17":"product-type-simple"},"yoast_head":"<!-- This site is optimized with the Yoast SEO plugin v27.4 - https:\/\/yoast.com\/product\/yoast-seo-wordpress\/ -->\n<title>Pitk\u00e4korvien puuhatuokio - SatuAasin talli<\/title>\n<meta name=\"description\" content=\"Pitk\u00e4korvien puuhatuokio tarjoaa teht\u00e4v\u00e4pisteiden ja aasien harjailun kautta tutustumisen aasien el\u00e4m\u00e4\u00e4n. Sopii 3-vuotiaasta yl\u00f6sp\u00e4in, my\u00f6s aikuisille.\" \/>\n<meta name=\"robots\" content=\"index, follow, max-snippet:-1, max-image-preview:large, max-video-preview:-1\" \/>\n<link rel=\"canonical\" href=\"https:\/\/satuaasintalli.fi\/index.php\/tuote\/pitkakorvien-puuhatuokio\/\" \/>\n<meta property=\"og:locale\" content=\"fi_FI\" \/>\n<meta property=\"og:type\" content=\"article\" \/>\n<meta property=\"og:title\" content=\"Pitk\u00e4korvien puuhatuokio - SatuAasin talli\" \/>\n<meta property=\"og:description\" content=\"Pitk\u00e4korvien puuhatuokio tarjoaa teht\u00e4v\u00e4pisteiden ja aasien harjailun kautta tutustumisen aasien el\u00e4m\u00e4\u00e4n. Sopii 3-vuotiaasta yl\u00f6sp\u00e4in, my\u00f6s aikuisille.\" \/>\n<meta property=\"og:url\" content=\"https:\/\/satuaasintalli.fi\/index.php\/tuote\/pitkakorvien-puuhatuokio\/\" \/>\n<meta property=\"og:site_name\" content=\"SatuAasin talli\" \/>\n<meta property=\"article:publisher\" content=\"https:\/\/www.facebook.com\/hevostoimintavalkas\/\" \/>\n<meta property=\"article:modified_time\" content=\"2025-10-11T15:45:36+00:00\" \/>\n<meta property=\"og:image\" content=\"https:\/\/satuaasintalli.fi\/wp-content\/uploads\/2025\/02\/241018_09_WEB-683x1024.jpg\" \/>\n\t<meta property=\"og:image:width\" content=\"683\" \/>\n\t<meta property=\"og:image:height\" content=\"1024\" \/>\n\t<meta property=\"og:image:type\" content=\"image\/jpeg\" \/>\n<meta name=\"twitter:card\" content=\"summary_large_image\" \/>\n<meta name=\"twitter:label1\" content=\"Arvioitu lukuaika\" \/>\n\t<meta name=\"twitter:data1\" content=\"1 minuutti\" \/>\n<script type=\"application\/ld+json\" class=\"yoast-schema-graph\">{\"@context\":\"https:\\\/\\\/schema.org\",\"@graph\":[{\"@type\":\"WebPage\",\"@id\":\"https:\\\/\\\/satuaasintalli.fi\\\/index.php\\\/tuote\\\/pitkakorvien-puuhatuokio\\\/\",\"url\":\"https:\\\/\\\/satuaasintalli.fi\\\/index.php\\\/tuote\\\/pitkakorvien-puuhatuokio\\\/\",\"name\":\"Pitk\u00e4korvien puuhatuokio - SatuAasin talli\",\"isPartOf\":{\"@id\":\"https:\\\/\\\/satuaasintalli.fi\\\/#website\"},\"primaryImageOfPage\":{\"@id\":\"https:\\\/\\\/satuaasintalli.fi\\\/index.php\\\/tuote\\\/pitkakorvien-puuhatuokio\\\/#primaryimage\"},\"image\":{\"@id\":\"https:\\\/\\\/satuaasintalli.fi\\\/index.php\\\/tuote\\\/pitkakorvien-puuhatuokio\\\/#primaryimage\"},\"thumbnailUrl\":\"https:\\\/\\\/satuaasintalli.fi\\\/wp-content\\\/uploads\\\/2025\\\/02\\\/241018_09_WEB.jpg\",\"datePublished\":\"2025-06-09T18:36:18+00:00\",\"dateModified\":\"2025-10-11T15:45:36+00:00\",\"description\":\"Pitk\u00e4korvien puuhatuokio tarjoaa teht\u00e4v\u00e4pisteiden ja aasien harjailun kautta tutustumisen aasien el\u00e4m\u00e4\u00e4n. Sopii 3-vuotiaasta yl\u00f6sp\u00e4in, my\u00f6s aikuisille.\",\"breadcrumb\":{\"@id\":\"https:\\\/\\\/satuaasintalli.fi\\\/index.php\\\/tuote\\\/pitkakorvien-puuhatuokio\\\/#breadcrumb\"},\"inLanguage\":\"fi\",\"potentialAction\":[{\"@type\":\"ReadAction\",\"target\":[\"https:\\\/\\\/satuaasintalli.fi\\\/index.php\\\/tuote\\\/pitkakorvien-puuhatuokio\\\/\"]}]},{\"@type\":\"ImageObject\",\"inLanguage\":\"fi\",\"@id\":\"https:\\\/\\\/satuaasintalli.fi\\\/index.php\\\/tuote\\\/pitkakorvien-puuhatuokio\\\/#primaryimage\",\"url\":\"https:\\\/\\\/satuaasintalli.fi\\\/wp-content\\\/uploads\\\/2025\\\/02\\\/241018_09_WEB.jpg\",\"contentUrl\":\"https:\\\/\\\/satuaasintalli.fi\\\/wp-content\\\/uploads\\\/2025\\\/02\\\/241018_09_WEB.jpg\",\"width\":1365,\"height\":2048,\"caption\":\"Tytt\u00f6 ohjaa aasia agilityradalla maton yli\"},{\"@type\":\"BreadcrumbList\",\"@id\":\"https:\\\/\\\/satuaasintalli.fi\\\/index.php\\\/tuote\\\/pitkakorvien-puuhatuokio\\\/#breadcrumb\",\"itemListElement\":[{\"@type\":\"ListItem\",\"position\":1,\"name\":\"Home\",\"item\":\"https:\\\/\\\/satuaasintalli.fi\\\/\"},{\"@type\":\"ListItem\",\"position\":2,\"name\":\"Tervetuloa SatuAasien kauppaan!\",\"item\":\"https:\\\/\\\/satuaasintalli.fi\\\/index.php\\\/kauppa\\\/\"},{\"@type\":\"ListItem\",\"position\":3,\"name\":\"Pitk\u00e4korvien puuhatuokio\"}]},{\"@type\":\"WebSite\",\"@id\":\"https:\\\/\\\/satuaasintalli.fi\\\/#website\",\"url\":\"https:\\\/\\\/satuaasintalli.fi\\\/\",\"name\":\"SatuAasin talli\",\"description\":\"SatuAasin tallin kotisivut ja verkkokauppa\",\"publisher\":{\"@id\":\"https:\\\/\\\/satuaasintalli.fi\\\/#organization\"},\"potentialAction\":[{\"@type\":\"SearchAction\",\"target\":{\"@type\":\"EntryPoint\",\"urlTemplate\":\"https:\\\/\\\/satuaasintalli.fi\\\/?s={search_term_string}\"},\"query-input\":{\"@type\":\"PropertyValueSpecification\",\"valueRequired\":true,\"valueName\":\"search_term_string\"}}],\"inLanguage\":\"fi\"},{\"@type\":\"Organization\",\"@id\":\"https:\\\/\\\/satuaasintalli.fi\\\/#organization\",\"name\":\"SatuAasin talli\",\"url\":\"https:\\\/\\\/satuaasintalli.fi\\\/\",\"logo\":{\"@type\":\"ImageObject\",\"inLanguage\":\"fi\",\"@id\":\"https:\\\/\\\/satuaasintalli.fi\\\/#\\\/schema\\\/logo\\\/image\\\/\",\"url\":\"https:\\\/\\\/satuaasintalli.fi\\\/wp-content\\\/uploads\\\/2022\\\/03\\\/SatuAasin-talli-logo.png\",\"contentUrl\":\"https:\\\/\\\/satuaasintalli.fi\\\/wp-content\\\/uploads\\\/2022\\\/03\\\/SatuAasin-talli-logo.png\",\"width\":500,\"height\":523,\"caption\":\"SatuAasin talli\"},\"image\":{\"@id\":\"https:\\\/\\\/satuaasintalli.fi\\\/#\\\/schema\\\/logo\\\/image\\\/\"},\"sameAs\":[\"https:\\\/\\\/www.facebook.com\\\/hevostoimintavalkas\\\/\",\"https:\\\/\\\/www.instagram.com\\\/satuaasintalli\\\/?hl=fi\"]}]}<\/script>\n<!-- \/ Yoast SEO plugin. -->","yoast_head_json":{"title":"Pitk\u00e4korvien puuhatuokio - SatuAasin talli","description":"Pitk\u00e4korvien puuhatuokio tarjoaa teht\u00e4v\u00e4pisteiden ja aasien harjailun kautta tutustumisen aasien el\u00e4m\u00e4\u00e4n. Sopii 3-vuotiaasta yl\u00f6sp\u00e4in, my\u00f6s aikuisille.","robots":{"index":"index","follow":"follow","max-snippet":"max-snippet:-1","max-image-preview":"max-image-preview:large","max-video-preview":"max-video-preview:-1"},"canonical":"https:\/\/satuaasintalli.fi\/index.php\/tuote\/pitkakorvien-puuhatuokio\/","og_locale":"fi_FI","og_type":"article","og_title":"Pitk\u00e4korvien puuhatuokio - SatuAasin talli","og_description":"Pitk\u00e4korvien puuhatuokio tarjoaa teht\u00e4v\u00e4pisteiden ja aasien harjailun kautta tutustumisen aasien el\u00e4m\u00e4\u00e4n. Sopii 3-vuotiaasta yl\u00f6sp\u00e4in, my\u00f6s aikuisille.","og_url":"https:\/\/satuaasintalli.fi\/index.php\/tuote\/pitkakorvien-puuhatuokio\/","og_site_name":"SatuAasin talli","article_publisher":"https:\/\/www.facebook.com\/hevostoimintavalkas\/","article_modified_time":"2025-10-11T15:45:36+00:00","og_image":[{"width":683,"height":1024,"url":"https:\/\/satuaasintalli.fi\/wp-content\/uploads\/2025\/02\/241018_09_WEB-683x1024.jpg","type":"image\/jpeg"}],"twitter_card":"summary_large_image","twitter_misc":{"Arvioitu lukuaika":"1 minuutti"},"schema":{"@context":"https:\/\/schema.org","@graph":[{"@type":"WebPage","@id":"https:\/\/satuaasintalli.fi\/index.php\/tuote\/pitkakorvien-puuhatuokio\/","url":"https:\/\/satuaasintalli.fi\/index.php\/tuote\/pitkakorvien-puuhatuokio\/","name":"Pitk\u00e4korvien puuhatuokio - SatuAasin talli","isPartOf":{"@id":"https:\/\/satuaasintalli.fi\/#website"},"primaryImageOfPage":{"@id":"https:\/\/satuaasintalli.fi\/index.php\/tuote\/pitkakorvien-puuhatuokio\/#primaryimage"},"image":{"@id":"https:\/\/satuaasintalli.fi\/index.php\/tuote\/pitkakorvien-puuhatuokio\/#primaryimage"},"thumbnailUrl":"https:\/\/satuaasintalli.fi\/wp-content\/uploads\/2025\/02\/241018_09_WEB.jpg","datePublished":"2025-06-09T18:36:18+00:00","dateModified":"2025-10-11T15:45:36+00:00","description":"Pitk\u00e4korvien puuhatuokio tarjoaa teht\u00e4v\u00e4pisteiden ja aasien harjailun kautta tutustumisen aasien el\u00e4m\u00e4\u00e4n. Sopii 3-vuotiaasta yl\u00f6sp\u00e4in, my\u00f6s aikuisille.","breadcrumb":{"@id":"https:\/\/satuaasintalli.fi\/index.php\/tuote\/pitkakorvien-puuhatuokio\/#breadcrumb"},"inLanguage":"fi","potentialAction":[{"@type":"ReadAction","target":["https:\/\/satuaasintalli.fi\/index.php\/tuote\/pitkakorvien-puuhatuokio\/"]}]},{"@type":"ImageObject","inLanguage":"fi","@id":"https:\/\/satuaasintalli.fi\/index.php\/tuote\/pitkakorvien-puuhatuokio\/#primaryimage","url":"https:\/\/satuaasintalli.fi\/wp-content\/uploads\/2025\/02\/241018_09_WEB.jpg","contentUrl":"https:\/\/satuaasintalli.fi\/wp-content\/uploads\/2025\/02\/241018_09_WEB.jpg","width":1365,"height":2048,"caption":"Tytt\u00f6 ohjaa aasia agilityradalla maton yli"},{"@type":"BreadcrumbList","@id":"https:\/\/satuaasintalli.fi\/index.php\/tuote\/pitkakorvien-puuhatuokio\/#breadcrumb","itemListElement":[{"@type":"ListItem","position":1,"name":"Home","item":"https:\/\/satuaasintalli.fi\/"},{"@type":"ListItem","position":2,"name":"Tervetuloa SatuAasien kauppaan!","item":"https:\/\/satuaasintalli.fi\/index.php\/kauppa\/"},{"@type":"ListItem","position":3,"name":"Pitk\u00e4korvien puuhatuokio"}]},{"@type":"WebSite","@id":"https:\/\/satuaasintalli.fi\/#website","url":"https:\/\/satuaasintalli.fi\/","name":"SatuAasin talli","description":"SatuAasin tallin kotisivut ja verkkokauppa","publisher":{"@id":"https:\/\/satuaasintalli.fi\/#organization"},"potentialAction":[{"@type":"SearchAction","target":{"@type":"EntryPoint","urlTemplate":"https:\/\/satuaasintalli.fi\/?s={search_term_string}"},"query-input":{"@type":"PropertyValueSpecification","valueRequired":true,"valueName":"search_term_string"}}],"inLanguage":"fi"},{"@type":"Organization","@id":"https:\/\/satuaasintalli.fi\/#organization","name":"SatuAasin talli","url":"https:\/\/satuaasintalli.fi\/","logo":{"@type":"ImageObject","inLanguage":"fi","@id":"https:\/\/satuaasintalli.fi\/#\/schema\/logo\/image\/","url":"https:\/\/satuaasintalli.fi\/wp-content\/uploads\/2022\/03\/SatuAasin-talli-logo.png","contentUrl":"https:\/\/satuaasintalli.fi\/wp-content\/uploads\/2022\/03\/SatuAasin-talli-logo.png","width":500,"height":523,"caption":"SatuAasin talli"},"image":{"@id":"https:\/\/satuaasintalli.fi\/#\/schema\/logo\/image\/"},"sameAs":["https:\/\/www.facebook.com\/hevostoimintavalkas\/","https:\/\/www.instagram.com\/satuaasintalli\/?hl=fi"]}]}},"wcpa_form_fields":null,"_links":{"self":[{"href":"https:\/\/satuaasintalli.fi\/index.php\/wp-json\/wp\/v2\/product\/3409","targetHints":{"allow":["GET"]}}],"collection":[{"href":"https:\/\/satuaasintalli.fi\/index.php\/wp-json\/wp\/v2\/product"}],"about":[{"href":"https:\/\/satuaasintalli.fi\/index.php\/wp-json\/wp\/v2\/types\/product"}],"replies":[{"embeddable":true,"href":"https:\/\/satuaasintalli.fi\/index.php\/wp-json\/wp\/v2\/comments?post=3409"}],"version-history":[{"count":10,"href":"https:\/\/satuaasintalli.fi\/index.php\/wp-json\/wp\/v2\/product\/3409\/revisions"}],"predecessor-version":[{"id":3631,"href":"https:\/\/satuaasintalli.fi\/index.php\/wp-json\/wp\/v2\/product\/3409\/revisions\/3631"}],"wp:featuredmedia":[{"embeddable":true,"href":"https:\/\/satuaasintalli.fi\/index.php\/wp-json\/wp\/v2\/media\/2826"}],"wp:attachment":[{"href":"https:\/\/satuaasintalli.fi\/index.php\/wp-json\/wp\/v2\/media?parent=3409"}],"wp:term":[{"taxonomy":"product_brand","embeddable":true,"href":"https:\/\/satuaasintalli.fi\/index.php\/wp-json\/wp\/v2\/product_brand?post=3409"},{"taxonomy":"product_cat","embeddable":true,"href":"https:\/\/satuaasintalli.fi\/index.php\/wp-json\/wp\/v2\/product_cat?post=3409"},{"taxonomy":"product_tag","embeddable":true,"href":"https:\/\/satuaasintalli.fi\/index.php\/wp-json\/wp\/v2\/product_tag?post=3409"}],"curies":[{"name":"wp","href":"https:\/\/api.w.org\/{rel}","templated":true}]}}