{"id":3353,"date":"2025-04-25T10:53:26","date_gmt":"2025-04-25T08:53:26","guid":{"rendered":"https:\/\/satuaasintalli.fi\/?post_type=product&#038;p=3353"},"modified":"2025-11-26T17:58:11","modified_gmt":"2025-11-26T15:58:11","slug":"nepsy-perheiden-tuetut-paivaleirit","status":"publish","type":"product","link":"https:\/\/satuaasintalli.fi\/index.php\/tuote\/nepsy-perheiden-tuetut-paivaleirit\/","title":{"rendered":"Nepsy-perheiden p\u00e4iv\u00e4leirit"},"content":{"rendered":"<p class=\"cvGsUA direction-ltr align-start para-style-body\"><span class=\"OYPEnA font-feature-liga-off font-feature-clig-off font-feature-calt-off text-decoration-none text-strikethrough-none\">Leiri sopii 9-12 -vuotiaille lapsille, jotka pit\u00e4v\u00e4t el\u00e4imist\u00e4 ja ulkoilusta ja joilla on ADHD tai autismikirjon piirteit\u00e4. Leirille otetaan 4-6 perhett\u00e4 ilmoittautumisj\u00e4rjestyksess\u00e4. Lopella asuvat perheet ovat ensisijalla, mutta my\u00f6s muualla Kanta-H\u00e4meen alueella asuvat perheet voivat osallistua.<\/span><\/p>\n<p class=\"cvGsUA direction-ltr align-start para-style-body\"><span class=\"OYPEnA font-feature-liga-off font-feature-clig-off font-feature-calt-off text-decoration-none text-strikethrough-none\">Leirille osallistutaan vanhemman, isovanhemman tai muun oman aikuisen kanssa. Mukaan saa osallistua my\u00f6s perheen muut suht samanik\u00e4iset lapset. Leirin aikana mm. tutustutaan tallin aaseihin, kokeillaan aasiagilitya, menn\u00e4\u00e4n mets\u00e4retkelle, sy\u00f6d\u00e4\u00e4n retkiev\u00e4\u00e4t, askarrellaan ja opitaan yhteisty\u00f6taitoja sek\u00e4 ihmisten ett\u00e4 aasien kanssa.<\/span><\/p>\n<p class=\"cvGsUA direction-ltr align-start para-style-body\"><span class=\"OYPEnA font-feature-liga-off font-feature-clig-off font-feature-calt-off text-decoration-none text-strikethrough-none\">Aiempaa kokemusta aaseista tai hevosista ei tarvita. Lounas sy\u00f6d\u00e4\u00e4n mets\u00e4ss\u00e4\/laavulla ja osallistujat tuovat mukanaan omat retkiev\u00e4\u00e4t. S\u00e4\u00e4nmukainen ulkoiluvarustus mukaan.<\/span><\/p>\n<p class=\"cvGsUA direction-ltr align-start para-style-body\"><span class=\"OYPEnA font-feature-liga-off font-feature-clig-off font-feature-calt-off text-decoration-none text-strikethrough-none\">Ohjaajina toimivat Satu Valkas (psykologi, nepsy-valmentaja, SPHT-ohjaaja) ja Elina M\u00e4kel\u00e4 (SPHT-ohjaaja, yhteis\u00f6pedagogi, Ecotraining-er\u00e4opas).<\/span><\/p>\n<p>Diagnoosia ei tarvitse olla, vaan arjessa selv\u00e4sti n\u00e4kyv\u00e4t ADHD tai autismikirjon oireet riitt\u00e4v\u00e4t. Osalla aasiaktiviteeteista on s\u00e4\u00e4vauras ja j\u00e4rjest\u00e4j\u00e4 pid\u00e4tt\u00e4\u00e4 oikeuden huonon kelin (vesisateen) sattuessa muokata ohjelmaa siten, ett\u00e4 kuivuudesta pit\u00e4vien aasien ei tarvitse kastua.<\/p>\n<p class=\"cvGsUA direction-ltr align-start para-style-body\"><span class=\"OYPEnA font-feature-liga-off font-feature-clig-off font-feature-calt-off text-decoration-none text-strikethrough-none\">Ilmoittautuminen on sitova (maksu palautetaan sairastapauksen yhteydess\u00e4 vain l\u00e4\u00e4k\u00e4rintodistusta vastaan).<\/span><\/p>\n","protected":false},"excerpt":{"rendered":"<p class=\"cvGsUA direction-ltr align-start para-style-body\"><span class=\"OYPEnA font-feature-liga-off font-feature-clig-off font-feature-calt-off text-decoration-none text-strikethrough-none\">Leiri sopii 9-12 -vuotiaille lapsille, jotka pit\u00e4v\u00e4t el\u00e4imist\u00e4 ja ulkoilusta ja joilla on ADHD tai autismikirjon piirteit\u00e4. Leirille osallistutaan vanhemman, isovanhemman tai muun oman aikuisen kanssa. Mukaan saa osallistua my\u00f6s perheen muut suht samanik\u00e4iset lapset. Leirin aikana mm. tutustutaan tallin aaseihin, kokeillaan aasiagilitya, menn\u00e4\u00e4n mets\u00e4retkelle, sy\u00f6d\u00e4\u00e4n retkisev\u00e4\u00e4t, askarrellaan ja opitaan yhteisty\u00f6taitoja sek\u00e4 ihmisten ett\u00e4 aasien kanssa. Lounas sy\u00f6d\u00e4\u00e4n mets\u00e4ss\u00e4\/latokahvilassa ja osallistujat tuovat mukanaan omat retkiev\u00e4\u00e4t.<\/span><\/p>\n<p class=\"cvGsUA direction-ltr align-start para-style-body\"><span class=\"OYPEnA font-feature-liga-off font-feature-clig-off font-feature-calt-off text-decoration-none text-strikethrough-none\">Leirille otetaan 4-6 perhett\u00e4 ilmoittautumisj\u00e4rjestyksess\u00e4. Lopella asuvat perheet ovat ensisijalla, mutta my\u00f6s muualla Kanta-H\u00e4meen alueella asuvat perheet voivat osallistua.<\/span><\/p>\n<p>&nbsp;<\/p>\n<p>&nbsp;<\/p>\n<p>&nbsp;<\/p>\n","protected":false},"featured_media":3298,"comment_status":"open","ping_status":"closed","template":"","meta":[],"product_brand":[],"product_cat":[24],"product_tag":[101,110,55,52,53,54],"class_list":{"0":"post-3353","1":"product","2":"type-product","3":"status-publish","4":"has-post-thumbnail","6":"product_cat-aasiaktiviteetit","7":"product_tag-adhd","8":"product_tag-autismi","9":"product_tag-elainleiri","10":"product_tag-leiri","11":"product_tag-paivaleiri","12":"product_tag-perheleiri","13":"wcpa_has_options","15":"first","16":"outofstock","17":"virtual","18":"taxable","19":"purchasable","20":"product-type-simple"},"yoast_head":"<!-- This site is optimized with the Yoast SEO plugin v27.4 - https:\/\/yoast.com\/product\/yoast-seo-wordpress\/ -->\n<title>Nepsy-perheiden p\u00e4iv\u00e4leirit - SatuAasin talli<\/title>\n<meta name=\"description\" content=\"Nepsy-perheiden p\u00e4iv\u00e4leiri sopii ADHD ja autismikirjon 7-12 -vuotiaille lapsille ja perheille, jotka pit\u00e4v\u00e4t el\u00e4imist\u00e4 ja ulkoilusta.\" \/>\n<meta name=\"robots\" content=\"index, follow, max-snippet:-1, max-image-preview:large, max-video-preview:-1\" \/>\n<link rel=\"canonical\" href=\"https:\/\/satuaasintalli.fi\/index.php\/tuote\/nepsy-perheiden-tuetut-paivaleirit\/\" \/>\n<meta property=\"og:locale\" content=\"fi_FI\" \/>\n<meta property=\"og:type\" content=\"article\" \/>\n<meta property=\"og:title\" content=\"Nepsy-perheiden p\u00e4iv\u00e4leirit - SatuAasin talli\" \/>\n<meta property=\"og:description\" content=\"Nepsy-perheiden p\u00e4iv\u00e4leiri sopii ADHD ja autismikirjon 7-12 -vuotiaille lapsille ja perheille, jotka pit\u00e4v\u00e4t el\u00e4imist\u00e4 ja ulkoilusta.\" \/>\n<meta property=\"og:url\" content=\"https:\/\/satuaasintalli.fi\/index.php\/tuote\/nepsy-perheiden-tuetut-paivaleirit\/\" \/>\n<meta property=\"og:site_name\" content=\"SatuAasin talli\" \/>\n<meta property=\"article:publisher\" content=\"https:\/\/www.facebook.com\/hevostoimintavalkas\/\" \/>\n<meta property=\"article:modified_time\" content=\"2025-11-26T15:58:11+00:00\" \/>\n<meta property=\"og:image\" content=\"https:\/\/satuaasintalli.fi\/wp-content\/uploads\/2025\/02\/241018_21_WEB-1024x732.jpg\" \/>\n\t<meta property=\"og:image:width\" content=\"1024\" \/>\n\t<meta property=\"og:image:height\" content=\"732\" \/>\n\t<meta property=\"og:image:type\" content=\"image\/jpeg\" \/>\n<meta name=\"twitter:card\" content=\"summary_large_image\" \/>\n<meta name=\"twitter:label1\" content=\"Arvioitu lukuaika\" \/>\n\t<meta name=\"twitter:data1\" content=\"2 minuuttia\" \/>\n<script type=\"application\/ld+json\" class=\"yoast-schema-graph\">{\"@context\":\"https:\\\/\\\/schema.org\",\"@graph\":[{\"@type\":\"WebPage\",\"@id\":\"https:\\\/\\\/satuaasintalli.fi\\\/index.php\\\/tuote\\\/nepsy-perheiden-tuetut-paivaleirit\\\/\",\"url\":\"https:\\\/\\\/satuaasintalli.fi\\\/index.php\\\/tuote\\\/nepsy-perheiden-tuetut-paivaleirit\\\/\",\"name\":\"Nepsy-perheiden p\u00e4iv\u00e4leirit - SatuAasin talli\",\"isPartOf\":{\"@id\":\"https:\\\/\\\/satuaasintalli.fi\\\/#website\"},\"primaryImageOfPage\":{\"@id\":\"https:\\\/\\\/satuaasintalli.fi\\\/index.php\\\/tuote\\\/nepsy-perheiden-tuetut-paivaleirit\\\/#primaryimage\"},\"image\":{\"@id\":\"https:\\\/\\\/satuaasintalli.fi\\\/index.php\\\/tuote\\\/nepsy-perheiden-tuetut-paivaleirit\\\/#primaryimage\"},\"thumbnailUrl\":\"https:\\\/\\\/satuaasintalli.fi\\\/wp-content\\\/uploads\\\/2025\\\/02\\\/241018_21_WEB.jpg\",\"datePublished\":\"2025-04-25T08:53:26+00:00\",\"dateModified\":\"2025-11-26T15:58:11+00:00\",\"description\":\"Nepsy-perheiden p\u00e4iv\u00e4leiri sopii ADHD ja autismikirjon 7-12 -vuotiaille lapsille ja perheille, jotka pit\u00e4v\u00e4t el\u00e4imist\u00e4 ja ulkoilusta.\",\"breadcrumb\":{\"@id\":\"https:\\\/\\\/satuaasintalli.fi\\\/index.php\\\/tuote\\\/nepsy-perheiden-tuetut-paivaleirit\\\/#breadcrumb\"},\"inLanguage\":\"fi\",\"potentialAction\":[{\"@type\":\"ReadAction\",\"target\":[\"https:\\\/\\\/satuaasintalli.fi\\\/index.php\\\/tuote\\\/nepsy-perheiden-tuetut-paivaleirit\\\/\"]}]},{\"@type\":\"ImageObject\",\"inLanguage\":\"fi\",\"@id\":\"https:\\\/\\\/satuaasintalli.fi\\\/index.php\\\/tuote\\\/nepsy-perheiden-tuetut-paivaleirit\\\/#primaryimage\",\"url\":\"https:\\\/\\\/satuaasintalli.fi\\\/wp-content\\\/uploads\\\/2025\\\/02\\\/241018_21_WEB.jpg\",\"contentUrl\":\"https:\\\/\\\/satuaasintalli.fi\\\/wp-content\\\/uploads\\\/2025\\\/02\\\/241018_21_WEB.jpg\",\"width\":2048,\"height\":1463},{\"@type\":\"BreadcrumbList\",\"@id\":\"https:\\\/\\\/satuaasintalli.fi\\\/index.php\\\/tuote\\\/nepsy-perheiden-tuetut-paivaleirit\\\/#breadcrumb\",\"itemListElement\":[{\"@type\":\"ListItem\",\"position\":1,\"name\":\"Home\",\"item\":\"https:\\\/\\\/satuaasintalli.fi\\\/\"},{\"@type\":\"ListItem\",\"position\":2,\"name\":\"Tervetuloa SatuAasien kauppaan!\",\"item\":\"https:\\\/\\\/satuaasintalli.fi\\\/index.php\\\/kauppa\\\/\"},{\"@type\":\"ListItem\",\"position\":3,\"name\":\"Nepsy-perheiden p\u00e4iv\u00e4leirit\"}]},{\"@type\":\"WebSite\",\"@id\":\"https:\\\/\\\/satuaasintalli.fi\\\/#website\",\"url\":\"https:\\\/\\\/satuaasintalli.fi\\\/\",\"name\":\"SatuAasin talli\",\"description\":\"SatuAasin tallin kotisivut ja verkkokauppa\",\"publisher\":{\"@id\":\"https:\\\/\\\/satuaasintalli.fi\\\/#organization\"},\"potentialAction\":[{\"@type\":\"SearchAction\",\"target\":{\"@type\":\"EntryPoint\",\"urlTemplate\":\"https:\\\/\\\/satuaasintalli.fi\\\/?s={search_term_string}\"},\"query-input\":{\"@type\":\"PropertyValueSpecification\",\"valueRequired\":true,\"valueName\":\"search_term_string\"}}],\"inLanguage\":\"fi\"},{\"@type\":\"Organization\",\"@id\":\"https:\\\/\\\/satuaasintalli.fi\\\/#organization\",\"name\":\"SatuAasin talli\",\"url\":\"https:\\\/\\\/satuaasintalli.fi\\\/\",\"logo\":{\"@type\":\"ImageObject\",\"inLanguage\":\"fi\",\"@id\":\"https:\\\/\\\/satuaasintalli.fi\\\/#\\\/schema\\\/logo\\\/image\\\/\",\"url\":\"https:\\\/\\\/satuaasintalli.fi\\\/wp-content\\\/uploads\\\/2022\\\/03\\\/SatuAasin-talli-logo.png\",\"contentUrl\":\"https:\\\/\\\/satuaasintalli.fi\\\/wp-content\\\/uploads\\\/2022\\\/03\\\/SatuAasin-talli-logo.png\",\"width\":500,\"height\":523,\"caption\":\"SatuAasin talli\"},\"image\":{\"@id\":\"https:\\\/\\\/satuaasintalli.fi\\\/#\\\/schema\\\/logo\\\/image\\\/\"},\"sameAs\":[\"https:\\\/\\\/www.facebook.com\\\/hevostoimintavalkas\\\/\",\"https:\\\/\\\/www.instagram.com\\\/satuaasintalli\\\/?hl=fi\"]}]}<\/script>\n<!-- \/ Yoast SEO plugin. -->","yoast_head_json":{"title":"Nepsy-perheiden p\u00e4iv\u00e4leirit - SatuAasin talli","description":"Nepsy-perheiden p\u00e4iv\u00e4leiri sopii ADHD ja autismikirjon 7-12 -vuotiaille lapsille ja perheille, jotka pit\u00e4v\u00e4t el\u00e4imist\u00e4 ja ulkoilusta.","robots":{"index":"index","follow":"follow","max-snippet":"max-snippet:-1","max-image-preview":"max-image-preview:large","max-video-preview":"max-video-preview:-1"},"canonical":"https:\/\/satuaasintalli.fi\/index.php\/tuote\/nepsy-perheiden-tuetut-paivaleirit\/","og_locale":"fi_FI","og_type":"article","og_title":"Nepsy-perheiden p\u00e4iv\u00e4leirit - SatuAasin talli","og_description":"Nepsy-perheiden p\u00e4iv\u00e4leiri sopii ADHD ja autismikirjon 7-12 -vuotiaille lapsille ja perheille, jotka pit\u00e4v\u00e4t el\u00e4imist\u00e4 ja ulkoilusta.","og_url":"https:\/\/satuaasintalli.fi\/index.php\/tuote\/nepsy-perheiden-tuetut-paivaleirit\/","og_site_name":"SatuAasin talli","article_publisher":"https:\/\/www.facebook.com\/hevostoimintavalkas\/","article_modified_time":"2025-11-26T15:58:11+00:00","og_image":[{"width":1024,"height":732,"url":"https:\/\/satuaasintalli.fi\/wp-content\/uploads\/2025\/02\/241018_21_WEB-1024x732.jpg","type":"image\/jpeg"}],"twitter_card":"summary_large_image","twitter_misc":{"Arvioitu lukuaika":"2 minuuttia"},"schema":{"@context":"https:\/\/schema.org","@graph":[{"@type":"WebPage","@id":"https:\/\/satuaasintalli.fi\/index.php\/tuote\/nepsy-perheiden-tuetut-paivaleirit\/","url":"https:\/\/satuaasintalli.fi\/index.php\/tuote\/nepsy-perheiden-tuetut-paivaleirit\/","name":"Nepsy-perheiden p\u00e4iv\u00e4leirit - SatuAasin talli","isPartOf":{"@id":"https:\/\/satuaasintalli.fi\/#website"},"primaryImageOfPage":{"@id":"https:\/\/satuaasintalli.fi\/index.php\/tuote\/nepsy-perheiden-tuetut-paivaleirit\/#primaryimage"},"image":{"@id":"https:\/\/satuaasintalli.fi\/index.php\/tuote\/nepsy-perheiden-tuetut-paivaleirit\/#primaryimage"},"thumbnailUrl":"https:\/\/satuaasintalli.fi\/wp-content\/uploads\/2025\/02\/241018_21_WEB.jpg","datePublished":"2025-04-25T08:53:26+00:00","dateModified":"2025-11-26T15:58:11+00:00","description":"Nepsy-perheiden p\u00e4iv\u00e4leiri sopii ADHD ja autismikirjon 7-12 -vuotiaille lapsille ja perheille, jotka pit\u00e4v\u00e4t el\u00e4imist\u00e4 ja ulkoilusta.","breadcrumb":{"@id":"https:\/\/satuaasintalli.fi\/index.php\/tuote\/nepsy-perheiden-tuetut-paivaleirit\/#breadcrumb"},"inLanguage":"fi","potentialAction":[{"@type":"ReadAction","target":["https:\/\/satuaasintalli.fi\/index.php\/tuote\/nepsy-perheiden-tuetut-paivaleirit\/"]}]},{"@type":"ImageObject","inLanguage":"fi","@id":"https:\/\/satuaasintalli.fi\/index.php\/tuote\/nepsy-perheiden-tuetut-paivaleirit\/#primaryimage","url":"https:\/\/satuaasintalli.fi\/wp-content\/uploads\/2025\/02\/241018_21_WEB.jpg","contentUrl":"https:\/\/satuaasintalli.fi\/wp-content\/uploads\/2025\/02\/241018_21_WEB.jpg","width":2048,"height":1463},{"@type":"BreadcrumbList","@id":"https:\/\/satuaasintalli.fi\/index.php\/tuote\/nepsy-perheiden-tuetut-paivaleirit\/#breadcrumb","itemListElement":[{"@type":"ListItem","position":1,"name":"Home","item":"https:\/\/satuaasintalli.fi\/"},{"@type":"ListItem","position":2,"name":"Tervetuloa SatuAasien kauppaan!","item":"https:\/\/satuaasintalli.fi\/index.php\/kauppa\/"},{"@type":"ListItem","position":3,"name":"Nepsy-perheiden p\u00e4iv\u00e4leirit"}]},{"@type":"WebSite","@id":"https:\/\/satuaasintalli.fi\/#website","url":"https:\/\/satuaasintalli.fi\/","name":"SatuAasin talli","description":"SatuAasin tallin kotisivut ja verkkokauppa","publisher":{"@id":"https:\/\/satuaasintalli.fi\/#organization"},"potentialAction":[{"@type":"SearchAction","target":{"@type":"EntryPoint","urlTemplate":"https:\/\/satuaasintalli.fi\/?s={search_term_string}"},"query-input":{"@type":"PropertyValueSpecification","valueRequired":true,"valueName":"search_term_string"}}],"inLanguage":"fi"},{"@type":"Organization","@id":"https:\/\/satuaasintalli.fi\/#organization","name":"SatuAasin talli","url":"https:\/\/satuaasintalli.fi\/","logo":{"@type":"ImageObject","inLanguage":"fi","@id":"https:\/\/satuaasintalli.fi\/#\/schema\/logo\/image\/","url":"https:\/\/satuaasintalli.fi\/wp-content\/uploads\/2022\/03\/SatuAasin-talli-logo.png","contentUrl":"https:\/\/satuaasintalli.fi\/wp-content\/uploads\/2022\/03\/SatuAasin-talli-logo.png","width":500,"height":523,"caption":"SatuAasin talli"},"image":{"@id":"https:\/\/satuaasintalli.fi\/#\/schema\/logo\/image\/"},"sameAs":["https:\/\/www.facebook.com\/hevostoimintavalkas\/","https:\/\/www.instagram.com\/satuaasintalli\/?hl=fi"]}]}},"wcpa_form_fields":{"wcpaData":{"product":{"product_price":40,"price_html":"<span class=\"woocommerce-Price-amount amount\"><bdi>40,00&nbsp;<span class=\"woocommerce-Price-currencySymbol\">&euro;<\/span><\/bdi><\/span>","original_product_price":40,"price_including_tax":40,"price_excluding_tax":31.87250999999999834244590601883828639984130859375,"product_id":{"parent":3353,"variation":false},"is_variable":false,"stock_status":"outofstock","stock_quantity":null,"parent_sku":"","product_attributes":[],"custom_fields":[],"is_taxable":true,"product_name":"Nepsy-perheiden p\u00e4iv\u00e4leirit","hasImage":false},"fields":{"sec_1680b64d99963d":{"extra":{"key":"sec_1680b64d99963d","section_id":"sec_1680b64d99963d","name":"Default","status":1,"cl_rule":"show","enableCl":false,"relations":[],"toggle":true,"title_tag":"h3","show_title":false,"showPrice":"default","form_id":3357,"form_rules":{"exclude_from_discount":false,"fee_label":"","disp_hide_options_price":false,"disp_show_section_price":false,"disp_show_field_price":true,"layout_option":"standard","pric_use_as_fee":false,"process_fee_as":"woo_fee"},"layout_option":"standard"},"fields":[[{"active":true,"col":6,"relations":false,"cl_rule":"show","enableCl":false,"price":"","enablePrice":false,"className":"","label_position":"default","desc_position":"default","type":"checkbox","required":true,"elementId":"checkbox_3916571051","label":"Kyll\u00e4, perheess\u00e4mme on 9-12-vuotias ADHD tai autismikirjon lapsi ja asumme Kanta-H\u00e4meess\u00e4. Jos t\u00e4m\u00e4 toteutuu, olette tervetulleita leirille!","name":"checkbox_3916571051","value":"","check_value":"Yes","checkUi":"","error":false,"gt_translate_keys":["label","value","check_value"],"price_dependency":false,"cl_dependency":false}],[{"active":true,"col":6,"relations":false,"cl_rule":"show","enableCl":false,"price":"","enablePrice":true,"className":"","label_position":"default","desc_position":"default","type":"radio-group","required":true,"elementId":"radio-group_2680b64d999671","label":"Valitse, mille leirille tulette mukaan ja asutteko Lopella vai muualla Kanta-H\u00e4meess\u00e4.","name":"radio-group_2680b64d999671","values":[{"label":"Torstai 16.10.25 klo 10-14 (asumme Lopella)","value":"loppilainen","selected":false,"tempId":"aco_8125","price":"0","gt_translate_keys":["label"]},{"label":"Torstai 16.10.25 klo 10-14 (asumme muualla Kanta-H\u00e4meess\u00e4)","value":"muu K-H","selected":false,"tempId":"aco_1523","price":"40","gt_translate_keys":["label"]}],"layOut":"","error":false,"checkUi":"","priceOptions":"different_for_all","pricingType":"fixed","gt_translate_keys":["label"],"price_dependency":false,"cl_dependency":false,"value":""}],[{"active":true,"col":6,"relations":false,"cl_rule":"show","enableCl":false,"price":"","enablePrice":false,"className":"","label_position":"default","desc_position":"default","type":"text","subtype":"text","required":true,"elementId":"text_10680b64d999688","label":"Kirjoita t\u00e4h\u00e4n perheen osallistujam\u00e4\u00e4r\u00e4 ja muut mahdolliset tiedot, jotka haluat j\u00e4rjest\u00e4j\u00e4n tiet\u00e4v\u00e4n perheest\u00e4nne etuk\u00e4teen.","name":"text_10680b64d999688","value":"","error":false,"gt_translate_keys":["label","value"],"price_dependency":false,"cl_dependency":false}]]}},"config":{"price_override":"always","enable_recaptcha":false,"bind_quantity":false,"quantity_bind_formula":false,"disp_summ_show_option_price":true,"disp_summ_show_product_price":true,"disp_summ_show_total_price":true,"disp_summ_show_fee":false,"disp_summ_show_discount":false,"summary_title":"","options_total_label":"Lis\u00e4valinnat","total_label":"Yhteens\u00e4","options_product_label":"Tuotteen hinta","fee_label":"","discount_label":"Alennus","has_price":true,"has_quantity_formula":false},"mc_unit":1,"tax_rate":1,"tax_rate_real":0.25500000000000000444089209850062616169452667236328125,"discount":{"percentage":0,"fixed":0},"design":{"conf":{"LabelPosition":"above","DescPosition":"above","UploadField":"custom_1","QuantityFieldStyle":"default"},"css":{"LeftLabelWidth":"100px"}},"formulas":[],"lookuptables":[],"clones":false,"cartKey":false}},"_links":{"self":[{"href":"https:\/\/satuaasintalli.fi\/index.php\/wp-json\/wp\/v2\/product\/3353","targetHints":{"allow":["GET"]}}],"collection":[{"href":"https:\/\/satuaasintalli.fi\/index.php\/wp-json\/wp\/v2\/product"}],"about":[{"href":"https:\/\/satuaasintalli.fi\/index.php\/wp-json\/wp\/v2\/types\/product"}],"replies":[{"embeddable":true,"href":"https:\/\/satuaasintalli.fi\/index.php\/wp-json\/wp\/v2\/comments?post=3353"}],"version-history":[{"count":17,"href":"https:\/\/satuaasintalli.fi\/index.php\/wp-json\/wp\/v2\/product\/3353\/revisions"}],"predecessor-version":[{"id":3803,"href":"https:\/\/satuaasintalli.fi\/index.php\/wp-json\/wp\/v2\/product\/3353\/revisions\/3803"}],"wp:featuredmedia":[{"embeddable":true,"href":"https:\/\/satuaasintalli.fi\/index.php\/wp-json\/wp\/v2\/media\/3298"}],"wp:attachment":[{"href":"https:\/\/satuaasintalli.fi\/index.php\/wp-json\/wp\/v2\/media?parent=3353"}],"wp:term":[{"taxonomy":"product_brand","embeddable":true,"href":"https:\/\/satuaasintalli.fi\/index.php\/wp-json\/wp\/v2\/product_brand?post=3353"},{"taxonomy":"product_cat","embeddable":true,"href":"https:\/\/satuaasintalli.fi\/index.php\/wp-json\/wp\/v2\/product_cat?post=3353"},{"taxonomy":"product_tag","embeddable":true,"href":"https:\/\/satuaasintalli.fi\/index.php\/wp-json\/wp\/v2\/product_tag?post=3353"}],"curies":[{"name":"wp","href":"https:\/\/api.w.org\/{rel}","templated":true}]}}