{"id":3311,"date":"2025-03-23T08:01:11","date_gmt":"2025-03-23T06:01:11","guid":{"rendered":"https:\/\/satuaasintalli.fi\/?post_type=product&#038;p=3311"},"modified":"2025-11-26T20:01:48","modified_gmt":"2025-11-26T18:01:48","slug":"tyynyliina-sisustustyynyyn","status":"publish","type":"product","link":"https:\/\/satuaasintalli.fi\/index.php\/tuote\/tyynyliina-sisustustyynyyn\/","title":{"rendered":"Tyynyliina sisustustyynyyn"},"content":{"rendered":"<p>Tyynynp\u00e4\u00e4llinen sisustustyynyyn, jolla saat veike\u00e4n aasimaisen asenteen mukaan vaikka olohuoneen sisustukseen. Tyynyn v\u00e4ri on valkoinen ja siin\u00e4 on aasiaiheinen kuva ja\/tai teksti. Tyynynp\u00e4\u00e4llinen sopii mainiosti lahjaksikin. Tyynynp\u00e4\u00e4llisen koko on 40&#215;40 cm.<\/p>\n<p>Voit my\u00f6s tilata mukaan p\u00e4\u00e4lliseen sopivan sisustustyynyn (lis\u00e4\u00e4 erikseen ostoskoriin).<\/p>\n<p>Valittavana on malleja sek\u00e4 valokuvalla ett\u00e4 piirroskuvalla.<\/p>\n<p>Valokuvina: aasivarsan toivomukset, unelmoi kuin aasi ja aasipower<\/p>\n<p>Piirroskuvina: aasivarsa juoksee, aasivarsan potretti, kaverukset vierekk\u00e4in ja kaverukset kaulakkain. Piirroskuvat ovat Silva K\u00e4rp\u00e4noja, Taikasipuli piirt\u00e4m\u00e4n\u00e4.<\/p>\n<p>&#8211; Materiaali: 100% polyesteri. Sile\u00e4 pinta, joka tuntuu miellytt\u00e4v\u00e4lle ja takaa erinomaisen painoj\u00e4ljen.<\/p>\n<p>&#8211; Pesuohje: Tahrojen puhdistus kostealla liinalla, tarvittaessa pesukoneessa kylm\u00e4ss\u00e4 vedess\u00e4.<\/p>\n<p>HUOM! Tuotteet tilataan tilauskohtaisesti painatusyritykselt\u00e4, mist\u00e4 ne toimitetaan suoraan ostajalle, jos niit\u00e4 ei ole varastossa valmiina. Painatus tehd\u00e4\u00e4n Suomessa \u00c4\u00e4nekoskella Kaiffarin painopajassa.<\/p>\n","protected":false},"excerpt":{"rendered":"<p>Tyynynp\u00e4\u00e4llinen sisustustyynyyn, jolla saat veike\u00e4n aasimaisen asenteen mukaan vaikka olohuoneen sisustukseen. Tyynyn v\u00e4ri on valkoinen ja siin\u00e4 on aasiaiheinen kuva ja\/tai teksti. Tyynynp\u00e4\u00e4llinen sopii mainiosti lahjaksikin. Tyynynp\u00e4\u00e4llisen koko on 40&#215;40 cm. Materiaali: 100% polyesteri. Sile\u00e4 pinta, joka tuntuu miellytt\u00e4v\u00e4lle ja takaa erinomaisen painoj\u00e4ljen.<\/p>\n<p>Voit my\u00f6s tilata mukaan p\u00e4\u00e4lliseen sopivan sisustustyynyn (lis\u00e4\u00e4 erikseen ostoskoriin).<\/p>\n<p>Valittavana on malleja sek\u00e4 valokuvalla ett\u00e4 piirroskuvalla.<\/p>\n<p>&nbsp;<\/p>\n<p>&nbsp;<\/p>\n","protected":false},"featured_media":3312,"comment_status":"open","ping_status":"closed","template":"","meta":[],"product_brand":[],"product_cat":[58],"product_tag":[109,108,106,107],"class_list":{"0":"post-3311","1":"product","2":"type-product","3":"status-publish","4":"has-post-thumbnail","6":"product_cat-tyynynpaallinen","7":"product_tag-koristetyyny","8":"product_tag-sisustustyyny","9":"product_tag-tyynyliina","10":"product_tag-tyynynpaallinen","11":"wcpa_has_options","13":"first","14":"instock","15":"taxable","16":"shipping-taxable","17":"purchasable","18":"product-type-simple"},"yoast_head":"<!-- This site is optimized with the Yoast SEO plugin v27.5 - https:\/\/yoast.com\/product\/yoast-seo-wordpress\/ -->\n<title>Tyynyliina sisustustyynyyn - SatuAasin talli<\/title>\n<meta name=\"description\" content=\"Tyynyliina sisustustyynyyn, jolla saat veike\u00e4n aasimaisen asenteen mukaan vaikka olohuoneen sisustukseen. Tyynyss\u00e4 on aasiaiheinen kuva ja\/tai teksti.\" \/>\n<meta name=\"robots\" content=\"index, follow, max-snippet:-1, max-image-preview:large, max-video-preview:-1\" \/>\n<link rel=\"canonical\" href=\"https:\/\/satuaasintalli.fi\/index.php\/tuote\/tyynyliina-sisustustyynyyn\/\" \/>\n<meta property=\"og:locale\" content=\"fi_FI\" \/>\n<meta property=\"og:type\" content=\"article\" \/>\n<meta property=\"og:title\" content=\"Tyynyliina sisustustyynyyn - SatuAasin talli\" \/>\n<meta property=\"og:description\" content=\"Tyynyliina sisustustyynyyn, jolla saat veike\u00e4n aasimaisen asenteen mukaan vaikka olohuoneen sisustukseen. Tyynyss\u00e4 on aasiaiheinen kuva ja\/tai teksti.\" \/>\n<meta property=\"og:url\" content=\"https:\/\/satuaasintalli.fi\/index.php\/tuote\/tyynyliina-sisustustyynyyn\/\" \/>\n<meta property=\"og:site_name\" content=\"SatuAasin talli\" \/>\n<meta property=\"article:publisher\" content=\"https:\/\/www.facebook.com\/hevostoimintavalkas\/\" \/>\n<meta property=\"article:modified_time\" content=\"2025-11-26T18:01:48+00:00\" \/>\n<meta property=\"og:image\" content=\"https:\/\/satuaasintalli.fi\/wp-content\/uploads\/2025\/03\/Tyynynpaallinen-Design3-1024x768.png\" \/>\n\t<meta property=\"og:image:width\" content=\"1024\" \/>\n\t<meta property=\"og:image:height\" content=\"768\" \/>\n\t<meta property=\"og:image:type\" content=\"image\/png\" \/>\n<meta name=\"twitter:card\" content=\"summary_large_image\" \/>\n<meta name=\"twitter:label1\" content=\"Arvioitu lukuaika\" \/>\n\t<meta name=\"twitter:data1\" content=\"1 minuutti\" \/>\n<script type=\"application\/ld+json\" class=\"yoast-schema-graph\">{\"@context\":\"https:\\\/\\\/schema.org\",\"@graph\":[{\"@type\":\"WebPage\",\"@id\":\"https:\\\/\\\/satuaasintalli.fi\\\/index.php\\\/tuote\\\/tyynyliina-sisustustyynyyn\\\/\",\"url\":\"https:\\\/\\\/satuaasintalli.fi\\\/index.php\\\/tuote\\\/tyynyliina-sisustustyynyyn\\\/\",\"name\":\"Tyynyliina sisustustyynyyn - SatuAasin talli\",\"isPartOf\":{\"@id\":\"https:\\\/\\\/satuaasintalli.fi\\\/#website\"},\"primaryImageOfPage\":{\"@id\":\"https:\\\/\\\/satuaasintalli.fi\\\/index.php\\\/tuote\\\/tyynyliina-sisustustyynyyn\\\/#primaryimage\"},\"image\":{\"@id\":\"https:\\\/\\\/satuaasintalli.fi\\\/index.php\\\/tuote\\\/tyynyliina-sisustustyynyyn\\\/#primaryimage\"},\"thumbnailUrl\":\"https:\\\/\\\/satuaasintalli.fi\\\/wp-content\\\/uploads\\\/2025\\\/03\\\/Tyynynpaallinen-Design3.png\",\"datePublished\":\"2025-03-23T06:01:11+00:00\",\"dateModified\":\"2025-11-26T18:01:48+00:00\",\"description\":\"Tyynyliina sisustustyynyyn, jolla saat veike\u00e4n aasimaisen asenteen mukaan vaikka olohuoneen sisustukseen. Tyynyss\u00e4 on aasiaiheinen kuva ja\\\/tai teksti.\",\"breadcrumb\":{\"@id\":\"https:\\\/\\\/satuaasintalli.fi\\\/index.php\\\/tuote\\\/tyynyliina-sisustustyynyyn\\\/#breadcrumb\"},\"inLanguage\":\"fi\",\"potentialAction\":[{\"@type\":\"ReadAction\",\"target\":[\"https:\\\/\\\/satuaasintalli.fi\\\/index.php\\\/tuote\\\/tyynyliina-sisustustyynyyn\\\/\"]}]},{\"@type\":\"ImageObject\",\"inLanguage\":\"fi\",\"@id\":\"https:\\\/\\\/satuaasintalli.fi\\\/index.php\\\/tuote\\\/tyynyliina-sisustustyynyyn\\\/#primaryimage\",\"url\":\"https:\\\/\\\/satuaasintalli.fi\\\/wp-content\\\/uploads\\\/2025\\\/03\\\/Tyynynpaallinen-Design3.png\",\"contentUrl\":\"https:\\\/\\\/satuaasintalli.fi\\\/wp-content\\\/uploads\\\/2025\\\/03\\\/Tyynynpaallinen-Design3.png\",\"width\":1920,\"height\":1440,\"caption\":\"Tyynynp\u00e4\u00e4llinen, jossa aasi makaa maassa\"},{\"@type\":\"BreadcrumbList\",\"@id\":\"https:\\\/\\\/satuaasintalli.fi\\\/index.php\\\/tuote\\\/tyynyliina-sisustustyynyyn\\\/#breadcrumb\",\"itemListElement\":[{\"@type\":\"ListItem\",\"position\":1,\"name\":\"Home\",\"item\":\"https:\\\/\\\/satuaasintalli.fi\\\/\"},{\"@type\":\"ListItem\",\"position\":2,\"name\":\"Tervetuloa SatuAasien kauppaan!\",\"item\":\"https:\\\/\\\/satuaasintalli.fi\\\/index.php\\\/kauppa\\\/\"},{\"@type\":\"ListItem\",\"position\":3,\"name\":\"Tyynyliina sisustustyynyyn\"}]},{\"@type\":\"WebSite\",\"@id\":\"https:\\\/\\\/satuaasintalli.fi\\\/#website\",\"url\":\"https:\\\/\\\/satuaasintalli.fi\\\/\",\"name\":\"SatuAasin talli\",\"description\":\"SatuAasin tallin kotisivut ja verkkokauppa\",\"publisher\":{\"@id\":\"https:\\\/\\\/satuaasintalli.fi\\\/#organization\"},\"potentialAction\":[{\"@type\":\"SearchAction\",\"target\":{\"@type\":\"EntryPoint\",\"urlTemplate\":\"https:\\\/\\\/satuaasintalli.fi\\\/?s={search_term_string}\"},\"query-input\":{\"@type\":\"PropertyValueSpecification\",\"valueRequired\":true,\"valueName\":\"search_term_string\"}}],\"inLanguage\":\"fi\"},{\"@type\":\"Organization\",\"@id\":\"https:\\\/\\\/satuaasintalli.fi\\\/#organization\",\"name\":\"SatuAasin talli\",\"url\":\"https:\\\/\\\/satuaasintalli.fi\\\/\",\"logo\":{\"@type\":\"ImageObject\",\"inLanguage\":\"fi\",\"@id\":\"https:\\\/\\\/satuaasintalli.fi\\\/#\\\/schema\\\/logo\\\/image\\\/\",\"url\":\"https:\\\/\\\/satuaasintalli.fi\\\/wp-content\\\/uploads\\\/2022\\\/03\\\/SatuAasin-talli-logo.png\",\"contentUrl\":\"https:\\\/\\\/satuaasintalli.fi\\\/wp-content\\\/uploads\\\/2022\\\/03\\\/SatuAasin-talli-logo.png\",\"width\":500,\"height\":523,\"caption\":\"SatuAasin talli\"},\"image\":{\"@id\":\"https:\\\/\\\/satuaasintalli.fi\\\/#\\\/schema\\\/logo\\\/image\\\/\"},\"sameAs\":[\"https:\\\/\\\/www.facebook.com\\\/hevostoimintavalkas\\\/\",\"https:\\\/\\\/www.instagram.com\\\/satuaasintalli\\\/?hl=fi\"]}]}<\/script>\n<!-- \/ Yoast SEO plugin. -->","yoast_head_json":{"title":"Tyynyliina sisustustyynyyn - SatuAasin talli","description":"Tyynyliina sisustustyynyyn, jolla saat veike\u00e4n aasimaisen asenteen mukaan vaikka olohuoneen sisustukseen. Tyynyss\u00e4 on aasiaiheinen kuva ja\/tai teksti.","robots":{"index":"index","follow":"follow","max-snippet":"max-snippet:-1","max-image-preview":"max-image-preview:large","max-video-preview":"max-video-preview:-1"},"canonical":"https:\/\/satuaasintalli.fi\/index.php\/tuote\/tyynyliina-sisustustyynyyn\/","og_locale":"fi_FI","og_type":"article","og_title":"Tyynyliina sisustustyynyyn - SatuAasin talli","og_description":"Tyynyliina sisustustyynyyn, jolla saat veike\u00e4n aasimaisen asenteen mukaan vaikka olohuoneen sisustukseen. Tyynyss\u00e4 on aasiaiheinen kuva ja\/tai teksti.","og_url":"https:\/\/satuaasintalli.fi\/index.php\/tuote\/tyynyliina-sisustustyynyyn\/","og_site_name":"SatuAasin talli","article_publisher":"https:\/\/www.facebook.com\/hevostoimintavalkas\/","article_modified_time":"2025-11-26T18:01:48+00:00","og_image":[{"width":1024,"height":768,"url":"https:\/\/satuaasintalli.fi\/wp-content\/uploads\/2025\/03\/Tyynynpaallinen-Design3-1024x768.png","type":"image\/png"}],"twitter_card":"summary_large_image","twitter_misc":{"Arvioitu lukuaika":"1 minuutti"},"schema":{"@context":"https:\/\/schema.org","@graph":[{"@type":"WebPage","@id":"https:\/\/satuaasintalli.fi\/index.php\/tuote\/tyynyliina-sisustustyynyyn\/","url":"https:\/\/satuaasintalli.fi\/index.php\/tuote\/tyynyliina-sisustustyynyyn\/","name":"Tyynyliina sisustustyynyyn - SatuAasin talli","isPartOf":{"@id":"https:\/\/satuaasintalli.fi\/#website"},"primaryImageOfPage":{"@id":"https:\/\/satuaasintalli.fi\/index.php\/tuote\/tyynyliina-sisustustyynyyn\/#primaryimage"},"image":{"@id":"https:\/\/satuaasintalli.fi\/index.php\/tuote\/tyynyliina-sisustustyynyyn\/#primaryimage"},"thumbnailUrl":"https:\/\/satuaasintalli.fi\/wp-content\/uploads\/2025\/03\/Tyynynpaallinen-Design3.png","datePublished":"2025-03-23T06:01:11+00:00","dateModified":"2025-11-26T18:01:48+00:00","description":"Tyynyliina sisustustyynyyn, jolla saat veike\u00e4n aasimaisen asenteen mukaan vaikka olohuoneen sisustukseen. Tyynyss\u00e4 on aasiaiheinen kuva ja\/tai teksti.","breadcrumb":{"@id":"https:\/\/satuaasintalli.fi\/index.php\/tuote\/tyynyliina-sisustustyynyyn\/#breadcrumb"},"inLanguage":"fi","potentialAction":[{"@type":"ReadAction","target":["https:\/\/satuaasintalli.fi\/index.php\/tuote\/tyynyliina-sisustustyynyyn\/"]}]},{"@type":"ImageObject","inLanguage":"fi","@id":"https:\/\/satuaasintalli.fi\/index.php\/tuote\/tyynyliina-sisustustyynyyn\/#primaryimage","url":"https:\/\/satuaasintalli.fi\/wp-content\/uploads\/2025\/03\/Tyynynpaallinen-Design3.png","contentUrl":"https:\/\/satuaasintalli.fi\/wp-content\/uploads\/2025\/03\/Tyynynpaallinen-Design3.png","width":1920,"height":1440,"caption":"Tyynynp\u00e4\u00e4llinen, jossa aasi makaa maassa"},{"@type":"BreadcrumbList","@id":"https:\/\/satuaasintalli.fi\/index.php\/tuote\/tyynyliina-sisustustyynyyn\/#breadcrumb","itemListElement":[{"@type":"ListItem","position":1,"name":"Home","item":"https:\/\/satuaasintalli.fi\/"},{"@type":"ListItem","position":2,"name":"Tervetuloa SatuAasien kauppaan!","item":"https:\/\/satuaasintalli.fi\/index.php\/kauppa\/"},{"@type":"ListItem","position":3,"name":"Tyynyliina sisustustyynyyn"}]},{"@type":"WebSite","@id":"https:\/\/satuaasintalli.fi\/#website","url":"https:\/\/satuaasintalli.fi\/","name":"SatuAasin talli","description":"SatuAasin tallin kotisivut ja verkkokauppa","publisher":{"@id":"https:\/\/satuaasintalli.fi\/#organization"},"potentialAction":[{"@type":"SearchAction","target":{"@type":"EntryPoint","urlTemplate":"https:\/\/satuaasintalli.fi\/?s={search_term_string}"},"query-input":{"@type":"PropertyValueSpecification","valueRequired":true,"valueName":"search_term_string"}}],"inLanguage":"fi"},{"@type":"Organization","@id":"https:\/\/satuaasintalli.fi\/#organization","name":"SatuAasin talli","url":"https:\/\/satuaasintalli.fi\/","logo":{"@type":"ImageObject","inLanguage":"fi","@id":"https:\/\/satuaasintalli.fi\/#\/schema\/logo\/image\/","url":"https:\/\/satuaasintalli.fi\/wp-content\/uploads\/2022\/03\/SatuAasin-talli-logo.png","contentUrl":"https:\/\/satuaasintalli.fi\/wp-content\/uploads\/2022\/03\/SatuAasin-talli-logo.png","width":500,"height":523,"caption":"SatuAasin talli"},"image":{"@id":"https:\/\/satuaasintalli.fi\/#\/schema\/logo\/image\/"},"sameAs":["https:\/\/www.facebook.com\/hevostoimintavalkas\/","https:\/\/www.instagram.com\/satuaasintalli\/?hl=fi"]}]}},"wcpa_form_fields":{"wcpaData":{"product":{"product_price":15,"price_html":"<span class=\"woocommerce-Price-amount amount\"><bdi>15,00&nbsp;<span class=\"woocommerce-Price-currencySymbol\">&euro;<\/span><\/bdi><\/span>","original_product_price":15,"price_including_tax":15,"price_excluding_tax":11.952190999999999121428118087351322174072265625,"product_id":{"parent":3311,"variation":false},"is_variable":false,"stock_status":"instock","stock_quantity":null,"parent_sku":"","product_attributes":{"materiaali":{"is_variation":false,"values":["100% polyesteri. Sile\u00e4 pinta, joka tuntuu miellytt\u00e4v\u00e4lle ja takaa erinomaisen painoj\u00e4ljen."]},"koko":{"is_variation":false,"values":["40 x 40 cm"]},"pesuohjeet":{"is_variation":false,"values":["Tahrojen puhdistus kostealla liinalla, tarvittaessa pesukoneessa kylm\u00e4ss\u00e4 vedess\u00e4."]}},"custom_fields":[],"is_taxable":true,"product_name":"Tyynyliina sisustustyynyyn","hasImage":false},"fields":{"sec_067df9d9ee1e43":{"extra":{"key":"sec_067df9d9ee1e43","section_id":"sec_067df9d9ee1e43","name":"Default","status":1,"cl_rule":"show","enableCl":false,"relations":[],"toggle":true,"title_tag":"h3","show_title":false,"showPrice":"default","form_id":3318,"form_rules":{"exclude_from_discount":false,"fee_label":"","disp_hide_options_price":false,"disp_show_section_price":false,"disp_show_field_price":true,"layout_option":"standard","pric_use_as_fee":false,"process_fee_as":"woo_fee"},"layout_option":"standard"},"fields":[[{"active":true,"col":6,"relations":false,"cl_rule":"show","enableCl":false,"price":"15","enablePrice":true,"className":"","label_position":"default","desc_position":"default","type":"image-group","required":true,"elementId":"image-group_267df9d9ee1e70","label":"Valitse, mitk\u00e4 kuvat tiskir\u00e4tteihin haluat. Valitse my\u00f6s haluttu lukum\u00e4\u00e4r\u00e4.","name":"image-group_267df9d9ee1e70","enable_popup":"no","multiple":true,"layOut":"col-3","img_selection_type":"outline","disp_type":"square","values":[{"label":"Unelmoi kuin aasi","value":"Option - 1","selected":false,"image":"https:\/\/satuaasintalli.fi\/wp-content\/uploads\/2025\/03\/Tyynynpaallinen-Design3.png","thumb":"https:\/\/satuaasintalli.fi\/wp-content\/uploads\/2025\/03\/Tyynynpaallinen-Design3-150x150.png","tempId":"aco_1702","image_id":3312,"thumb_src":"https:\/\/satuaasintalli.fi\/wp-content\/uploads\/2025\/03\/Tyynynpaallinen-Design3-100x100.png","gt_translate_keys":["label"]},{"label":"Aasivarsan toiveet","value":"Option - 2","selected":false,"image":"https:\/\/satuaasintalli.fi\/wp-content\/uploads\/2025\/03\/Tyynynpaallinen-Design1.png","thumb":"https:\/\/satuaasintalli.fi\/wp-content\/uploads\/2025\/03\/Tyynynpaallinen-Design1-150x150.png","tempId":"aco_1703","image_id":3319,"thumb_src":"https:\/\/satuaasintalli.fi\/wp-content\/uploads\/2025\/03\/Tyynynpaallinen-Design1-100x100.png","gt_translate_keys":["label"]},{"label":"Aasipoweria","value":"Option - 3","selected":false,"image":"https:\/\/satuaasintalli.fi\/wp-content\/uploads\/2025\/03\/Tyynynpaallinen-Design2.png","thumb":"https:\/\/satuaasintalli.fi\/wp-content\/uploads\/2025\/03\/Tyynynpaallinen-Design2-150x150.png","tempId":"aco_1704","image_id":3320,"thumb_src":"https:\/\/satuaasintalli.fi\/wp-content\/uploads\/2025\/03\/Tyynynpaallinen-Design2-100x100.png","gt_translate_keys":["label"]},{"label":"Aasivarsa juoksee","value":"Option - 4","selected":false,"image":"https:\/\/satuaasintalli.fi\/wp-content\/uploads\/2025\/03\/Tyynynpaallinen-Design4.png","thumb":"https:\/\/satuaasintalli.fi\/wp-content\/uploads\/2025\/03\/Tyynynpaallinen-Design4-150x150.png","tempId":"aco_2713","image_id":3321,"thumb_src":"https:\/\/satuaasintalli.fi\/wp-content\/uploads\/2025\/03\/Tyynynpaallinen-Design4-100x100.png","gt_translate_keys":["label"]},{"label":"Aasvarsan p\u00e4\u00e4potretti","value":"Option - 5","selected":false,"image":"https:\/\/satuaasintalli.fi\/wp-content\/uploads\/2025\/03\/Tyynynpaallinen-Design5.png","thumb":"https:\/\/satuaasintalli.fi\/wp-content\/uploads\/2025\/03\/Tyynynpaallinen-Design5-150x150.png","tempId":"aco_3158","image_id":3322,"thumb_src":"https:\/\/satuaasintalli.fi\/wp-content\/uploads\/2025\/03\/Tyynynpaallinen-Design5-100x100.png","gt_translate_keys":["label"]},{"label":"Aasikaverukset vierekk\u00e4in","value":"Option - 6","selected":false,"image":"https:\/\/satuaasintalli.fi\/wp-content\/uploads\/2025\/03\/Tyynynpaallinen-Design6.png","thumb":"https:\/\/satuaasintalli.fi\/wp-content\/uploads\/2025\/03\/Tyynynpaallinen-Design6-150x150.png","tempId":"aco_1966","image_id":3323,"thumb_src":"https:\/\/satuaasintalli.fi\/wp-content\/uploads\/2025\/03\/Tyynynpaallinen-Design6-100x100.png","gt_translate_keys":["label"]},{"label":"Aasikaverukset kaulakkain","value":"Option - 7","selected":false,"image":"https:\/\/satuaasintalli.fi\/wp-content\/uploads\/2025\/03\/Tyynynpaallinen-Design7.png","thumb":"https:\/\/satuaasintalli.fi\/wp-content\/uploads\/2025\/03\/Tyynynpaallinen-Design7-150x150.png","tempId":"aco_2344","image_id":3324,"thumb_src":"https:\/\/satuaasintalli.fi\/wp-content\/uploads\/2025\/03\/Tyynynpaallinen-Design7-100x100.png","gt_translate_keys":["label"]}],"disp_size_img":{"width":75,"height":75},"error":false,"img_preview":true,"img_preview_disable_mobile":true,"enable_quantity":true,"quantity_decimal":false,"quantity_step":"1","quantity_label":"Quantity","priceOptions":"fixed_for_all","pricingType":"fixed","gt_translate_keys":["label","quantity_label"],"price_dependency":false,"cl_dependency":false,"value":""}],[{"active":true,"col":6,"relations":false,"cl_rule":"show","enableCl":false,"price":"6","enablePrice":true,"className":"","label_position":"default","desc_position":"default","type":"number","required":false,"elementId":"number_3388521203","label":"Valitse, monta sisustustyyny\u00e4 haluat","name":"number_3388521203","value":"","enable_quantity":false,"error":false,"quantity_decimal":false,"quantity_step":"1","quantity_label":"Quantity","pricingType":"multiply","gt_translate_keys":["label","value","quantity_label"],"price_dependency":false,"cl_dependency":false}]]}},"config":{"price_override":"always","enable_recaptcha":false,"bind_quantity":false,"quantity_bind_formula":false,"disp_summ_show_option_price":true,"disp_summ_show_product_price":true,"disp_summ_show_total_price":true,"disp_summ_show_fee":false,"disp_summ_show_discount":false,"summary_title":"","options_total_label":"Lis\u00e4valinnat","total_label":"Yhteens\u00e4","options_product_label":"Tuotteen hinta","fee_label":"","discount_label":"Alennus","has_price":true,"has_quantity_formula":false},"mc_unit":1,"tax_rate":1,"tax_rate_real":0.25500000000000000444089209850062616169452667236328125,"discount":{"percentage":0,"fixed":0},"design":{"conf":{"LabelPosition":"above","DescPosition":"above","UploadField":"custom_1","QuantityFieldStyle":"default"},"css":{"LeftLabelWidth":"100px"}},"formulas":[],"lookuptables":[],"clones":false,"cartKey":false}},"_links":{"self":[{"href":"https:\/\/satuaasintalli.fi\/index.php\/wp-json\/wp\/v2\/product\/3311","targetHints":{"allow":["GET"]}}],"collection":[{"href":"https:\/\/satuaasintalli.fi\/index.php\/wp-json\/wp\/v2\/product"}],"about":[{"href":"https:\/\/satuaasintalli.fi\/index.php\/wp-json\/wp\/v2\/types\/product"}],"replies":[{"embeddable":true,"href":"https:\/\/satuaasintalli.fi\/index.php\/wp-json\/wp\/v2\/comments?post=3311"}],"version-history":[{"count":4,"href":"https:\/\/satuaasintalli.fi\/index.php\/wp-json\/wp\/v2\/product\/3311\/revisions"}],"predecessor-version":[{"id":3804,"href":"https:\/\/satuaasintalli.fi\/index.php\/wp-json\/wp\/v2\/product\/3311\/revisions\/3804"}],"wp:featuredmedia":[{"embeddable":true,"href":"https:\/\/satuaasintalli.fi\/index.php\/wp-json\/wp\/v2\/media\/3312"}],"wp:attachment":[{"href":"https:\/\/satuaasintalli.fi\/index.php\/wp-json\/wp\/v2\/media?parent=3311"}],"wp:term":[{"taxonomy":"product_brand","embeddable":true,"href":"https:\/\/satuaasintalli.fi\/index.php\/wp-json\/wp\/v2\/product_brand?post=3311"},{"taxonomy":"product_cat","embeddable":true,"href":"https:\/\/satuaasintalli.fi\/index.php\/wp-json\/wp\/v2\/product_cat?post=3311"},{"taxonomy":"product_tag","embeddable":true,"href":"https:\/\/satuaasintalli.fi\/index.php\/wp-json\/wp\/v2\/product_tag?post=3311"}],"curies":[{"name":"wp","href":"https:\/\/api.w.org\/{rel}","templated":true}]}}