{"id":3217,"date":"2025-02-28T13:38:25","date_gmt":"2025-02-28T13:38:25","guid":{"rendered":"https:\/\/satuaasintalli.fi\/?post_type=product&#038;p=3217"},"modified":"2026-01-07T13:07:16","modified_gmt":"2026-01-07T11:07:16","slug":"aasin-tallipaivakirja","status":"publish","type":"product","link":"https:\/\/satuaasintalli.fi\/index.php\/tuote\/aasin-tallipaivakirja\/","title":{"rendered":"Aasin tallip\u00e4iv\u00e4kirja"},"content":{"rendered":"<p><strong>Aasin tallip\u00e4iv\u00e4kirjalla asiat muistiin ja j\u00e4rjestykseen!<\/strong><\/p>\n<p>Aasien pitoa ja terveydenhuoltoa koskevat samat lains\u00e4\u00e4d\u00e4nn\u00f6t ja suositukset kuin hevosiakin. Jokaisessa tallissa tulee olla kirjallinen terveydenhuoltosuunnitelma, joka sis\u00e4lt\u00e4\u00e4 hevosten ja aasien tiedot mm. rokotuksista, madotuksista ja terveydenhuollon toimenpiteist\u00e4. My\u00f6s mm. pitopaikkarekisterin pito on lakis\u00e4\u00e4teist\u00e4.<\/p>\n<p>Aasin tallip\u00e4iv\u00e4kirjassa on kaikki vaaditut asiat valmiina ja helposti t\u00e4ytett\u00e4vin\u00e4 lomakepohjina. Lis\u00e4n\u00e4 on my\u00f6s muita hy\u00f6dyllisi\u00e4 lomakepohjia.<\/p>\n<p>Saat postitse kotiin toimitettuna tallip\u00e4iv\u00e4kirjan aloituspaketin eli kaikki sen sivut tulostettuna A4-kokoisena.\u00a0 Voit itse valita, k\u00e4yt\u00e4tk\u00f6 aasi- vai tallikohtaisia lomakkeita ja kopioida jatkossa niist\u00e4 haluamasi. Tallikohtaisiin lomakkeisiin voi samaan taulukkoon merkit\u00e4 usean aasin tiedot. Voit siis koostaa omiin tarpeisiisi juuri sopivan tallip\u00e4iv\u00e4kirjan.<\/p>\n<p>Sis\u00e4lt\u00e4\u00e4 23 sivua.<\/p>\n","protected":false},"excerpt":{"rendered":"<p>Aasien pitoa ja terveydenhuoltoa koskevat samat lains\u00e4\u00e4d\u00e4nn\u00f6t ja suositukset kuin hevosiakin. Jokaisessa tallissa tulee olla kirjallinen terveydenhuoltosuunnitelma, joka sis\u00e4lt\u00e4\u00e4 hevosten ja aasien tiedot mm. rokotuksista, madotuksista ja terveydenhuollon toimenpiteist\u00e4.<\/p>\n<p>Aasin tallip\u00e4iv\u00e4kirjassa on kaikki vaaditut asiat valmiina ja helposti t\u00e4ytett\u00e4vin\u00e4 lomakepohjina. Saat postitse kotiin toimitettuna tallip\u00e4iv\u00e4kirjan aloituspaketin eli kaikki sen sivut tulostettuna A4-kokoisena.\u00a0 Voit itse valita, k\u00e4yt\u00e4tk\u00f6 aasi- vai tallikohtaisia lomakkeita ja jatkossa kopioida niist\u00e4 haluamasi. Tallikohtaisiin lomakkeisiin voi samaan taulukkoon merkit\u00e4 usean aasin tiedot. Voit siis koostaa omiin tarpeisiisi juuri sopivan tallip\u00e4iv\u00e4kirjan.<\/p>\n<p>&nbsp;<\/p>\n","protected":false},"featured_media":3100,"comment_status":"open","ping_status":"closed","template":"","meta":[],"product_brand":[],"product_cat":[26],"product_tag":[71,111,98,97,96],"class_list":{"0":"post-3217","1":"product","2":"type-product","3":"status-publish","4":"has-post-thumbnail","6":"product_cat-kirjat","7":"product_tag-aasin-hoito","8":"product_tag-laakintakirjanpito","9":"product_tag-lomakepohjat","10":"product_tag-paivakirja","11":"product_tag-tallipaivakirja","13":"first","14":"instock","15":"taxable","16":"shipping-taxable","17":"purchasable","18":"product-type-simple"},"yoast_head":"<!-- This site is optimized with the Yoast SEO plugin v27.5 - https:\/\/yoast.com\/product\/yoast-seo-wordpress\/ -->\n<title>Aasin tallip\u00e4iv\u00e4kirja - SatuAasin talli<\/title>\n<meta name=\"description\" content=\"Aasin tallip\u00e4iv\u00e4kirja sis\u00e4lt\u00e4\u00e4 kaikki aasinpidon lakis\u00e4\u00e4teiset asiat helposti t\u00e4ytett\u00e4vin\u00e4 lomakepohjina. Lis\u00e4n\u00e4 on my\u00f6s muita hy\u00f6dyllisi\u00e4 lomakepohjia.\" \/>\n<meta name=\"robots\" content=\"index, follow, max-snippet:-1, max-image-preview:large, max-video-preview:-1\" \/>\n<link rel=\"canonical\" href=\"https:\/\/satuaasintalli.fi\/index.php\/tuote\/aasin-tallipaivakirja\/\" \/>\n<meta property=\"og:locale\" content=\"fi_FI\" \/>\n<meta property=\"og:type\" content=\"article\" \/>\n<meta property=\"og:title\" content=\"Aasin tallip\u00e4iv\u00e4kirja - SatuAasin talli\" \/>\n<meta property=\"og:description\" content=\"Aasin tallip\u00e4iv\u00e4kirja sis\u00e4lt\u00e4\u00e4 kaikki aasinpidon lakis\u00e4\u00e4teiset asiat helposti t\u00e4ytett\u00e4vin\u00e4 lomakepohjina. Lis\u00e4n\u00e4 on my\u00f6s muita hy\u00f6dyllisi\u00e4 lomakepohjia.\" \/>\n<meta property=\"og:url\" content=\"https:\/\/satuaasintalli.fi\/index.php\/tuote\/aasin-tallipaivakirja\/\" \/>\n<meta property=\"og:site_name\" content=\"SatuAasin talli\" \/>\n<meta property=\"article:publisher\" content=\"https:\/\/www.facebook.com\/hevostoimintavalkas\/\" \/>\n<meta property=\"article:modified_time\" content=\"2026-01-07T11:07:16+00:00\" \/>\n<meta property=\"og:image\" content=\"https:\/\/satuaasintalli.fi\/wp-content\/uploads\/2025\/02\/Aasin-tallipaivakirja-etukansi.jpg\" \/>\n\t<meta property=\"og:image:width\" content=\"1414\" \/>\n\t<meta property=\"og:image:height\" content=\"2000\" \/>\n\t<meta property=\"og:image:type\" content=\"image\/jpeg\" \/>\n<meta name=\"twitter:card\" content=\"summary_large_image\" \/>\n<meta name=\"twitter:label1\" content=\"Arvioitu lukuaika\" \/>\n\t<meta name=\"twitter:data1\" content=\"1 minuutti\" \/>\n<script type=\"application\/ld+json\" class=\"yoast-schema-graph\">{\"@context\":\"https:\\\/\\\/schema.org\",\"@graph\":[{\"@type\":\"WebPage\",\"@id\":\"https:\\\/\\\/satuaasintalli.fi\\\/index.php\\\/tuote\\\/aasin-tallipaivakirja\\\/\",\"url\":\"https:\\\/\\\/satuaasintalli.fi\\\/index.php\\\/tuote\\\/aasin-tallipaivakirja\\\/\",\"name\":\"Aasin tallip\u00e4iv\u00e4kirja - SatuAasin talli\",\"isPartOf\":{\"@id\":\"https:\\\/\\\/satuaasintalli.fi\\\/#website\"},\"primaryImageOfPage\":{\"@id\":\"https:\\\/\\\/satuaasintalli.fi\\\/index.php\\\/tuote\\\/aasin-tallipaivakirja\\\/#primaryimage\"},\"image\":{\"@id\":\"https:\\\/\\\/satuaasintalli.fi\\\/index.php\\\/tuote\\\/aasin-tallipaivakirja\\\/#primaryimage\"},\"thumbnailUrl\":\"https:\\\/\\\/satuaasintalli.fi\\\/wp-content\\\/uploads\\\/2025\\\/02\\\/Aasin-tallipaivakirja-etukansi.jpg\",\"datePublished\":\"2025-02-28T13:38:25+00:00\",\"dateModified\":\"2026-01-07T11:07:16+00:00\",\"description\":\"Aasin tallip\u00e4iv\u00e4kirja sis\u00e4lt\u00e4\u00e4 kaikki aasinpidon lakis\u00e4\u00e4teiset asiat helposti t\u00e4ytett\u00e4vin\u00e4 lomakepohjina. Lis\u00e4n\u00e4 on my\u00f6s muita hy\u00f6dyllisi\u00e4 lomakepohjia.\",\"breadcrumb\":{\"@id\":\"https:\\\/\\\/satuaasintalli.fi\\\/index.php\\\/tuote\\\/aasin-tallipaivakirja\\\/#breadcrumb\"},\"inLanguage\":\"fi\",\"potentialAction\":[{\"@type\":\"ReadAction\",\"target\":[\"https:\\\/\\\/satuaasintalli.fi\\\/index.php\\\/tuote\\\/aasin-tallipaivakirja\\\/\"]}]},{\"@type\":\"ImageObject\",\"inLanguage\":\"fi\",\"@id\":\"https:\\\/\\\/satuaasintalli.fi\\\/index.php\\\/tuote\\\/aasin-tallipaivakirja\\\/#primaryimage\",\"url\":\"https:\\\/\\\/satuaasintalli.fi\\\/wp-content\\\/uploads\\\/2025\\\/02\\\/Aasin-tallipaivakirja-etukansi.jpg\",\"contentUrl\":\"https:\\\/\\\/satuaasintalli.fi\\\/wp-content\\\/uploads\\\/2025\\\/02\\\/Aasin-tallipaivakirja-etukansi.jpg\",\"width\":1414,\"height\":2000,\"caption\":\"Etukansi aasin tallip\u00e4iv\u00e4kirjasta\"},{\"@type\":\"BreadcrumbList\",\"@id\":\"https:\\\/\\\/satuaasintalli.fi\\\/index.php\\\/tuote\\\/aasin-tallipaivakirja\\\/#breadcrumb\",\"itemListElement\":[{\"@type\":\"ListItem\",\"position\":1,\"name\":\"Home\",\"item\":\"https:\\\/\\\/satuaasintalli.fi\\\/\"},{\"@type\":\"ListItem\",\"position\":2,\"name\":\"Tervetuloa SatuAasien kauppaan!\",\"item\":\"https:\\\/\\\/satuaasintalli.fi\\\/index.php\\\/kauppa\\\/\"},{\"@type\":\"ListItem\",\"position\":3,\"name\":\"Aasin tallip\u00e4iv\u00e4kirja\"}]},{\"@type\":\"WebSite\",\"@id\":\"https:\\\/\\\/satuaasintalli.fi\\\/#website\",\"url\":\"https:\\\/\\\/satuaasintalli.fi\\\/\",\"name\":\"SatuAasin talli\",\"description\":\"SatuAasin tallin kotisivut ja verkkokauppa\",\"publisher\":{\"@id\":\"https:\\\/\\\/satuaasintalli.fi\\\/#organization\"},\"potentialAction\":[{\"@type\":\"SearchAction\",\"target\":{\"@type\":\"EntryPoint\",\"urlTemplate\":\"https:\\\/\\\/satuaasintalli.fi\\\/?s={search_term_string}\"},\"query-input\":{\"@type\":\"PropertyValueSpecification\",\"valueRequired\":true,\"valueName\":\"search_term_string\"}}],\"inLanguage\":\"fi\"},{\"@type\":\"Organization\",\"@id\":\"https:\\\/\\\/satuaasintalli.fi\\\/#organization\",\"name\":\"SatuAasin talli\",\"url\":\"https:\\\/\\\/satuaasintalli.fi\\\/\",\"logo\":{\"@type\":\"ImageObject\",\"inLanguage\":\"fi\",\"@id\":\"https:\\\/\\\/satuaasintalli.fi\\\/#\\\/schema\\\/logo\\\/image\\\/\",\"url\":\"https:\\\/\\\/satuaasintalli.fi\\\/wp-content\\\/uploads\\\/2022\\\/03\\\/SatuAasin-talli-logo.png\",\"contentUrl\":\"https:\\\/\\\/satuaasintalli.fi\\\/wp-content\\\/uploads\\\/2022\\\/03\\\/SatuAasin-talli-logo.png\",\"width\":500,\"height\":523,\"caption\":\"SatuAasin talli\"},\"image\":{\"@id\":\"https:\\\/\\\/satuaasintalli.fi\\\/#\\\/schema\\\/logo\\\/image\\\/\"},\"sameAs\":[\"https:\\\/\\\/www.facebook.com\\\/hevostoimintavalkas\\\/\",\"https:\\\/\\\/www.instagram.com\\\/satuaasintalli\\\/?hl=fi\"]}]}<\/script>\n<!-- \/ Yoast SEO plugin. -->","yoast_head_json":{"title":"Aasin tallip\u00e4iv\u00e4kirja - SatuAasin talli","description":"Aasin tallip\u00e4iv\u00e4kirja sis\u00e4lt\u00e4\u00e4 kaikki aasinpidon lakis\u00e4\u00e4teiset asiat helposti t\u00e4ytett\u00e4vin\u00e4 lomakepohjina. Lis\u00e4n\u00e4 on my\u00f6s muita hy\u00f6dyllisi\u00e4 lomakepohjia.","robots":{"index":"index","follow":"follow","max-snippet":"max-snippet:-1","max-image-preview":"max-image-preview:large","max-video-preview":"max-video-preview:-1"},"canonical":"https:\/\/satuaasintalli.fi\/index.php\/tuote\/aasin-tallipaivakirja\/","og_locale":"fi_FI","og_type":"article","og_title":"Aasin tallip\u00e4iv\u00e4kirja - SatuAasin talli","og_description":"Aasin tallip\u00e4iv\u00e4kirja sis\u00e4lt\u00e4\u00e4 kaikki aasinpidon lakis\u00e4\u00e4teiset asiat helposti t\u00e4ytett\u00e4vin\u00e4 lomakepohjina. Lis\u00e4n\u00e4 on my\u00f6s muita hy\u00f6dyllisi\u00e4 lomakepohjia.","og_url":"https:\/\/satuaasintalli.fi\/index.php\/tuote\/aasin-tallipaivakirja\/","og_site_name":"SatuAasin talli","article_publisher":"https:\/\/www.facebook.com\/hevostoimintavalkas\/","article_modified_time":"2026-01-07T11:07:16+00:00","og_image":[{"width":1414,"height":2000,"url":"https:\/\/satuaasintalli.fi\/wp-content\/uploads\/2025\/02\/Aasin-tallipaivakirja-etukansi.jpg","type":"image\/jpeg"}],"twitter_card":"summary_large_image","twitter_misc":{"Arvioitu lukuaika":"1 minuutti"},"schema":{"@context":"https:\/\/schema.org","@graph":[{"@type":"WebPage","@id":"https:\/\/satuaasintalli.fi\/index.php\/tuote\/aasin-tallipaivakirja\/","url":"https:\/\/satuaasintalli.fi\/index.php\/tuote\/aasin-tallipaivakirja\/","name":"Aasin tallip\u00e4iv\u00e4kirja - SatuAasin talli","isPartOf":{"@id":"https:\/\/satuaasintalli.fi\/#website"},"primaryImageOfPage":{"@id":"https:\/\/satuaasintalli.fi\/index.php\/tuote\/aasin-tallipaivakirja\/#primaryimage"},"image":{"@id":"https:\/\/satuaasintalli.fi\/index.php\/tuote\/aasin-tallipaivakirja\/#primaryimage"},"thumbnailUrl":"https:\/\/satuaasintalli.fi\/wp-content\/uploads\/2025\/02\/Aasin-tallipaivakirja-etukansi.jpg","datePublished":"2025-02-28T13:38:25+00:00","dateModified":"2026-01-07T11:07:16+00:00","description":"Aasin tallip\u00e4iv\u00e4kirja sis\u00e4lt\u00e4\u00e4 kaikki aasinpidon lakis\u00e4\u00e4teiset asiat helposti t\u00e4ytett\u00e4vin\u00e4 lomakepohjina. Lis\u00e4n\u00e4 on my\u00f6s muita hy\u00f6dyllisi\u00e4 lomakepohjia.","breadcrumb":{"@id":"https:\/\/satuaasintalli.fi\/index.php\/tuote\/aasin-tallipaivakirja\/#breadcrumb"},"inLanguage":"fi","potentialAction":[{"@type":"ReadAction","target":["https:\/\/satuaasintalli.fi\/index.php\/tuote\/aasin-tallipaivakirja\/"]}]},{"@type":"ImageObject","inLanguage":"fi","@id":"https:\/\/satuaasintalli.fi\/index.php\/tuote\/aasin-tallipaivakirja\/#primaryimage","url":"https:\/\/satuaasintalli.fi\/wp-content\/uploads\/2025\/02\/Aasin-tallipaivakirja-etukansi.jpg","contentUrl":"https:\/\/satuaasintalli.fi\/wp-content\/uploads\/2025\/02\/Aasin-tallipaivakirja-etukansi.jpg","width":1414,"height":2000,"caption":"Etukansi aasin tallip\u00e4iv\u00e4kirjasta"},{"@type":"BreadcrumbList","@id":"https:\/\/satuaasintalli.fi\/index.php\/tuote\/aasin-tallipaivakirja\/#breadcrumb","itemListElement":[{"@type":"ListItem","position":1,"name":"Home","item":"https:\/\/satuaasintalli.fi\/"},{"@type":"ListItem","position":2,"name":"Tervetuloa SatuAasien kauppaan!","item":"https:\/\/satuaasintalli.fi\/index.php\/kauppa\/"},{"@type":"ListItem","position":3,"name":"Aasin tallip\u00e4iv\u00e4kirja"}]},{"@type":"WebSite","@id":"https:\/\/satuaasintalli.fi\/#website","url":"https:\/\/satuaasintalli.fi\/","name":"SatuAasin talli","description":"SatuAasin tallin kotisivut ja verkkokauppa","publisher":{"@id":"https:\/\/satuaasintalli.fi\/#organization"},"potentialAction":[{"@type":"SearchAction","target":{"@type":"EntryPoint","urlTemplate":"https:\/\/satuaasintalli.fi\/?s={search_term_string}"},"query-input":{"@type":"PropertyValueSpecification","valueRequired":true,"valueName":"search_term_string"}}],"inLanguage":"fi"},{"@type":"Organization","@id":"https:\/\/satuaasintalli.fi\/#organization","name":"SatuAasin talli","url":"https:\/\/satuaasintalli.fi\/","logo":{"@type":"ImageObject","inLanguage":"fi","@id":"https:\/\/satuaasintalli.fi\/#\/schema\/logo\/image\/","url":"https:\/\/satuaasintalli.fi\/wp-content\/uploads\/2022\/03\/SatuAasin-talli-logo.png","contentUrl":"https:\/\/satuaasintalli.fi\/wp-content\/uploads\/2022\/03\/SatuAasin-talli-logo.png","width":500,"height":523,"caption":"SatuAasin talli"},"image":{"@id":"https:\/\/satuaasintalli.fi\/#\/schema\/logo\/image\/"},"sameAs":["https:\/\/www.facebook.com\/hevostoimintavalkas\/","https:\/\/www.instagram.com\/satuaasintalli\/?hl=fi"]}]}},"wcpa_form_fields":null,"_links":{"self":[{"href":"https:\/\/satuaasintalli.fi\/index.php\/wp-json\/wp\/v2\/product\/3217","targetHints":{"allow":["GET"]}}],"collection":[{"href":"https:\/\/satuaasintalli.fi\/index.php\/wp-json\/wp\/v2\/product"}],"about":[{"href":"https:\/\/satuaasintalli.fi\/index.php\/wp-json\/wp\/v2\/types\/product"}],"replies":[{"embeddable":true,"href":"https:\/\/satuaasintalli.fi\/index.php\/wp-json\/wp\/v2\/comments?post=3217"}],"version-history":[{"count":2,"href":"https:\/\/satuaasintalli.fi\/index.php\/wp-json\/wp\/v2\/product\/3217\/revisions"}],"predecessor-version":[{"id":3220,"href":"https:\/\/satuaasintalli.fi\/index.php\/wp-json\/wp\/v2\/product\/3217\/revisions\/3220"}],"wp:featuredmedia":[{"embeddable":true,"href":"https:\/\/satuaasintalli.fi\/index.php\/wp-json\/wp\/v2\/media\/3100"}],"wp:attachment":[{"href":"https:\/\/satuaasintalli.fi\/index.php\/wp-json\/wp\/v2\/media?parent=3217"}],"wp:term":[{"taxonomy":"product_brand","embeddable":true,"href":"https:\/\/satuaasintalli.fi\/index.php\/wp-json\/wp\/v2\/product_brand?post=3217"},{"taxonomy":"product_cat","embeddable":true,"href":"https:\/\/satuaasintalli.fi\/index.php\/wp-json\/wp\/v2\/product_cat?post=3217"},{"taxonomy":"product_tag","embeddable":true,"href":"https:\/\/satuaasintalli.fi\/index.php\/wp-json\/wp\/v2\/product_tag?post=3217"}],"curies":[{"name":"wp","href":"https:\/\/api.w.org\/{rel}","templated":true}]}}