{"id":3214,"date":"2025-02-28T13:26:44","date_gmt":"2025-02-28T13:26:44","guid":{"rendered":"https:\/\/satuaasintalli.fi\/?post_type=product&#038;p=3214"},"modified":"2026-01-07T13:07:33","modified_gmt":"2026-01-07T11:07:33","slug":"aasin-tallipaivakirja-e-kirja","status":"publish","type":"product","link":"https:\/\/satuaasintalli.fi\/index.php\/tuote\/aasin-tallipaivakirja-e-kirja\/","title":{"rendered":"Aasin tallip\u00e4iv\u00e4kirja (e-kirja)"},"content":{"rendered":"<p><strong>Aasin tallip\u00e4iv\u00e4kirjalla asiat muistiin ja j\u00e4rjestykseen!<\/strong><\/p>\n<p>Aasien pitoa ja terveydenhuoltoa koskevat samat lains\u00e4\u00e4d\u00e4nn\u00f6t ja suositukset kuin hevosiakin. Jokaisessa tallissa tulee olla kirjallinen terveydenhuoltosuunnitelma, joka sis\u00e4lt\u00e4\u00e4 hevosten ja aasien tiedot mm. rokotuksista, madotuksista ja terveydenhuollon toimenpiteist\u00e4. My\u00f6s mm. pitopaikkarekisterin pito on lakis\u00e4\u00e4teist\u00e4.<\/p>\n<p>Aasin tallip\u00e4iv\u00e4kirjassa on kaikki vaaditut asiat valmiina ja helposti t\u00e4ytett\u00e4vin\u00e4 lomakepohjina. Lis\u00e4n\u00e4 on my\u00f6s muita hy\u00f6dyllisi\u00e4 lomakepohjia. Voit itse valita, k\u00e4yt\u00e4tk\u00f6 aasi- vai tallikohtaisia lomakkeita ja tulostaa niist\u00e4 haluamasi. Tallikohtaisiin lomakkeisiin voi samaan taulukkoon merkit\u00e4 usean aasin tiedot. Voit siis koostaa omiin tarpeisiisi juuri sopivan tallip\u00e4iv\u00e4kirjan.<\/p>\n<p>Saat tilauksen j\u00e4lkeen linkin, josta voit ladata p\u00e4iv\u00e4kirjan itsellesi PDF-tiedostona yhden kerran. Linkki on voimassa 30 vuorokautta. E-kirjan latauslinkin jakaminen eteenp\u00e4in on kielletty. T\u00e4m\u00e4n tallip\u00e4iv\u00e4kirjan sivuja saa tulostaa\/kopioida omaan k\u00e4ytt\u00f6\u00f6n, mutta sivujen jakaminen muille on kielletty.<\/p>\n<p>Sis\u00e4lt\u00e4\u00e4 23 sivua.<\/p>\n","protected":false},"excerpt":{"rendered":"<p>Aasien pitoa ja terveydenhuoltoa koskevat samat lains\u00e4\u00e4d\u00e4nn\u00f6t ja suositukset kuin hevosiakin. Jokaisessa tallissa tulee olla kirjallinen terveydenhuoltosuunnitelma, joka sis\u00e4lt\u00e4\u00e4 hevosten ja aasien tiedot mm. rokotuksista, madotuksista ja terveydenhuollon toimenpiteist\u00e4.<\/p>\n<p>Aasin tallip\u00e4iv\u00e4kirjassa on kaikki vaaditut asiat valmiina ja helposti t\u00e4ytett\u00e4vin\u00e4 lomakepohjina. Lis\u00e4n\u00e4 on my\u00f6s muita hy\u00f6dyllisi\u00e4 lomakepohjia. Voit itse valita, k\u00e4yt\u00e4tk\u00f6 aasi- vai tallikohtaisia lomakkeita ja tulostaa niist\u00e4 haluamasi. Tallikohtaisiin lomakkeisiin voi samaan taulukkoon merkit\u00e4 usean aasin tiedot. Voit siis koostaa juuri omiin tarpeisiisi sopivan tallip\u00e4iv\u00e4kirjan.<\/p>\n<p>&nbsp;<\/p>\n","protected":false},"featured_media":3100,"comment_status":"open","ping_status":"closed","template":"","meta":[],"product_brand":[],"product_cat":[26],"product_tag":[71,111,98,97,96],"class_list":{"0":"post-3214","1":"product","2":"type-product","3":"status-publish","4":"has-post-thumbnail","6":"product_cat-kirjat","7":"product_tag-aasin-hoito","8":"product_tag-laakintakirjanpito","9":"product_tag-lomakepohjat","10":"product_tag-paivakirja","11":"product_tag-tallipaivakirja","13":"first","14":"instock","15":"downloadable","16":"taxable","17":"shipping-taxable","18":"purchasable","19":"product-type-simple"},"yoast_head":"<!-- This site is optimized with the Yoast SEO plugin v27.5 - https:\/\/yoast.com\/product\/yoast-seo-wordpress\/ -->\n<title>Aasin tallip\u00e4iv\u00e4kirja (e-kirja) - SatuAasin talli<\/title>\n<meta name=\"description\" content=\"Aasin tallip\u00e4iv\u00e4kirja sis\u00e4lt\u00e4\u00e4 kaikki aasinpidon lakis\u00e4\u00e4teiset asiat helposti t\u00e4ytett\u00e4vin\u00e4 lomakepohjina. Lis\u00e4n\u00e4 on my\u00f6s muita hy\u00f6dyllisi\u00e4 lomakepohjia.\" \/>\n<meta name=\"robots\" content=\"index, follow, max-snippet:-1, max-image-preview:large, max-video-preview:-1\" \/>\n<link rel=\"canonical\" href=\"https:\/\/satuaasintalli.fi\/index.php\/tuote\/aasin-tallipaivakirja-e-kirja\/\" \/>\n<meta property=\"og:locale\" content=\"fi_FI\" \/>\n<meta property=\"og:type\" content=\"article\" \/>\n<meta property=\"og:title\" content=\"Aasin tallip\u00e4iv\u00e4kirja (e-kirja) - SatuAasin talli\" \/>\n<meta property=\"og:description\" content=\"Aasin tallip\u00e4iv\u00e4kirja sis\u00e4lt\u00e4\u00e4 kaikki aasinpidon lakis\u00e4\u00e4teiset asiat helposti t\u00e4ytett\u00e4vin\u00e4 lomakepohjina. Lis\u00e4n\u00e4 on my\u00f6s muita hy\u00f6dyllisi\u00e4 lomakepohjia.\" \/>\n<meta property=\"og:url\" content=\"https:\/\/satuaasintalli.fi\/index.php\/tuote\/aasin-tallipaivakirja-e-kirja\/\" \/>\n<meta property=\"og:site_name\" content=\"SatuAasin talli\" \/>\n<meta property=\"article:publisher\" content=\"https:\/\/www.facebook.com\/hevostoimintavalkas\/\" \/>\n<meta property=\"article:modified_time\" content=\"2026-01-07T11:07:33+00:00\" \/>\n<meta property=\"og:image\" content=\"https:\/\/satuaasintalli.fi\/wp-content\/uploads\/2025\/02\/Aasin-tallipaivakirja-etukansi.jpg\" \/>\n\t<meta property=\"og:image:width\" content=\"1414\" \/>\n\t<meta property=\"og:image:height\" content=\"2000\" \/>\n\t<meta property=\"og:image:type\" content=\"image\/jpeg\" \/>\n<meta name=\"twitter:card\" content=\"summary_large_image\" \/>\n<meta name=\"twitter:label1\" content=\"Arvioitu lukuaika\" \/>\n\t<meta name=\"twitter:data1\" content=\"1 minuutti\" \/>\n<script type=\"application\/ld+json\" class=\"yoast-schema-graph\">{\"@context\":\"https:\\\/\\\/schema.org\",\"@graph\":[{\"@type\":\"WebPage\",\"@id\":\"https:\\\/\\\/satuaasintalli.fi\\\/index.php\\\/tuote\\\/aasin-tallipaivakirja-e-kirja\\\/\",\"url\":\"https:\\\/\\\/satuaasintalli.fi\\\/index.php\\\/tuote\\\/aasin-tallipaivakirja-e-kirja\\\/\",\"name\":\"Aasin tallip\u00e4iv\u00e4kirja (e-kirja) - SatuAasin talli\",\"isPartOf\":{\"@id\":\"https:\\\/\\\/satuaasintalli.fi\\\/#website\"},\"primaryImageOfPage\":{\"@id\":\"https:\\\/\\\/satuaasintalli.fi\\\/index.php\\\/tuote\\\/aasin-tallipaivakirja-e-kirja\\\/#primaryimage\"},\"image\":{\"@id\":\"https:\\\/\\\/satuaasintalli.fi\\\/index.php\\\/tuote\\\/aasin-tallipaivakirja-e-kirja\\\/#primaryimage\"},\"thumbnailUrl\":\"https:\\\/\\\/satuaasintalli.fi\\\/wp-content\\\/uploads\\\/2025\\\/02\\\/Aasin-tallipaivakirja-etukansi.jpg\",\"datePublished\":\"2025-02-28T13:26:44+00:00\",\"dateModified\":\"2026-01-07T11:07:33+00:00\",\"description\":\"Aasin tallip\u00e4iv\u00e4kirja sis\u00e4lt\u00e4\u00e4 kaikki aasinpidon lakis\u00e4\u00e4teiset asiat helposti t\u00e4ytett\u00e4vin\u00e4 lomakepohjina. Lis\u00e4n\u00e4 on my\u00f6s muita hy\u00f6dyllisi\u00e4 lomakepohjia.\",\"breadcrumb\":{\"@id\":\"https:\\\/\\\/satuaasintalli.fi\\\/index.php\\\/tuote\\\/aasin-tallipaivakirja-e-kirja\\\/#breadcrumb\"},\"inLanguage\":\"fi\",\"potentialAction\":[{\"@type\":\"ReadAction\",\"target\":[\"https:\\\/\\\/satuaasintalli.fi\\\/index.php\\\/tuote\\\/aasin-tallipaivakirja-e-kirja\\\/\"]}]},{\"@type\":\"ImageObject\",\"inLanguage\":\"fi\",\"@id\":\"https:\\\/\\\/satuaasintalli.fi\\\/index.php\\\/tuote\\\/aasin-tallipaivakirja-e-kirja\\\/#primaryimage\",\"url\":\"https:\\\/\\\/satuaasintalli.fi\\\/wp-content\\\/uploads\\\/2025\\\/02\\\/Aasin-tallipaivakirja-etukansi.jpg\",\"contentUrl\":\"https:\\\/\\\/satuaasintalli.fi\\\/wp-content\\\/uploads\\\/2025\\\/02\\\/Aasin-tallipaivakirja-etukansi.jpg\",\"width\":1414,\"height\":2000,\"caption\":\"Etukansi aasin tallip\u00e4iv\u00e4kirjasta\"},{\"@type\":\"BreadcrumbList\",\"@id\":\"https:\\\/\\\/satuaasintalli.fi\\\/index.php\\\/tuote\\\/aasin-tallipaivakirja-e-kirja\\\/#breadcrumb\",\"itemListElement\":[{\"@type\":\"ListItem\",\"position\":1,\"name\":\"Home\",\"item\":\"https:\\\/\\\/satuaasintalli.fi\\\/\"},{\"@type\":\"ListItem\",\"position\":2,\"name\":\"Tervetuloa SatuAasien kauppaan!\",\"item\":\"https:\\\/\\\/satuaasintalli.fi\\\/index.php\\\/kauppa\\\/\"},{\"@type\":\"ListItem\",\"position\":3,\"name\":\"Aasin tallip\u00e4iv\u00e4kirja (e-kirja)\"}]},{\"@type\":\"WebSite\",\"@id\":\"https:\\\/\\\/satuaasintalli.fi\\\/#website\",\"url\":\"https:\\\/\\\/satuaasintalli.fi\\\/\",\"name\":\"SatuAasin talli\",\"description\":\"SatuAasin tallin kotisivut ja verkkokauppa\",\"publisher\":{\"@id\":\"https:\\\/\\\/satuaasintalli.fi\\\/#organization\"},\"potentialAction\":[{\"@type\":\"SearchAction\",\"target\":{\"@type\":\"EntryPoint\",\"urlTemplate\":\"https:\\\/\\\/satuaasintalli.fi\\\/?s={search_term_string}\"},\"query-input\":{\"@type\":\"PropertyValueSpecification\",\"valueRequired\":true,\"valueName\":\"search_term_string\"}}],\"inLanguage\":\"fi\"},{\"@type\":\"Organization\",\"@id\":\"https:\\\/\\\/satuaasintalli.fi\\\/#organization\",\"name\":\"SatuAasin talli\",\"url\":\"https:\\\/\\\/satuaasintalli.fi\\\/\",\"logo\":{\"@type\":\"ImageObject\",\"inLanguage\":\"fi\",\"@id\":\"https:\\\/\\\/satuaasintalli.fi\\\/#\\\/schema\\\/logo\\\/image\\\/\",\"url\":\"https:\\\/\\\/satuaasintalli.fi\\\/wp-content\\\/uploads\\\/2022\\\/03\\\/SatuAasin-talli-logo.png\",\"contentUrl\":\"https:\\\/\\\/satuaasintalli.fi\\\/wp-content\\\/uploads\\\/2022\\\/03\\\/SatuAasin-talli-logo.png\",\"width\":500,\"height\":523,\"caption\":\"SatuAasin talli\"},\"image\":{\"@id\":\"https:\\\/\\\/satuaasintalli.fi\\\/#\\\/schema\\\/logo\\\/image\\\/\"},\"sameAs\":[\"https:\\\/\\\/www.facebook.com\\\/hevostoimintavalkas\\\/\",\"https:\\\/\\\/www.instagram.com\\\/satuaasintalli\\\/?hl=fi\"]}]}<\/script>\n<!-- \/ Yoast SEO plugin. -->","yoast_head_json":{"title":"Aasin tallip\u00e4iv\u00e4kirja (e-kirja) - SatuAasin talli","description":"Aasin tallip\u00e4iv\u00e4kirja sis\u00e4lt\u00e4\u00e4 kaikki aasinpidon lakis\u00e4\u00e4teiset asiat helposti t\u00e4ytett\u00e4vin\u00e4 lomakepohjina. Lis\u00e4n\u00e4 on my\u00f6s muita hy\u00f6dyllisi\u00e4 lomakepohjia.","robots":{"index":"index","follow":"follow","max-snippet":"max-snippet:-1","max-image-preview":"max-image-preview:large","max-video-preview":"max-video-preview:-1"},"canonical":"https:\/\/satuaasintalli.fi\/index.php\/tuote\/aasin-tallipaivakirja-e-kirja\/","og_locale":"fi_FI","og_type":"article","og_title":"Aasin tallip\u00e4iv\u00e4kirja (e-kirja) - SatuAasin talli","og_description":"Aasin tallip\u00e4iv\u00e4kirja sis\u00e4lt\u00e4\u00e4 kaikki aasinpidon lakis\u00e4\u00e4teiset asiat helposti t\u00e4ytett\u00e4vin\u00e4 lomakepohjina. Lis\u00e4n\u00e4 on my\u00f6s muita hy\u00f6dyllisi\u00e4 lomakepohjia.","og_url":"https:\/\/satuaasintalli.fi\/index.php\/tuote\/aasin-tallipaivakirja-e-kirja\/","og_site_name":"SatuAasin talli","article_publisher":"https:\/\/www.facebook.com\/hevostoimintavalkas\/","article_modified_time":"2026-01-07T11:07:33+00:00","og_image":[{"width":1414,"height":2000,"url":"https:\/\/satuaasintalli.fi\/wp-content\/uploads\/2025\/02\/Aasin-tallipaivakirja-etukansi.jpg","type":"image\/jpeg"}],"twitter_card":"summary_large_image","twitter_misc":{"Arvioitu lukuaika":"1 minuutti"},"schema":{"@context":"https:\/\/schema.org","@graph":[{"@type":"WebPage","@id":"https:\/\/satuaasintalli.fi\/index.php\/tuote\/aasin-tallipaivakirja-e-kirja\/","url":"https:\/\/satuaasintalli.fi\/index.php\/tuote\/aasin-tallipaivakirja-e-kirja\/","name":"Aasin tallip\u00e4iv\u00e4kirja (e-kirja) - SatuAasin talli","isPartOf":{"@id":"https:\/\/satuaasintalli.fi\/#website"},"primaryImageOfPage":{"@id":"https:\/\/satuaasintalli.fi\/index.php\/tuote\/aasin-tallipaivakirja-e-kirja\/#primaryimage"},"image":{"@id":"https:\/\/satuaasintalli.fi\/index.php\/tuote\/aasin-tallipaivakirja-e-kirja\/#primaryimage"},"thumbnailUrl":"https:\/\/satuaasintalli.fi\/wp-content\/uploads\/2025\/02\/Aasin-tallipaivakirja-etukansi.jpg","datePublished":"2025-02-28T13:26:44+00:00","dateModified":"2026-01-07T11:07:33+00:00","description":"Aasin tallip\u00e4iv\u00e4kirja sis\u00e4lt\u00e4\u00e4 kaikki aasinpidon lakis\u00e4\u00e4teiset asiat helposti t\u00e4ytett\u00e4vin\u00e4 lomakepohjina. Lis\u00e4n\u00e4 on my\u00f6s muita hy\u00f6dyllisi\u00e4 lomakepohjia.","breadcrumb":{"@id":"https:\/\/satuaasintalli.fi\/index.php\/tuote\/aasin-tallipaivakirja-e-kirja\/#breadcrumb"},"inLanguage":"fi","potentialAction":[{"@type":"ReadAction","target":["https:\/\/satuaasintalli.fi\/index.php\/tuote\/aasin-tallipaivakirja-e-kirja\/"]}]},{"@type":"ImageObject","inLanguage":"fi","@id":"https:\/\/satuaasintalli.fi\/index.php\/tuote\/aasin-tallipaivakirja-e-kirja\/#primaryimage","url":"https:\/\/satuaasintalli.fi\/wp-content\/uploads\/2025\/02\/Aasin-tallipaivakirja-etukansi.jpg","contentUrl":"https:\/\/satuaasintalli.fi\/wp-content\/uploads\/2025\/02\/Aasin-tallipaivakirja-etukansi.jpg","width":1414,"height":2000,"caption":"Etukansi aasin tallip\u00e4iv\u00e4kirjasta"},{"@type":"BreadcrumbList","@id":"https:\/\/satuaasintalli.fi\/index.php\/tuote\/aasin-tallipaivakirja-e-kirja\/#breadcrumb","itemListElement":[{"@type":"ListItem","position":1,"name":"Home","item":"https:\/\/satuaasintalli.fi\/"},{"@type":"ListItem","position":2,"name":"Tervetuloa SatuAasien kauppaan!","item":"https:\/\/satuaasintalli.fi\/index.php\/kauppa\/"},{"@type":"ListItem","position":3,"name":"Aasin tallip\u00e4iv\u00e4kirja (e-kirja)"}]},{"@type":"WebSite","@id":"https:\/\/satuaasintalli.fi\/#website","url":"https:\/\/satuaasintalli.fi\/","name":"SatuAasin talli","description":"SatuAasin tallin kotisivut ja verkkokauppa","publisher":{"@id":"https:\/\/satuaasintalli.fi\/#organization"},"potentialAction":[{"@type":"SearchAction","target":{"@type":"EntryPoint","urlTemplate":"https:\/\/satuaasintalli.fi\/?s={search_term_string}"},"query-input":{"@type":"PropertyValueSpecification","valueRequired":true,"valueName":"search_term_string"}}],"inLanguage":"fi"},{"@type":"Organization","@id":"https:\/\/satuaasintalli.fi\/#organization","name":"SatuAasin talli","url":"https:\/\/satuaasintalli.fi\/","logo":{"@type":"ImageObject","inLanguage":"fi","@id":"https:\/\/satuaasintalli.fi\/#\/schema\/logo\/image\/","url":"https:\/\/satuaasintalli.fi\/wp-content\/uploads\/2022\/03\/SatuAasin-talli-logo.png","contentUrl":"https:\/\/satuaasintalli.fi\/wp-content\/uploads\/2022\/03\/SatuAasin-talli-logo.png","width":500,"height":523,"caption":"SatuAasin talli"},"image":{"@id":"https:\/\/satuaasintalli.fi\/#\/schema\/logo\/image\/"},"sameAs":["https:\/\/www.facebook.com\/hevostoimintavalkas\/","https:\/\/www.instagram.com\/satuaasintalli\/?hl=fi"]}]}},"wcpa_form_fields":null,"_links":{"self":[{"href":"https:\/\/satuaasintalli.fi\/index.php\/wp-json\/wp\/v2\/product\/3214","targetHints":{"allow":["GET"]}}],"collection":[{"href":"https:\/\/satuaasintalli.fi\/index.php\/wp-json\/wp\/v2\/product"}],"about":[{"href":"https:\/\/satuaasintalli.fi\/index.php\/wp-json\/wp\/v2\/types\/product"}],"replies":[{"embeddable":true,"href":"https:\/\/satuaasintalli.fi\/index.php\/wp-json\/wp\/v2\/comments?post=3214"}],"version-history":[{"count":3,"href":"https:\/\/satuaasintalli.fi\/index.php\/wp-json\/wp\/v2\/product\/3214\/revisions"}],"predecessor-version":[{"id":3806,"href":"https:\/\/satuaasintalli.fi\/index.php\/wp-json\/wp\/v2\/product\/3214\/revisions\/3806"}],"wp:featuredmedia":[{"embeddable":true,"href":"https:\/\/satuaasintalli.fi\/index.php\/wp-json\/wp\/v2\/media\/3100"}],"wp:attachment":[{"href":"https:\/\/satuaasintalli.fi\/index.php\/wp-json\/wp\/v2\/media?parent=3214"}],"wp:term":[{"taxonomy":"product_brand","embeddable":true,"href":"https:\/\/satuaasintalli.fi\/index.php\/wp-json\/wp\/v2\/product_brand?post=3214"},{"taxonomy":"product_cat","embeddable":true,"href":"https:\/\/satuaasintalli.fi\/index.php\/wp-json\/wp\/v2\/product_cat?post=3214"},{"taxonomy":"product_tag","embeddable":true,"href":"https:\/\/satuaasintalli.fi\/index.php\/wp-json\/wp\/v2\/product_tag?post=3214"}],"curies":[{"name":"wp","href":"https:\/\/api.w.org\/{rel}","templated":true}]}}