{"id":3092,"date":"2025-02-27T10:46:15","date_gmt":"2025-02-27T10:46:15","guid":{"rendered":"https:\/\/satuaasintalli.fi\/?post_type=product&#038;p=3092"},"modified":"2025-02-28T16:09:12","modified_gmt":"2025-02-28T16:09:12","slug":"virkkaa-oma-satuaasi-virkkausohje","status":"publish","type":"product","link":"https:\/\/satuaasintalli.fi\/index.php\/tuote\/virkkaa-oma-satuaasi-virkkausohje\/","title":{"rendered":"Virkkaa oma SatuAasi (virkkausohje)"},"content":{"rendered":"<p>Haaveiletko omasta pehmoaasista ja haluaisit tehd\u00e4 sellaisen itse? T\u00e4m\u00e4n selke\u00e4n ja vaihe vaiheelta etenev\u00e4n virkkausohjeen avulla voit itse virkata haluamasi v\u00e4risen pehmoaasin. Ohjeessa mukana kuvia selkeytt\u00e4m\u00e4ss\u00e4 ohjeita. Ohjeessa k\u00e4ytet\u00e4\u00e4n vain kiinteit\u00e4 silmukoita, joten aasin tekoa varten ei tarvitse osata muita silmukkatyyppej\u00e4. Voit k\u00e4ytt\u00e4\u00e4 luovuutta aasin v\u00e4rien valinnassa tai tehd\u00e4 aasista perusharmaan v\u00e4risen valkoisine turpineen ja mustine kavioineen. Aasin voi t\u00e4ytt\u00e4\u00e4 esimerkiksi askarteluvanulla tai tehd\u00e4 siit\u00e4 hypistelylelun vaikka puuhelmit\u00e4ytteen avulla.<br \/>\nBonuksena on my\u00f6s kerrottu, miten saat ohjeesta muokattua aasin lasinaluseksi.<\/p>\n<p>Tilauksen maksun j\u00e4lkeen saat heti latauslinkin ja se l\u00e4hetet\u00e4\u00e4n my\u00f6s sinulle s\u00e4hk\u00f6postilla vahvistusvietiss\u00e4. Huomioithan, ett\u00e4 ohje on linkist\u00e4 ladattavissa vain kerran ja se on teht\u00e4v\u00e4 30 vuorokauden kuluessa tilauksen tekemisest\u00e4.<\/p>\n<p>Valitse toimitustavaksi nouto (maksuton), jos tilaat vain t\u00e4m\u00e4n tuotteen.<\/p>\n","protected":false},"excerpt":{"rendered":"<p>Haaveiletko omasta pehmoaasista ja haluaisit tehd\u00e4 sellaisen itse? T\u00e4m\u00e4n selke\u00e4n ja vaihe vaiheelta etenev\u00e4n virkkausohjeen avulla voit itse virkata haluamasi v\u00e4risen pehmoaasin. Ohjeessa k\u00e4ytet\u00e4\u00e4n vain kiinteit\u00e4 silmukoita, joten aasin tekoa varten ei tarvitse osata muita silmukkatyyppej\u00e4.<\/p>\n<p>Bonuksena on my\u00f6s kerrottu, miten saat ohjeesta muokattua aasin lasinaluseksi.<\/p>\n<p>Valitse toimitustavaksi nouto (maksuton), jos tilaat vain t\u00e4m\u00e4n tuotteen.<\/p>\n<p>&nbsp;<\/p>\n","protected":false},"featured_media":3222,"comment_status":"open","ping_status":"closed","template":"","meta":[],"product_brand":[],"product_cat":[25],"product_tag":[83,82,81,84],"class_list":{"0":"post-3092","1":"product","2":"type-product","3":"status-publish","4":"has-post-thumbnail","6":"product_cat-aasimaiset-tuotteet","7":"product_tag-kasityot","8":"product_tag-pehmolelu","9":"product_tag-virkkaus","10":"product_tag-virkkausohje","12":"first","13":"instock","14":"downloadable","15":"taxable","16":"shipping-taxable","17":"purchasable","18":"product-type-simple"},"yoast_head":"<!-- This site is optimized with the Yoast SEO plugin v27.5 - https:\/\/yoast.com\/product\/yoast-seo-wordpress\/ -->\n<title>Virkkaa oma SatuAasi (virkkausohje) - SatuAasin talli<\/title>\n<meta name=\"description\" content=\"T\u00e4m\u00e4 virkkausohje on selke\u00e4 ja etenee vaihe vaiheelta, joten sen avulla voit itse helposti virkata haluamasi v\u00e4risen SatuAasien pehmoaasin.\" \/>\n<meta name=\"robots\" content=\"index, follow, max-snippet:-1, max-image-preview:large, max-video-preview:-1\" \/>\n<link rel=\"canonical\" href=\"https:\/\/satuaasintalli.fi\/index.php\/tuote\/virkkaa-oma-satuaasi-virkkausohje\/\" \/>\n<meta property=\"og:locale\" content=\"fi_FI\" \/>\n<meta property=\"og:type\" content=\"article\" \/>\n<meta property=\"og:title\" content=\"Virkkaa oma SatuAasi (virkkausohje) - SatuAasin talli\" \/>\n<meta property=\"og:description\" content=\"T\u00e4m\u00e4 virkkausohje on selke\u00e4 ja etenee vaihe vaiheelta, joten sen avulla voit itse helposti virkata haluamasi v\u00e4risen SatuAasien pehmoaasin.\" \/>\n<meta property=\"og:url\" content=\"https:\/\/satuaasintalli.fi\/index.php\/tuote\/virkkaa-oma-satuaasi-virkkausohje\/\" \/>\n<meta property=\"og:site_name\" content=\"SatuAasin talli\" \/>\n<meta property=\"article:publisher\" content=\"https:\/\/www.facebook.com\/hevostoimintavalkas\/\" \/>\n<meta property=\"article:modified_time\" content=\"2025-02-28T16:09:12+00:00\" \/>\n<meta property=\"og:image\" content=\"https:\/\/satuaasintalli.fi\/wp-content\/uploads\/2025\/02\/Virkkausohjekuva.png\" \/>\n\t<meta property=\"og:image:width\" content=\"585\" \/>\n\t<meta property=\"og:image:height\" content=\"385\" \/>\n\t<meta property=\"og:image:type\" content=\"image\/png\" \/>\n<meta name=\"twitter:card\" content=\"summary_large_image\" \/>\n<meta name=\"twitter:label1\" content=\"Arvioitu lukuaika\" \/>\n\t<meta name=\"twitter:data1\" content=\"1 minuutti\" \/>\n<script type=\"application\/ld+json\" class=\"yoast-schema-graph\">{\"@context\":\"https:\\\/\\\/schema.org\",\"@graph\":[{\"@type\":\"WebPage\",\"@id\":\"https:\\\/\\\/satuaasintalli.fi\\\/index.php\\\/tuote\\\/virkkaa-oma-satuaasi-virkkausohje\\\/\",\"url\":\"https:\\\/\\\/satuaasintalli.fi\\\/index.php\\\/tuote\\\/virkkaa-oma-satuaasi-virkkausohje\\\/\",\"name\":\"Virkkaa oma SatuAasi (virkkausohje) - SatuAasin talli\",\"isPartOf\":{\"@id\":\"https:\\\/\\\/satuaasintalli.fi\\\/#website\"},\"primaryImageOfPage\":{\"@id\":\"https:\\\/\\\/satuaasintalli.fi\\\/index.php\\\/tuote\\\/virkkaa-oma-satuaasi-virkkausohje\\\/#primaryimage\"},\"image\":{\"@id\":\"https:\\\/\\\/satuaasintalli.fi\\\/index.php\\\/tuote\\\/virkkaa-oma-satuaasi-virkkausohje\\\/#primaryimage\"},\"thumbnailUrl\":\"https:\\\/\\\/satuaasintalli.fi\\\/wp-content\\\/uploads\\\/2025\\\/02\\\/Virkkausohjekuva.png\",\"datePublished\":\"2025-02-27T10:46:15+00:00\",\"dateModified\":\"2025-02-28T16:09:12+00:00\",\"description\":\"T\u00e4m\u00e4 virkkausohje on selke\u00e4 ja etenee vaihe vaiheelta, joten sen avulla voit itse helposti virkata haluamasi v\u00e4risen SatuAasien pehmoaasin.\",\"breadcrumb\":{\"@id\":\"https:\\\/\\\/satuaasintalli.fi\\\/index.php\\\/tuote\\\/virkkaa-oma-satuaasi-virkkausohje\\\/#breadcrumb\"},\"inLanguage\":\"fi\",\"potentialAction\":[{\"@type\":\"ReadAction\",\"target\":[\"https:\\\/\\\/satuaasintalli.fi\\\/index.php\\\/tuote\\\/virkkaa-oma-satuaasi-virkkausohje\\\/\"]}]},{\"@type\":\"ImageObject\",\"inLanguage\":\"fi\",\"@id\":\"https:\\\/\\\/satuaasintalli.fi\\\/index.php\\\/tuote\\\/virkkaa-oma-satuaasi-virkkausohje\\\/#primaryimage\",\"url\":\"https:\\\/\\\/satuaasintalli.fi\\\/wp-content\\\/uploads\\\/2025\\\/02\\\/Virkkausohjekuva.png\",\"contentUrl\":\"https:\\\/\\\/satuaasintalli.fi\\\/wp-content\\\/uploads\\\/2025\\\/02\\\/Virkkausohjekuva.png\",\"width\":585,\"height\":385},{\"@type\":\"BreadcrumbList\",\"@id\":\"https:\\\/\\\/satuaasintalli.fi\\\/index.php\\\/tuote\\\/virkkaa-oma-satuaasi-virkkausohje\\\/#breadcrumb\",\"itemListElement\":[{\"@type\":\"ListItem\",\"position\":1,\"name\":\"Home\",\"item\":\"https:\\\/\\\/satuaasintalli.fi\\\/\"},{\"@type\":\"ListItem\",\"position\":2,\"name\":\"Tervetuloa SatuAasien kauppaan!\",\"item\":\"https:\\\/\\\/satuaasintalli.fi\\\/index.php\\\/kauppa\\\/\"},{\"@type\":\"ListItem\",\"position\":3,\"name\":\"Virkkaa oma SatuAasi (virkkausohje)\"}]},{\"@type\":\"WebSite\",\"@id\":\"https:\\\/\\\/satuaasintalli.fi\\\/#website\",\"url\":\"https:\\\/\\\/satuaasintalli.fi\\\/\",\"name\":\"SatuAasin talli\",\"description\":\"SatuAasin tallin kotisivut ja verkkokauppa\",\"publisher\":{\"@id\":\"https:\\\/\\\/satuaasintalli.fi\\\/#organization\"},\"potentialAction\":[{\"@type\":\"SearchAction\",\"target\":{\"@type\":\"EntryPoint\",\"urlTemplate\":\"https:\\\/\\\/satuaasintalli.fi\\\/?s={search_term_string}\"},\"query-input\":{\"@type\":\"PropertyValueSpecification\",\"valueRequired\":true,\"valueName\":\"search_term_string\"}}],\"inLanguage\":\"fi\"},{\"@type\":\"Organization\",\"@id\":\"https:\\\/\\\/satuaasintalli.fi\\\/#organization\",\"name\":\"SatuAasin talli\",\"url\":\"https:\\\/\\\/satuaasintalli.fi\\\/\",\"logo\":{\"@type\":\"ImageObject\",\"inLanguage\":\"fi\",\"@id\":\"https:\\\/\\\/satuaasintalli.fi\\\/#\\\/schema\\\/logo\\\/image\\\/\",\"url\":\"https:\\\/\\\/satuaasintalli.fi\\\/wp-content\\\/uploads\\\/2022\\\/03\\\/SatuAasin-talli-logo.png\",\"contentUrl\":\"https:\\\/\\\/satuaasintalli.fi\\\/wp-content\\\/uploads\\\/2022\\\/03\\\/SatuAasin-talli-logo.png\",\"width\":500,\"height\":523,\"caption\":\"SatuAasin talli\"},\"image\":{\"@id\":\"https:\\\/\\\/satuaasintalli.fi\\\/#\\\/schema\\\/logo\\\/image\\\/\"},\"sameAs\":[\"https:\\\/\\\/www.facebook.com\\\/hevostoimintavalkas\\\/\",\"https:\\\/\\\/www.instagram.com\\\/satuaasintalli\\\/?hl=fi\"]}]}<\/script>\n<!-- \/ Yoast SEO plugin. -->","yoast_head_json":{"title":"Virkkaa oma SatuAasi (virkkausohje) - SatuAasin talli","description":"T\u00e4m\u00e4 virkkausohje on selke\u00e4 ja etenee vaihe vaiheelta, joten sen avulla voit itse helposti virkata haluamasi v\u00e4risen SatuAasien pehmoaasin.","robots":{"index":"index","follow":"follow","max-snippet":"max-snippet:-1","max-image-preview":"max-image-preview:large","max-video-preview":"max-video-preview:-1"},"canonical":"https:\/\/satuaasintalli.fi\/index.php\/tuote\/virkkaa-oma-satuaasi-virkkausohje\/","og_locale":"fi_FI","og_type":"article","og_title":"Virkkaa oma SatuAasi (virkkausohje) - SatuAasin talli","og_description":"T\u00e4m\u00e4 virkkausohje on selke\u00e4 ja etenee vaihe vaiheelta, joten sen avulla voit itse helposti virkata haluamasi v\u00e4risen SatuAasien pehmoaasin.","og_url":"https:\/\/satuaasintalli.fi\/index.php\/tuote\/virkkaa-oma-satuaasi-virkkausohje\/","og_site_name":"SatuAasin talli","article_publisher":"https:\/\/www.facebook.com\/hevostoimintavalkas\/","article_modified_time":"2025-02-28T16:09:12+00:00","og_image":[{"width":585,"height":385,"url":"https:\/\/satuaasintalli.fi\/wp-content\/uploads\/2025\/02\/Virkkausohjekuva.png","type":"image\/png"}],"twitter_card":"summary_large_image","twitter_misc":{"Arvioitu lukuaika":"1 minuutti"},"schema":{"@context":"https:\/\/schema.org","@graph":[{"@type":"WebPage","@id":"https:\/\/satuaasintalli.fi\/index.php\/tuote\/virkkaa-oma-satuaasi-virkkausohje\/","url":"https:\/\/satuaasintalli.fi\/index.php\/tuote\/virkkaa-oma-satuaasi-virkkausohje\/","name":"Virkkaa oma SatuAasi (virkkausohje) - SatuAasin talli","isPartOf":{"@id":"https:\/\/satuaasintalli.fi\/#website"},"primaryImageOfPage":{"@id":"https:\/\/satuaasintalli.fi\/index.php\/tuote\/virkkaa-oma-satuaasi-virkkausohje\/#primaryimage"},"image":{"@id":"https:\/\/satuaasintalli.fi\/index.php\/tuote\/virkkaa-oma-satuaasi-virkkausohje\/#primaryimage"},"thumbnailUrl":"https:\/\/satuaasintalli.fi\/wp-content\/uploads\/2025\/02\/Virkkausohjekuva.png","datePublished":"2025-02-27T10:46:15+00:00","dateModified":"2025-02-28T16:09:12+00:00","description":"T\u00e4m\u00e4 virkkausohje on selke\u00e4 ja etenee vaihe vaiheelta, joten sen avulla voit itse helposti virkata haluamasi v\u00e4risen SatuAasien pehmoaasin.","breadcrumb":{"@id":"https:\/\/satuaasintalli.fi\/index.php\/tuote\/virkkaa-oma-satuaasi-virkkausohje\/#breadcrumb"},"inLanguage":"fi","potentialAction":[{"@type":"ReadAction","target":["https:\/\/satuaasintalli.fi\/index.php\/tuote\/virkkaa-oma-satuaasi-virkkausohje\/"]}]},{"@type":"ImageObject","inLanguage":"fi","@id":"https:\/\/satuaasintalli.fi\/index.php\/tuote\/virkkaa-oma-satuaasi-virkkausohje\/#primaryimage","url":"https:\/\/satuaasintalli.fi\/wp-content\/uploads\/2025\/02\/Virkkausohjekuva.png","contentUrl":"https:\/\/satuaasintalli.fi\/wp-content\/uploads\/2025\/02\/Virkkausohjekuva.png","width":585,"height":385},{"@type":"BreadcrumbList","@id":"https:\/\/satuaasintalli.fi\/index.php\/tuote\/virkkaa-oma-satuaasi-virkkausohje\/#breadcrumb","itemListElement":[{"@type":"ListItem","position":1,"name":"Home","item":"https:\/\/satuaasintalli.fi\/"},{"@type":"ListItem","position":2,"name":"Tervetuloa SatuAasien kauppaan!","item":"https:\/\/satuaasintalli.fi\/index.php\/kauppa\/"},{"@type":"ListItem","position":3,"name":"Virkkaa oma SatuAasi (virkkausohje)"}]},{"@type":"WebSite","@id":"https:\/\/satuaasintalli.fi\/#website","url":"https:\/\/satuaasintalli.fi\/","name":"SatuAasin talli","description":"SatuAasin tallin kotisivut ja verkkokauppa","publisher":{"@id":"https:\/\/satuaasintalli.fi\/#organization"},"potentialAction":[{"@type":"SearchAction","target":{"@type":"EntryPoint","urlTemplate":"https:\/\/satuaasintalli.fi\/?s={search_term_string}"},"query-input":{"@type":"PropertyValueSpecification","valueRequired":true,"valueName":"search_term_string"}}],"inLanguage":"fi"},{"@type":"Organization","@id":"https:\/\/satuaasintalli.fi\/#organization","name":"SatuAasin talli","url":"https:\/\/satuaasintalli.fi\/","logo":{"@type":"ImageObject","inLanguage":"fi","@id":"https:\/\/satuaasintalli.fi\/#\/schema\/logo\/image\/","url":"https:\/\/satuaasintalli.fi\/wp-content\/uploads\/2022\/03\/SatuAasin-talli-logo.png","contentUrl":"https:\/\/satuaasintalli.fi\/wp-content\/uploads\/2022\/03\/SatuAasin-talli-logo.png","width":500,"height":523,"caption":"SatuAasin talli"},"image":{"@id":"https:\/\/satuaasintalli.fi\/#\/schema\/logo\/image\/"},"sameAs":["https:\/\/www.facebook.com\/hevostoimintavalkas\/","https:\/\/www.instagram.com\/satuaasintalli\/?hl=fi"]}]}},"wcpa_form_fields":null,"_links":{"self":[{"href":"https:\/\/satuaasintalli.fi\/index.php\/wp-json\/wp\/v2\/product\/3092","targetHints":{"allow":["GET"]}}],"collection":[{"href":"https:\/\/satuaasintalli.fi\/index.php\/wp-json\/wp\/v2\/product"}],"about":[{"href":"https:\/\/satuaasintalli.fi\/index.php\/wp-json\/wp\/v2\/types\/product"}],"replies":[{"embeddable":true,"href":"https:\/\/satuaasintalli.fi\/index.php\/wp-json\/wp\/v2\/comments?post=3092"}],"version-history":[{"count":6,"href":"https:\/\/satuaasintalli.fi\/index.php\/wp-json\/wp\/v2\/product\/3092\/revisions"}],"predecessor-version":[{"id":3207,"href":"https:\/\/satuaasintalli.fi\/index.php\/wp-json\/wp\/v2\/product\/3092\/revisions\/3207"}],"wp:featuredmedia":[{"embeddable":true,"href":"https:\/\/satuaasintalli.fi\/index.php\/wp-json\/wp\/v2\/media\/3222"}],"wp:attachment":[{"href":"https:\/\/satuaasintalli.fi\/index.php\/wp-json\/wp\/v2\/media?parent=3092"}],"wp:term":[{"taxonomy":"product_brand","embeddable":true,"href":"https:\/\/satuaasintalli.fi\/index.php\/wp-json\/wp\/v2\/product_brand?post=3092"},{"taxonomy":"product_cat","embeddable":true,"href":"https:\/\/satuaasintalli.fi\/index.php\/wp-json\/wp\/v2\/product_cat?post=3092"},{"taxonomy":"product_tag","embeddable":true,"href":"https:\/\/satuaasintalli.fi\/index.php\/wp-json\/wp\/v2\/product_tag?post=3092"}],"curies":[{"name":"wp","href":"https:\/\/api.w.org\/{rel}","templated":true}]}}