{"id":2982,"date":"2025-02-26T08:55:06","date_gmt":"2025-02-26T08:55:06","guid":{"rendered":"https:\/\/satuaasintalli.fi\/?post_type=product&#038;p=2982"},"modified":"2026-01-07T13:08:07","modified_gmt":"2026-01-07T11:08:07","slug":"aasinostajan-opas-e-kirja-ruotsi","status":"publish","type":"product","link":"https:\/\/satuaasintalli.fi\/index.php\/tuote\/aasinostajan-opas-e-kirja-ruotsi\/","title":{"rendered":"Aasinostajan opas (e-kirja, ruotsi)"},"content":{"rendered":"<p>Opas sopii sek\u00e4 aasin ostajille ett\u00e4 aaseista yleisesti kiinnostuneille perusoppaaksi aasien hoitoon. Tietoa on muun muassa aasin tarvitsemista tallitiloista ja varusteista sek\u00e4 aasin hyvinvoinnin edist\u00e4miseen sopivan ruokinnan, kaviohoidon ja terveydenhuollon avulla. Mukana on my\u00f6s hy\u00f6dyllinen linkkilista, jonka avulla voit perehty\u00e4 asioihin viel\u00e4 syv\u00e4llisemmin.<\/p>\n<p>&#8211; V\u00e4rikuvallinen opasvihko ladattavana e-kirjana (pdf)<\/p>\n<p>&#8211; 13 sivua<\/p>\n<p>&#8211; Kirjoittanut SatuAasin tallin pit\u00e4j\u00e4 Satu Valkas<\/p>\n<p>&#8211; Ruotsinkielinen painos<\/p>\n<p>&#8211; Jos haluat oppaan painettuna kirjasena, <a href=\"https:\/\/satuaasintalli.fi\/index.php\/product\/aasinostajan-opas\/\">tilaa se t\u00e4st\u00e4<\/a>.<\/p>\n<p>&#8211; Saat tilauksen j\u00e4lkeen linkin, josta voit ladata oppaan itsellesi yhden kerran. Linkki on voimassa 30 vuorokautta. E-kirjan latauslinkin jakaminen eteenp\u00e4in on kielletty.<\/p>\n<p>&nbsp;<\/p>\n","protected":false},"excerpt":{"rendered":"<p>Aasinostajan opas sis\u00e4lt\u00e4\u00e4 tietoa aaseista, niiden hoidosta ja k\u00e4ytt\u00e4ytymisest\u00e4.\u00a0 Opas sopii sek\u00e4 aasin ostajille ett\u00e4 aaseista yleisesti kiinnostuneille perusoppaaksi aasien hoitoon. Tietoa on muun muassa aasin tarvitsemista tallitiloista ja varusteista sek\u00e4 aasin hyvinvoinnin edist\u00e4miseen sopivan ruokinnan, kaviohoidon ja terveydenhuollon avulla.<\/p>\n<p>Ruotsinkielinen. Jos haluat oppaan painettuna kirjasena, <a href=\"https:\/\/satuaasintalli.fi\/index.php\/product\/aasinostajan-opas\/\">tilaa se t\u00e4st\u00e4<\/a>.<\/p>\n<p><strong>Valitse toimitustavaksi nouto (maksuton).<\/strong><\/p>\n<p>&nbsp;<\/p>\n","protected":false},"featured_media":2901,"comment_status":"open","ping_status":"closed","template":"","meta":[],"product_brand":[],"product_cat":[26],"product_tag":[71,70,79,72,80,69],"class_list":{"0":"post-2982","1":"product","2":"type-product","3":"status-publish","4":"has-post-thumbnail","6":"product_cat-kirjat","7":"product_tag-aasin-hoito","8":"product_tag-aasinosto","9":"product_tag-asna","10":"product_tag-hoito-opas","11":"product_tag-kop-av-asna","12":"product_tag-osta-aasi","14":"first","15":"instock","16":"downloadable","17":"taxable","18":"shipping-taxable","19":"purchasable","20":"product-type-simple"},"yoast_head":"<!-- This site is optimized with the Yoast SEO plugin v27.5 - https:\/\/yoast.com\/product\/yoast-seo-wordpress\/ -->\n<title>Aasinostajan opas (e-kirja, ruotsi) - SatuAasin talli<\/title>\n<meta name=\"description\" content=\"Funderar du p\u00e5 att k\u00f6pa en \u00e5sna? \u00c4r du intresserad av att l\u00e4ra dig mer av dessa l\u00e5ng\u00f6ron? Den h\u00e4r \u00e5sneguiden ber\u00e4ttar allt du beh\u00f6ver veta. E-bok.\" \/>\n<meta name=\"robots\" content=\"index, follow, max-snippet:-1, max-image-preview:large, max-video-preview:-1\" \/>\n<link rel=\"canonical\" href=\"https:\/\/satuaasintalli.fi\/index.php\/tuote\/aasinostajan-opas-e-kirja-ruotsi\/\" \/>\n<meta property=\"og:locale\" content=\"fi_FI\" \/>\n<meta property=\"og:type\" content=\"article\" \/>\n<meta property=\"og:title\" content=\"Aasinostajan opas (e-kirja, ruotsi) - SatuAasin talli\" \/>\n<meta property=\"og:description\" content=\"Funderar du p\u00e5 att k\u00f6pa en \u00e5sna? \u00c4r du intresserad av att l\u00e4ra dig mer av dessa l\u00e5ng\u00f6ron? Den h\u00e4r \u00e5sneguiden ber\u00e4ttar allt du beh\u00f6ver veta. E-bok.\" \/>\n<meta property=\"og:url\" content=\"https:\/\/satuaasintalli.fi\/index.php\/tuote\/aasinostajan-opas-e-kirja-ruotsi\/\" \/>\n<meta property=\"og:site_name\" content=\"SatuAasin talli\" \/>\n<meta property=\"article:publisher\" content=\"https:\/\/www.facebook.com\/hevostoimintavalkas\/\" \/>\n<meta property=\"article:modified_time\" content=\"2026-01-07T11:08:07+00:00\" \/>\n<meta property=\"og:image\" content=\"https:\/\/satuaasintalli.fi\/wp-content\/uploads\/2025\/02\/Aasiopas-kansi-ruotsi.png\" \/>\n\t<meta property=\"og:image:width\" content=\"1414\" \/>\n\t<meta property=\"og:image:height\" content=\"2000\" \/>\n\t<meta property=\"og:image:type\" content=\"image\/png\" \/>\n<meta name=\"twitter:card\" content=\"summary_large_image\" \/>\n<meta name=\"twitter:label1\" content=\"Arvioitu lukuaika\" \/>\n\t<meta name=\"twitter:data1\" content=\"1 minuutti\" \/>\n<script type=\"application\/ld+json\" class=\"yoast-schema-graph\">{\"@context\":\"https:\\\/\\\/schema.org\",\"@graph\":[{\"@type\":\"WebPage\",\"@id\":\"https:\\\/\\\/satuaasintalli.fi\\\/index.php\\\/tuote\\\/aasinostajan-opas-e-kirja-ruotsi\\\/\",\"url\":\"https:\\\/\\\/satuaasintalli.fi\\\/index.php\\\/tuote\\\/aasinostajan-opas-e-kirja-ruotsi\\\/\",\"name\":\"Aasinostajan opas (e-kirja, ruotsi) - SatuAasin talli\",\"isPartOf\":{\"@id\":\"https:\\\/\\\/satuaasintalli.fi\\\/#website\"},\"primaryImageOfPage\":{\"@id\":\"https:\\\/\\\/satuaasintalli.fi\\\/index.php\\\/tuote\\\/aasinostajan-opas-e-kirja-ruotsi\\\/#primaryimage\"},\"image\":{\"@id\":\"https:\\\/\\\/satuaasintalli.fi\\\/index.php\\\/tuote\\\/aasinostajan-opas-e-kirja-ruotsi\\\/#primaryimage\"},\"thumbnailUrl\":\"https:\\\/\\\/satuaasintalli.fi\\\/wp-content\\\/uploads\\\/2025\\\/02\\\/Aasiopas-kansi-ruotsi.png\",\"datePublished\":\"2025-02-26T08:55:06+00:00\",\"dateModified\":\"2026-01-07T11:08:07+00:00\",\"description\":\"Funderar du p\u00e5 att k\u00f6pa en \u00e5sna? \u00c4r du intresserad av att l\u00e4ra dig mer av dessa l\u00e5ng\u00f6ron? Den h\u00e4r \u00e5sneguiden ber\u00e4ttar allt du beh\u00f6ver veta. E-bok.\",\"breadcrumb\":{\"@id\":\"https:\\\/\\\/satuaasintalli.fi\\\/index.php\\\/tuote\\\/aasinostajan-opas-e-kirja-ruotsi\\\/#breadcrumb\"},\"inLanguage\":\"fi\",\"potentialAction\":[{\"@type\":\"ReadAction\",\"target\":[\"https:\\\/\\\/satuaasintalli.fi\\\/index.php\\\/tuote\\\/aasinostajan-opas-e-kirja-ruotsi\\\/\"]}]},{\"@type\":\"ImageObject\",\"inLanguage\":\"fi\",\"@id\":\"https:\\\/\\\/satuaasintalli.fi\\\/index.php\\\/tuote\\\/aasinostajan-opas-e-kirja-ruotsi\\\/#primaryimage\",\"url\":\"https:\\\/\\\/satuaasintalli.fi\\\/wp-content\\\/uploads\\\/2025\\\/02\\\/Aasiopas-kansi-ruotsi.png\",\"contentUrl\":\"https:\\\/\\\/satuaasintalli.fi\\\/wp-content\\\/uploads\\\/2025\\\/02\\\/Aasiopas-kansi-ruotsi.png\",\"width\":1414,\"height\":2000,\"caption\":\"Guide vid k\u00f6p av \u00e5sna\"},{\"@type\":\"BreadcrumbList\",\"@id\":\"https:\\\/\\\/satuaasintalli.fi\\\/index.php\\\/tuote\\\/aasinostajan-opas-e-kirja-ruotsi\\\/#breadcrumb\",\"itemListElement\":[{\"@type\":\"ListItem\",\"position\":1,\"name\":\"Home\",\"item\":\"https:\\\/\\\/satuaasintalli.fi\\\/\"},{\"@type\":\"ListItem\",\"position\":2,\"name\":\"Tervetuloa SatuAasien kauppaan!\",\"item\":\"https:\\\/\\\/satuaasintalli.fi\\\/index.php\\\/kauppa\\\/\"},{\"@type\":\"ListItem\",\"position\":3,\"name\":\"Aasinostajan opas (e-kirja, ruotsi)\"}]},{\"@type\":\"WebSite\",\"@id\":\"https:\\\/\\\/satuaasintalli.fi\\\/#website\",\"url\":\"https:\\\/\\\/satuaasintalli.fi\\\/\",\"name\":\"SatuAasin talli\",\"description\":\"SatuAasin tallin kotisivut ja verkkokauppa\",\"publisher\":{\"@id\":\"https:\\\/\\\/satuaasintalli.fi\\\/#organization\"},\"potentialAction\":[{\"@type\":\"SearchAction\",\"target\":{\"@type\":\"EntryPoint\",\"urlTemplate\":\"https:\\\/\\\/satuaasintalli.fi\\\/?s={search_term_string}\"},\"query-input\":{\"@type\":\"PropertyValueSpecification\",\"valueRequired\":true,\"valueName\":\"search_term_string\"}}],\"inLanguage\":\"fi\"},{\"@type\":\"Organization\",\"@id\":\"https:\\\/\\\/satuaasintalli.fi\\\/#organization\",\"name\":\"SatuAasin talli\",\"url\":\"https:\\\/\\\/satuaasintalli.fi\\\/\",\"logo\":{\"@type\":\"ImageObject\",\"inLanguage\":\"fi\",\"@id\":\"https:\\\/\\\/satuaasintalli.fi\\\/#\\\/schema\\\/logo\\\/image\\\/\",\"url\":\"https:\\\/\\\/satuaasintalli.fi\\\/wp-content\\\/uploads\\\/2022\\\/03\\\/SatuAasin-talli-logo.png\",\"contentUrl\":\"https:\\\/\\\/satuaasintalli.fi\\\/wp-content\\\/uploads\\\/2022\\\/03\\\/SatuAasin-talli-logo.png\",\"width\":500,\"height\":523,\"caption\":\"SatuAasin talli\"},\"image\":{\"@id\":\"https:\\\/\\\/satuaasintalli.fi\\\/#\\\/schema\\\/logo\\\/image\\\/\"},\"sameAs\":[\"https:\\\/\\\/www.facebook.com\\\/hevostoimintavalkas\\\/\",\"https:\\\/\\\/www.instagram.com\\\/satuaasintalli\\\/?hl=fi\"]}]}<\/script>\n<!-- \/ Yoast SEO plugin. -->","yoast_head_json":{"title":"Aasinostajan opas (e-kirja, ruotsi) - SatuAasin talli","description":"Funderar du p\u00e5 att k\u00f6pa en \u00e5sna? \u00c4r du intresserad av att l\u00e4ra dig mer av dessa l\u00e5ng\u00f6ron? Den h\u00e4r \u00e5sneguiden ber\u00e4ttar allt du beh\u00f6ver veta. E-bok.","robots":{"index":"index","follow":"follow","max-snippet":"max-snippet:-1","max-image-preview":"max-image-preview:large","max-video-preview":"max-video-preview:-1"},"canonical":"https:\/\/satuaasintalli.fi\/index.php\/tuote\/aasinostajan-opas-e-kirja-ruotsi\/","og_locale":"fi_FI","og_type":"article","og_title":"Aasinostajan opas (e-kirja, ruotsi) - SatuAasin talli","og_description":"Funderar du p\u00e5 att k\u00f6pa en \u00e5sna? \u00c4r du intresserad av att l\u00e4ra dig mer av dessa l\u00e5ng\u00f6ron? Den h\u00e4r \u00e5sneguiden ber\u00e4ttar allt du beh\u00f6ver veta. E-bok.","og_url":"https:\/\/satuaasintalli.fi\/index.php\/tuote\/aasinostajan-opas-e-kirja-ruotsi\/","og_site_name":"SatuAasin talli","article_publisher":"https:\/\/www.facebook.com\/hevostoimintavalkas\/","article_modified_time":"2026-01-07T11:08:07+00:00","og_image":[{"width":1414,"height":2000,"url":"https:\/\/satuaasintalli.fi\/wp-content\/uploads\/2025\/02\/Aasiopas-kansi-ruotsi.png","type":"image\/png"}],"twitter_card":"summary_large_image","twitter_misc":{"Arvioitu lukuaika":"1 minuutti"},"schema":{"@context":"https:\/\/schema.org","@graph":[{"@type":"WebPage","@id":"https:\/\/satuaasintalli.fi\/index.php\/tuote\/aasinostajan-opas-e-kirja-ruotsi\/","url":"https:\/\/satuaasintalli.fi\/index.php\/tuote\/aasinostajan-opas-e-kirja-ruotsi\/","name":"Aasinostajan opas (e-kirja, ruotsi) - SatuAasin talli","isPartOf":{"@id":"https:\/\/satuaasintalli.fi\/#website"},"primaryImageOfPage":{"@id":"https:\/\/satuaasintalli.fi\/index.php\/tuote\/aasinostajan-opas-e-kirja-ruotsi\/#primaryimage"},"image":{"@id":"https:\/\/satuaasintalli.fi\/index.php\/tuote\/aasinostajan-opas-e-kirja-ruotsi\/#primaryimage"},"thumbnailUrl":"https:\/\/satuaasintalli.fi\/wp-content\/uploads\/2025\/02\/Aasiopas-kansi-ruotsi.png","datePublished":"2025-02-26T08:55:06+00:00","dateModified":"2026-01-07T11:08:07+00:00","description":"Funderar du p\u00e5 att k\u00f6pa en \u00e5sna? \u00c4r du intresserad av att l\u00e4ra dig mer av dessa l\u00e5ng\u00f6ron? Den h\u00e4r \u00e5sneguiden ber\u00e4ttar allt du beh\u00f6ver veta. E-bok.","breadcrumb":{"@id":"https:\/\/satuaasintalli.fi\/index.php\/tuote\/aasinostajan-opas-e-kirja-ruotsi\/#breadcrumb"},"inLanguage":"fi","potentialAction":[{"@type":"ReadAction","target":["https:\/\/satuaasintalli.fi\/index.php\/tuote\/aasinostajan-opas-e-kirja-ruotsi\/"]}]},{"@type":"ImageObject","inLanguage":"fi","@id":"https:\/\/satuaasintalli.fi\/index.php\/tuote\/aasinostajan-opas-e-kirja-ruotsi\/#primaryimage","url":"https:\/\/satuaasintalli.fi\/wp-content\/uploads\/2025\/02\/Aasiopas-kansi-ruotsi.png","contentUrl":"https:\/\/satuaasintalli.fi\/wp-content\/uploads\/2025\/02\/Aasiopas-kansi-ruotsi.png","width":1414,"height":2000,"caption":"Guide vid k\u00f6p av \u00e5sna"},{"@type":"BreadcrumbList","@id":"https:\/\/satuaasintalli.fi\/index.php\/tuote\/aasinostajan-opas-e-kirja-ruotsi\/#breadcrumb","itemListElement":[{"@type":"ListItem","position":1,"name":"Home","item":"https:\/\/satuaasintalli.fi\/"},{"@type":"ListItem","position":2,"name":"Tervetuloa SatuAasien kauppaan!","item":"https:\/\/satuaasintalli.fi\/index.php\/kauppa\/"},{"@type":"ListItem","position":3,"name":"Aasinostajan opas (e-kirja, ruotsi)"}]},{"@type":"WebSite","@id":"https:\/\/satuaasintalli.fi\/#website","url":"https:\/\/satuaasintalli.fi\/","name":"SatuAasin talli","description":"SatuAasin tallin kotisivut ja verkkokauppa","publisher":{"@id":"https:\/\/satuaasintalli.fi\/#organization"},"potentialAction":[{"@type":"SearchAction","target":{"@type":"EntryPoint","urlTemplate":"https:\/\/satuaasintalli.fi\/?s={search_term_string}"},"query-input":{"@type":"PropertyValueSpecification","valueRequired":true,"valueName":"search_term_string"}}],"inLanguage":"fi"},{"@type":"Organization","@id":"https:\/\/satuaasintalli.fi\/#organization","name":"SatuAasin talli","url":"https:\/\/satuaasintalli.fi\/","logo":{"@type":"ImageObject","inLanguage":"fi","@id":"https:\/\/satuaasintalli.fi\/#\/schema\/logo\/image\/","url":"https:\/\/satuaasintalli.fi\/wp-content\/uploads\/2022\/03\/SatuAasin-talli-logo.png","contentUrl":"https:\/\/satuaasintalli.fi\/wp-content\/uploads\/2022\/03\/SatuAasin-talli-logo.png","width":500,"height":523,"caption":"SatuAasin talli"},"image":{"@id":"https:\/\/satuaasintalli.fi\/#\/schema\/logo\/image\/"},"sameAs":["https:\/\/www.facebook.com\/hevostoimintavalkas\/","https:\/\/www.instagram.com\/satuaasintalli\/?hl=fi"]}]}},"wcpa_form_fields":null,"_links":{"self":[{"href":"https:\/\/satuaasintalli.fi\/index.php\/wp-json\/wp\/v2\/product\/2982","targetHints":{"allow":["GET"]}}],"collection":[{"href":"https:\/\/satuaasintalli.fi\/index.php\/wp-json\/wp\/v2\/product"}],"about":[{"href":"https:\/\/satuaasintalli.fi\/index.php\/wp-json\/wp\/v2\/types\/product"}],"replies":[{"embeddable":true,"href":"https:\/\/satuaasintalli.fi\/index.php\/wp-json\/wp\/v2\/comments?post=2982"}],"version-history":[{"count":6,"href":"https:\/\/satuaasintalli.fi\/index.php\/wp-json\/wp\/v2\/product\/2982\/revisions"}],"predecessor-version":[{"id":3351,"href":"https:\/\/satuaasintalli.fi\/index.php\/wp-json\/wp\/v2\/product\/2982\/revisions\/3351"}],"wp:featuredmedia":[{"embeddable":true,"href":"https:\/\/satuaasintalli.fi\/index.php\/wp-json\/wp\/v2\/media\/2901"}],"wp:attachment":[{"href":"https:\/\/satuaasintalli.fi\/index.php\/wp-json\/wp\/v2\/media?parent=2982"}],"wp:term":[{"taxonomy":"product_brand","embeddable":true,"href":"https:\/\/satuaasintalli.fi\/index.php\/wp-json\/wp\/v2\/product_brand?post=2982"},{"taxonomy":"product_cat","embeddable":true,"href":"https:\/\/satuaasintalli.fi\/index.php\/wp-json\/wp\/v2\/product_cat?post=2982"},{"taxonomy":"product_tag","embeddable":true,"href":"https:\/\/satuaasintalli.fi\/index.php\/wp-json\/wp\/v2\/product_tag?post=2982"}],"curies":[{"name":"wp","href":"https:\/\/api.w.org\/{rel}","templated":true}]}}