{"id":2964,"date":"2025-02-26T07:04:16","date_gmt":"2025-02-26T07:04:16","guid":{"rendered":"https:\/\/satuaasintalli.fi\/?post_type=product&#038;p=2964"},"modified":"2025-10-26T12:49:20","modified_gmt":"2025-10-26T10:49:20","slug":"virkattu-aasi-hypistely-stressilelu","status":"publish","type":"product","link":"https:\/\/satuaasintalli.fi\/index.php\/tuote\/virkattu-aasi-hypistely-stressilelu\/","title":{"rendered":"Virkattu aasi, hypistely\/stressilelu"},"content":{"rendered":"<p>K\u00e4sin virkattu pehmoinen aasi, jossa sis\u00e4ll\u00e4 materiaalia, joka tekee siit\u00e4 mainion hypistely\/stressilelun. Jokainen on ainutlaatuinen oma yksil\u00f6ns\u00e4! Sopii leluksi tai koristeeksi aasien yst\u00e4v\u00e4lle.<\/p>\n<p>&#8211; Vartalo-osan halkaisija on aasista riippuen noin 9-12 cm.<\/p>\n<p>&#8211; Materiaalina villalanka ja t\u00e4ytteen\u00e4 polyesterivanu\/kaura. Lis\u00e4ksi yksil\u00f6kohtaisesti sis\u00e4ll\u00e4 voi olla esim. puuhelmi\u00e4 tai muovi\/limapallo, jotka lis\u00e4\u00e4v\u00e4t mukavaa hypistelytuntemusta.<\/p>\n<p>&#8211; Ei sis\u00e4ll\u00e4 irtoavia osia.<\/p>\n<p>&#8211; Tehnyt k\u00e4sity\u00f6n\u00e4 SatuAasin tallin pit\u00e4j\u00e4 Satu itse.<\/p>\n","protected":false},"excerpt":{"rendered":"<p>K\u00e4sin virkattu pehmoinen aasi. jossa sis\u00e4ll\u00e4 materiaalia, joka tekee siit\u00e4 mainion hypistely\/stressilelun. Jokainen on ainutlaatuinen oma yksil\u00f6ns\u00e4! Sopii leluksi tai koristeeksi aasien yst\u00e4v\u00e4lle. Materiaalina villalanka ja t\u00e4ytteen\u00e4 polyesterivanu\/kaura. Lis\u00e4ksi yksil\u00f6kohtaisesti sis\u00e4ll\u00e4 voi olla esim. puuhelmi\u00e4 tai muovi\/limapallo, jotka lis\u00e4\u00e4v\u00e4t mukavaa hypistelytuntemusta.<\/p>\n<p>T\u00e4ll\u00e4 hetkell\u00e4 aasit ovat tekeill\u00e4 ja lis\u00e4t\u00e4\u00e4n verkkokauppaan niiden valmistuttua.<\/p>\n<p>&nbsp;<\/p>\n<p>&nbsp;<\/p>\n","protected":false},"featured_media":3103,"comment_status":"open","ping_status":"closed","template":"","meta":[],"product_brand":[],"product_cat":[25],"product_tag":[],"class_list":{"0":"post-2964","1":"product","2":"type-product","3":"status-publish","4":"has-post-thumbnail","6":"product_cat-aasimaiset-tuotteet","8":"first","9":"outofstock","10":"taxable","11":"shipping-taxable","12":"purchasable","13":"product-type-simple"},"yoast_head":"<!-- This site is optimized with the Yoast SEO plugin v27.5 - https:\/\/yoast.com\/product\/yoast-seo-wordpress\/ -->\n<title>Virkattu aasi, hypistely\/stressilelu - SatuAasin talli<\/title>\n<meta name=\"description\" content=\"Suloinen pehmolelu, joka on mainio stressi- tai hypistelylelu! K\u00e4sity\u00f6n\u00e4 tehty virkattu aasi sopii sek\u00e4 isoille ett\u00e4 pienille aasifaneille.\" \/>\n<meta name=\"robots\" content=\"index, follow, max-snippet:-1, max-image-preview:large, max-video-preview:-1\" \/>\n<link rel=\"canonical\" href=\"https:\/\/satuaasintalli.fi\/index.php\/tuote\/virkattu-aasi-hypistely-stressilelu\/\" \/>\n<meta property=\"og:locale\" content=\"fi_FI\" \/>\n<meta property=\"og:type\" content=\"article\" \/>\n<meta property=\"og:title\" content=\"Virkattu aasi, hypistely\/stressilelu - SatuAasin talli\" \/>\n<meta property=\"og:description\" content=\"Suloinen pehmolelu, joka on mainio stressi- tai hypistelylelu! K\u00e4sity\u00f6n\u00e4 tehty virkattu aasi sopii sek\u00e4 isoille ett\u00e4 pienille aasifaneille.\" \/>\n<meta property=\"og:url\" content=\"https:\/\/satuaasintalli.fi\/index.php\/tuote\/virkattu-aasi-hypistely-stressilelu\/\" \/>\n<meta property=\"og:site_name\" content=\"SatuAasin talli\" \/>\n<meta property=\"article:publisher\" content=\"https:\/\/www.facebook.com\/hevostoimintavalkas\/\" \/>\n<meta property=\"article:modified_time\" content=\"2025-10-26T10:49:20+00:00\" \/>\n<meta property=\"og:image\" content=\"https:\/\/satuaasintalli.fi\/wp-content\/uploads\/2025\/02\/Kirjava-hypistelyaasi.jpg\" \/>\n\t<meta property=\"og:image:width\" content=\"1500\" \/>\n\t<meta property=\"og:image:height\" content=\"1712\" \/>\n\t<meta property=\"og:image:type\" content=\"image\/jpeg\" \/>\n<meta name=\"twitter:card\" content=\"summary_large_image\" \/>\n<meta name=\"twitter:label1\" content=\"Arvioitu lukuaika\" \/>\n\t<meta name=\"twitter:data1\" content=\"1 minuutti\" \/>\n<script type=\"application\/ld+json\" class=\"yoast-schema-graph\">{\"@context\":\"https:\\\/\\\/schema.org\",\"@graph\":[{\"@type\":\"WebPage\",\"@id\":\"https:\\\/\\\/satuaasintalli.fi\\\/index.php\\\/tuote\\\/virkattu-aasi-hypistely-stressilelu\\\/\",\"url\":\"https:\\\/\\\/satuaasintalli.fi\\\/index.php\\\/tuote\\\/virkattu-aasi-hypistely-stressilelu\\\/\",\"name\":\"Virkattu aasi, hypistely\\\/stressilelu - SatuAasin talli\",\"isPartOf\":{\"@id\":\"https:\\\/\\\/satuaasintalli.fi\\\/#website\"},\"primaryImageOfPage\":{\"@id\":\"https:\\\/\\\/satuaasintalli.fi\\\/index.php\\\/tuote\\\/virkattu-aasi-hypistely-stressilelu\\\/#primaryimage\"},\"image\":{\"@id\":\"https:\\\/\\\/satuaasintalli.fi\\\/index.php\\\/tuote\\\/virkattu-aasi-hypistely-stressilelu\\\/#primaryimage\"},\"thumbnailUrl\":\"https:\\\/\\\/satuaasintalli.fi\\\/wp-content\\\/uploads\\\/2025\\\/02\\\/Kirjava-hypistelyaasi.jpg\",\"datePublished\":\"2025-02-26T07:04:16+00:00\",\"dateModified\":\"2025-10-26T10:49:20+00:00\",\"description\":\"Suloinen pehmolelu, joka on mainio stressi- tai hypistelylelu! K\u00e4sity\u00f6n\u00e4 tehty virkattu aasi sopii sek\u00e4 isoille ett\u00e4 pienille aasifaneille.\",\"breadcrumb\":{\"@id\":\"https:\\\/\\\/satuaasintalli.fi\\\/index.php\\\/tuote\\\/virkattu-aasi-hypistely-stressilelu\\\/#breadcrumb\"},\"inLanguage\":\"fi\",\"potentialAction\":[{\"@type\":\"ReadAction\",\"target\":[\"https:\\\/\\\/satuaasintalli.fi\\\/index.php\\\/tuote\\\/virkattu-aasi-hypistely-stressilelu\\\/\"]}]},{\"@type\":\"ImageObject\",\"inLanguage\":\"fi\",\"@id\":\"https:\\\/\\\/satuaasintalli.fi\\\/index.php\\\/tuote\\\/virkattu-aasi-hypistely-stressilelu\\\/#primaryimage\",\"url\":\"https:\\\/\\\/satuaasintalli.fi\\\/wp-content\\\/uploads\\\/2025\\\/02\\\/Kirjava-hypistelyaasi.jpg\",\"contentUrl\":\"https:\\\/\\\/satuaasintalli.fi\\\/wp-content\\\/uploads\\\/2025\\\/02\\\/Kirjava-hypistelyaasi.jpg\",\"width\":1500,\"height\":1712,\"caption\":\"Virkattu pehmoinen aasilelu\"},{\"@type\":\"BreadcrumbList\",\"@id\":\"https:\\\/\\\/satuaasintalli.fi\\\/index.php\\\/tuote\\\/virkattu-aasi-hypistely-stressilelu\\\/#breadcrumb\",\"itemListElement\":[{\"@type\":\"ListItem\",\"position\":1,\"name\":\"Home\",\"item\":\"https:\\\/\\\/satuaasintalli.fi\\\/\"},{\"@type\":\"ListItem\",\"position\":2,\"name\":\"Tervetuloa SatuAasien kauppaan!\",\"item\":\"https:\\\/\\\/satuaasintalli.fi\\\/index.php\\\/kauppa\\\/\"},{\"@type\":\"ListItem\",\"position\":3,\"name\":\"Virkattu aasi, hypistely\\\/stressilelu\"}]},{\"@type\":\"WebSite\",\"@id\":\"https:\\\/\\\/satuaasintalli.fi\\\/#website\",\"url\":\"https:\\\/\\\/satuaasintalli.fi\\\/\",\"name\":\"SatuAasin talli\",\"description\":\"SatuAasin tallin kotisivut ja verkkokauppa\",\"publisher\":{\"@id\":\"https:\\\/\\\/satuaasintalli.fi\\\/#organization\"},\"potentialAction\":[{\"@type\":\"SearchAction\",\"target\":{\"@type\":\"EntryPoint\",\"urlTemplate\":\"https:\\\/\\\/satuaasintalli.fi\\\/?s={search_term_string}\"},\"query-input\":{\"@type\":\"PropertyValueSpecification\",\"valueRequired\":true,\"valueName\":\"search_term_string\"}}],\"inLanguage\":\"fi\"},{\"@type\":\"Organization\",\"@id\":\"https:\\\/\\\/satuaasintalli.fi\\\/#organization\",\"name\":\"SatuAasin talli\",\"url\":\"https:\\\/\\\/satuaasintalli.fi\\\/\",\"logo\":{\"@type\":\"ImageObject\",\"inLanguage\":\"fi\",\"@id\":\"https:\\\/\\\/satuaasintalli.fi\\\/#\\\/schema\\\/logo\\\/image\\\/\",\"url\":\"https:\\\/\\\/satuaasintalli.fi\\\/wp-content\\\/uploads\\\/2022\\\/03\\\/SatuAasin-talli-logo.png\",\"contentUrl\":\"https:\\\/\\\/satuaasintalli.fi\\\/wp-content\\\/uploads\\\/2022\\\/03\\\/SatuAasin-talli-logo.png\",\"width\":500,\"height\":523,\"caption\":\"SatuAasin talli\"},\"image\":{\"@id\":\"https:\\\/\\\/satuaasintalli.fi\\\/#\\\/schema\\\/logo\\\/image\\\/\"},\"sameAs\":[\"https:\\\/\\\/www.facebook.com\\\/hevostoimintavalkas\\\/\",\"https:\\\/\\\/www.instagram.com\\\/satuaasintalli\\\/?hl=fi\"]}]}<\/script>\n<!-- \/ Yoast SEO plugin. -->","yoast_head_json":{"title":"Virkattu aasi, hypistely\/stressilelu - SatuAasin talli","description":"Suloinen pehmolelu, joka on mainio stressi- tai hypistelylelu! K\u00e4sity\u00f6n\u00e4 tehty virkattu aasi sopii sek\u00e4 isoille ett\u00e4 pienille aasifaneille.","robots":{"index":"index","follow":"follow","max-snippet":"max-snippet:-1","max-image-preview":"max-image-preview:large","max-video-preview":"max-video-preview:-1"},"canonical":"https:\/\/satuaasintalli.fi\/index.php\/tuote\/virkattu-aasi-hypistely-stressilelu\/","og_locale":"fi_FI","og_type":"article","og_title":"Virkattu aasi, hypistely\/stressilelu - SatuAasin talli","og_description":"Suloinen pehmolelu, joka on mainio stressi- tai hypistelylelu! K\u00e4sity\u00f6n\u00e4 tehty virkattu aasi sopii sek\u00e4 isoille ett\u00e4 pienille aasifaneille.","og_url":"https:\/\/satuaasintalli.fi\/index.php\/tuote\/virkattu-aasi-hypistely-stressilelu\/","og_site_name":"SatuAasin talli","article_publisher":"https:\/\/www.facebook.com\/hevostoimintavalkas\/","article_modified_time":"2025-10-26T10:49:20+00:00","og_image":[{"width":1500,"height":1712,"url":"https:\/\/satuaasintalli.fi\/wp-content\/uploads\/2025\/02\/Kirjava-hypistelyaasi.jpg","type":"image\/jpeg"}],"twitter_card":"summary_large_image","twitter_misc":{"Arvioitu lukuaika":"1 minuutti"},"schema":{"@context":"https:\/\/schema.org","@graph":[{"@type":"WebPage","@id":"https:\/\/satuaasintalli.fi\/index.php\/tuote\/virkattu-aasi-hypistely-stressilelu\/","url":"https:\/\/satuaasintalli.fi\/index.php\/tuote\/virkattu-aasi-hypistely-stressilelu\/","name":"Virkattu aasi, hypistely\/stressilelu - SatuAasin talli","isPartOf":{"@id":"https:\/\/satuaasintalli.fi\/#website"},"primaryImageOfPage":{"@id":"https:\/\/satuaasintalli.fi\/index.php\/tuote\/virkattu-aasi-hypistely-stressilelu\/#primaryimage"},"image":{"@id":"https:\/\/satuaasintalli.fi\/index.php\/tuote\/virkattu-aasi-hypistely-stressilelu\/#primaryimage"},"thumbnailUrl":"https:\/\/satuaasintalli.fi\/wp-content\/uploads\/2025\/02\/Kirjava-hypistelyaasi.jpg","datePublished":"2025-02-26T07:04:16+00:00","dateModified":"2025-10-26T10:49:20+00:00","description":"Suloinen pehmolelu, joka on mainio stressi- tai hypistelylelu! K\u00e4sity\u00f6n\u00e4 tehty virkattu aasi sopii sek\u00e4 isoille ett\u00e4 pienille aasifaneille.","breadcrumb":{"@id":"https:\/\/satuaasintalli.fi\/index.php\/tuote\/virkattu-aasi-hypistely-stressilelu\/#breadcrumb"},"inLanguage":"fi","potentialAction":[{"@type":"ReadAction","target":["https:\/\/satuaasintalli.fi\/index.php\/tuote\/virkattu-aasi-hypistely-stressilelu\/"]}]},{"@type":"ImageObject","inLanguage":"fi","@id":"https:\/\/satuaasintalli.fi\/index.php\/tuote\/virkattu-aasi-hypistely-stressilelu\/#primaryimage","url":"https:\/\/satuaasintalli.fi\/wp-content\/uploads\/2025\/02\/Kirjava-hypistelyaasi.jpg","contentUrl":"https:\/\/satuaasintalli.fi\/wp-content\/uploads\/2025\/02\/Kirjava-hypistelyaasi.jpg","width":1500,"height":1712,"caption":"Virkattu pehmoinen aasilelu"},{"@type":"BreadcrumbList","@id":"https:\/\/satuaasintalli.fi\/index.php\/tuote\/virkattu-aasi-hypistely-stressilelu\/#breadcrumb","itemListElement":[{"@type":"ListItem","position":1,"name":"Home","item":"https:\/\/satuaasintalli.fi\/"},{"@type":"ListItem","position":2,"name":"Tervetuloa SatuAasien kauppaan!","item":"https:\/\/satuaasintalli.fi\/index.php\/kauppa\/"},{"@type":"ListItem","position":3,"name":"Virkattu aasi, hypistely\/stressilelu"}]},{"@type":"WebSite","@id":"https:\/\/satuaasintalli.fi\/#website","url":"https:\/\/satuaasintalli.fi\/","name":"SatuAasin talli","description":"SatuAasin tallin kotisivut ja verkkokauppa","publisher":{"@id":"https:\/\/satuaasintalli.fi\/#organization"},"potentialAction":[{"@type":"SearchAction","target":{"@type":"EntryPoint","urlTemplate":"https:\/\/satuaasintalli.fi\/?s={search_term_string}"},"query-input":{"@type":"PropertyValueSpecification","valueRequired":true,"valueName":"search_term_string"}}],"inLanguage":"fi"},{"@type":"Organization","@id":"https:\/\/satuaasintalli.fi\/#organization","name":"SatuAasin talli","url":"https:\/\/satuaasintalli.fi\/","logo":{"@type":"ImageObject","inLanguage":"fi","@id":"https:\/\/satuaasintalli.fi\/#\/schema\/logo\/image\/","url":"https:\/\/satuaasintalli.fi\/wp-content\/uploads\/2022\/03\/SatuAasin-talli-logo.png","contentUrl":"https:\/\/satuaasintalli.fi\/wp-content\/uploads\/2022\/03\/SatuAasin-talli-logo.png","width":500,"height":523,"caption":"SatuAasin talli"},"image":{"@id":"https:\/\/satuaasintalli.fi\/#\/schema\/logo\/image\/"},"sameAs":["https:\/\/www.facebook.com\/hevostoimintavalkas\/","https:\/\/www.instagram.com\/satuaasintalli\/?hl=fi"]}]}},"wcpa_form_fields":null,"_links":{"self":[{"href":"https:\/\/satuaasintalli.fi\/index.php\/wp-json\/wp\/v2\/product\/2964","targetHints":{"allow":["GET"]}}],"collection":[{"href":"https:\/\/satuaasintalli.fi\/index.php\/wp-json\/wp\/v2\/product"}],"about":[{"href":"https:\/\/satuaasintalli.fi\/index.php\/wp-json\/wp\/v2\/types\/product"}],"replies":[{"embeddable":true,"href":"https:\/\/satuaasintalli.fi\/index.php\/wp-json\/wp\/v2\/comments?post=2964"}],"version-history":[{"count":4,"href":"https:\/\/satuaasintalli.fi\/index.php\/wp-json\/wp\/v2\/product\/2964\/revisions"}],"predecessor-version":[{"id":3765,"href":"https:\/\/satuaasintalli.fi\/index.php\/wp-json\/wp\/v2\/product\/2964\/revisions\/3765"}],"wp:featuredmedia":[{"embeddable":true,"href":"https:\/\/satuaasintalli.fi\/index.php\/wp-json\/wp\/v2\/media\/3103"}],"wp:attachment":[{"href":"https:\/\/satuaasintalli.fi\/index.php\/wp-json\/wp\/v2\/media?parent=2964"}],"wp:term":[{"taxonomy":"product_brand","embeddable":true,"href":"https:\/\/satuaasintalli.fi\/index.php\/wp-json\/wp\/v2\/product_brand?post=2964"},{"taxonomy":"product_cat","embeddable":true,"href":"https:\/\/satuaasintalli.fi\/index.php\/wp-json\/wp\/v2\/product_cat?post=2964"},{"taxonomy":"product_tag","embeddable":true,"href":"https:\/\/satuaasintalli.fi\/index.php\/wp-json\/wp\/v2\/product_tag?post=2964"}],"curies":[{"name":"wp","href":"https:\/\/api.w.org\/{rel}","templated":true}]}}