{"id":2938,"date":"2025-02-25T06:51:06","date_gmt":"2025-02-25T06:51:06","guid":{"rendered":"https:\/\/satuaasintalli.fi\/?post_type=product&#038;p=2938"},"modified":"2025-12-01T09:43:13","modified_gmt":"2025-12-01T07:43:13","slug":"tiskiratit","status":"publish","type":"product","link":"https:\/\/satuaasintalli.fi\/index.php\/tuote\/tiskiratit\/","title":{"rendered":"Tiskir\u00e4tit"},"content":{"rendered":"<p>Siivoamisestakin voi tehd\u00e4 hauskempaa, kun seurana on tiskir\u00e4tist\u00e4 tuijotteleva aasikaveri! Valittavana useampi kuva, joissa seikkailee SatuAasien nykyisi\u00e4 ja entisi\u00e4 aasikavereita. Tiskir\u00e4tti toimii my\u00f6s hauskana tuliaisena vaikka tupaantuliaisiin tai m\u00f6kkivierailulle.<\/p>\n<p>Biohajoava tiskir\u00e4tti on valmistettu ekologisesti Euroopassa FSC-sertifioidusta selluloosakuidusta (70%) ja ylij\u00e4\u00e4m\u00e4puuvillasta (30%). Liinan voi h\u00e4vitt\u00e4\u00e4 kompostoimalla. Tiskir\u00e4tin koko on 17 x 20 cm.<\/p>\n<p>&nbsp;<\/p>\n<p>HUOM! Tuotteet tilataan tilauskohtaisesti painatusyritykselt\u00e4, mist\u00e4 ne toimitetaan suoraan ostajalle. Painatus tehd\u00e4\u00e4n Suomessa \u00c4\u00e4nekoskella Kaiffarin painopajassa.<\/p>\n","protected":false},"excerpt":{"rendered":"<p>Siivoamisestakin voi tehd\u00e4 hauskempaa, kun seurana on tiskir\u00e4tist\u00e4 tuijotteleva aasikaveri! Valittavana useampi kuva, joissa seikkailee SatuAasien nykyisi\u00e4 ja entisi\u00e4 aasikavereita. Tiskir\u00e4tti toimii my\u00f6s hauskana tuliaisena vaikka tupaantuliaisiin tai m\u00f6kkivierailulle.<\/p>\n<p>Biohajoava ja ekologisesta materiaalista valmistettu.<\/p>\n<p>&nbsp;<\/p>\n","protected":false},"featured_media":2891,"comment_status":"open","ping_status":"closed","template":"","meta":[],"product_brand":[],"product_cat":[57],"product_tag":[68,66,67,65],"class_list":{"0":"post-2938","1":"product","2":"type-product","3":"status-publish","4":"has-post-thumbnail","6":"product_cat-tiskiratit","7":"product_tag-aasituote","8":"product_tag-huumorituote","9":"product_tag-siivous","10":"product_tag-tiskiratti","11":"wcpa_has_options","13":"first","14":"instock","15":"taxable","16":"shipping-taxable","17":"purchasable","18":"product-type-simple"},"yoast_head":"<!-- This site is optimized with the Yoast SEO plugin v27.4 - https:\/\/yoast.com\/product\/yoast-seo-wordpress\/ -->\n<title>Tiskir\u00e4tit - SatuAasin talli<\/title>\n<meta name=\"description\" content=\"Aasimainen tiskir\u00e4tti tekee siivoamisestakin hauskempaa! Toimii my\u00f6s hauskana tuliaisena vaikka tupaantuliaisiin tai m\u00f6kkivierailulle.\" \/>\n<meta name=\"robots\" content=\"index, follow, max-snippet:-1, max-image-preview:large, max-video-preview:-1\" \/>\n<link rel=\"canonical\" href=\"https:\/\/satuaasintalli.fi\/index.php\/tuote\/tiskiratit\/\" \/>\n<meta property=\"og:locale\" content=\"fi_FI\" \/>\n<meta property=\"og:type\" content=\"article\" \/>\n<meta property=\"og:title\" content=\"Tiskir\u00e4tit - SatuAasin talli\" \/>\n<meta property=\"og:description\" content=\"Aasimainen tiskir\u00e4tti tekee siivoamisestakin hauskempaa! Toimii my\u00f6s hauskana tuliaisena vaikka tupaantuliaisiin tai m\u00f6kkivierailulle.\" \/>\n<meta property=\"og:url\" content=\"https:\/\/satuaasintalli.fi\/index.php\/tuote\/tiskiratit\/\" \/>\n<meta property=\"og:site_name\" content=\"SatuAasin talli\" \/>\n<meta property=\"article:publisher\" content=\"https:\/\/www.facebook.com\/hevostoimintavalkas\/\" \/>\n<meta property=\"article:modified_time\" content=\"2025-12-01T07:43:13+00:00\" \/>\n<meta property=\"og:image\" content=\"https:\/\/satuaasintalli.fi\/wp-content\/uploads\/2025\/02\/Tiskiratti-Design3.png\" \/>\n\t<meta property=\"og:image:width\" content=\"1014\" \/>\n\t<meta property=\"og:image:height\" content=\"1026\" \/>\n\t<meta property=\"og:image:type\" content=\"image\/png\" \/>\n<meta name=\"twitter:card\" content=\"summary_large_image\" \/>\n<meta name=\"twitter:label1\" content=\"Arvioitu lukuaika\" \/>\n\t<meta name=\"twitter:data1\" content=\"1 minuutti\" \/>\n<script type=\"application\/ld+json\" class=\"yoast-schema-graph\">{\"@context\":\"https:\\\/\\\/schema.org\",\"@graph\":[{\"@type\":\"WebPage\",\"@id\":\"https:\\\/\\\/satuaasintalli.fi\\\/index.php\\\/tuote\\\/tiskiratit\\\/\",\"url\":\"https:\\\/\\\/satuaasintalli.fi\\\/index.php\\\/tuote\\\/tiskiratit\\\/\",\"name\":\"Tiskir\u00e4tit - SatuAasin talli\",\"isPartOf\":{\"@id\":\"https:\\\/\\\/satuaasintalli.fi\\\/#website\"},\"primaryImageOfPage\":{\"@id\":\"https:\\\/\\\/satuaasintalli.fi\\\/index.php\\\/tuote\\\/tiskiratit\\\/#primaryimage\"},\"image\":{\"@id\":\"https:\\\/\\\/satuaasintalli.fi\\\/index.php\\\/tuote\\\/tiskiratit\\\/#primaryimage\"},\"thumbnailUrl\":\"https:\\\/\\\/satuaasintalli.fi\\\/wp-content\\\/uploads\\\/2025\\\/02\\\/Tiskiratti-Design3.png\",\"datePublished\":\"2025-02-25T06:51:06+00:00\",\"dateModified\":\"2025-12-01T07:43:13+00:00\",\"description\":\"Aasimainen tiskir\u00e4tti tekee siivoamisestakin hauskempaa! Toimii my\u00f6s hauskana tuliaisena vaikka tupaantuliaisiin tai m\u00f6kkivierailulle.\",\"breadcrumb\":{\"@id\":\"https:\\\/\\\/satuaasintalli.fi\\\/index.php\\\/tuote\\\/tiskiratit\\\/#breadcrumb\"},\"inLanguage\":\"fi\",\"potentialAction\":[{\"@type\":\"ReadAction\",\"target\":[\"https:\\\/\\\/satuaasintalli.fi\\\/index.php\\\/tuote\\\/tiskiratit\\\/\"]}]},{\"@type\":\"ImageObject\",\"inLanguage\":\"fi\",\"@id\":\"https:\\\/\\\/satuaasintalli.fi\\\/index.php\\\/tuote\\\/tiskiratit\\\/#primaryimage\",\"url\":\"https:\\\/\\\/satuaasintalli.fi\\\/wp-content\\\/uploads\\\/2025\\\/02\\\/Tiskiratti-Design3.png\",\"contentUrl\":\"https:\\\/\\\/satuaasintalli.fi\\\/wp-content\\\/uploads\\\/2025\\\/02\\\/Tiskiratti-Design3.png\",\"width\":1014,\"height\":1026},{\"@type\":\"BreadcrumbList\",\"@id\":\"https:\\\/\\\/satuaasintalli.fi\\\/index.php\\\/tuote\\\/tiskiratit\\\/#breadcrumb\",\"itemListElement\":[{\"@type\":\"ListItem\",\"position\":1,\"name\":\"Home\",\"item\":\"https:\\\/\\\/satuaasintalli.fi\\\/\"},{\"@type\":\"ListItem\",\"position\":2,\"name\":\"Tervetuloa SatuAasien kauppaan!\",\"item\":\"https:\\\/\\\/satuaasintalli.fi\\\/index.php\\\/kauppa\\\/\"},{\"@type\":\"ListItem\",\"position\":3,\"name\":\"Tiskir\u00e4tit\"}]},{\"@type\":\"WebSite\",\"@id\":\"https:\\\/\\\/satuaasintalli.fi\\\/#website\",\"url\":\"https:\\\/\\\/satuaasintalli.fi\\\/\",\"name\":\"SatuAasin talli\",\"description\":\"SatuAasin tallin kotisivut ja verkkokauppa\",\"publisher\":{\"@id\":\"https:\\\/\\\/satuaasintalli.fi\\\/#organization\"},\"potentialAction\":[{\"@type\":\"SearchAction\",\"target\":{\"@type\":\"EntryPoint\",\"urlTemplate\":\"https:\\\/\\\/satuaasintalli.fi\\\/?s={search_term_string}\"},\"query-input\":{\"@type\":\"PropertyValueSpecification\",\"valueRequired\":true,\"valueName\":\"search_term_string\"}}],\"inLanguage\":\"fi\"},{\"@type\":\"Organization\",\"@id\":\"https:\\\/\\\/satuaasintalli.fi\\\/#organization\",\"name\":\"SatuAasin talli\",\"url\":\"https:\\\/\\\/satuaasintalli.fi\\\/\",\"logo\":{\"@type\":\"ImageObject\",\"inLanguage\":\"fi\",\"@id\":\"https:\\\/\\\/satuaasintalli.fi\\\/#\\\/schema\\\/logo\\\/image\\\/\",\"url\":\"https:\\\/\\\/satuaasintalli.fi\\\/wp-content\\\/uploads\\\/2022\\\/03\\\/SatuAasin-talli-logo.png\",\"contentUrl\":\"https:\\\/\\\/satuaasintalli.fi\\\/wp-content\\\/uploads\\\/2022\\\/03\\\/SatuAasin-talli-logo.png\",\"width\":500,\"height\":523,\"caption\":\"SatuAasin talli\"},\"image\":{\"@id\":\"https:\\\/\\\/satuaasintalli.fi\\\/#\\\/schema\\\/logo\\\/image\\\/\"},\"sameAs\":[\"https:\\\/\\\/www.facebook.com\\\/hevostoimintavalkas\\\/\",\"https:\\\/\\\/www.instagram.com\\\/satuaasintalli\\\/?hl=fi\"]}]}<\/script>\n<!-- \/ Yoast SEO plugin. -->","yoast_head_json":{"title":"Tiskir\u00e4tit - SatuAasin talli","description":"Aasimainen tiskir\u00e4tti tekee siivoamisestakin hauskempaa! Toimii my\u00f6s hauskana tuliaisena vaikka tupaantuliaisiin tai m\u00f6kkivierailulle.","robots":{"index":"index","follow":"follow","max-snippet":"max-snippet:-1","max-image-preview":"max-image-preview:large","max-video-preview":"max-video-preview:-1"},"canonical":"https:\/\/satuaasintalli.fi\/index.php\/tuote\/tiskiratit\/","og_locale":"fi_FI","og_type":"article","og_title":"Tiskir\u00e4tit - SatuAasin talli","og_description":"Aasimainen tiskir\u00e4tti tekee siivoamisestakin hauskempaa! Toimii my\u00f6s hauskana tuliaisena vaikka tupaantuliaisiin tai m\u00f6kkivierailulle.","og_url":"https:\/\/satuaasintalli.fi\/index.php\/tuote\/tiskiratit\/","og_site_name":"SatuAasin talli","article_publisher":"https:\/\/www.facebook.com\/hevostoimintavalkas\/","article_modified_time":"2025-12-01T07:43:13+00:00","og_image":[{"width":1014,"height":1026,"url":"https:\/\/satuaasintalli.fi\/wp-content\/uploads\/2025\/02\/Tiskiratti-Design3.png","type":"image\/png"}],"twitter_card":"summary_large_image","twitter_misc":{"Arvioitu lukuaika":"1 minuutti"},"schema":{"@context":"https:\/\/schema.org","@graph":[{"@type":"WebPage","@id":"https:\/\/satuaasintalli.fi\/index.php\/tuote\/tiskiratit\/","url":"https:\/\/satuaasintalli.fi\/index.php\/tuote\/tiskiratit\/","name":"Tiskir\u00e4tit - SatuAasin talli","isPartOf":{"@id":"https:\/\/satuaasintalli.fi\/#website"},"primaryImageOfPage":{"@id":"https:\/\/satuaasintalli.fi\/index.php\/tuote\/tiskiratit\/#primaryimage"},"image":{"@id":"https:\/\/satuaasintalli.fi\/index.php\/tuote\/tiskiratit\/#primaryimage"},"thumbnailUrl":"https:\/\/satuaasintalli.fi\/wp-content\/uploads\/2025\/02\/Tiskiratti-Design3.png","datePublished":"2025-02-25T06:51:06+00:00","dateModified":"2025-12-01T07:43:13+00:00","description":"Aasimainen tiskir\u00e4tti tekee siivoamisestakin hauskempaa! Toimii my\u00f6s hauskana tuliaisena vaikka tupaantuliaisiin tai m\u00f6kkivierailulle.","breadcrumb":{"@id":"https:\/\/satuaasintalli.fi\/index.php\/tuote\/tiskiratit\/#breadcrumb"},"inLanguage":"fi","potentialAction":[{"@type":"ReadAction","target":["https:\/\/satuaasintalli.fi\/index.php\/tuote\/tiskiratit\/"]}]},{"@type":"ImageObject","inLanguage":"fi","@id":"https:\/\/satuaasintalli.fi\/index.php\/tuote\/tiskiratit\/#primaryimage","url":"https:\/\/satuaasintalli.fi\/wp-content\/uploads\/2025\/02\/Tiskiratti-Design3.png","contentUrl":"https:\/\/satuaasintalli.fi\/wp-content\/uploads\/2025\/02\/Tiskiratti-Design3.png","width":1014,"height":1026},{"@type":"BreadcrumbList","@id":"https:\/\/satuaasintalli.fi\/index.php\/tuote\/tiskiratit\/#breadcrumb","itemListElement":[{"@type":"ListItem","position":1,"name":"Home","item":"https:\/\/satuaasintalli.fi\/"},{"@type":"ListItem","position":2,"name":"Tervetuloa SatuAasien kauppaan!","item":"https:\/\/satuaasintalli.fi\/index.php\/kauppa\/"},{"@type":"ListItem","position":3,"name":"Tiskir\u00e4tit"}]},{"@type":"WebSite","@id":"https:\/\/satuaasintalli.fi\/#website","url":"https:\/\/satuaasintalli.fi\/","name":"SatuAasin talli","description":"SatuAasin tallin kotisivut ja verkkokauppa","publisher":{"@id":"https:\/\/satuaasintalli.fi\/#organization"},"potentialAction":[{"@type":"SearchAction","target":{"@type":"EntryPoint","urlTemplate":"https:\/\/satuaasintalli.fi\/?s={search_term_string}"},"query-input":{"@type":"PropertyValueSpecification","valueRequired":true,"valueName":"search_term_string"}}],"inLanguage":"fi"},{"@type":"Organization","@id":"https:\/\/satuaasintalli.fi\/#organization","name":"SatuAasin talli","url":"https:\/\/satuaasintalli.fi\/","logo":{"@type":"ImageObject","inLanguage":"fi","@id":"https:\/\/satuaasintalli.fi\/#\/schema\/logo\/image\/","url":"https:\/\/satuaasintalli.fi\/wp-content\/uploads\/2022\/03\/SatuAasin-talli-logo.png","contentUrl":"https:\/\/satuaasintalli.fi\/wp-content\/uploads\/2022\/03\/SatuAasin-talli-logo.png","width":500,"height":523,"caption":"SatuAasin talli"},"image":{"@id":"https:\/\/satuaasintalli.fi\/#\/schema\/logo\/image\/"},"sameAs":["https:\/\/www.facebook.com\/hevostoimintavalkas\/","https:\/\/www.instagram.com\/satuaasintalli\/?hl=fi"]}]}},"wcpa_form_fields":{"wcpaData":{"product":{"product_price":6.5,"price_html":"<span class=\"woocommerce-Price-amount amount\"><bdi>6,50&nbsp;<span class=\"woocommerce-Price-currencySymbol\">&euro;<\/span><\/bdi><\/span>","original_product_price":6.5,"price_including_tax":6.5,"price_excluding_tax":5.1792829999999998591420080629177391529083251953125,"product_id":{"parent":2938,"variation":false},"is_variable":false,"stock_status":"instock","stock_quantity":null,"parent_sku":"","product_attributes":{"koko":{"is_variation":false,"values":["Tiskir\u00e4tin koko on 17 x 20 cm."]},"materiaali":{"is_variation":false,"values":["Biohajoava tiskir\u00e4tti on valmistettu ekologisesti Euroopassa FSC-sertifioidusta selluloosakuidusta (70%) ja ylij\u00e4\u00e4m\u00e4puuvillasta (30%)."]},"kayton-jalkeen":{"is_variation":false,"values":["Liinan voi h\u00e4vitt\u00e4\u00e4 kompostoimalla."]}},"custom_fields":[],"is_taxable":true,"product_name":"Tiskir\u00e4tit","hasImage":false},"fields":{"sec_767bd6a13cf9ff":{"extra":{"key":"sec_767bd6a13cf9ff","section_id":"sec_767bd6a13cf9ff","name":"Default","status":1,"cl_rule":"show","enableCl":false,"relations":[],"toggle":true,"title_tag":"h3","show_title":false,"showPrice":"default","form_id":2939,"form_rules":{"exclude_from_discount":false,"fee_label":"","disp_hide_options_price":false,"disp_show_section_price":false,"disp_show_field_price":true,"layout_option":"standard","pric_use_as_fee":false,"process_fee_as":"woo_fee"},"layout_option":"standard"},"fields":[[{"active":true,"col":6,"relations":false,"cl_rule":"show","enableCl":false,"price":"6,50","enablePrice":true,"className":"","label_position":"default","desc_position":"default","type":"image-group","required":true,"elementId":"image_7244762640","label":"Valitse, mitk\u00e4 kuvat tiskir\u00e4tteihin haluat. Valitse my\u00f6s haluttu lukum\u00e4\u00e4r\u00e4.","name":"image_7244762640","enable_popup":"no","multiple":true,"layOut":"inline","img_selection_type":"outline","disp_type":"square","values":[{"label":"Aasivarsan p\u00e4\u00e4potretti","value":"Option - 1","selected":false,"image":"https:\/\/satuaasintalli.fi\/wp-content\/uploads\/2025\/02\/Tiskiratti-Design3.png","thumb":"https:\/\/satuaasintalli.fi\/wp-content\/uploads\/2025\/02\/Tiskiratti-Design3-150x150.png","tempId":"aco_1702","image_id":2891,"thumb_src":"https:\/\/satuaasintalli.fi\/wp-content\/uploads\/2025\/02\/Tiskiratti-Design3-100x100.png","gt_translate_keys":["label"]},{"label":"Aasikaverukset halailemassa","value":"Option - 2","selected":false,"image":"https:\/\/satuaasintalli.fi\/wp-content\/uploads\/2025\/02\/Tiskiratti-Design5.png","thumb":"https:\/\/satuaasintalli.fi\/wp-content\/uploads\/2025\/02\/Tiskiratti-Design5-150x150.png","tempId":"aco_1703","image_id":2893,"thumb_src":"https:\/\/satuaasintalli.fi\/wp-content\/uploads\/2025\/02\/Tiskiratti-Design5-100x100.png","gt_translate_keys":["label"]},{"label":"Aasivarsa juoksemasa","value":"Option - 3","selected":false,"image":"https:\/\/satuaasintalli.fi\/wp-content\/uploads\/2025\/02\/Tiskiratti-Design1.png","thumb":"https:\/\/satuaasintalli.fi\/wp-content\/uploads\/2025\/02\/Tiskiratti-Design1-150x150.png","tempId":"aco_1704","image_id":2889,"thumb_src":"https:\/\/satuaasintalli.fi\/wp-content\/uploads\/2025\/02\/Tiskiratti-Design1-100x100.png","gt_translate_keys":["label"]},{"label":"Aasikaverukset vierekk\u00e4in","value":"Option - 4","selected":false,"image":"https:\/\/satuaasintalli.fi\/wp-content\/uploads\/2025\/02\/Tiskiratti-Design4.png","thumb":"https:\/\/satuaasintalli.fi\/wp-content\/uploads\/2025\/02\/Tiskiratti-Design4-150x150.png","tempId":"aco_2713","image_id":2892,"thumb_src":"https:\/\/satuaasintalli.fi\/wp-content\/uploads\/2025\/02\/Tiskiratti-Design4-100x100.png","gt_translate_keys":["label"]},{"label":"Aasi n\u00e4ytt\u00e4\u00e4 kielt\u00e4","value":"Option - 5","selected":false,"image":"https:\/\/satuaasintalli.fi\/wp-content\/uploads\/2025\/02\/Tiskiratti-Design2.png","thumb":"https:\/\/satuaasintalli.fi\/wp-content\/uploads\/2025\/02\/Tiskiratti-Design2-150x150.png","tempId":"aco_3158","image_id":2890,"thumb_src":"https:\/\/satuaasintalli.fi\/wp-content\/uploads\/2025\/02\/Tiskiratti-Design2-100x100.png","gt_translate_keys":["label"]}],"disp_size_img":{"width":75,"height":75},"error":false,"img_preview":true,"img_preview_disable_mobile":true,"enable_quantity":true,"quantity_decimal":false,"quantity_step":"1","quantity_label":"Quantity","priceOptions":"fixed_for_all","pricingType":"fixed","gt_translate_keys":["label","quantity_label"],"price_dependency":false,"cl_dependency":false,"value":""}]]}},"config":{"price_override":"always","enable_recaptcha":false,"bind_quantity":false,"quantity_bind_formula":false,"disp_summ_show_option_price":true,"disp_summ_show_product_price":true,"disp_summ_show_total_price":true,"disp_summ_show_fee":false,"disp_summ_show_discount":false,"summary_title":"","options_total_label":"Lis\u00e4valinnat","total_label":"Yhteens\u00e4","options_product_label":"Tuotteen hinta","fee_label":"","discount_label":"Alennus","has_price":true,"has_quantity_formula":false},"mc_unit":1,"tax_rate":1,"tax_rate_real":0.25500000000000000444089209850062616169452667236328125,"discount":{"percentage":0,"fixed":0},"design":{"conf":{"LabelPosition":"above","DescPosition":"above","UploadField":"custom_1","QuantityFieldStyle":"default"},"css":{"LeftLabelWidth":"100px"}},"formulas":[],"lookuptables":[],"clones":false,"cartKey":false}},"_links":{"self":[{"href":"https:\/\/satuaasintalli.fi\/index.php\/wp-json\/wp\/v2\/product\/2938","targetHints":{"allow":["GET"]}}],"collection":[{"href":"https:\/\/satuaasintalli.fi\/index.php\/wp-json\/wp\/v2\/product"}],"about":[{"href":"https:\/\/satuaasintalli.fi\/index.php\/wp-json\/wp\/v2\/types\/product"}],"replies":[{"embeddable":true,"href":"https:\/\/satuaasintalli.fi\/index.php\/wp-json\/wp\/v2\/comments?post=2938"}],"version-history":[{"count":2,"href":"https:\/\/satuaasintalli.fi\/index.php\/wp-json\/wp\/v2\/product\/2938\/revisions"}],"predecessor-version":[{"id":2941,"href":"https:\/\/satuaasintalli.fi\/index.php\/wp-json\/wp\/v2\/product\/2938\/revisions\/2941"}],"wp:featuredmedia":[{"embeddable":true,"href":"https:\/\/satuaasintalli.fi\/index.php\/wp-json\/wp\/v2\/media\/2891"}],"wp:attachment":[{"href":"https:\/\/satuaasintalli.fi\/index.php\/wp-json\/wp\/v2\/media?parent=2938"}],"wp:term":[{"taxonomy":"product_brand","embeddable":true,"href":"https:\/\/satuaasintalli.fi\/index.php\/wp-json\/wp\/v2\/product_brand?post=2938"},{"taxonomy":"product_cat","embeddable":true,"href":"https:\/\/satuaasintalli.fi\/index.php\/wp-json\/wp\/v2\/product_cat?post=2938"},{"taxonomy":"product_tag","embeddable":true,"href":"https:\/\/satuaasintalli.fi\/index.php\/wp-json\/wp\/v2\/product_tag?post=2938"}],"curies":[{"name":"wp","href":"https:\/\/api.w.org\/{rel}","templated":true}]}}