{"id":2929,"date":"2025-02-25T06:41:05","date_gmt":"2025-02-25T06:41:05","guid":{"rendered":"https:\/\/satuaasintalli.fi\/?post_type=product&#038;p=2929"},"modified":"2025-12-01T09:43:13","modified_gmt":"2025-12-01T07:43:13","slug":"aasien-paapotretit-taikamuki","status":"publish","type":"product","link":"https:\/\/satuaasintalli.fi\/index.php\/tuote\/aasien-paapotretit-taikamuki\/","title":{"rendered":"Aasien p\u00e4\u00e4potretit &#8211; taikamuki"},"content":{"rendered":"<p>T\u00e4m\u00e4 yll\u00e4tyksellinen taikamuki n\u00e4ytt\u00e4\u00e4 kiilt\u00e4v\u00e4n mustalta, mutta kun sen sis\u00e4\u00e4n kaadetaan kuumaa juomaa, paljastaa muki hienon taideteoksen. Voit katsella esiin tulevia aasien kuvia samalla, kun nautit mukista aamukahvisi, iltap\u00e4iv\u00e4teesi tai illan l\u00e4mpim\u00e4n kaakaon. Yll\u00e4t\u00e4 yst\u00e4v\u00e4si ja anna lahjaksi t\u00e4m\u00e4 uniikki ja hauska taikamuki!<\/p>\n<p>&#8211; Mukin tilavuus 3,25 dl<\/p>\n<p>&#8211; Kaunis kiilt\u00e4v\u00e4 pinnoite<\/p>\n<p>&#8211; Paljastaa kuvat, kun t\u00e4ytet\u00e4\u00e4n kuumalla juomalla<\/p>\n<p>&#8211; Vain k\u00e4sinpesu. Ei mikroaaltouuniin.<\/p>\n<p>&nbsp;<\/p>\n<p>HUOM! Tuotteet tilataan tilauskohtaisesti painatusyritykselt\u00e4, jos niit\u00e4 ei ole varastossa valmiina ja sielt\u00e4 ne toimitetaan suoraan ostajalle. Painatus tehd\u00e4\u00e4n Suomessa \u00c4\u00e4nekoskella Kaiffarin painopajassa.<\/p>\n","protected":false},"excerpt":{"rendered":"<p>T\u00e4m\u00e4 yll\u00e4tyksellinen taikamuki n\u00e4ytt\u00e4\u00e4 kiilt\u00e4v\u00e4n mustalta, mutta kun sen sis\u00e4\u00e4n kaadetaan kuumaa juomaa, paljastaa muki hienon taideteoksen. Voit katsella esiin tulevia aasien kuvia samalla, kun nautit mukista aamukahvisi, iltap\u00e4iv\u00e4teesi tai illan l\u00e4mpim\u00e4n kaakaon. Yll\u00e4t\u00e4 yst\u00e4v\u00e4si ja anna lahjaksi t\u00e4m\u00e4 uniikki ja hauska taikamuki!<\/p>\n<p>Kuvana Cesar ja Nico aasien p\u00e4\u00e4potretit Silva K\u00e4rp\u00e4noja, Taikasipuli tekem\u00e4n\u00e4.<\/p>\n","protected":false},"featured_media":2888,"comment_status":"open","ping_status":"closed","template":"","meta":[],"product_brand":[],"product_cat":[56],"product_tag":[63,62,60,59,64,61],"class_list":{"0":"post-2929","1":"product","2":"type-product","3":"status-publish","4":"has-post-thumbnail","6":"product_cat-mukit","7":"product_tag-aasimuki","8":"product_tag-huumorimuki","9":"product_tag-kahvimuki","10":"product_tag-muki","11":"product_tag-taikamuki","12":"product_tag-teemuki","14":"first","15":"instock","16":"taxable","17":"shipping-taxable","18":"purchasable","19":"product-type-simple"},"yoast_head":"<!-- This site is optimized with the Yoast SEO plugin v27.4 - https:\/\/yoast.com\/product\/yoast-seo-wordpress\/ -->\n<title>Aasien p\u00e4\u00e4potretit - taikamuki - SatuAasin talli<\/title>\n<meta name=\"description\" content=\"Aloita aamu kupposella juomaa uudesta lempimukistasi ja yll\u00e4ty esiin tulevasta aasinkuvasta! Taikamuki paljastaa kuumana esiin suloisia aaseja.\" \/>\n<meta name=\"robots\" content=\"index, follow, max-snippet:-1, max-image-preview:large, max-video-preview:-1\" \/>\n<link rel=\"canonical\" href=\"https:\/\/satuaasintalli.fi\/index.php\/tuote\/aasien-paapotretit-taikamuki\/\" \/>\n<meta property=\"og:locale\" content=\"fi_FI\" \/>\n<meta property=\"og:type\" content=\"article\" \/>\n<meta property=\"og:title\" content=\"Aasien p\u00e4\u00e4potretit - taikamuki - SatuAasin talli\" \/>\n<meta property=\"og:description\" content=\"Aloita aamu kupposella juomaa uudesta lempimukistasi ja yll\u00e4ty esiin tulevasta aasinkuvasta! Taikamuki paljastaa kuumana esiin suloisia aaseja.\" \/>\n<meta property=\"og:url\" content=\"https:\/\/satuaasintalli.fi\/index.php\/tuote\/aasien-paapotretit-taikamuki\/\" \/>\n<meta property=\"og:site_name\" content=\"SatuAasin talli\" \/>\n<meta property=\"article:publisher\" content=\"https:\/\/www.facebook.com\/hevostoimintavalkas\/\" \/>\n<meta property=\"article:modified_time\" content=\"2025-12-01T07:43:13+00:00\" \/>\n<meta property=\"og:image\" content=\"https:\/\/satuaasintalli.fi\/wp-content\/uploads\/2025\/02\/Taikamuki-paapotretit.jpeg\" \/>\n\t<meta property=\"og:image:width\" content=\"800\" \/>\n\t<meta property=\"og:image:height\" content=\"800\" \/>\n\t<meta property=\"og:image:type\" content=\"image\/jpeg\" \/>\n<meta name=\"twitter:card\" content=\"summary_large_image\" \/>\n<meta name=\"twitter:label1\" content=\"Arvioitu lukuaika\" \/>\n\t<meta name=\"twitter:data1\" content=\"1 minuutti\" \/>\n<script type=\"application\/ld+json\" class=\"yoast-schema-graph\">{\"@context\":\"https:\\\/\\\/schema.org\",\"@graph\":[{\"@type\":\"WebPage\",\"@id\":\"https:\\\/\\\/satuaasintalli.fi\\\/index.php\\\/tuote\\\/aasien-paapotretit-taikamuki\\\/\",\"url\":\"https:\\\/\\\/satuaasintalli.fi\\\/index.php\\\/tuote\\\/aasien-paapotretit-taikamuki\\\/\",\"name\":\"Aasien p\u00e4\u00e4potretit - taikamuki - SatuAasin talli\",\"isPartOf\":{\"@id\":\"https:\\\/\\\/satuaasintalli.fi\\\/#website\"},\"primaryImageOfPage\":{\"@id\":\"https:\\\/\\\/satuaasintalli.fi\\\/index.php\\\/tuote\\\/aasien-paapotretit-taikamuki\\\/#primaryimage\"},\"image\":{\"@id\":\"https:\\\/\\\/satuaasintalli.fi\\\/index.php\\\/tuote\\\/aasien-paapotretit-taikamuki\\\/#primaryimage\"},\"thumbnailUrl\":\"https:\\\/\\\/satuaasintalli.fi\\\/wp-content\\\/uploads\\\/2025\\\/02\\\/Taikamuki-paapotretit.jpeg\",\"datePublished\":\"2025-02-25T06:41:05+00:00\",\"dateModified\":\"2025-12-01T07:43:13+00:00\",\"description\":\"Aloita aamu kupposella juomaa uudesta lempimukistasi ja yll\u00e4ty esiin tulevasta aasinkuvasta! Taikamuki paljastaa kuumana esiin suloisia aaseja.\",\"breadcrumb\":{\"@id\":\"https:\\\/\\\/satuaasintalli.fi\\\/index.php\\\/tuote\\\/aasien-paapotretit-taikamuki\\\/#breadcrumb\"},\"inLanguage\":\"fi\",\"potentialAction\":[{\"@type\":\"ReadAction\",\"target\":[\"https:\\\/\\\/satuaasintalli.fi\\\/index.php\\\/tuote\\\/aasien-paapotretit-taikamuki\\\/\"]}]},{\"@type\":\"ImageObject\",\"inLanguage\":\"fi\",\"@id\":\"https:\\\/\\\/satuaasintalli.fi\\\/index.php\\\/tuote\\\/aasien-paapotretit-taikamuki\\\/#primaryimage\",\"url\":\"https:\\\/\\\/satuaasintalli.fi\\\/wp-content\\\/uploads\\\/2025\\\/02\\\/Taikamuki-paapotretit.jpeg\",\"contentUrl\":\"https:\\\/\\\/satuaasintalli.fi\\\/wp-content\\\/uploads\\\/2025\\\/02\\\/Taikamuki-paapotretit.jpeg\",\"width\":800,\"height\":800},{\"@type\":\"BreadcrumbList\",\"@id\":\"https:\\\/\\\/satuaasintalli.fi\\\/index.php\\\/tuote\\\/aasien-paapotretit-taikamuki\\\/#breadcrumb\",\"itemListElement\":[{\"@type\":\"ListItem\",\"position\":1,\"name\":\"Home\",\"item\":\"https:\\\/\\\/satuaasintalli.fi\\\/\"},{\"@type\":\"ListItem\",\"position\":2,\"name\":\"Tervetuloa SatuAasien kauppaan!\",\"item\":\"https:\\\/\\\/satuaasintalli.fi\\\/index.php\\\/kauppa\\\/\"},{\"@type\":\"ListItem\",\"position\":3,\"name\":\"Aasien p\u00e4\u00e4potretit &#8211; taikamuki\"}]},{\"@type\":\"WebSite\",\"@id\":\"https:\\\/\\\/satuaasintalli.fi\\\/#website\",\"url\":\"https:\\\/\\\/satuaasintalli.fi\\\/\",\"name\":\"SatuAasin talli\",\"description\":\"SatuAasin tallin kotisivut ja verkkokauppa\",\"publisher\":{\"@id\":\"https:\\\/\\\/satuaasintalli.fi\\\/#organization\"},\"potentialAction\":[{\"@type\":\"SearchAction\",\"target\":{\"@type\":\"EntryPoint\",\"urlTemplate\":\"https:\\\/\\\/satuaasintalli.fi\\\/?s={search_term_string}\"},\"query-input\":{\"@type\":\"PropertyValueSpecification\",\"valueRequired\":true,\"valueName\":\"search_term_string\"}}],\"inLanguage\":\"fi\"},{\"@type\":\"Organization\",\"@id\":\"https:\\\/\\\/satuaasintalli.fi\\\/#organization\",\"name\":\"SatuAasin talli\",\"url\":\"https:\\\/\\\/satuaasintalli.fi\\\/\",\"logo\":{\"@type\":\"ImageObject\",\"inLanguage\":\"fi\",\"@id\":\"https:\\\/\\\/satuaasintalli.fi\\\/#\\\/schema\\\/logo\\\/image\\\/\",\"url\":\"https:\\\/\\\/satuaasintalli.fi\\\/wp-content\\\/uploads\\\/2022\\\/03\\\/SatuAasin-talli-logo.png\",\"contentUrl\":\"https:\\\/\\\/satuaasintalli.fi\\\/wp-content\\\/uploads\\\/2022\\\/03\\\/SatuAasin-talli-logo.png\",\"width\":500,\"height\":523,\"caption\":\"SatuAasin talli\"},\"image\":{\"@id\":\"https:\\\/\\\/satuaasintalli.fi\\\/#\\\/schema\\\/logo\\\/image\\\/\"},\"sameAs\":[\"https:\\\/\\\/www.facebook.com\\\/hevostoimintavalkas\\\/\",\"https:\\\/\\\/www.instagram.com\\\/satuaasintalli\\\/?hl=fi\"]}]}<\/script>\n<!-- \/ Yoast SEO plugin. -->","yoast_head_json":{"title":"Aasien p\u00e4\u00e4potretit - taikamuki - SatuAasin talli","description":"Aloita aamu kupposella juomaa uudesta lempimukistasi ja yll\u00e4ty esiin tulevasta aasinkuvasta! Taikamuki paljastaa kuumana esiin suloisia aaseja.","robots":{"index":"index","follow":"follow","max-snippet":"max-snippet:-1","max-image-preview":"max-image-preview:large","max-video-preview":"max-video-preview:-1"},"canonical":"https:\/\/satuaasintalli.fi\/index.php\/tuote\/aasien-paapotretit-taikamuki\/","og_locale":"fi_FI","og_type":"article","og_title":"Aasien p\u00e4\u00e4potretit - taikamuki - SatuAasin talli","og_description":"Aloita aamu kupposella juomaa uudesta lempimukistasi ja yll\u00e4ty esiin tulevasta aasinkuvasta! Taikamuki paljastaa kuumana esiin suloisia aaseja.","og_url":"https:\/\/satuaasintalli.fi\/index.php\/tuote\/aasien-paapotretit-taikamuki\/","og_site_name":"SatuAasin talli","article_publisher":"https:\/\/www.facebook.com\/hevostoimintavalkas\/","article_modified_time":"2025-12-01T07:43:13+00:00","og_image":[{"width":800,"height":800,"url":"https:\/\/satuaasintalli.fi\/wp-content\/uploads\/2025\/02\/Taikamuki-paapotretit.jpeg","type":"image\/jpeg"}],"twitter_card":"summary_large_image","twitter_misc":{"Arvioitu lukuaika":"1 minuutti"},"schema":{"@context":"https:\/\/schema.org","@graph":[{"@type":"WebPage","@id":"https:\/\/satuaasintalli.fi\/index.php\/tuote\/aasien-paapotretit-taikamuki\/","url":"https:\/\/satuaasintalli.fi\/index.php\/tuote\/aasien-paapotretit-taikamuki\/","name":"Aasien p\u00e4\u00e4potretit - taikamuki - SatuAasin talli","isPartOf":{"@id":"https:\/\/satuaasintalli.fi\/#website"},"primaryImageOfPage":{"@id":"https:\/\/satuaasintalli.fi\/index.php\/tuote\/aasien-paapotretit-taikamuki\/#primaryimage"},"image":{"@id":"https:\/\/satuaasintalli.fi\/index.php\/tuote\/aasien-paapotretit-taikamuki\/#primaryimage"},"thumbnailUrl":"https:\/\/satuaasintalli.fi\/wp-content\/uploads\/2025\/02\/Taikamuki-paapotretit.jpeg","datePublished":"2025-02-25T06:41:05+00:00","dateModified":"2025-12-01T07:43:13+00:00","description":"Aloita aamu kupposella juomaa uudesta lempimukistasi ja yll\u00e4ty esiin tulevasta aasinkuvasta! Taikamuki paljastaa kuumana esiin suloisia aaseja.","breadcrumb":{"@id":"https:\/\/satuaasintalli.fi\/index.php\/tuote\/aasien-paapotretit-taikamuki\/#breadcrumb"},"inLanguage":"fi","potentialAction":[{"@type":"ReadAction","target":["https:\/\/satuaasintalli.fi\/index.php\/tuote\/aasien-paapotretit-taikamuki\/"]}]},{"@type":"ImageObject","inLanguage":"fi","@id":"https:\/\/satuaasintalli.fi\/index.php\/tuote\/aasien-paapotretit-taikamuki\/#primaryimage","url":"https:\/\/satuaasintalli.fi\/wp-content\/uploads\/2025\/02\/Taikamuki-paapotretit.jpeg","contentUrl":"https:\/\/satuaasintalli.fi\/wp-content\/uploads\/2025\/02\/Taikamuki-paapotretit.jpeg","width":800,"height":800},{"@type":"BreadcrumbList","@id":"https:\/\/satuaasintalli.fi\/index.php\/tuote\/aasien-paapotretit-taikamuki\/#breadcrumb","itemListElement":[{"@type":"ListItem","position":1,"name":"Home","item":"https:\/\/satuaasintalli.fi\/"},{"@type":"ListItem","position":2,"name":"Tervetuloa SatuAasien kauppaan!","item":"https:\/\/satuaasintalli.fi\/index.php\/kauppa\/"},{"@type":"ListItem","position":3,"name":"Aasien p\u00e4\u00e4potretit &#8211; taikamuki"}]},{"@type":"WebSite","@id":"https:\/\/satuaasintalli.fi\/#website","url":"https:\/\/satuaasintalli.fi\/","name":"SatuAasin talli","description":"SatuAasin tallin kotisivut ja verkkokauppa","publisher":{"@id":"https:\/\/satuaasintalli.fi\/#organization"},"potentialAction":[{"@type":"SearchAction","target":{"@type":"EntryPoint","urlTemplate":"https:\/\/satuaasintalli.fi\/?s={search_term_string}"},"query-input":{"@type":"PropertyValueSpecification","valueRequired":true,"valueName":"search_term_string"}}],"inLanguage":"fi"},{"@type":"Organization","@id":"https:\/\/satuaasintalli.fi\/#organization","name":"SatuAasin talli","url":"https:\/\/satuaasintalli.fi\/","logo":{"@type":"ImageObject","inLanguage":"fi","@id":"https:\/\/satuaasintalli.fi\/#\/schema\/logo\/image\/","url":"https:\/\/satuaasintalli.fi\/wp-content\/uploads\/2022\/03\/SatuAasin-talli-logo.png","contentUrl":"https:\/\/satuaasintalli.fi\/wp-content\/uploads\/2022\/03\/SatuAasin-talli-logo.png","width":500,"height":523,"caption":"SatuAasin talli"},"image":{"@id":"https:\/\/satuaasintalli.fi\/#\/schema\/logo\/image\/"},"sameAs":["https:\/\/www.facebook.com\/hevostoimintavalkas\/","https:\/\/www.instagram.com\/satuaasintalli\/?hl=fi"]}]}},"wcpa_form_fields":null,"_links":{"self":[{"href":"https:\/\/satuaasintalli.fi\/index.php\/wp-json\/wp\/v2\/product\/2929","targetHints":{"allow":["GET"]}}],"collection":[{"href":"https:\/\/satuaasintalli.fi\/index.php\/wp-json\/wp\/v2\/product"}],"about":[{"href":"https:\/\/satuaasintalli.fi\/index.php\/wp-json\/wp\/v2\/types\/product"}],"replies":[{"embeddable":true,"href":"https:\/\/satuaasintalli.fi\/index.php\/wp-json\/wp\/v2\/comments?post=2929"}],"version-history":[{"count":2,"href":"https:\/\/satuaasintalli.fi\/index.php\/wp-json\/wp\/v2\/product\/2929\/revisions"}],"predecessor-version":[{"id":3118,"href":"https:\/\/satuaasintalli.fi\/index.php\/wp-json\/wp\/v2\/product\/2929\/revisions\/3118"}],"wp:featuredmedia":[{"embeddable":true,"href":"https:\/\/satuaasintalli.fi\/index.php\/wp-json\/wp\/v2\/media\/2888"}],"wp:attachment":[{"href":"https:\/\/satuaasintalli.fi\/index.php\/wp-json\/wp\/v2\/media?parent=2929"}],"wp:term":[{"taxonomy":"product_brand","embeddable":true,"href":"https:\/\/satuaasintalli.fi\/index.php\/wp-json\/wp\/v2\/product_brand?post=2929"},{"taxonomy":"product_cat","embeddable":true,"href":"https:\/\/satuaasintalli.fi\/index.php\/wp-json\/wp\/v2\/product_cat?post=2929"},{"taxonomy":"product_tag","embeddable":true,"href":"https:\/\/satuaasintalli.fi\/index.php\/wp-json\/wp\/v2\/product_tag?post=2929"}],"curies":[{"name":"wp","href":"https:\/\/api.w.org\/{rel}","templated":true}]}}