{"id":2923,"date":"2025-02-25T06:29:03","date_gmt":"2025-02-25T06:29:03","guid":{"rendered":"https:\/\/satuaasintalli.fi\/?post_type=product&#038;p=2923"},"modified":"2025-02-25T06:30:43","modified_gmt":"2025-02-25T06:30:43","slug":"paiva-pelastettu-muki","status":"publish","type":"product","link":"https:\/\/satuaasintalli.fi\/index.php\/tuote\/paiva-pelastettu-muki\/","title":{"rendered":"P\u00e4iv\u00e4 pelastettu &#8211; muki"},"content":{"rendered":"<p>Aloita aamu kupposella juomaa uudesta lempimukistasi! Mukeissa seikkailee aaseja mehevien iskulauseiden kera. N\u00e4ist\u00e4 ihanista mukeista sopii juoda aamukahvit itse, tarjota kaverille kupposellinen tai rauhoittua iltateen \u00e4\u00e4reen. Muki sopii hienosti my\u00f6s lahjaksi ja huumorin yst\u00e4ville l\u00f6ytyy hauskoja iskulauseita mukin kyljest\u00e4.<\/p>\n<p>&#8211; Mukin tilavuus 3,25 dl<\/p>\n<p>&#8211; Kaunis kiilt\u00e4v\u00e4 pinnoite<\/p>\n<p>&#8211; Mikroaaltouunin ja pesukoneen kest\u00e4v\u00e4 keraaminen muki<\/p>\n<p>&#8211; V\u00e4rivaihtoehtoina valkoinen, musta, sininen, keltainen ja vaaleanpunainen (kahvan ja sis\u00e4osan v\u00e4ri).<\/p>\n<p>HUOM! Tuotteet tilataan tilauskohtaisesti painatusyritykselt\u00e4, jos niit\u00e4 ei ole varastossa valmiina ja sielt\u00e4 ne toimitetaan suoraan ostajalle. Painatus tehd\u00e4\u00e4n Suomessa \u00c4\u00e4nekoskella Kaiffarin painopajassa.<\/p>\n","protected":false},"excerpt":{"rendered":"<p>Aloita aamu kupposella juomaa uudesta lempimukistasi! Mukeissa seikkailee aaseja mehevien iskulauseiden kera. N\u00e4ist\u00e4 ihanista mukeista sopii juoda aamukahvit itse, tarjota kaverille kupposellinen tai rauhoittua iltateen \u00e4\u00e4reen. Muki sopii hienosti my\u00f6s lahjaksi ja huumorin yst\u00e4ville l\u00f6ytyy hauskoja iskulauseita mukin kyljest\u00e4.<\/p>\n<p>Kuvana suloinen Bella-varsa ja tekstin\u00e4 &#8221;Yksi aasi, yksi kahvi ja p\u00e4iv\u00e4 on pelastettu!&#8221;<\/p>\n","protected":false},"featured_media":2873,"comment_status":"open","ping_status":"closed","template":"","meta":[],"product_brand":[],"product_cat":[56],"product_tag":[63,62,60,59,61],"class_list":{"0":"post-2923","1":"product","2":"type-product","3":"status-publish","4":"has-post-thumbnail","6":"product_cat-mukit","7":"product_tag-aasimuki","8":"product_tag-huumorimuki","9":"product_tag-kahvimuki","10":"product_tag-muki","11":"product_tag-teemuki","12":"wcpa_has_options","14":"first","15":"instock","16":"taxable","17":"shipping-taxable","18":"purchasable","19":"product-type-simple"},"yoast_head":"<!-- This site is optimized with the Yoast SEO plugin v27.5 - https:\/\/yoast.com\/product\/yoast-seo-wordpress\/ -->\n<title>P\u00e4iv\u00e4 pelastettu - muki - SatuAasin talli<\/title>\n<meta name=\"description\" content=\"Aloita aamu kupposella juomaa uudesta lempimukistasi! Mukeissa seikkailee aaseja, my\u00f6s mehevien iskulauseiden kera. Itselle ja kaverille uusi lempimuki!\" \/>\n<meta name=\"robots\" content=\"index, follow, max-snippet:-1, max-image-preview:large, max-video-preview:-1\" \/>\n<link rel=\"canonical\" href=\"https:\/\/satuaasintalli.fi\/index.php\/tuote\/paiva-pelastettu-muki\/\" \/>\n<meta property=\"og:locale\" content=\"fi_FI\" \/>\n<meta property=\"og:type\" content=\"article\" \/>\n<meta property=\"og:title\" content=\"P\u00e4iv\u00e4 pelastettu - muki - SatuAasin talli\" \/>\n<meta property=\"og:description\" content=\"Aloita aamu kupposella juomaa uudesta lempimukistasi! Mukeissa seikkailee aaseja, my\u00f6s mehevien iskulauseiden kera. Itselle ja kaverille uusi lempimuki!\" \/>\n<meta property=\"og:url\" content=\"https:\/\/satuaasintalli.fi\/index.php\/tuote\/paiva-pelastettu-muki\/\" \/>\n<meta property=\"og:site_name\" content=\"SatuAasin talli\" \/>\n<meta property=\"article:publisher\" content=\"https:\/\/www.facebook.com\/hevostoimintavalkas\/\" \/>\n<meta property=\"article:modified_time\" content=\"2025-02-25T06:30:43+00:00\" \/>\n<meta property=\"og:image\" content=\"https:\/\/satuaasintalli.fi\/wp-content\/uploads\/2025\/02\/Muki-paiva-pelastettu.png\" \/>\n\t<meta property=\"og:image:width\" content=\"800\" \/>\n\t<meta property=\"og:image:height\" content=\"800\" \/>\n\t<meta property=\"og:image:type\" content=\"image\/png\" \/>\n<meta name=\"twitter:card\" content=\"summary_large_image\" \/>\n<meta name=\"twitter:label1\" content=\"Arvioitu lukuaika\" \/>\n\t<meta name=\"twitter:data1\" content=\"1 minuutti\" \/>\n<script type=\"application\/ld+json\" class=\"yoast-schema-graph\">{\"@context\":\"https:\\\/\\\/schema.org\",\"@graph\":[{\"@type\":\"WebPage\",\"@id\":\"https:\\\/\\\/satuaasintalli.fi\\\/index.php\\\/tuote\\\/paiva-pelastettu-muki\\\/\",\"url\":\"https:\\\/\\\/satuaasintalli.fi\\\/index.php\\\/tuote\\\/paiva-pelastettu-muki\\\/\",\"name\":\"P\u00e4iv\u00e4 pelastettu - muki - SatuAasin talli\",\"isPartOf\":{\"@id\":\"https:\\\/\\\/satuaasintalli.fi\\\/#website\"},\"primaryImageOfPage\":{\"@id\":\"https:\\\/\\\/satuaasintalli.fi\\\/index.php\\\/tuote\\\/paiva-pelastettu-muki\\\/#primaryimage\"},\"image\":{\"@id\":\"https:\\\/\\\/satuaasintalli.fi\\\/index.php\\\/tuote\\\/paiva-pelastettu-muki\\\/#primaryimage\"},\"thumbnailUrl\":\"https:\\\/\\\/satuaasintalli.fi\\\/wp-content\\\/uploads\\\/2025\\\/02\\\/Muki-paiva-pelastettu.png\",\"datePublished\":\"2025-02-25T06:29:03+00:00\",\"dateModified\":\"2025-02-25T06:30:43+00:00\",\"description\":\"Aloita aamu kupposella juomaa uudesta lempimukistasi! Mukeissa seikkailee aaseja, my\u00f6s mehevien iskulauseiden kera. Itselle ja kaverille uusi lempimuki!\",\"breadcrumb\":{\"@id\":\"https:\\\/\\\/satuaasintalli.fi\\\/index.php\\\/tuote\\\/paiva-pelastettu-muki\\\/#breadcrumb\"},\"inLanguage\":\"fi\",\"potentialAction\":[{\"@type\":\"ReadAction\",\"target\":[\"https:\\\/\\\/satuaasintalli.fi\\\/index.php\\\/tuote\\\/paiva-pelastettu-muki\\\/\"]}]},{\"@type\":\"ImageObject\",\"inLanguage\":\"fi\",\"@id\":\"https:\\\/\\\/satuaasintalli.fi\\\/index.php\\\/tuote\\\/paiva-pelastettu-muki\\\/#primaryimage\",\"url\":\"https:\\\/\\\/satuaasintalli.fi\\\/wp-content\\\/uploads\\\/2025\\\/02\\\/Muki-paiva-pelastettu.png\",\"contentUrl\":\"https:\\\/\\\/satuaasintalli.fi\\\/wp-content\\\/uploads\\\/2025\\\/02\\\/Muki-paiva-pelastettu.png\",\"width\":800,\"height\":800},{\"@type\":\"BreadcrumbList\",\"@id\":\"https:\\\/\\\/satuaasintalli.fi\\\/index.php\\\/tuote\\\/paiva-pelastettu-muki\\\/#breadcrumb\",\"itemListElement\":[{\"@type\":\"ListItem\",\"position\":1,\"name\":\"Home\",\"item\":\"https:\\\/\\\/satuaasintalli.fi\\\/\"},{\"@type\":\"ListItem\",\"position\":2,\"name\":\"Tervetuloa SatuAasien kauppaan!\",\"item\":\"https:\\\/\\\/satuaasintalli.fi\\\/index.php\\\/kauppa\\\/\"},{\"@type\":\"ListItem\",\"position\":3,\"name\":\"P\u00e4iv\u00e4 pelastettu &#8211; muki\"}]},{\"@type\":\"WebSite\",\"@id\":\"https:\\\/\\\/satuaasintalli.fi\\\/#website\",\"url\":\"https:\\\/\\\/satuaasintalli.fi\\\/\",\"name\":\"SatuAasin talli\",\"description\":\"SatuAasin tallin kotisivut ja verkkokauppa\",\"publisher\":{\"@id\":\"https:\\\/\\\/satuaasintalli.fi\\\/#organization\"},\"potentialAction\":[{\"@type\":\"SearchAction\",\"target\":{\"@type\":\"EntryPoint\",\"urlTemplate\":\"https:\\\/\\\/satuaasintalli.fi\\\/?s={search_term_string}\"},\"query-input\":{\"@type\":\"PropertyValueSpecification\",\"valueRequired\":true,\"valueName\":\"search_term_string\"}}],\"inLanguage\":\"fi\"},{\"@type\":\"Organization\",\"@id\":\"https:\\\/\\\/satuaasintalli.fi\\\/#organization\",\"name\":\"SatuAasin talli\",\"url\":\"https:\\\/\\\/satuaasintalli.fi\\\/\",\"logo\":{\"@type\":\"ImageObject\",\"inLanguage\":\"fi\",\"@id\":\"https:\\\/\\\/satuaasintalli.fi\\\/#\\\/schema\\\/logo\\\/image\\\/\",\"url\":\"https:\\\/\\\/satuaasintalli.fi\\\/wp-content\\\/uploads\\\/2022\\\/03\\\/SatuAasin-talli-logo.png\",\"contentUrl\":\"https:\\\/\\\/satuaasintalli.fi\\\/wp-content\\\/uploads\\\/2022\\\/03\\\/SatuAasin-talli-logo.png\",\"width\":500,\"height\":523,\"caption\":\"SatuAasin talli\"},\"image\":{\"@id\":\"https:\\\/\\\/satuaasintalli.fi\\\/#\\\/schema\\\/logo\\\/image\\\/\"},\"sameAs\":[\"https:\\\/\\\/www.facebook.com\\\/hevostoimintavalkas\\\/\",\"https:\\\/\\\/www.instagram.com\\\/satuaasintalli\\\/?hl=fi\"]}]}<\/script>\n<!-- \/ Yoast SEO plugin. -->","yoast_head_json":{"title":"P\u00e4iv\u00e4 pelastettu - muki - SatuAasin talli","description":"Aloita aamu kupposella juomaa uudesta lempimukistasi! Mukeissa seikkailee aaseja, my\u00f6s mehevien iskulauseiden kera. Itselle ja kaverille uusi lempimuki!","robots":{"index":"index","follow":"follow","max-snippet":"max-snippet:-1","max-image-preview":"max-image-preview:large","max-video-preview":"max-video-preview:-1"},"canonical":"https:\/\/satuaasintalli.fi\/index.php\/tuote\/paiva-pelastettu-muki\/","og_locale":"fi_FI","og_type":"article","og_title":"P\u00e4iv\u00e4 pelastettu - muki - SatuAasin talli","og_description":"Aloita aamu kupposella juomaa uudesta lempimukistasi! Mukeissa seikkailee aaseja, my\u00f6s mehevien iskulauseiden kera. Itselle ja kaverille uusi lempimuki!","og_url":"https:\/\/satuaasintalli.fi\/index.php\/tuote\/paiva-pelastettu-muki\/","og_site_name":"SatuAasin talli","article_publisher":"https:\/\/www.facebook.com\/hevostoimintavalkas\/","article_modified_time":"2025-02-25T06:30:43+00:00","og_image":[{"width":800,"height":800,"url":"https:\/\/satuaasintalli.fi\/wp-content\/uploads\/2025\/02\/Muki-paiva-pelastettu.png","type":"image\/png"}],"twitter_card":"summary_large_image","twitter_misc":{"Arvioitu lukuaika":"1 minuutti"},"schema":{"@context":"https:\/\/schema.org","@graph":[{"@type":"WebPage","@id":"https:\/\/satuaasintalli.fi\/index.php\/tuote\/paiva-pelastettu-muki\/","url":"https:\/\/satuaasintalli.fi\/index.php\/tuote\/paiva-pelastettu-muki\/","name":"P\u00e4iv\u00e4 pelastettu - muki - SatuAasin talli","isPartOf":{"@id":"https:\/\/satuaasintalli.fi\/#website"},"primaryImageOfPage":{"@id":"https:\/\/satuaasintalli.fi\/index.php\/tuote\/paiva-pelastettu-muki\/#primaryimage"},"image":{"@id":"https:\/\/satuaasintalli.fi\/index.php\/tuote\/paiva-pelastettu-muki\/#primaryimage"},"thumbnailUrl":"https:\/\/satuaasintalli.fi\/wp-content\/uploads\/2025\/02\/Muki-paiva-pelastettu.png","datePublished":"2025-02-25T06:29:03+00:00","dateModified":"2025-02-25T06:30:43+00:00","description":"Aloita aamu kupposella juomaa uudesta lempimukistasi! Mukeissa seikkailee aaseja, my\u00f6s mehevien iskulauseiden kera. Itselle ja kaverille uusi lempimuki!","breadcrumb":{"@id":"https:\/\/satuaasintalli.fi\/index.php\/tuote\/paiva-pelastettu-muki\/#breadcrumb"},"inLanguage":"fi","potentialAction":[{"@type":"ReadAction","target":["https:\/\/satuaasintalli.fi\/index.php\/tuote\/paiva-pelastettu-muki\/"]}]},{"@type":"ImageObject","inLanguage":"fi","@id":"https:\/\/satuaasintalli.fi\/index.php\/tuote\/paiva-pelastettu-muki\/#primaryimage","url":"https:\/\/satuaasintalli.fi\/wp-content\/uploads\/2025\/02\/Muki-paiva-pelastettu.png","contentUrl":"https:\/\/satuaasintalli.fi\/wp-content\/uploads\/2025\/02\/Muki-paiva-pelastettu.png","width":800,"height":800},{"@type":"BreadcrumbList","@id":"https:\/\/satuaasintalli.fi\/index.php\/tuote\/paiva-pelastettu-muki\/#breadcrumb","itemListElement":[{"@type":"ListItem","position":1,"name":"Home","item":"https:\/\/satuaasintalli.fi\/"},{"@type":"ListItem","position":2,"name":"Tervetuloa SatuAasien kauppaan!","item":"https:\/\/satuaasintalli.fi\/index.php\/kauppa\/"},{"@type":"ListItem","position":3,"name":"P\u00e4iv\u00e4 pelastettu &#8211; muki"}]},{"@type":"WebSite","@id":"https:\/\/satuaasintalli.fi\/#website","url":"https:\/\/satuaasintalli.fi\/","name":"SatuAasin talli","description":"SatuAasin tallin kotisivut ja verkkokauppa","publisher":{"@id":"https:\/\/satuaasintalli.fi\/#organization"},"potentialAction":[{"@type":"SearchAction","target":{"@type":"EntryPoint","urlTemplate":"https:\/\/satuaasintalli.fi\/?s={search_term_string}"},"query-input":{"@type":"PropertyValueSpecification","valueRequired":true,"valueName":"search_term_string"}}],"inLanguage":"fi"},{"@type":"Organization","@id":"https:\/\/satuaasintalli.fi\/#organization","name":"SatuAasin talli","url":"https:\/\/satuaasintalli.fi\/","logo":{"@type":"ImageObject","inLanguage":"fi","@id":"https:\/\/satuaasintalli.fi\/#\/schema\/logo\/image\/","url":"https:\/\/satuaasintalli.fi\/wp-content\/uploads\/2022\/03\/SatuAasin-talli-logo.png","contentUrl":"https:\/\/satuaasintalli.fi\/wp-content\/uploads\/2022\/03\/SatuAasin-talli-logo.png","width":500,"height":523,"caption":"SatuAasin talli"},"image":{"@id":"https:\/\/satuaasintalli.fi\/#\/schema\/logo\/image\/"},"sameAs":["https:\/\/www.facebook.com\/hevostoimintavalkas\/","https:\/\/www.instagram.com\/satuaasintalli\/?hl=fi"]}]}},"wcpa_form_fields":{"wcpaData":{"product":{"product_price":16,"price_html":"<span class=\"woocommerce-Price-amount amount\"><bdi>16,00&nbsp;<span class=\"woocommerce-Price-currencySymbol\">&euro;<\/span><\/bdi><\/span>","original_product_price":16,"price_including_tax":16,"price_excluding_tax":12.7490039999999993369783624075353145599365234375,"product_id":{"parent":2923,"variation":false},"is_variable":false,"stock_status":"instock","stock_quantity":null,"parent_sku":"","product_attributes":{"vari":{"is_variation":false,"values":["V\u00e4rivaihtoehtoina valkoinen, musta, sininen, keltainen ja vaaleanpunainen (kahvan ja sis\u00e4osan v\u00e4ri)"]},"koko":{"is_variation":false,"values":["Mukin tilavuus 3,25 dl"]},"pesuohjeet":{"is_variation":false,"values":["Mikroaaltouunin ja pesukoneen kest\u00e4v\u00e4 keraaminen muki"]}},"custom_fields":[],"is_taxable":true,"product_name":"P\u00e4iv\u00e4 pelastettu - muki","hasImage":false},"fields":{"sec_167bcd6fe45aa0":{"extra":{"key":"sec_167bcd6fe45aa0","section_id":"sec_167bcd6fe45aa0","name":"Default","status":1,"cl_rule":"show","enableCl":false,"relations":[],"toggle":true,"title_tag":"h3","show_title":false,"showPrice":"default","form_id":2915,"form_rules":{"exclude_from_discount":false,"fee_label":"","disp_hide_options_price":false,"disp_show_section_price":false,"disp_show_field_price":true,"layout_option":"standard","pric_use_as_fee":false,"process_fee_as":"woo_fee"},"layout_option":"standard"},"fields":[[{"active":true,"col":6,"relations":false,"cl_rule":"show","enableCl":false,"price":"","enablePrice":false,"className":"","label_position":"default","desc_position":"default","type":"color-group","required":true,"elementId":"color_group_4095812731","label":"Valitse mukin v\u00e4ri (sis\u00e4osa ja kahva)","name":"color_group_4095812731","disp_type":"squircle","values":[{"label":"Valkoinen","value":"Option - 1","selected":false,"color":"#f4f5f9","tempId":"aco_3434","gt_translate_keys":["label"]},{"label":"Musta","value":"Option - 2","selected":false,"color":"#121213","tempId":"aco_3435","gt_translate_keys":["label"]},{"label":"Sininen","value":"Option - 3","selected":false,"color":"#4a90e2","tempId":"aco_3436","gt_translate_keys":["label"]},{"label":"Keltainen","value":"Option - 4","selected":false,"color":"#ebeb0c","tempId":"aco_4067","gt_translate_keys":["label"]},{"label":"Vaaleanpunainen","value":"Option - 5","selected":false,"color":"#fc6aa7","tempId":"aco_4418","gt_translate_keys":["label"]}],"selection_type":"tick","error":false,"layOut":"col-3","gt_translate_keys":["label"],"price_dependency":false,"cl_dependency":false,"value":""}]]}},"config":{"price_override":"","enable_recaptcha":false,"bind_quantity":false,"quantity_bind_formula":false,"disp_summ_show_option_price":true,"disp_summ_show_product_price":true,"disp_summ_show_total_price":true,"disp_summ_show_fee":false,"disp_summ_show_discount":false,"summary_title":"","options_total_label":"Lis\u00e4valinnat","total_label":"Yhteens\u00e4","options_product_label":"Tuotteen hinta","fee_label":"","discount_label":"Alennus","has_price":true,"has_quantity_formula":false},"mc_unit":1,"tax_rate":1,"tax_rate_real":0.25500000000000000444089209850062616169452667236328125,"discount":{"percentage":0,"fixed":0},"design":{"conf":{"LabelPosition":"above","DescPosition":"above","UploadField":"custom_1","QuantityFieldStyle":"default"},"css":{"LeftLabelWidth":"100px"}},"formulas":[],"lookuptables":[],"clones":false,"cartKey":false}},"_links":{"self":[{"href":"https:\/\/satuaasintalli.fi\/index.php\/wp-json\/wp\/v2\/product\/2923","targetHints":{"allow":["GET"]}}],"collection":[{"href":"https:\/\/satuaasintalli.fi\/index.php\/wp-json\/wp\/v2\/product"}],"about":[{"href":"https:\/\/satuaasintalli.fi\/index.php\/wp-json\/wp\/v2\/types\/product"}],"replies":[{"embeddable":true,"href":"https:\/\/satuaasintalli.fi\/index.php\/wp-json\/wp\/v2\/comments?post=2923"}],"version-history":[{"count":1,"href":"https:\/\/satuaasintalli.fi\/index.php\/wp-json\/wp\/v2\/product\/2923\/revisions"}],"predecessor-version":[{"id":2924,"href":"https:\/\/satuaasintalli.fi\/index.php\/wp-json\/wp\/v2\/product\/2923\/revisions\/2924"}],"wp:featuredmedia":[{"embeddable":true,"href":"https:\/\/satuaasintalli.fi\/index.php\/wp-json\/wp\/v2\/media\/2873"}],"wp:attachment":[{"href":"https:\/\/satuaasintalli.fi\/index.php\/wp-json\/wp\/v2\/media?parent=2923"}],"wp:term":[{"taxonomy":"product_brand","embeddable":true,"href":"https:\/\/satuaasintalli.fi\/index.php\/wp-json\/wp\/v2\/product_brand?post=2923"},{"taxonomy":"product_cat","embeddable":true,"href":"https:\/\/satuaasintalli.fi\/index.php\/wp-json\/wp\/v2\/product_cat?post=2923"},{"taxonomy":"product_tag","embeddable":true,"href":"https:\/\/satuaasintalli.fi\/index.php\/wp-json\/wp\/v2\/product_tag?post=2923"}],"curies":[{"name":"wp","href":"https:\/\/api.w.org\/{rel}","templated":true}]}}