{"id":2814,"date":"2025-02-21T05:06:55","date_gmt":"2025-02-21T05:06:55","guid":{"rendered":"https:\/\/satuaasintalli.fi\/?post_type=product&#038;p=2814"},"modified":"2025-08-12T10:52:37","modified_gmt":"2025-08-12T08:52:37","slug":"perheiden-paivaleirit","status":"publish","type":"product","link":"https:\/\/satuaasintalli.fi\/index.php\/tuote\/perheiden-paivaleirit\/","title":{"rendered":"Perheiden p\u00e4iv\u00e4leirit"},"content":{"rendered":"<p><strong>Syyslomalla perheleirille aasitallille!<\/strong><\/p>\n<p class=\"cvGsUA direction-ltr align-start para-style-body\"><span class=\"OYPEnA font-feature-liga-off font-feature-clig-off font-feature-calt-off text-decoration-none text-strikethrough-none\">Perheiden p\u00e4iv\u00e4leiri sopii lapsille (7-13 v.) ja perheille, jotka pit\u00e4v\u00e4t el\u00e4imist\u00e4 ja ulkoilusta. Leirille osallistutaan vanhemman\/isovanhemman\/muun tutun aikuisen kanssa. Leirin aikana mm. tutustutaan tallin aaseihin, kokeillaan aasiagilitya, menn\u00e4\u00e4n mets\u00e4retkelle, askarrellaan ja opitaan yhteisty\u00f6taitoja sek\u00e4 ihmisten ett\u00e4 aasien kanssa.<\/span><\/p>\n<p class=\"cvGsUA direction-ltr align-start para-style-body\"><span class=\"OYPEnA font-feature-liga-off font-feature-clig-off font-feature-calt-off text-decoration-none text-strikethrough-none\">Lounas sy\u00f6d\u00e4\u00e4n mets\u00e4ss\u00e4\/latokahvilassa ja osallistujat tuovat mukanaan omat retkiev\u00e4\u00e4t. Leirille otetaan 4-6 lapsi-vanhempiparia. Aiempaa kokemusta aaseista tai hevosista ei tarvita. S\u00e4\u00e4nmukainen ja likaakin siet\u00e4v\u00e4 ulkoiluvaatetus ja oma juomapullo mukaan.<\/span><\/p>\n<p class=\"cvGsUA direction-ltr align-start para-style-body\"><span class=\"OYPEnA font-feature-liga-off font-feature-clig-off font-feature-calt-off text-decoration-none text-strikethrough-none\">Ohjaajana leireill\u00e4 toimii Satu Valkas, jolla on vuosien kokemus el\u00e4in- ja luontoavusteisesta ty\u00f6skentelyst\u00e4 (psykologi, el\u00e4inavusteinen neuropsykiatrinen valmentaja, sosiaalipedagoginen hevostoimintaohjaaja).<\/span><\/p>\n<p>Osalla aasiaktiviteeteista on s\u00e4\u00e4varaus ja j\u00e4rjest\u00e4j\u00e4 pid\u00e4tt\u00e4\u00e4 oikeuden huonon kelin (vesisateen) sattuessa muokata ohjelmaa siten, ett\u00e4 kuivuudesta pit\u00e4vien aasien ei tarvitse kastua.<\/p>\n","protected":false},"excerpt":{"rendered":"<p><strong>Syyslomalla perheleirille aasitallille!<\/strong><\/p>\n<p>&nbsp;<\/p>\n<p><span class=\"OYPEnA font-feature-liga-off font-feature-clig-off font-feature-calt-off text-decoration-none text-strikethrough-none\">Perheiden p\u00e4iv\u00e4leiri sopii lapsille (7-13 v.) ja perheille, jotka pit\u00e4v\u00e4t el\u00e4imist\u00e4 ja ulkoilusta. Leirille osallistutaan vanhemman\/isovanhemman\/muun tutun aikuisen kanssa. Leirin aikana mm. tutustutaan tallin aaseihin, kokeillaan aasiagilitya, menn\u00e4\u00e4n mets\u00e4retkelle, askarrellaan ja opitaan yhteisty\u00f6taitoja sek\u00e4 ihmisten ett\u00e4 aasien kanssa. Lounas sy\u00f6d\u00e4\u00e4n mets\u00e4ss\u00e4\/latokahvilassa ja osallistujat tuovat mukanaan omat retkiev\u00e4\u00e4t.<\/span><\/p>\n<p>&nbsp;<\/p>\n","protected":false},"featured_media":2824,"comment_status":"open","ping_status":"closed","template":"","meta":[],"product_brand":[],"product_cat":[24],"product_tag":[55,52,53,54],"class_list":{"0":"post-2814","1":"product","2":"type-product","3":"status-publish","4":"has-post-thumbnail","6":"product_cat-aasiaktiviteetit","7":"product_tag-elainleiri","8":"product_tag-leiri","9":"product_tag-paivaleiri","10":"product_tag-perheleiri","11":"wcpa_has_options","13":"first","14":"instock","15":"virtual","16":"taxable","17":"purchasable","18":"product-type-simple"},"yoast_head":"<!-- This site is optimized with the Yoast SEO plugin v27.4 - https:\/\/yoast.com\/product\/yoast-seo-wordpress\/ -->\n<title>Perheiden p\u00e4iv\u00e4leirit - SatuAasin talli<\/title>\n<meta name=\"description\" content=\"Perheiden p\u00e4iv\u00e4leiri sopii 7-13 -vuotiaille lapsille ja perheille, jotka pit\u00e4v\u00e4t el\u00e4imist\u00e4 ja ulkoilusta. Leirille osallistutaan oman tutun aikuisen kanssa.\" \/>\n<meta name=\"robots\" content=\"index, follow, max-snippet:-1, max-image-preview:large, max-video-preview:-1\" \/>\n<link rel=\"canonical\" href=\"https:\/\/satuaasintalli.fi\/index.php\/tuote\/perheiden-paivaleirit\/\" \/>\n<meta property=\"og:locale\" content=\"fi_FI\" \/>\n<meta property=\"og:type\" content=\"article\" \/>\n<meta property=\"og:title\" content=\"Perheiden p\u00e4iv\u00e4leirit - SatuAasin talli\" \/>\n<meta property=\"og:description\" content=\"Perheiden p\u00e4iv\u00e4leiri sopii 7-13 -vuotiaille lapsille ja perheille, jotka pit\u00e4v\u00e4t el\u00e4imist\u00e4 ja ulkoilusta. Leirille osallistutaan oman tutun aikuisen kanssa.\" \/>\n<meta property=\"og:url\" content=\"https:\/\/satuaasintalli.fi\/index.php\/tuote\/perheiden-paivaleirit\/\" \/>\n<meta property=\"og:site_name\" content=\"SatuAasin talli\" \/>\n<meta property=\"article:publisher\" content=\"https:\/\/www.facebook.com\/hevostoimintavalkas\/\" \/>\n<meta property=\"article:modified_time\" content=\"2025-08-12T08:52:37+00:00\" \/>\n<meta property=\"og:image\" content=\"https:\/\/satuaasintalli.fi\/wp-content\/uploads\/2025\/02\/241018_10_WEB-1024x683.jpg\" \/>\n\t<meta property=\"og:image:width\" content=\"1024\" \/>\n\t<meta property=\"og:image:height\" content=\"683\" \/>\n\t<meta property=\"og:image:type\" content=\"image\/jpeg\" \/>\n<meta name=\"twitter:card\" content=\"summary_large_image\" \/>\n<meta name=\"twitter:label1\" content=\"Arvioitu lukuaika\" \/>\n\t<meta name=\"twitter:data1\" content=\"1 minuutti\" \/>\n<script type=\"application\/ld+json\" class=\"yoast-schema-graph\">{\"@context\":\"https:\\\/\\\/schema.org\",\"@graph\":[{\"@type\":\"WebPage\",\"@id\":\"https:\\\/\\\/satuaasintalli.fi\\\/index.php\\\/tuote\\\/perheiden-paivaleirit\\\/\",\"url\":\"https:\\\/\\\/satuaasintalli.fi\\\/index.php\\\/tuote\\\/perheiden-paivaleirit\\\/\",\"name\":\"Perheiden p\u00e4iv\u00e4leirit - SatuAasin talli\",\"isPartOf\":{\"@id\":\"https:\\\/\\\/satuaasintalli.fi\\\/#website\"},\"primaryImageOfPage\":{\"@id\":\"https:\\\/\\\/satuaasintalli.fi\\\/index.php\\\/tuote\\\/perheiden-paivaleirit\\\/#primaryimage\"},\"image\":{\"@id\":\"https:\\\/\\\/satuaasintalli.fi\\\/index.php\\\/tuote\\\/perheiden-paivaleirit\\\/#primaryimage\"},\"thumbnailUrl\":\"https:\\\/\\\/satuaasintalli.fi\\\/wp-content\\\/uploads\\\/2025\\\/02\\\/241018_10_WEB.jpg\",\"datePublished\":\"2025-02-21T05:06:55+00:00\",\"dateModified\":\"2025-08-12T08:52:37+00:00\",\"description\":\"Perheiden p\u00e4iv\u00e4leiri sopii 7-13 -vuotiaille lapsille ja perheille, jotka pit\u00e4v\u00e4t el\u00e4imist\u00e4 ja ulkoilusta. Leirille osallistutaan oman tutun aikuisen kanssa.\",\"breadcrumb\":{\"@id\":\"https:\\\/\\\/satuaasintalli.fi\\\/index.php\\\/tuote\\\/perheiden-paivaleirit\\\/#breadcrumb\"},\"inLanguage\":\"fi\",\"potentialAction\":[{\"@type\":\"ReadAction\",\"target\":[\"https:\\\/\\\/satuaasintalli.fi\\\/index.php\\\/tuote\\\/perheiden-paivaleirit\\\/\"]}]},{\"@type\":\"ImageObject\",\"inLanguage\":\"fi\",\"@id\":\"https:\\\/\\\/satuaasintalli.fi\\\/index.php\\\/tuote\\\/perheiden-paivaleirit\\\/#primaryimage\",\"url\":\"https:\\\/\\\/satuaasintalli.fi\\\/wp-content\\\/uploads\\\/2025\\\/02\\\/241018_10_WEB.jpg\",\"contentUrl\":\"https:\\\/\\\/satuaasintalli.fi\\\/wp-content\\\/uploads\\\/2025\\\/02\\\/241018_10_WEB.jpg\",\"width\":2048,\"height\":1365,\"caption\":\"Iloisesti hymyilev\u00e4 perhe miniaasin seurassa\"},{\"@type\":\"BreadcrumbList\",\"@id\":\"https:\\\/\\\/satuaasintalli.fi\\\/index.php\\\/tuote\\\/perheiden-paivaleirit\\\/#breadcrumb\",\"itemListElement\":[{\"@type\":\"ListItem\",\"position\":1,\"name\":\"Home\",\"item\":\"https:\\\/\\\/satuaasintalli.fi\\\/\"},{\"@type\":\"ListItem\",\"position\":2,\"name\":\"Tervetuloa SatuAasien kauppaan!\",\"item\":\"https:\\\/\\\/satuaasintalli.fi\\\/index.php\\\/kauppa\\\/\"},{\"@type\":\"ListItem\",\"position\":3,\"name\":\"Perheiden p\u00e4iv\u00e4leirit\"}]},{\"@type\":\"WebSite\",\"@id\":\"https:\\\/\\\/satuaasintalli.fi\\\/#website\",\"url\":\"https:\\\/\\\/satuaasintalli.fi\\\/\",\"name\":\"SatuAasin talli\",\"description\":\"SatuAasin tallin kotisivut ja verkkokauppa\",\"publisher\":{\"@id\":\"https:\\\/\\\/satuaasintalli.fi\\\/#organization\"},\"potentialAction\":[{\"@type\":\"SearchAction\",\"target\":{\"@type\":\"EntryPoint\",\"urlTemplate\":\"https:\\\/\\\/satuaasintalli.fi\\\/?s={search_term_string}\"},\"query-input\":{\"@type\":\"PropertyValueSpecification\",\"valueRequired\":true,\"valueName\":\"search_term_string\"}}],\"inLanguage\":\"fi\"},{\"@type\":\"Organization\",\"@id\":\"https:\\\/\\\/satuaasintalli.fi\\\/#organization\",\"name\":\"SatuAasin talli\",\"url\":\"https:\\\/\\\/satuaasintalli.fi\\\/\",\"logo\":{\"@type\":\"ImageObject\",\"inLanguage\":\"fi\",\"@id\":\"https:\\\/\\\/satuaasintalli.fi\\\/#\\\/schema\\\/logo\\\/image\\\/\",\"url\":\"https:\\\/\\\/satuaasintalli.fi\\\/wp-content\\\/uploads\\\/2022\\\/03\\\/SatuAasin-talli-logo.png\",\"contentUrl\":\"https:\\\/\\\/satuaasintalli.fi\\\/wp-content\\\/uploads\\\/2022\\\/03\\\/SatuAasin-talli-logo.png\",\"width\":500,\"height\":523,\"caption\":\"SatuAasin talli\"},\"image\":{\"@id\":\"https:\\\/\\\/satuaasintalli.fi\\\/#\\\/schema\\\/logo\\\/image\\\/\"},\"sameAs\":[\"https:\\\/\\\/www.facebook.com\\\/hevostoimintavalkas\\\/\",\"https:\\\/\\\/www.instagram.com\\\/satuaasintalli\\\/?hl=fi\"]}]}<\/script>\n<!-- \/ Yoast SEO plugin. -->","yoast_head_json":{"title":"Perheiden p\u00e4iv\u00e4leirit - SatuAasin talli","description":"Perheiden p\u00e4iv\u00e4leiri sopii 7-13 -vuotiaille lapsille ja perheille, jotka pit\u00e4v\u00e4t el\u00e4imist\u00e4 ja ulkoilusta. Leirille osallistutaan oman tutun aikuisen kanssa.","robots":{"index":"index","follow":"follow","max-snippet":"max-snippet:-1","max-image-preview":"max-image-preview:large","max-video-preview":"max-video-preview:-1"},"canonical":"https:\/\/satuaasintalli.fi\/index.php\/tuote\/perheiden-paivaleirit\/","og_locale":"fi_FI","og_type":"article","og_title":"Perheiden p\u00e4iv\u00e4leirit - SatuAasin talli","og_description":"Perheiden p\u00e4iv\u00e4leiri sopii 7-13 -vuotiaille lapsille ja perheille, jotka pit\u00e4v\u00e4t el\u00e4imist\u00e4 ja ulkoilusta. Leirille osallistutaan oman tutun aikuisen kanssa.","og_url":"https:\/\/satuaasintalli.fi\/index.php\/tuote\/perheiden-paivaleirit\/","og_site_name":"SatuAasin talli","article_publisher":"https:\/\/www.facebook.com\/hevostoimintavalkas\/","article_modified_time":"2025-08-12T08:52:37+00:00","og_image":[{"width":1024,"height":683,"url":"https:\/\/satuaasintalli.fi\/wp-content\/uploads\/2025\/02\/241018_10_WEB-1024x683.jpg","type":"image\/jpeg"}],"twitter_card":"summary_large_image","twitter_misc":{"Arvioitu lukuaika":"1 minuutti"},"schema":{"@context":"https:\/\/schema.org","@graph":[{"@type":"WebPage","@id":"https:\/\/satuaasintalli.fi\/index.php\/tuote\/perheiden-paivaleirit\/","url":"https:\/\/satuaasintalli.fi\/index.php\/tuote\/perheiden-paivaleirit\/","name":"Perheiden p\u00e4iv\u00e4leirit - SatuAasin talli","isPartOf":{"@id":"https:\/\/satuaasintalli.fi\/#website"},"primaryImageOfPage":{"@id":"https:\/\/satuaasintalli.fi\/index.php\/tuote\/perheiden-paivaleirit\/#primaryimage"},"image":{"@id":"https:\/\/satuaasintalli.fi\/index.php\/tuote\/perheiden-paivaleirit\/#primaryimage"},"thumbnailUrl":"https:\/\/satuaasintalli.fi\/wp-content\/uploads\/2025\/02\/241018_10_WEB.jpg","datePublished":"2025-02-21T05:06:55+00:00","dateModified":"2025-08-12T08:52:37+00:00","description":"Perheiden p\u00e4iv\u00e4leiri sopii 7-13 -vuotiaille lapsille ja perheille, jotka pit\u00e4v\u00e4t el\u00e4imist\u00e4 ja ulkoilusta. Leirille osallistutaan oman tutun aikuisen kanssa.","breadcrumb":{"@id":"https:\/\/satuaasintalli.fi\/index.php\/tuote\/perheiden-paivaleirit\/#breadcrumb"},"inLanguage":"fi","potentialAction":[{"@type":"ReadAction","target":["https:\/\/satuaasintalli.fi\/index.php\/tuote\/perheiden-paivaleirit\/"]}]},{"@type":"ImageObject","inLanguage":"fi","@id":"https:\/\/satuaasintalli.fi\/index.php\/tuote\/perheiden-paivaleirit\/#primaryimage","url":"https:\/\/satuaasintalli.fi\/wp-content\/uploads\/2025\/02\/241018_10_WEB.jpg","contentUrl":"https:\/\/satuaasintalli.fi\/wp-content\/uploads\/2025\/02\/241018_10_WEB.jpg","width":2048,"height":1365,"caption":"Iloisesti hymyilev\u00e4 perhe miniaasin seurassa"},{"@type":"BreadcrumbList","@id":"https:\/\/satuaasintalli.fi\/index.php\/tuote\/perheiden-paivaleirit\/#breadcrumb","itemListElement":[{"@type":"ListItem","position":1,"name":"Home","item":"https:\/\/satuaasintalli.fi\/"},{"@type":"ListItem","position":2,"name":"Tervetuloa SatuAasien kauppaan!","item":"https:\/\/satuaasintalli.fi\/index.php\/kauppa\/"},{"@type":"ListItem","position":3,"name":"Perheiden p\u00e4iv\u00e4leirit"}]},{"@type":"WebSite","@id":"https:\/\/satuaasintalli.fi\/#website","url":"https:\/\/satuaasintalli.fi\/","name":"SatuAasin talli","description":"SatuAasin tallin kotisivut ja verkkokauppa","publisher":{"@id":"https:\/\/satuaasintalli.fi\/#organization"},"potentialAction":[{"@type":"SearchAction","target":{"@type":"EntryPoint","urlTemplate":"https:\/\/satuaasintalli.fi\/?s={search_term_string}"},"query-input":{"@type":"PropertyValueSpecification","valueRequired":true,"valueName":"search_term_string"}}],"inLanguage":"fi"},{"@type":"Organization","@id":"https:\/\/satuaasintalli.fi\/#organization","name":"SatuAasin talli","url":"https:\/\/satuaasintalli.fi\/","logo":{"@type":"ImageObject","inLanguage":"fi","@id":"https:\/\/satuaasintalli.fi\/#\/schema\/logo\/image\/","url":"https:\/\/satuaasintalli.fi\/wp-content\/uploads\/2022\/03\/SatuAasin-talli-logo.png","contentUrl":"https:\/\/satuaasintalli.fi\/wp-content\/uploads\/2022\/03\/SatuAasin-talli-logo.png","width":500,"height":523,"caption":"SatuAasin talli"},"image":{"@id":"https:\/\/satuaasintalli.fi\/#\/schema\/logo\/image\/"},"sameAs":["https:\/\/www.facebook.com\/hevostoimintavalkas\/","https:\/\/www.instagram.com\/satuaasintalli\/?hl=fi"]}]}},"wcpa_form_fields":{"wcpaData":{"product":{"product_price":85,"price_html":"<span class=\"woocommerce-Price-amount amount\"><bdi>85,00&nbsp;<span class=\"woocommerce-Price-currencySymbol\">&euro;<\/span><\/bdi><\/span>","original_product_price":85,"price_including_tax":85,"price_excluding_tax":67.72908400000000028740032576024532318115234375,"product_id":{"parent":2814,"variation":false},"is_variable":false,"stock_status":"instock","stock_quantity":null,"parent_sku":"","product_attributes":{"lapsi-vanhempipari":{"is_variation":false,"values":["85 \u20ac"]},"lisahenkilo-samasta-perheesta":{"is_variation":false,"values":["35 \u20ac"]}},"custom_fields":[],"is_taxable":true,"product_name":"Perheiden p\u00e4iv\u00e4leirit","hasImage":false},"fields":{"sec_567b814747b4c9":{"extra":{"key":"sec_567b814747b4c9","section_id":"sec_567b814747b4c9","name":"Default","status":1,"cl_rule":"show","enableCl":false,"relations":[],"toggle":true,"title_tag":"h3","show_title":false,"showPrice":"default","form_id":2821,"form_rules":{"exclude_from_discount":false,"fee_label":"","disp_hide_options_price":false,"disp_show_section_price":false,"disp_show_field_price":true,"layout_option":"standard","pric_use_as_fee":false,"process_fee_as":"woo_fee"},"layout_option":"standard"},"fields":[[{"active":true,"col":6,"relations":false,"cl_rule":"show","enableCl":false,"price":"","enablePrice":false,"className":"","label_position":"default","desc_position":"default","type":"radio-group","required":true,"elementId":"radio-group_067b814747b4f0","label":"Valitse, mille leirille tulette mukaan.","name":"radio-group_067b814747b4f0","values":[{"label":" keskiviikko 15.10.25 klo 10-14 (7-13v)","value":"Option - 1","selected":false,"tempId":"aco_8125","gt_translate_keys":["label"]}],"layOut":"","error":false,"checkUi":"","gt_translate_keys":["label"],"price_dependency":false,"cl_dependency":false,"value":""}],[{"active":true,"col":6,"relations":false,"cl_rule":"show","enableCl":false,"price":"","enablePrice":true,"className":"","label_position":"default","desc_position":"default","type":"select","required":true,"elementId":"select_767b814747b4fa","label":"Valitse osallistujam\u00e4\u00e4r\u00e4","name":"select_767b814747b4fa","values":[{"label":"1 aikuinen, 1 lapsi","value":"Option - 1","selected":false,"tempId":"aco_1879","price":"85","gt_translate_keys":["label"]},{"label":"1 aikuista, 2 lasta","value":"Option - 2","selected":false,"tempId":"aco_1880","price":"120","gt_translate_keys":["label"]},{"label":"1 aikuinen, 3 lasta","value":"Option - 3","selected":false,"tempId":"aco_1881","price":"155","gt_translate_keys":["label"]},{"label":"1 aikuinen, 4 lasta","value":"Option - 7","selected":false,"tempId":"aco_1975","price":"190","gt_translate_keys":["label"]},{"label":"2 aikuista, 1 lapsi","value":"Option - 4","selected":false,"tempId":"aco_1891","price":"120","gt_translate_keys":["label"]},{"label":"2 aikuista, 2 lasta","value":"Option - 5","selected":false,"tempId":"aco_1901","price":"170","gt_translate_keys":["label"]},{"label":"2 aikuista, 3 lasta","value":"Option - 6","selected":false,"tempId":"aco_1911","price":"205","gt_translate_keys":["label"]},{"label":"2 aikuista, 4 lasta","value":"Option - 8","selected":false,"tempId":"aco_1994","price":"240","gt_translate_keys":["label"]}],"dropdown_type":"basic","error":false,"priceOptions":"different_for_all","pricingType":"fixed","gt_translate_keys":["label"],"price_dependency":false,"cl_dependency":false,"value":""}],[{"active":true,"col":6,"relations":false,"cl_rule":"show","enableCl":false,"price":"","enablePrice":false,"className":"","label_position":"default","desc_position":"default","type":"text","subtype":"text","required":false,"elementId":"text_567b814747b50b","label":"Kirjoita t\u00e4h\u00e4n mahdolliset huomiot, jotka haluat j\u00e4rjest\u00e4j\u00e4n tiet\u00e4v\u00e4n perheest\u00e4nne etuk\u00e4teen.","name":"text_567b814747b50b","value":"","error":false,"gt_translate_keys":["label","value"],"price_dependency":false,"cl_dependency":false}]]}},"config":{"price_override":"if_gt_zero","enable_recaptcha":false,"bind_quantity":false,"quantity_bind_formula":false,"disp_summ_show_option_price":true,"disp_summ_show_product_price":true,"disp_summ_show_total_price":true,"disp_summ_show_fee":false,"disp_summ_show_discount":false,"summary_title":"","options_total_label":"Lis\u00e4valinnat","total_label":"Yhteens\u00e4","options_product_label":"Tuotteen hinta","fee_label":"","discount_label":"Alennus","has_price":true,"has_quantity_formula":false},"mc_unit":1,"tax_rate":1,"tax_rate_real":0.25500000000000000444089209850062616169452667236328125,"discount":{"percentage":0,"fixed":0},"design":{"conf":{"LabelPosition":"above","DescPosition":"above","UploadField":"custom_1","QuantityFieldStyle":"default"},"css":{"LeftLabelWidth":"100px"}},"formulas":[],"lookuptables":[],"clones":false,"cartKey":false}},"_links":{"self":[{"href":"https:\/\/satuaasintalli.fi\/index.php\/wp-json\/wp\/v2\/product\/2814","targetHints":{"allow":["GET"]}}],"collection":[{"href":"https:\/\/satuaasintalli.fi\/index.php\/wp-json\/wp\/v2\/product"}],"about":[{"href":"https:\/\/satuaasintalli.fi\/index.php\/wp-json\/wp\/v2\/types\/product"}],"replies":[{"embeddable":true,"href":"https:\/\/satuaasintalli.fi\/index.php\/wp-json\/wp\/v2\/comments?post=2814"}],"version-history":[{"count":18,"href":"https:\/\/satuaasintalli.fi\/index.php\/wp-json\/wp\/v2\/product\/2814\/revisions"}],"predecessor-version":[{"id":3637,"href":"https:\/\/satuaasintalli.fi\/index.php\/wp-json\/wp\/v2\/product\/2814\/revisions\/3637"}],"wp:featuredmedia":[{"embeddable":true,"href":"https:\/\/satuaasintalli.fi\/index.php\/wp-json\/wp\/v2\/media\/2824"}],"wp:attachment":[{"href":"https:\/\/satuaasintalli.fi\/index.php\/wp-json\/wp\/v2\/media?parent=2814"}],"wp:term":[{"taxonomy":"product_brand","embeddable":true,"href":"https:\/\/satuaasintalli.fi\/index.php\/wp-json\/wp\/v2\/product_brand?post=2814"},{"taxonomy":"product_cat","embeddable":true,"href":"https:\/\/satuaasintalli.fi\/index.php\/wp-json\/wp\/v2\/product_cat?post=2814"},{"taxonomy":"product_tag","embeddable":true,"href":"https:\/\/satuaasintalli.fi\/index.php\/wp-json\/wp\/v2\/product_tag?post=2814"}],"curies":[{"name":"wp","href":"https:\/\/api.w.org\/{rel}","templated":true}]}}