{"id":2800,"date":"2025-02-20T21:01:43","date_gmt":"2025-02-20T21:01:43","guid":{"rendered":"https:\/\/satuaasintalli.fi\/?post_type=product&#038;p=2800"},"modified":"2026-03-26T22:28:55","modified_gmt":"2026-03-26T20:28:55","slug":"aasin-kavionhoitokurssi","status":"publish","type":"product","link":"https:\/\/satuaasintalli.fi\/index.php\/tuote\/aasin-kavionhoitokurssi\/","title":{"rendered":"Aasin kavionhoitokurssi"},"content":{"rendered":"<p><strong>Lauantaina 23.5.26 klo 10-16<\/strong><\/p>\n<p>Aasien kaviot poikkeavat hevosen kavioista ja onkin t\u00e4rke\u00e4\u00e4 aasin hoidossa ymm\u00e4rt\u00e4\u00e4 n\u00e4m\u00e4 erot. Aiheesta luennoi Kaisa M\u00e4\u00e4tt\u00e4nen, joka on Suomen johtavia aasin kavionhoidon asiantuntijoita. Iltap\u00e4iv\u00e4ll\u00e4 k\u00e4yt\u00e4nn\u00f6n osuudessa jokainen p\u00e4\u00e4see itse kokeilemaan tallin aasien kavioiden vuolemista Kaisan opastuksella.<\/p>\n<p>Aiheina on mm.<\/p>\n<p>* aasin kavioiden erityispiirteet<br \/>\n* yleisimm\u00e4t kavio-ongelmat Suomessa<br \/>\n* kaviovuolun perusperiaatteet aaseilla<br \/>\n* kavioiden vuolu k\u00e4yt\u00e4nn\u00f6ss\u00e4.<\/p>\n<p>Kurssi sopii kaikille, jotka ovat kiinnostuneita tiet\u00e4m\u00e4\u00e4n lis\u00e4\u00e4 aaseista. Sinulla voi olla jo kokemusta aasien hoidosta, mutta se ei ole v\u00e4ltt\u00e4m\u00e4t\u00f6nt\u00e4 kurssille osallistumiseksi. Sek\u00e4 aasinoviisit ett\u00e4 konkarit saavat varmasti kurssilta paljon hy\u00f6dyllist\u00e4 tietoa pitk\u00e4korvaisten yst\u00e4viemme kavioista.<\/p>\n<p><span class=\"OYPEnA font-feature-liga-off font-feature-clig-off font-feature-calt-off text-decoration-none text-strikethrough-none\">Hinta sis\u00e4lt\u00e4\u00e4 koulutuksen, kirjallisen luentomateriaalin ja aamu\/iltap\u00e4iv\u00e4kahvit. Lounaan voi ostaa koulutuksen yhteyteen 10 \u20ac hintaan tai omat ev\u00e4\u00e4t voi tuoda mukanaan.<\/span><\/p>\n<p>Kurssi j\u00e4rjestet\u00e4\u00e4n, jos osallistujia on v\u00e4hint\u00e4\u00e4n 6.<\/p>\n","protected":false},"excerpt":{"rendered":"<p><strong>Lauantaina 23.5.26 klo 10-16 <\/strong>syvennyt\u00e4\u00e4n aasien kavionhoidon ihmeelliseen maailmaan. Aasien kaviot poikkeavat hevosen kavioista ja onkin t\u00e4rke\u00e4\u00e4 aasin hoidossa ymm\u00e4rt\u00e4\u00e4 n\u00e4m\u00e4 erot. Aiheesta luennoi Kaisa M\u00e4\u00e4tt\u00e4nen, joka on Suomen johtavia aasin kavionhoidon asiantuntijoita. Iltap\u00e4iv\u00e4ll\u00e4 k\u00e4yt\u00e4nn\u00f6n osuudessa jokainen p\u00e4\u00e4see itse kokeilemaan tallin aasien kavioiden vuolemista Kaisan opastuksella.<\/p>\n","protected":false},"featured_media":2854,"comment_status":"open","ping_status":"closed","template":"","meta":[],"product_brand":[],"product_cat":[31],"product_tag":[48,49,50,51,32],"class_list":{"0":"post-2800","1":"product","2":"type-product","3":"status-publish","4":"has-post-thumbnail","6":"product_cat-kurssit-ja-koulutukset","7":"product_tag-aasi","8":"product_tag-aasinhoito","9":"product_tag-elaimen-hyvinvointi","10":"product_tag-kavio","11":"product_tag-koulutus","12":"wcpa_has_options","14":"first","15":"instock","16":"virtual","17":"taxable","18":"purchasable","19":"product-type-simple"},"yoast_head":"<!-- This site is optimized with the Yoast SEO plugin v27.4 - https:\/\/yoast.com\/product\/yoast-seo-wordpress\/ -->\n<title>Aasin kavionhoitokurssi - SatuAasin talli<\/title>\n<meta name=\"description\" content=\"Aasien kaviot poikkeavat hevosen kavioista ja on t\u00e4rke\u00e4\u00e4 ymm\u00e4rt\u00e4\u00e4 n\u00e4m\u00e4 erot. Opettamassa Kaisa M\u00e4\u00e4tt\u00e4nen, Suomen johtava aasin kavionhoidon asiantuntija.\" \/>\n<meta name=\"robots\" content=\"index, follow, max-snippet:-1, max-image-preview:large, max-video-preview:-1\" \/>\n<link rel=\"canonical\" href=\"https:\/\/satuaasintalli.fi\/index.php\/tuote\/aasin-kavionhoitokurssi\/\" \/>\n<meta property=\"og:locale\" content=\"fi_FI\" \/>\n<meta property=\"og:type\" content=\"article\" \/>\n<meta property=\"og:title\" content=\"Aasin kavionhoitokurssi - SatuAasin talli\" \/>\n<meta property=\"og:description\" content=\"Aasien kaviot poikkeavat hevosen kavioista ja on t\u00e4rke\u00e4\u00e4 ymm\u00e4rt\u00e4\u00e4 n\u00e4m\u00e4 erot. Opettamassa Kaisa M\u00e4\u00e4tt\u00e4nen, Suomen johtava aasin kavionhoidon asiantuntija.\" \/>\n<meta property=\"og:url\" content=\"https:\/\/satuaasintalli.fi\/index.php\/tuote\/aasin-kavionhoitokurssi\/\" \/>\n<meta property=\"og:site_name\" content=\"SatuAasin talli\" \/>\n<meta property=\"article:publisher\" content=\"https:\/\/www.facebook.com\/hevostoimintavalkas\/\" \/>\n<meta property=\"article:modified_time\" content=\"2026-03-26T20:28:55+00:00\" \/>\n<meta property=\"og:image\" content=\"https:\/\/satuaasintalli.fi\/wp-content\/uploads\/2025\/02\/Kavionpohja3.jpg\" \/>\n\t<meta property=\"og:image:width\" content=\"1500\" \/>\n\t<meta property=\"og:image:height\" content=\"2000\" \/>\n\t<meta property=\"og:image:type\" content=\"image\/jpeg\" \/>\n<meta name=\"twitter:card\" content=\"summary_large_image\" \/>\n<meta name=\"twitter:label1\" content=\"Arvioitu lukuaika\" \/>\n\t<meta name=\"twitter:data1\" content=\"1 minuutti\" \/>\n<script type=\"application\/ld+json\" class=\"yoast-schema-graph\">{\"@context\":\"https:\\\/\\\/schema.org\",\"@graph\":[{\"@type\":\"WebPage\",\"@id\":\"https:\\\/\\\/satuaasintalli.fi\\\/index.php\\\/tuote\\\/aasin-kavionhoitokurssi\\\/\",\"url\":\"https:\\\/\\\/satuaasintalli.fi\\\/index.php\\\/tuote\\\/aasin-kavionhoitokurssi\\\/\",\"name\":\"Aasin kavionhoitokurssi - SatuAasin talli\",\"isPartOf\":{\"@id\":\"https:\\\/\\\/satuaasintalli.fi\\\/#website\"},\"primaryImageOfPage\":{\"@id\":\"https:\\\/\\\/satuaasintalli.fi\\\/index.php\\\/tuote\\\/aasin-kavionhoitokurssi\\\/#primaryimage\"},\"image\":{\"@id\":\"https:\\\/\\\/satuaasintalli.fi\\\/index.php\\\/tuote\\\/aasin-kavionhoitokurssi\\\/#primaryimage\"},\"thumbnailUrl\":\"https:\\\/\\\/satuaasintalli.fi\\\/wp-content\\\/uploads\\\/2025\\\/02\\\/Kavionpohja3.jpg\",\"datePublished\":\"2025-02-20T21:01:43+00:00\",\"dateModified\":\"2026-03-26T20:28:55+00:00\",\"description\":\"Aasien kaviot poikkeavat hevosen kavioista ja on t\u00e4rke\u00e4\u00e4 ymm\u00e4rt\u00e4\u00e4 n\u00e4m\u00e4 erot. Opettamassa Kaisa M\u00e4\u00e4tt\u00e4nen, Suomen johtava aasin kavionhoidon asiantuntija.\",\"breadcrumb\":{\"@id\":\"https:\\\/\\\/satuaasintalli.fi\\\/index.php\\\/tuote\\\/aasin-kavionhoitokurssi\\\/#breadcrumb\"},\"inLanguage\":\"fi\",\"potentialAction\":[{\"@type\":\"ReadAction\",\"target\":[\"https:\\\/\\\/satuaasintalli.fi\\\/index.php\\\/tuote\\\/aasin-kavionhoitokurssi\\\/\"]}]},{\"@type\":\"ImageObject\",\"inLanguage\":\"fi\",\"@id\":\"https:\\\/\\\/satuaasintalli.fi\\\/index.php\\\/tuote\\\/aasin-kavionhoitokurssi\\\/#primaryimage\",\"url\":\"https:\\\/\\\/satuaasintalli.fi\\\/wp-content\\\/uploads\\\/2025\\\/02\\\/Kavionpohja3.jpg\",\"contentUrl\":\"https:\\\/\\\/satuaasintalli.fi\\\/wp-content\\\/uploads\\\/2025\\\/02\\\/Kavionpohja3.jpg\",\"width\":1500,\"height\":2000,\"caption\":\"Kuva aasin kavion pohjasta, joka on vuoltu\"},{\"@type\":\"BreadcrumbList\",\"@id\":\"https:\\\/\\\/satuaasintalli.fi\\\/index.php\\\/tuote\\\/aasin-kavionhoitokurssi\\\/#breadcrumb\",\"itemListElement\":[{\"@type\":\"ListItem\",\"position\":1,\"name\":\"Home\",\"item\":\"https:\\\/\\\/satuaasintalli.fi\\\/\"},{\"@type\":\"ListItem\",\"position\":2,\"name\":\"Tervetuloa SatuAasien kauppaan!\",\"item\":\"https:\\\/\\\/satuaasintalli.fi\\\/index.php\\\/kauppa\\\/\"},{\"@type\":\"ListItem\",\"position\":3,\"name\":\"Aasin kavionhoitokurssi\"}]},{\"@type\":\"WebSite\",\"@id\":\"https:\\\/\\\/satuaasintalli.fi\\\/#website\",\"url\":\"https:\\\/\\\/satuaasintalli.fi\\\/\",\"name\":\"SatuAasin talli\",\"description\":\"SatuAasin tallin kotisivut ja verkkokauppa\",\"publisher\":{\"@id\":\"https:\\\/\\\/satuaasintalli.fi\\\/#organization\"},\"potentialAction\":[{\"@type\":\"SearchAction\",\"target\":{\"@type\":\"EntryPoint\",\"urlTemplate\":\"https:\\\/\\\/satuaasintalli.fi\\\/?s={search_term_string}\"},\"query-input\":{\"@type\":\"PropertyValueSpecification\",\"valueRequired\":true,\"valueName\":\"search_term_string\"}}],\"inLanguage\":\"fi\"},{\"@type\":\"Organization\",\"@id\":\"https:\\\/\\\/satuaasintalli.fi\\\/#organization\",\"name\":\"SatuAasin talli\",\"url\":\"https:\\\/\\\/satuaasintalli.fi\\\/\",\"logo\":{\"@type\":\"ImageObject\",\"inLanguage\":\"fi\",\"@id\":\"https:\\\/\\\/satuaasintalli.fi\\\/#\\\/schema\\\/logo\\\/image\\\/\",\"url\":\"https:\\\/\\\/satuaasintalli.fi\\\/wp-content\\\/uploads\\\/2022\\\/03\\\/SatuAasin-talli-logo.png\",\"contentUrl\":\"https:\\\/\\\/satuaasintalli.fi\\\/wp-content\\\/uploads\\\/2022\\\/03\\\/SatuAasin-talli-logo.png\",\"width\":500,\"height\":523,\"caption\":\"SatuAasin talli\"},\"image\":{\"@id\":\"https:\\\/\\\/satuaasintalli.fi\\\/#\\\/schema\\\/logo\\\/image\\\/\"},\"sameAs\":[\"https:\\\/\\\/www.facebook.com\\\/hevostoimintavalkas\\\/\",\"https:\\\/\\\/www.instagram.com\\\/satuaasintalli\\\/?hl=fi\"]}]}<\/script>\n<!-- \/ Yoast SEO plugin. -->","yoast_head_json":{"title":"Aasin kavionhoitokurssi - SatuAasin talli","description":"Aasien kaviot poikkeavat hevosen kavioista ja on t\u00e4rke\u00e4\u00e4 ymm\u00e4rt\u00e4\u00e4 n\u00e4m\u00e4 erot. Opettamassa Kaisa M\u00e4\u00e4tt\u00e4nen, Suomen johtava aasin kavionhoidon asiantuntija.","robots":{"index":"index","follow":"follow","max-snippet":"max-snippet:-1","max-image-preview":"max-image-preview:large","max-video-preview":"max-video-preview:-1"},"canonical":"https:\/\/satuaasintalli.fi\/index.php\/tuote\/aasin-kavionhoitokurssi\/","og_locale":"fi_FI","og_type":"article","og_title":"Aasin kavionhoitokurssi - SatuAasin talli","og_description":"Aasien kaviot poikkeavat hevosen kavioista ja on t\u00e4rke\u00e4\u00e4 ymm\u00e4rt\u00e4\u00e4 n\u00e4m\u00e4 erot. Opettamassa Kaisa M\u00e4\u00e4tt\u00e4nen, Suomen johtava aasin kavionhoidon asiantuntija.","og_url":"https:\/\/satuaasintalli.fi\/index.php\/tuote\/aasin-kavionhoitokurssi\/","og_site_name":"SatuAasin talli","article_publisher":"https:\/\/www.facebook.com\/hevostoimintavalkas\/","article_modified_time":"2026-03-26T20:28:55+00:00","og_image":[{"width":1500,"height":2000,"url":"https:\/\/satuaasintalli.fi\/wp-content\/uploads\/2025\/02\/Kavionpohja3.jpg","type":"image\/jpeg"}],"twitter_card":"summary_large_image","twitter_misc":{"Arvioitu lukuaika":"1 minuutti"},"schema":{"@context":"https:\/\/schema.org","@graph":[{"@type":"WebPage","@id":"https:\/\/satuaasintalli.fi\/index.php\/tuote\/aasin-kavionhoitokurssi\/","url":"https:\/\/satuaasintalli.fi\/index.php\/tuote\/aasin-kavionhoitokurssi\/","name":"Aasin kavionhoitokurssi - SatuAasin talli","isPartOf":{"@id":"https:\/\/satuaasintalli.fi\/#website"},"primaryImageOfPage":{"@id":"https:\/\/satuaasintalli.fi\/index.php\/tuote\/aasin-kavionhoitokurssi\/#primaryimage"},"image":{"@id":"https:\/\/satuaasintalli.fi\/index.php\/tuote\/aasin-kavionhoitokurssi\/#primaryimage"},"thumbnailUrl":"https:\/\/satuaasintalli.fi\/wp-content\/uploads\/2025\/02\/Kavionpohja3.jpg","datePublished":"2025-02-20T21:01:43+00:00","dateModified":"2026-03-26T20:28:55+00:00","description":"Aasien kaviot poikkeavat hevosen kavioista ja on t\u00e4rke\u00e4\u00e4 ymm\u00e4rt\u00e4\u00e4 n\u00e4m\u00e4 erot. Opettamassa Kaisa M\u00e4\u00e4tt\u00e4nen, Suomen johtava aasin kavionhoidon asiantuntija.","breadcrumb":{"@id":"https:\/\/satuaasintalli.fi\/index.php\/tuote\/aasin-kavionhoitokurssi\/#breadcrumb"},"inLanguage":"fi","potentialAction":[{"@type":"ReadAction","target":["https:\/\/satuaasintalli.fi\/index.php\/tuote\/aasin-kavionhoitokurssi\/"]}]},{"@type":"ImageObject","inLanguage":"fi","@id":"https:\/\/satuaasintalli.fi\/index.php\/tuote\/aasin-kavionhoitokurssi\/#primaryimage","url":"https:\/\/satuaasintalli.fi\/wp-content\/uploads\/2025\/02\/Kavionpohja3.jpg","contentUrl":"https:\/\/satuaasintalli.fi\/wp-content\/uploads\/2025\/02\/Kavionpohja3.jpg","width":1500,"height":2000,"caption":"Kuva aasin kavion pohjasta, joka on vuoltu"},{"@type":"BreadcrumbList","@id":"https:\/\/satuaasintalli.fi\/index.php\/tuote\/aasin-kavionhoitokurssi\/#breadcrumb","itemListElement":[{"@type":"ListItem","position":1,"name":"Home","item":"https:\/\/satuaasintalli.fi\/"},{"@type":"ListItem","position":2,"name":"Tervetuloa SatuAasien kauppaan!","item":"https:\/\/satuaasintalli.fi\/index.php\/kauppa\/"},{"@type":"ListItem","position":3,"name":"Aasin kavionhoitokurssi"}]},{"@type":"WebSite","@id":"https:\/\/satuaasintalli.fi\/#website","url":"https:\/\/satuaasintalli.fi\/","name":"SatuAasin talli","description":"SatuAasin tallin kotisivut ja verkkokauppa","publisher":{"@id":"https:\/\/satuaasintalli.fi\/#organization"},"potentialAction":[{"@type":"SearchAction","target":{"@type":"EntryPoint","urlTemplate":"https:\/\/satuaasintalli.fi\/?s={search_term_string}"},"query-input":{"@type":"PropertyValueSpecification","valueRequired":true,"valueName":"search_term_string"}}],"inLanguage":"fi"},{"@type":"Organization","@id":"https:\/\/satuaasintalli.fi\/#organization","name":"SatuAasin talli","url":"https:\/\/satuaasintalli.fi\/","logo":{"@type":"ImageObject","inLanguage":"fi","@id":"https:\/\/satuaasintalli.fi\/#\/schema\/logo\/image\/","url":"https:\/\/satuaasintalli.fi\/wp-content\/uploads\/2022\/03\/SatuAasin-talli-logo.png","contentUrl":"https:\/\/satuaasintalli.fi\/wp-content\/uploads\/2022\/03\/SatuAasin-talli-logo.png","width":500,"height":523,"caption":"SatuAasin talli"},"image":{"@id":"https:\/\/satuaasintalli.fi\/#\/schema\/logo\/image\/"},"sameAs":["https:\/\/www.facebook.com\/hevostoimintavalkas\/","https:\/\/www.instagram.com\/satuaasintalli\/?hl=fi"]}]}},"wcpa_form_fields":{"wcpaData":{"product":{"product_price":89,"price_html":"<span class=\"woocommerce-Price-amount amount\"><bdi>89,00&nbsp;<span class=\"woocommerce-Price-currencySymbol\">&euro;<\/span><\/bdi><\/span>","original_product_price":89,"price_including_tax":89,"price_excluding_tax":70.9163350000000036743585951626300811767578125,"product_id":{"parent":2800,"variation":false},"is_variable":false,"stock_status":"instock","stock_quantity":null,"parent_sku":"","product_attributes":[],"custom_fields":[],"is_taxable":true,"product_name":"Aasin kavionhoitokurssi","hasImage":false},"fields":{"sec_367b78d0724a85":{"extra":{"key":"sec_367b78d0724a85","section_id":"sec_367b78d0724a85","name":"Default","status":1,"cl_rule":"show","enableCl":false,"relations":[],"toggle":true,"title_tag":"h3","show_title":false,"showPrice":"default","form_id":2789,"form_rules":{"exclude_from_discount":false,"fee_label":"","disp_hide_options_price":false,"disp_show_section_price":false,"disp_show_field_price":true,"layout_option":"standard","pric_use_as_fee":false,"process_fee_as":"woo_fee"},"layout_option":"standard"},"fields":[[{"active":true,"col":6,"relations":false,"cl_rule":"show","enableCl":false,"price":"","enablePrice":true,"className":"","label_position":"default","desc_position":"default","type":"select","required":false,"elementId":"select_2867916674","label":"Valitse montako henkil\u00f6\u00e4 ilmoitat tapahtumaan.","name":"select_2867916674","values":[{"label":"1","value":"Option - 1","selected":false,"tempId":"aco_7415","price":"100","gt_translate_keys":["label"]},{"label":"2","value":"Option - 2","selected":false,"tempId":"aco_7416","price":"200","gt_translate_keys":["label"]},{"label":"3","value":"Option - 3","selected":false,"tempId":"aco_7417","price":"300","gt_translate_keys":["label"]},{"label":"4","value":"Option - 4","selected":false,"tempId":"aco_7454","price":"400","gt_translate_keys":["label"]},{"label":"5","value":"Option - 5","selected":false,"tempId":"aco_7473","price":"500","gt_translate_keys":["label"]},{"label":"6","value":"Option - 6","selected":false,"tempId":"aco_7492","price":"600","gt_translate_keys":["label"]},{"label":"7","value":"Option - 7","selected":false,"tempId":"aco_7520","price":"700","gt_translate_keys":["label"]},{"label":"8","value":"Option - 8","selected":false,"tempId":"aco_7539","price":"800","gt_translate_keys":["label"]}],"dropdown_type":"basic","error":false,"priceOptions":"different_for_all","pricingType":"percentage","gt_translate_keys":["label"],"price_dependency":false,"cl_dependency":false,"value":""}],[{"active":true,"col":6,"relations":false,"cl_rule":"show","enableCl":false,"price":"","enablePrice":true,"className":"","label_position":"default","desc_position":"default","type":"productGroup","required":false,"elementId":"product_group_9373294427","name":"product_group_9373294427","label":"Valitse, jos haluatko lounaan (G, L,) tapahtuman yhteydess\u00e4 (10 \u20ac).","values":[{"label":"Lounas","value":"2712","selected":false,"tempId":"aco_4462","gt_translate_keys":["label"],"stock_status":"instock","price":10}],"layOut":"","error":false,"checkUi":"","custom_label":true,"priceOptions":"different_for_all","disp_type":"squircle","enable_quantity":true,"quantity_decimal":false,"quantity_step":"1","quantity_label":"Lukum\u00e4\u00e4r\u00e4","enableClearSelection":true,"independent":true,"gt_translate_keys":["label","quantity_label"],"price_dependency":false,"cl_dependency":false,"disp_size_img":{"width":75,"height":75},"pricingType":"fixed","value":""}],[{"active":true,"col":6,"relations":false,"cl_rule":"show","enableCl":false,"price":"","enablePrice":false,"className":"","label_position":"default","desc_position":"default","type":"text","subtype":"text","required":false,"elementId":"text_0612676062","label":"Kirjoita t\u00e4h\u00e4n mahdolliset erityisruokavaliot, jos ostat lounaan tallilta.","name":"text_0612676062","value":"","error":false,"gt_translate_keys":["label","value"],"price_dependency":false,"cl_dependency":false}]]}},"config":{"price_override":"if_gt_zero","enable_recaptcha":false,"bind_quantity":false,"quantity_bind_formula":false,"disp_summ_show_option_price":true,"disp_summ_show_product_price":true,"disp_summ_show_total_price":true,"disp_summ_show_fee":false,"disp_summ_show_discount":false,"summary_title":"","options_total_label":"Lis\u00e4valinnat","total_label":"Yhteens\u00e4","options_product_label":"Tuotteen hinta","fee_label":"","discount_label":"Alennus","has_price":true,"has_quantity_formula":false},"mc_unit":1,"tax_rate":1,"tax_rate_real":0.25500000000000000444089209850062616169452667236328125,"discount":{"percentage":0,"fixed":0},"design":{"conf":{"LabelPosition":"above","DescPosition":"above","UploadField":"custom_1","QuantityFieldStyle":"default"},"css":{"LeftLabelWidth":"100px"}},"formulas":[],"lookuptables":[],"clones":false,"cartKey":false}},"_links":{"self":[{"href":"https:\/\/satuaasintalli.fi\/index.php\/wp-json\/wp\/v2\/product\/2800","targetHints":{"allow":["GET"]}}],"collection":[{"href":"https:\/\/satuaasintalli.fi\/index.php\/wp-json\/wp\/v2\/product"}],"about":[{"href":"https:\/\/satuaasintalli.fi\/index.php\/wp-json\/wp\/v2\/types\/product"}],"replies":[{"embeddable":true,"href":"https:\/\/satuaasintalli.fi\/index.php\/wp-json\/wp\/v2\/comments?post=2800"}],"version-history":[{"count":8,"href":"https:\/\/satuaasintalli.fi\/index.php\/wp-json\/wp\/v2\/product\/2800\/revisions"}],"predecessor-version":[{"id":2804,"href":"https:\/\/satuaasintalli.fi\/index.php\/wp-json\/wp\/v2\/product\/2800\/revisions\/2804"}],"wp:featuredmedia":[{"embeddable":true,"href":"https:\/\/satuaasintalli.fi\/index.php\/wp-json\/wp\/v2\/media\/2854"}],"wp:attachment":[{"href":"https:\/\/satuaasintalli.fi\/index.php\/wp-json\/wp\/v2\/media?parent=2800"}],"wp:term":[{"taxonomy":"product_brand","embeddable":true,"href":"https:\/\/satuaasintalli.fi\/index.php\/wp-json\/wp\/v2\/product_brand?post=2800"},{"taxonomy":"product_cat","embeddable":true,"href":"https:\/\/satuaasintalli.fi\/index.php\/wp-json\/wp\/v2\/product_cat?post=2800"},{"taxonomy":"product_tag","embeddable":true,"href":"https:\/\/satuaasintalli.fi\/index.php\/wp-json\/wp\/v2\/product_tag?post=2800"}],"curies":[{"name":"wp","href":"https:\/\/api.w.org\/{rel}","templated":true}]}}