{"id":2742,"date":"2025-02-19T09:00:19","date_gmt":"2025-02-19T09:00:19","guid":{"rendered":"https:\/\/satuaasintalli.fi\/?post_type=product&#038;p=2742"},"modified":"2026-01-07T13:06:17","modified_gmt":"2026-01-07T11:06:17","slug":"avoin-metsaretki-aasien-kanssa-2-h","status":"publish","type":"product","link":"https:\/\/satuaasintalli.fi\/index.php\/tuote\/avoin-metsaretki-aasien-kanssa-2-h\/","title":{"rendered":"Kaikille avoin mets\u00e4retki aasien kanssa (2 h)"},"content":{"rendered":"<p>Mets\u00e4retki aasien kanssa on rentouttava el\u00e4mys! Aasien kanssa k\u00e4velyll\u00e4 ei tarvitse kiirehti\u00e4, sill\u00e4 aasit ovat rentoa k\u00e4velyseuraa. Ennen retkelle l\u00e4htemist\u00e4 aaseihin tutustutaan ne harjaamalla ja k\u00e4yd\u00e4\u00e4n yhdess\u00e4 talutusohjeet l\u00e4pi. Mets\u00e4retken aikana jokainen saa vuorollaan taluttaa aasia, mutta se ei ole v\u00e4ltt\u00e4m\u00e4t\u00f6nt\u00e4. K\u00e4velyn puoliv\u00e4liss\u00e4 pidet\u00e4\u00e4n ev\u00e4stauko sek\u00e4 aaseille ett\u00e4 ihmisille. Ev\u00e4\u00e4t voi tilata tallilta (muista lis\u00e4t\u00e4 ne mukaan ostoskoriin) tai tuoda omat mukanaan. Aasit kantavat omat retkiev\u00e4\u00e4t selk\u00e4repuissaan. K\u00e4velyn j\u00e4lkeen palataan tallille, jossa aasit viel\u00e4 ruokitaan.<\/p>\n<p>Retkelle tarvitset mukavat mets\u00e4k\u00e4velyyn sopivat keng\u00e4t sek\u00e4 s\u00e4\u00e4nmukaisen ulkoiluvaatetuksen. Oma juomapullo ja iloinen mieli on suositeltavaa olla mukana. Aiempaa kokemusta aaseista tai hevosista ei tarvitse olla.<\/p>\n<p>Retkelle otetaan mukaan enint\u00e4\u00e4n 10 osallistujaa\/retki. N\u00e4m\u00e4 mets\u00e4retket soveltuvat koko perheelle, kunhan lapset jaksavat itsen\u00e4isesti k\u00e4vell\u00e4 noin 2-3 kilometrin matkan. Reitit ovat p\u00e4\u00e4osin helppokulkuisia hiekkateit\u00e4 ja mets\u00e4polkuja.<\/p>\n<p>HUOM! Mets\u00e4retkill\u00e4 on aina s\u00e4\u00e4varaus kovan sateen varalta, sill\u00e4 aavikkoel\u00e4in aasi ei tykk\u00e4\u00e4 kastua. Huonon s\u00e4\u00e4n peruuttaessa retken, osallistumisen voi siirt\u00e4\u00e4 seuraavaan avoimeen mets\u00e4retkip\u00e4iv\u00e4\u00e4n tai saada hyvityksen\u00e4 maksun takaisin, jos vaihtoehtoinen p\u00e4iv\u00e4 ei sovi.<\/p>\n","protected":false},"excerpt":{"rendered":"<p>Mets\u00e4retki aasien kanssa on mieleenpainuva el\u00e4mys! Aasien kanssa k\u00e4velyll\u00e4 ei tarvitse kiirehti\u00e4, sill\u00e4 aasit ovat rentoa k\u00e4velyseuraa. P\u00e4\u00e4set harjaamaan aasit ennen retke\u00e4 ja ruokkimaan ne tallille palatessa. K\u00e4velyn aikana jokainen saa taluttaa aasia vuorollaan. Pys\u00e4hdymme ev\u00e4stauolle mets\u00e4nsiimekseen tai kodalle j\u00e4rven rannalle. Ev\u00e4\u00e4t voi tilata tallilta tai tuoda omat mukanaan.<\/p>\n<p>Mukaan otetaan enint\u00e4\u00e4n 10 osallistujaa per retki. Seuraavan kerran kaikille avoimia retki\u00e4 tulossa kev\u00e4\u00e4ll\u00e4 2026. <a href=\"https:\/\/satuaasintalli.fi\/index.php\/tuote\/metsaretki-aasien-kanssa-2h\/\">Omalle porukalle retken voit varata ymp\u00e4ri vuoden t\u00e4\u00e4lt\u00e4.<\/a><\/p>\n<p>&nbsp;<\/p>\n<p>&nbsp;<\/p>\n","protected":false},"featured_media":2840,"comment_status":"open","ping_status":"closed","template":"","meta":[],"product_brand":[],"product_cat":[24],"product_tag":[40,42,43,38],"class_list":{"0":"post-2742","1":"product","2":"type-product","3":"status-publish","4":"has-post-thumbnail","6":"product_cat-aasiaktiviteetit","7":"product_tag-aasiretki","8":"product_tag-luontoelamys","9":"product_tag-luontoliikunta","10":"product_tag-metsaretki","12":"first","13":"outofstock","14":"virtual","15":"taxable","16":"purchasable","17":"product-type-simple"},"yoast_head":"<!-- This site is optimized with the Yoast SEO plugin v27.4 - https:\/\/yoast.com\/product\/yoast-seo-wordpress\/ -->\n<title>Kaikille avoin mets\u00e4retki aasien kanssa (2 h) - SatuAasin talli<\/title>\n<meta name=\"description\" content=\"T\u00e4m\u00e4 aasiretki sopii koko perheelle! Aaseja taluttaen etenemme rauhallisen k\u00e4velyn mets\u00e4\u00e4n ja viet\u00e4mme siell\u00e4 ev\u00e4stauon. Tapahtuma on avoin kaikille.\" \/>\n<meta name=\"robots\" content=\"index, follow, max-snippet:-1, max-image-preview:large, max-video-preview:-1\" \/>\n<link rel=\"canonical\" href=\"https:\/\/satuaasintalli.fi\/index.php\/tuote\/avoin-metsaretki-aasien-kanssa-2-h\/\" \/>\n<meta property=\"og:locale\" content=\"fi_FI\" \/>\n<meta property=\"og:type\" content=\"article\" \/>\n<meta property=\"og:title\" content=\"Kaikille avoin mets\u00e4retki aasien kanssa (2 h) - SatuAasin talli\" \/>\n<meta property=\"og:description\" content=\"T\u00e4m\u00e4 aasiretki sopii koko perheelle! Aaseja taluttaen etenemme rauhallisen k\u00e4velyn mets\u00e4\u00e4n ja viet\u00e4mme siell\u00e4 ev\u00e4stauon. Tapahtuma on avoin kaikille.\" \/>\n<meta property=\"og:url\" content=\"https:\/\/satuaasintalli.fi\/index.php\/tuote\/avoin-metsaretki-aasien-kanssa-2-h\/\" \/>\n<meta property=\"og:site_name\" content=\"SatuAasin talli\" \/>\n<meta property=\"article:publisher\" content=\"https:\/\/www.facebook.com\/hevostoimintavalkas\/\" \/>\n<meta property=\"article:modified_time\" content=\"2026-01-07T11:06:17+00:00\" \/>\n<meta property=\"og:image\" content=\"https:\/\/satuaasintalli.fi\/wp-content\/uploads\/2025\/02\/Kukkulan-kuningas.jpg\" \/>\n\t<meta property=\"og:image:width\" content=\"1500\" \/>\n\t<meta property=\"og:image:height\" content=\"2000\" \/>\n\t<meta property=\"og:image:type\" content=\"image\/jpeg\" \/>\n<meta name=\"twitter:card\" content=\"summary_large_image\" \/>\n<meta name=\"twitter:label1\" content=\"Arvioitu lukuaika\" \/>\n\t<meta name=\"twitter:data1\" content=\"2 minuuttia\" \/>\n<script type=\"application\/ld+json\" class=\"yoast-schema-graph\">{\"@context\":\"https:\\\/\\\/schema.org\",\"@graph\":[{\"@type\":\"WebPage\",\"@id\":\"https:\\\/\\\/satuaasintalli.fi\\\/index.php\\\/tuote\\\/avoin-metsaretki-aasien-kanssa-2-h\\\/\",\"url\":\"https:\\\/\\\/satuaasintalli.fi\\\/index.php\\\/tuote\\\/avoin-metsaretki-aasien-kanssa-2-h\\\/\",\"name\":\"Kaikille avoin mets\u00e4retki aasien kanssa (2 h) - SatuAasin talli\",\"isPartOf\":{\"@id\":\"https:\\\/\\\/satuaasintalli.fi\\\/#website\"},\"primaryImageOfPage\":{\"@id\":\"https:\\\/\\\/satuaasintalli.fi\\\/index.php\\\/tuote\\\/avoin-metsaretki-aasien-kanssa-2-h\\\/#primaryimage\"},\"image\":{\"@id\":\"https:\\\/\\\/satuaasintalli.fi\\\/index.php\\\/tuote\\\/avoin-metsaretki-aasien-kanssa-2-h\\\/#primaryimage\"},\"thumbnailUrl\":\"https:\\\/\\\/satuaasintalli.fi\\\/wp-content\\\/uploads\\\/2025\\\/02\\\/Kukkulan-kuningas.jpg\",\"datePublished\":\"2025-02-19T09:00:19+00:00\",\"dateModified\":\"2026-01-07T11:06:17+00:00\",\"description\":\"T\u00e4m\u00e4 aasiretki sopii koko perheelle! Aaseja taluttaen etenemme rauhallisen k\u00e4velyn mets\u00e4\u00e4n ja viet\u00e4mme siell\u00e4 ev\u00e4stauon. Tapahtuma on avoin kaikille.\",\"breadcrumb\":{\"@id\":\"https:\\\/\\\/satuaasintalli.fi\\\/index.php\\\/tuote\\\/avoin-metsaretki-aasien-kanssa-2-h\\\/#breadcrumb\"},\"inLanguage\":\"fi\",\"potentialAction\":[{\"@type\":\"ReadAction\",\"target\":[\"https:\\\/\\\/satuaasintalli.fi\\\/index.php\\\/tuote\\\/avoin-metsaretki-aasien-kanssa-2-h\\\/\"]}]},{\"@type\":\"ImageObject\",\"inLanguage\":\"fi\",\"@id\":\"https:\\\/\\\/satuaasintalli.fi\\\/index.php\\\/tuote\\\/avoin-metsaretki-aasien-kanssa-2-h\\\/#primaryimage\",\"url\":\"https:\\\/\\\/satuaasintalli.fi\\\/wp-content\\\/uploads\\\/2025\\\/02\\\/Kukkulan-kuningas.jpg\",\"contentUrl\":\"https:\\\/\\\/satuaasintalli.fi\\\/wp-content\\\/uploads\\\/2025\\\/02\\\/Kukkulan-kuningas.jpg\",\"width\":1500,\"height\":2000,\"caption\":\"Nainen ja miniaasi kukkulan p\u00e4\u00e4ll\u00e4, taustalla mets\u00e4maisema\"},{\"@type\":\"BreadcrumbList\",\"@id\":\"https:\\\/\\\/satuaasintalli.fi\\\/index.php\\\/tuote\\\/avoin-metsaretki-aasien-kanssa-2-h\\\/#breadcrumb\",\"itemListElement\":[{\"@type\":\"ListItem\",\"position\":1,\"name\":\"Home\",\"item\":\"https:\\\/\\\/satuaasintalli.fi\\\/\"},{\"@type\":\"ListItem\",\"position\":2,\"name\":\"Tervetuloa SatuAasien kauppaan!\",\"item\":\"https:\\\/\\\/satuaasintalli.fi\\\/index.php\\\/kauppa\\\/\"},{\"@type\":\"ListItem\",\"position\":3,\"name\":\"Kaikille avoin mets\u00e4retki aasien kanssa (2 h)\"}]},{\"@type\":\"WebSite\",\"@id\":\"https:\\\/\\\/satuaasintalli.fi\\\/#website\",\"url\":\"https:\\\/\\\/satuaasintalli.fi\\\/\",\"name\":\"SatuAasin talli\",\"description\":\"SatuAasin tallin kotisivut ja verkkokauppa\",\"publisher\":{\"@id\":\"https:\\\/\\\/satuaasintalli.fi\\\/#organization\"},\"potentialAction\":[{\"@type\":\"SearchAction\",\"target\":{\"@type\":\"EntryPoint\",\"urlTemplate\":\"https:\\\/\\\/satuaasintalli.fi\\\/?s={search_term_string}\"},\"query-input\":{\"@type\":\"PropertyValueSpecification\",\"valueRequired\":true,\"valueName\":\"search_term_string\"}}],\"inLanguage\":\"fi\"},{\"@type\":\"Organization\",\"@id\":\"https:\\\/\\\/satuaasintalli.fi\\\/#organization\",\"name\":\"SatuAasin talli\",\"url\":\"https:\\\/\\\/satuaasintalli.fi\\\/\",\"logo\":{\"@type\":\"ImageObject\",\"inLanguage\":\"fi\",\"@id\":\"https:\\\/\\\/satuaasintalli.fi\\\/#\\\/schema\\\/logo\\\/image\\\/\",\"url\":\"https:\\\/\\\/satuaasintalli.fi\\\/wp-content\\\/uploads\\\/2022\\\/03\\\/SatuAasin-talli-logo.png\",\"contentUrl\":\"https:\\\/\\\/satuaasintalli.fi\\\/wp-content\\\/uploads\\\/2022\\\/03\\\/SatuAasin-talli-logo.png\",\"width\":500,\"height\":523,\"caption\":\"SatuAasin talli\"},\"image\":{\"@id\":\"https:\\\/\\\/satuaasintalli.fi\\\/#\\\/schema\\\/logo\\\/image\\\/\"},\"sameAs\":[\"https:\\\/\\\/www.facebook.com\\\/hevostoimintavalkas\\\/\",\"https:\\\/\\\/www.instagram.com\\\/satuaasintalli\\\/?hl=fi\"]}]}<\/script>\n<!-- \/ Yoast SEO plugin. -->","yoast_head_json":{"title":"Kaikille avoin mets\u00e4retki aasien kanssa (2 h) - SatuAasin talli","description":"T\u00e4m\u00e4 aasiretki sopii koko perheelle! Aaseja taluttaen etenemme rauhallisen k\u00e4velyn mets\u00e4\u00e4n ja viet\u00e4mme siell\u00e4 ev\u00e4stauon. Tapahtuma on avoin kaikille.","robots":{"index":"index","follow":"follow","max-snippet":"max-snippet:-1","max-image-preview":"max-image-preview:large","max-video-preview":"max-video-preview:-1"},"canonical":"https:\/\/satuaasintalli.fi\/index.php\/tuote\/avoin-metsaretki-aasien-kanssa-2-h\/","og_locale":"fi_FI","og_type":"article","og_title":"Kaikille avoin mets\u00e4retki aasien kanssa (2 h) - SatuAasin talli","og_description":"T\u00e4m\u00e4 aasiretki sopii koko perheelle! Aaseja taluttaen etenemme rauhallisen k\u00e4velyn mets\u00e4\u00e4n ja viet\u00e4mme siell\u00e4 ev\u00e4stauon. Tapahtuma on avoin kaikille.","og_url":"https:\/\/satuaasintalli.fi\/index.php\/tuote\/avoin-metsaretki-aasien-kanssa-2-h\/","og_site_name":"SatuAasin talli","article_publisher":"https:\/\/www.facebook.com\/hevostoimintavalkas\/","article_modified_time":"2026-01-07T11:06:17+00:00","og_image":[{"width":1500,"height":2000,"url":"https:\/\/satuaasintalli.fi\/wp-content\/uploads\/2025\/02\/Kukkulan-kuningas.jpg","type":"image\/jpeg"}],"twitter_card":"summary_large_image","twitter_misc":{"Arvioitu lukuaika":"2 minuuttia"},"schema":{"@context":"https:\/\/schema.org","@graph":[{"@type":"WebPage","@id":"https:\/\/satuaasintalli.fi\/index.php\/tuote\/avoin-metsaretki-aasien-kanssa-2-h\/","url":"https:\/\/satuaasintalli.fi\/index.php\/tuote\/avoin-metsaretki-aasien-kanssa-2-h\/","name":"Kaikille avoin mets\u00e4retki aasien kanssa (2 h) - SatuAasin talli","isPartOf":{"@id":"https:\/\/satuaasintalli.fi\/#website"},"primaryImageOfPage":{"@id":"https:\/\/satuaasintalli.fi\/index.php\/tuote\/avoin-metsaretki-aasien-kanssa-2-h\/#primaryimage"},"image":{"@id":"https:\/\/satuaasintalli.fi\/index.php\/tuote\/avoin-metsaretki-aasien-kanssa-2-h\/#primaryimage"},"thumbnailUrl":"https:\/\/satuaasintalli.fi\/wp-content\/uploads\/2025\/02\/Kukkulan-kuningas.jpg","datePublished":"2025-02-19T09:00:19+00:00","dateModified":"2026-01-07T11:06:17+00:00","description":"T\u00e4m\u00e4 aasiretki sopii koko perheelle! Aaseja taluttaen etenemme rauhallisen k\u00e4velyn mets\u00e4\u00e4n ja viet\u00e4mme siell\u00e4 ev\u00e4stauon. Tapahtuma on avoin kaikille.","breadcrumb":{"@id":"https:\/\/satuaasintalli.fi\/index.php\/tuote\/avoin-metsaretki-aasien-kanssa-2-h\/#breadcrumb"},"inLanguage":"fi","potentialAction":[{"@type":"ReadAction","target":["https:\/\/satuaasintalli.fi\/index.php\/tuote\/avoin-metsaretki-aasien-kanssa-2-h\/"]}]},{"@type":"ImageObject","inLanguage":"fi","@id":"https:\/\/satuaasintalli.fi\/index.php\/tuote\/avoin-metsaretki-aasien-kanssa-2-h\/#primaryimage","url":"https:\/\/satuaasintalli.fi\/wp-content\/uploads\/2025\/02\/Kukkulan-kuningas.jpg","contentUrl":"https:\/\/satuaasintalli.fi\/wp-content\/uploads\/2025\/02\/Kukkulan-kuningas.jpg","width":1500,"height":2000,"caption":"Nainen ja miniaasi kukkulan p\u00e4\u00e4ll\u00e4, taustalla mets\u00e4maisema"},{"@type":"BreadcrumbList","@id":"https:\/\/satuaasintalli.fi\/index.php\/tuote\/avoin-metsaretki-aasien-kanssa-2-h\/#breadcrumb","itemListElement":[{"@type":"ListItem","position":1,"name":"Home","item":"https:\/\/satuaasintalli.fi\/"},{"@type":"ListItem","position":2,"name":"Tervetuloa SatuAasien kauppaan!","item":"https:\/\/satuaasintalli.fi\/index.php\/kauppa\/"},{"@type":"ListItem","position":3,"name":"Kaikille avoin mets\u00e4retki aasien kanssa (2 h)"}]},{"@type":"WebSite","@id":"https:\/\/satuaasintalli.fi\/#website","url":"https:\/\/satuaasintalli.fi\/","name":"SatuAasin talli","description":"SatuAasin tallin kotisivut ja verkkokauppa","publisher":{"@id":"https:\/\/satuaasintalli.fi\/#organization"},"potentialAction":[{"@type":"SearchAction","target":{"@type":"EntryPoint","urlTemplate":"https:\/\/satuaasintalli.fi\/?s={search_term_string}"},"query-input":{"@type":"PropertyValueSpecification","valueRequired":true,"valueName":"search_term_string"}}],"inLanguage":"fi"},{"@type":"Organization","@id":"https:\/\/satuaasintalli.fi\/#organization","name":"SatuAasin talli","url":"https:\/\/satuaasintalli.fi\/","logo":{"@type":"ImageObject","inLanguage":"fi","@id":"https:\/\/satuaasintalli.fi\/#\/schema\/logo\/image\/","url":"https:\/\/satuaasintalli.fi\/wp-content\/uploads\/2022\/03\/SatuAasin-talli-logo.png","contentUrl":"https:\/\/satuaasintalli.fi\/wp-content\/uploads\/2022\/03\/SatuAasin-talli-logo.png","width":500,"height":523,"caption":"SatuAasin talli"},"image":{"@id":"https:\/\/satuaasintalli.fi\/#\/schema\/logo\/image\/"},"sameAs":["https:\/\/www.facebook.com\/hevostoimintavalkas\/","https:\/\/www.instagram.com\/satuaasintalli\/?hl=fi"]}]}},"wcpa_form_fields":null,"_links":{"self":[{"href":"https:\/\/satuaasintalli.fi\/index.php\/wp-json\/wp\/v2\/product\/2742","targetHints":{"allow":["GET"]}}],"collection":[{"href":"https:\/\/satuaasintalli.fi\/index.php\/wp-json\/wp\/v2\/product"}],"about":[{"href":"https:\/\/satuaasintalli.fi\/index.php\/wp-json\/wp\/v2\/types\/product"}],"replies":[{"embeddable":true,"href":"https:\/\/satuaasintalli.fi\/index.php\/wp-json\/wp\/v2\/comments?post=2742"}],"version-history":[{"count":13,"href":"https:\/\/satuaasintalli.fi\/index.php\/wp-json\/wp\/v2\/product\/2742\/revisions"}],"predecessor-version":[{"id":3808,"href":"https:\/\/satuaasintalli.fi\/index.php\/wp-json\/wp\/v2\/product\/2742\/revisions\/3808"}],"wp:featuredmedia":[{"embeddable":true,"href":"https:\/\/satuaasintalli.fi\/index.php\/wp-json\/wp\/v2\/media\/2840"}],"wp:attachment":[{"href":"https:\/\/satuaasintalli.fi\/index.php\/wp-json\/wp\/v2\/media?parent=2742"}],"wp:term":[{"taxonomy":"product_brand","embeddable":true,"href":"https:\/\/satuaasintalli.fi\/index.php\/wp-json\/wp\/v2\/product_brand?post=2742"},{"taxonomy":"product_cat","embeddable":true,"href":"https:\/\/satuaasintalli.fi\/index.php\/wp-json\/wp\/v2\/product_cat?post=2742"},{"taxonomy":"product_tag","embeddable":true,"href":"https:\/\/satuaasintalli.fi\/index.php\/wp-json\/wp\/v2\/product_tag?post=2742"}],"curies":[{"name":"wp","href":"https:\/\/api.w.org\/{rel}","templated":true}]}}