{"id":2722,"date":"2025-02-17T11:14:14","date_gmt":"2025-02-17T11:14:14","guid":{"rendered":"https:\/\/satuaasintalli.fi\/?post_type=product&#038;p=2722"},"modified":"2026-04-28T06:00:33","modified_gmt":"2026-04-28T04:00:33","slug":"metsajoogaa-aasien-kanssa","status":"publish","type":"product","link":"https:\/\/satuaasintalli.fi\/index.php\/tuote\/metsajoogaa-aasien-kanssa\/","title":{"rendered":"Joogaa aasien kanssa"},"content":{"rendered":"<p>L\u00e4hde mukaan ainutlaatuiselle rentoutusmatkalle aasien kanssa! T\u00e4m\u00e4 el\u00e4mys yhdist\u00e4\u00e4 lempe\u00e4n aasik\u00e4velyn ja luonnon keskell\u00e4 ohjatun joogatunnin \u2013 t\u00e4ydellinen tapa pys\u00e4hty\u00e4, heng\u00e4ht\u00e4\u00e4 ja nauttia hetkest\u00e4. Et tarvitse aiempaa kokemusta aasien kanssa toimimisesta tai joogasta \u2013 riitt\u00e4\u00e4, ett\u00e4 haluat rentoutua ja nauttia hetkest\u00e4.<\/p>\n<p>L\u00e4hdemme yhdess\u00e4 aaseja taluttaen k\u00e4velylle mets\u00e4\u00e4n ja viet\u00e4mme m\u00e4\u00e4r\u00e4np\u00e4\u00e4ss\u00e4 ohjatun joogatuokion. Kyseess\u00e4 on lempe\u00e4sti kehoa aistiva, iloa ja mielikuvia sis\u00e4lt\u00e4v\u00e4 joogaharjoitus, joka sopii kaikille. Mukaan ei tarvitse ottaa joogamattoa, mutta halutessasi voit ottaa kokoon taitettavan istuinalustan itsellesi (lainattavissa my\u00f6s tallilta). Eri joogakerroilla suuntaamme hieman erilaiseen kohteeseen (mm. j\u00e4rven ranta, mets\u00e4n siimes) ja k\u00e4velymatkaa kertyy yhteens\u00e4 noin 2-3 kilometri\u00e4. Jokainen saa halutessaan k\u00e4velyn aikana taluttaa aasia. Joogatuokion j\u00e4lkeen nautimme virkist\u00e4v\u00e4n juoman ja sitten suuntaamme aasien kanssa takaisin tallille.<\/p>\n<p>Aasien kanssa toimimisesta huolehtii tallinpit\u00e4j\u00e4 Satu Valkas. Joogaohjauksesta vastaa Satu Bethell, joka on koulutettu joogaohjaaja.<\/p>\n<p>Mukaan otetaan noin 10 osallistujaa ilmoittautumisj\u00e4rjestyksess\u00e4.<\/p>\n<p>Tapahtumalla on s\u00e4\u00e4varaus. Kovin sateisella s\u00e4\u00e4ll\u00e4 joogaosuus voidaan tehd\u00e4 tallissa sis\u00e4ll\u00e4 tai latokahvilassa, jotta kastumista kaihtavat aasit eiv\u00e4t joudu sateeseen. Mets\u00e4k\u00e4velyn sijasta tuolloin tutustutaan muuten aasien seuraan. Oikeudet muutoksiin pidet\u00e4\u00e4n.<\/p>\n","protected":false},"excerpt":{"rendered":"<p>T\u00e4m\u00e4 el\u00e4mys yhdist\u00e4\u00e4 lempe\u00e4n aasik\u00e4velyn ja luonnon keskell\u00e4 ohjatun joogatunnin \u2013 t\u00e4ydellinen tapa pys\u00e4hty\u00e4, heng\u00e4ht\u00e4\u00e4 ja nauttia hetkest\u00e4. Et tarvitse aiempaa kokemusta aasien kanssa toimimisesta tai joogasta \u2013 riitt\u00e4\u00e4, ett\u00e4 haluat rentoutua ja nauttia hetkest\u00e4.<\/p>\n<p><strong data-start=\"314\" data-end=\"339\">Mit\u00e4 el\u00e4mys sis\u00e4lt\u00e4\u00e4?<\/strong><br data-start=\"339\" data-end=\"342\" \/>Aasik\u00e4vely mets\u00e4\u00e4n \u2013 kuljemme rauhalliseen tahtiin, aasit rinnallamme<br data-start=\"428\" data-end=\"431\" \/>Ohjattu joogatunti luonnon helmassa \u2013 venytyst\u00e4, hengityst\u00e4 ja l\u00e4sn\u00e4oloa mets\u00e4n syliss\u00e4<\/p>\n","protected":false},"featured_media":2845,"comment_status":"open","ping_status":"closed","template":"","meta":[],"product_brand":[],"product_cat":[24],"product_tag":[40,37,39,38,41],"class_list":{"0":"post-2722","1":"product","2":"type-product","3":"status-publish","4":"has-post-thumbnail","6":"product_cat-aasiaktiviteetit","7":"product_tag-aasiretki","8":"product_tag-jooga","9":"product_tag-metsajooga","10":"product_tag-metsaretki","11":"product_tag-rentoutuminen","12":"wcpa_has_options","14":"first","15":"instock","16":"virtual","17":"taxable","18":"purchasable","19":"product-type-simple"},"yoast_head":"<!-- This site is optimized with the Yoast SEO plugin v27.5 - https:\/\/yoast.com\/product\/yoast-seo-wordpress\/ -->\n<title>Joogaa aasien kanssa - SatuAasin talli<\/title>\n<meta name=\"description\" content=\"Joogaa aasien kanssa! Lempe\u00e4 aasik\u00e4vely ja luonnon keskell\u00e4 ohjattu joogatunti - t\u00e4ydellinen tapa pys\u00e4hty\u00e4, heng\u00e4ht\u00e4\u00e4 ja nauttia hetkest\u00e4.\" \/>\n<meta name=\"robots\" content=\"index, follow, max-snippet:-1, max-image-preview:large, max-video-preview:-1\" \/>\n<link rel=\"canonical\" href=\"https:\/\/satuaasintalli.fi\/index.php\/tuote\/metsajoogaa-aasien-kanssa\/\" \/>\n<meta property=\"og:locale\" content=\"fi_FI\" \/>\n<meta property=\"og:type\" content=\"article\" \/>\n<meta property=\"og:title\" content=\"Joogaa aasien kanssa - SatuAasin talli\" \/>\n<meta property=\"og:description\" content=\"Joogaa aasien kanssa! Lempe\u00e4 aasik\u00e4vely ja luonnon keskell\u00e4 ohjattu joogatunti - t\u00e4ydellinen tapa pys\u00e4hty\u00e4, heng\u00e4ht\u00e4\u00e4 ja nauttia hetkest\u00e4.\" \/>\n<meta property=\"og:url\" content=\"https:\/\/satuaasintalli.fi\/index.php\/tuote\/metsajoogaa-aasien-kanssa\/\" \/>\n<meta property=\"og:site_name\" content=\"SatuAasin talli\" \/>\n<meta property=\"article:publisher\" content=\"https:\/\/www.facebook.com\/hevostoimintavalkas\/\" \/>\n<meta property=\"article:modified_time\" content=\"2026-04-28T04:00:33+00:00\" \/>\n<meta property=\"og:image\" content=\"https:\/\/satuaasintalli.fi\/wp-content\/uploads\/2025\/02\/Joogaamassa.jpg\" \/>\n\t<meta property=\"og:image:width\" content=\"1500\" \/>\n\t<meta property=\"og:image:height\" content=\"2000\" \/>\n\t<meta property=\"og:image:type\" content=\"image\/jpeg\" \/>\n<meta name=\"twitter:card\" content=\"summary_large_image\" \/>\n<meta name=\"twitter:label1\" content=\"Arvioitu lukuaika\" \/>\n\t<meta name=\"twitter:data1\" content=\"2 minuuttia\" \/>\n<script type=\"application\/ld+json\" class=\"yoast-schema-graph\">{\"@context\":\"https:\\\/\\\/schema.org\",\"@graph\":[{\"@type\":\"WebPage\",\"@id\":\"https:\\\/\\\/satuaasintalli.fi\\\/index.php\\\/tuote\\\/metsajoogaa-aasien-kanssa\\\/\",\"url\":\"https:\\\/\\\/satuaasintalli.fi\\\/index.php\\\/tuote\\\/metsajoogaa-aasien-kanssa\\\/\",\"name\":\"Joogaa aasien kanssa - SatuAasin talli\",\"isPartOf\":{\"@id\":\"https:\\\/\\\/satuaasintalli.fi\\\/#website\"},\"primaryImageOfPage\":{\"@id\":\"https:\\\/\\\/satuaasintalli.fi\\\/index.php\\\/tuote\\\/metsajoogaa-aasien-kanssa\\\/#primaryimage\"},\"image\":{\"@id\":\"https:\\\/\\\/satuaasintalli.fi\\\/index.php\\\/tuote\\\/metsajoogaa-aasien-kanssa\\\/#primaryimage\"},\"thumbnailUrl\":\"https:\\\/\\\/satuaasintalli.fi\\\/wp-content\\\/uploads\\\/2025\\\/02\\\/Joogaamassa.jpg\",\"datePublished\":\"2025-02-17T11:14:14+00:00\",\"dateModified\":\"2026-04-28T04:00:33+00:00\",\"description\":\"Joogaa aasien kanssa! Lempe\u00e4 aasik\u00e4vely ja luonnon keskell\u00e4 ohjattu joogatunti - t\u00e4ydellinen tapa pys\u00e4hty\u00e4, heng\u00e4ht\u00e4\u00e4 ja nauttia hetkest\u00e4.\",\"breadcrumb\":{\"@id\":\"https:\\\/\\\/satuaasintalli.fi\\\/index.php\\\/tuote\\\/metsajoogaa-aasien-kanssa\\\/#breadcrumb\"},\"inLanguage\":\"fi\",\"potentialAction\":[{\"@type\":\"ReadAction\",\"target\":[\"https:\\\/\\\/satuaasintalli.fi\\\/index.php\\\/tuote\\\/metsajoogaa-aasien-kanssa\\\/\"]}]},{\"@type\":\"ImageObject\",\"inLanguage\":\"fi\",\"@id\":\"https:\\\/\\\/satuaasintalli.fi\\\/index.php\\\/tuote\\\/metsajoogaa-aasien-kanssa\\\/#primaryimage\",\"url\":\"https:\\\/\\\/satuaasintalli.fi\\\/wp-content\\\/uploads\\\/2025\\\/02\\\/Joogaamassa.jpg\",\"contentUrl\":\"https:\\\/\\\/satuaasintalli.fi\\\/wp-content\\\/uploads\\\/2025\\\/02\\\/Joogaamassa.jpg\",\"width\":1500,\"height\":2000,\"caption\":\"Joogaamista puita apuna k\u00e4ytt\u00e4en, aasit mukana tapahtumassa\"},{\"@type\":\"BreadcrumbList\",\"@id\":\"https:\\\/\\\/satuaasintalli.fi\\\/index.php\\\/tuote\\\/metsajoogaa-aasien-kanssa\\\/#breadcrumb\",\"itemListElement\":[{\"@type\":\"ListItem\",\"position\":1,\"name\":\"Home\",\"item\":\"https:\\\/\\\/satuaasintalli.fi\\\/\"},{\"@type\":\"ListItem\",\"position\":2,\"name\":\"Tervetuloa SatuAasien kauppaan!\",\"item\":\"https:\\\/\\\/satuaasintalli.fi\\\/index.php\\\/kauppa\\\/\"},{\"@type\":\"ListItem\",\"position\":3,\"name\":\"Joogaa aasien kanssa\"}]},{\"@type\":\"WebSite\",\"@id\":\"https:\\\/\\\/satuaasintalli.fi\\\/#website\",\"url\":\"https:\\\/\\\/satuaasintalli.fi\\\/\",\"name\":\"SatuAasin talli\",\"description\":\"SatuAasin tallin kotisivut ja verkkokauppa\",\"publisher\":{\"@id\":\"https:\\\/\\\/satuaasintalli.fi\\\/#organization\"},\"potentialAction\":[{\"@type\":\"SearchAction\",\"target\":{\"@type\":\"EntryPoint\",\"urlTemplate\":\"https:\\\/\\\/satuaasintalli.fi\\\/?s={search_term_string}\"},\"query-input\":{\"@type\":\"PropertyValueSpecification\",\"valueRequired\":true,\"valueName\":\"search_term_string\"}}],\"inLanguage\":\"fi\"},{\"@type\":\"Organization\",\"@id\":\"https:\\\/\\\/satuaasintalli.fi\\\/#organization\",\"name\":\"SatuAasin talli\",\"url\":\"https:\\\/\\\/satuaasintalli.fi\\\/\",\"logo\":{\"@type\":\"ImageObject\",\"inLanguage\":\"fi\",\"@id\":\"https:\\\/\\\/satuaasintalli.fi\\\/#\\\/schema\\\/logo\\\/image\\\/\",\"url\":\"https:\\\/\\\/satuaasintalli.fi\\\/wp-content\\\/uploads\\\/2022\\\/03\\\/SatuAasin-talli-logo.png\",\"contentUrl\":\"https:\\\/\\\/satuaasintalli.fi\\\/wp-content\\\/uploads\\\/2022\\\/03\\\/SatuAasin-talli-logo.png\",\"width\":500,\"height\":523,\"caption\":\"SatuAasin talli\"},\"image\":{\"@id\":\"https:\\\/\\\/satuaasintalli.fi\\\/#\\\/schema\\\/logo\\\/image\\\/\"},\"sameAs\":[\"https:\\\/\\\/www.facebook.com\\\/hevostoimintavalkas\\\/\",\"https:\\\/\\\/www.instagram.com\\\/satuaasintalli\\\/?hl=fi\"]}]}<\/script>\n<!-- \/ Yoast SEO plugin. -->","yoast_head_json":{"title":"Joogaa aasien kanssa - SatuAasin talli","description":"Joogaa aasien kanssa! Lempe\u00e4 aasik\u00e4vely ja luonnon keskell\u00e4 ohjattu joogatunti - t\u00e4ydellinen tapa pys\u00e4hty\u00e4, heng\u00e4ht\u00e4\u00e4 ja nauttia hetkest\u00e4.","robots":{"index":"index","follow":"follow","max-snippet":"max-snippet:-1","max-image-preview":"max-image-preview:large","max-video-preview":"max-video-preview:-1"},"canonical":"https:\/\/satuaasintalli.fi\/index.php\/tuote\/metsajoogaa-aasien-kanssa\/","og_locale":"fi_FI","og_type":"article","og_title":"Joogaa aasien kanssa - SatuAasin talli","og_description":"Joogaa aasien kanssa! Lempe\u00e4 aasik\u00e4vely ja luonnon keskell\u00e4 ohjattu joogatunti - t\u00e4ydellinen tapa pys\u00e4hty\u00e4, heng\u00e4ht\u00e4\u00e4 ja nauttia hetkest\u00e4.","og_url":"https:\/\/satuaasintalli.fi\/index.php\/tuote\/metsajoogaa-aasien-kanssa\/","og_site_name":"SatuAasin talli","article_publisher":"https:\/\/www.facebook.com\/hevostoimintavalkas\/","article_modified_time":"2026-04-28T04:00:33+00:00","og_image":[{"width":1500,"height":2000,"url":"https:\/\/satuaasintalli.fi\/wp-content\/uploads\/2025\/02\/Joogaamassa.jpg","type":"image\/jpeg"}],"twitter_card":"summary_large_image","twitter_misc":{"Arvioitu lukuaika":"2 minuuttia"},"schema":{"@context":"https:\/\/schema.org","@graph":[{"@type":"WebPage","@id":"https:\/\/satuaasintalli.fi\/index.php\/tuote\/metsajoogaa-aasien-kanssa\/","url":"https:\/\/satuaasintalli.fi\/index.php\/tuote\/metsajoogaa-aasien-kanssa\/","name":"Joogaa aasien kanssa - SatuAasin talli","isPartOf":{"@id":"https:\/\/satuaasintalli.fi\/#website"},"primaryImageOfPage":{"@id":"https:\/\/satuaasintalli.fi\/index.php\/tuote\/metsajoogaa-aasien-kanssa\/#primaryimage"},"image":{"@id":"https:\/\/satuaasintalli.fi\/index.php\/tuote\/metsajoogaa-aasien-kanssa\/#primaryimage"},"thumbnailUrl":"https:\/\/satuaasintalli.fi\/wp-content\/uploads\/2025\/02\/Joogaamassa.jpg","datePublished":"2025-02-17T11:14:14+00:00","dateModified":"2026-04-28T04:00:33+00:00","description":"Joogaa aasien kanssa! Lempe\u00e4 aasik\u00e4vely ja luonnon keskell\u00e4 ohjattu joogatunti - t\u00e4ydellinen tapa pys\u00e4hty\u00e4, heng\u00e4ht\u00e4\u00e4 ja nauttia hetkest\u00e4.","breadcrumb":{"@id":"https:\/\/satuaasintalli.fi\/index.php\/tuote\/metsajoogaa-aasien-kanssa\/#breadcrumb"},"inLanguage":"fi","potentialAction":[{"@type":"ReadAction","target":["https:\/\/satuaasintalli.fi\/index.php\/tuote\/metsajoogaa-aasien-kanssa\/"]}]},{"@type":"ImageObject","inLanguage":"fi","@id":"https:\/\/satuaasintalli.fi\/index.php\/tuote\/metsajoogaa-aasien-kanssa\/#primaryimage","url":"https:\/\/satuaasintalli.fi\/wp-content\/uploads\/2025\/02\/Joogaamassa.jpg","contentUrl":"https:\/\/satuaasintalli.fi\/wp-content\/uploads\/2025\/02\/Joogaamassa.jpg","width":1500,"height":2000,"caption":"Joogaamista puita apuna k\u00e4ytt\u00e4en, aasit mukana tapahtumassa"},{"@type":"BreadcrumbList","@id":"https:\/\/satuaasintalli.fi\/index.php\/tuote\/metsajoogaa-aasien-kanssa\/#breadcrumb","itemListElement":[{"@type":"ListItem","position":1,"name":"Home","item":"https:\/\/satuaasintalli.fi\/"},{"@type":"ListItem","position":2,"name":"Tervetuloa SatuAasien kauppaan!","item":"https:\/\/satuaasintalli.fi\/index.php\/kauppa\/"},{"@type":"ListItem","position":3,"name":"Joogaa aasien kanssa"}]},{"@type":"WebSite","@id":"https:\/\/satuaasintalli.fi\/#website","url":"https:\/\/satuaasintalli.fi\/","name":"SatuAasin talli","description":"SatuAasin tallin kotisivut ja verkkokauppa","publisher":{"@id":"https:\/\/satuaasintalli.fi\/#organization"},"potentialAction":[{"@type":"SearchAction","target":{"@type":"EntryPoint","urlTemplate":"https:\/\/satuaasintalli.fi\/?s={search_term_string}"},"query-input":{"@type":"PropertyValueSpecification","valueRequired":true,"valueName":"search_term_string"}}],"inLanguage":"fi"},{"@type":"Organization","@id":"https:\/\/satuaasintalli.fi\/#organization","name":"SatuAasin talli","url":"https:\/\/satuaasintalli.fi\/","logo":{"@type":"ImageObject","inLanguage":"fi","@id":"https:\/\/satuaasintalli.fi\/#\/schema\/logo\/image\/","url":"https:\/\/satuaasintalli.fi\/wp-content\/uploads\/2022\/03\/SatuAasin-talli-logo.png","contentUrl":"https:\/\/satuaasintalli.fi\/wp-content\/uploads\/2022\/03\/SatuAasin-talli-logo.png","width":500,"height":523,"caption":"SatuAasin talli"},"image":{"@id":"https:\/\/satuaasintalli.fi\/#\/schema\/logo\/image\/"},"sameAs":["https:\/\/www.facebook.com\/hevostoimintavalkas\/","https:\/\/www.instagram.com\/satuaasintalli\/?hl=fi"]}]}},"wcpa_form_fields":{"wcpaData":{"product":{"product_price":59,"price_html":"<span class=\"woocommerce-Price-amount amount\"><bdi>59,00&nbsp;<span class=\"woocommerce-Price-currencySymbol\">&euro;<\/span><\/bdi><\/span>","original_product_price":59,"price_including_tax":59,"price_excluding_tax":51.98237900000000166755853570066392421722412109375,"product_id":{"parent":2722,"variation":false},"is_variable":false,"stock_status":"instock","stock_quantity":null,"parent_sku":"","product_attributes":[],"custom_fields":[],"is_taxable":true,"product_name":"Joogaa aasien kanssa","hasImage":false},"fields":{"sec_1067b314305e028":{"extra":{"key":"sec_1067b314305e028","section_id":"sec_1067b314305e028","name":"Default","status":1,"cl_rule":"show","enableCl":false,"relations":[],"toggle":true,"title_tag":"h3","show_title":false,"showPrice":"default","form_id":2726,"form_rules":{"exclude_from_discount":false,"fee_label":"","disp_hide_options_price":false,"disp_show_section_price":false,"disp_show_field_price":true,"layout_option":"standard","pric_use_as_fee":false,"process_fee_as":"woo_fee"},"layout_option":"standard"},"fields":[[{"active":true,"col":6,"relations":false,"cl_rule":"show","enableCl":false,"price":"","enablePrice":true,"className":"","label_position":"default","desc_position":"default","type":"checkbox-group","required":false,"elementId":"checkgroup_3689803444","label":"Valitse mille joogakerroista tulet mukaan.","name":"checkgroup_3689803444","values":[{"label":"La 6.6. klo 10-12","value":"6.6.","selected":false,"tempId":"aco_4183","price":"59","gt_translate_keys":["label"]},{"label":"Ma 6.7. klo 17-19","value":"6.7.","selected":false,"tempId":"aco_4184","price":"59","gt_translate_keys":["label"]}],"layOut":"","error":false,"checkUi":"","priceOptions":"different_for_all","pricingType":"fixed","isWeightTemplate":false,"isTemplate":false,"min_quantity":"1","quantity_decimal":false,"quantity_step":"1","quantity_label":"Quantity","repeater_field_label":"{field_label}","repeater_bind":"","gt_translate_keys":["label","repeater_field_label","quantity_label"],"price_dependency":false,"cl_dependency":false,"value":""}]]}},"config":{"price_override":"if_gt_zero","enable_recaptcha":false,"bind_quantity":false,"quantity_bind_formula":false,"disp_summ_show_option_price":true,"disp_summ_show_product_price":true,"disp_summ_show_total_price":true,"disp_summ_show_fee":false,"disp_summ_show_discount":false,"summary_title":"","options_total_label":"Lis\u00e4valinnat","total_label":"Yhteens\u00e4","options_product_label":"Tuotteen hinta","fee_label":"","discount_label":"Alennus","has_price":true,"has_quantity_formula":false},"mc_unit":1,"tax_rate":1,"tax_rate_real":0.1350000000000000088817841970012523233890533447265625,"discount":{"percentage":0,"fixed":0},"design":{"conf":{"LabelPosition":"above","DescPosition":"above","UploadField":"custom_1","QuantityFieldStyle":"default"},"css":{"LeftLabelWidth":"100px"}},"formulas":[],"lookuptables":[],"clones":false,"cartKey":false}},"_links":{"self":[{"href":"https:\/\/satuaasintalli.fi\/index.php\/wp-json\/wp\/v2\/product\/2722","targetHints":{"allow":["GET"]}}],"collection":[{"href":"https:\/\/satuaasintalli.fi\/index.php\/wp-json\/wp\/v2\/product"}],"about":[{"href":"https:\/\/satuaasintalli.fi\/index.php\/wp-json\/wp\/v2\/types\/product"}],"replies":[{"embeddable":true,"href":"https:\/\/satuaasintalli.fi\/index.php\/wp-json\/wp\/v2\/comments?post=2722"}],"version-history":[{"count":7,"href":"https:\/\/satuaasintalli.fi\/index.php\/wp-json\/wp\/v2\/product\/2722\/revisions"}],"predecessor-version":[{"id":4003,"href":"https:\/\/satuaasintalli.fi\/index.php\/wp-json\/wp\/v2\/product\/2722\/revisions\/4003"}],"wp:featuredmedia":[{"embeddable":true,"href":"https:\/\/satuaasintalli.fi\/index.php\/wp-json\/wp\/v2\/media\/2845"}],"wp:attachment":[{"href":"https:\/\/satuaasintalli.fi\/index.php\/wp-json\/wp\/v2\/media?parent=2722"}],"wp:term":[{"taxonomy":"product_brand","embeddable":true,"href":"https:\/\/satuaasintalli.fi\/index.php\/wp-json\/wp\/v2\/product_brand?post=2722"},{"taxonomy":"product_cat","embeddable":true,"href":"https:\/\/satuaasintalli.fi\/index.php\/wp-json\/wp\/v2\/product_cat?post=2722"},{"taxonomy":"product_tag","embeddable":true,"href":"https:\/\/satuaasintalli.fi\/index.php\/wp-json\/wp\/v2\/product_tag?post=2722"}],"curies":[{"name":"wp","href":"https:\/\/api.w.org\/{rel}","templated":true}]}}