{"id":2718,"date":"2025-02-17T09:35:48","date_gmt":"2025-02-17T09:35:48","guid":{"rendered":"https:\/\/satuaasintalli.fi\/?post_type=product&#038;p=2718"},"modified":"2026-04-30T21:32:52","modified_gmt":"2026-04-30T19:32:52","slug":"yo-aasitallilla","status":"publish","type":"product","link":"https:\/\/satuaasintalli.fi\/index.php\/tuote\/yo-aasitallilla\/","title":{"rendered":"Y\u00f6 aasitallilla"},"content":{"rendered":"<p><strong>Viet\u00e4 y\u00f6 aasitallilla 8.-9.7.26!<\/strong><\/p>\n<p>Tule mukaan viett\u00e4m\u00e4\u00e4n ilta, y\u00f6 ja aamu aasiemme kanssa. Y\u00f6 aasitallilla -tapahtumassa p\u00e4\u00e4set mukaan seuraamaan, mit\u00e4 aasitallin ilta- ja aamupuuhiin kuuluu ja p\u00e4\u00e4set my\u00f6s harjailemaan ja ruokkimaan aaseja illan ja aamun aikana. Aasit ovat el\u00e4imi\u00e4, jotka eiv\u00e4t nuku yht\u00e4 pitki\u00e4 y\u00f6unia kuin me ihmiset, joten saatat y\u00f6ll\u00e4 my\u00f6s kuulla aasien kavioiden kopsetta ja ruuan rouskutusta.<\/p>\n<p>Sy\u00f6mme yhdess\u00e4 ilta- ja aamupalaa. Voit tuoda omia ev\u00e4it\u00e4 tai tilata tallin tarjoaman buffetp\u00f6yd\u00e4n antimet itsellesikin. Mainitse ev\u00e4\u00e4t tilatessa mahdolliset erityisruokavaliotoiveet kassalla lis\u00e4tietoja-kohdassa. Latokahvilassa on omien ev\u00e4iden s\u00e4ilytt\u00e4mismahdollisuus.<\/p>\n<p>Tapahtuma sopii kaikille luonnon ja el\u00e4inten yst\u00e4ville, perheille (lapset 10-vuotiaasta yl\u00f6sp\u00e4in), pariskunnille ja seikkailunhaluisille! T\u00e4m\u00e4 on t\u00e4ydellinen tapa irrottautua arjesta ja kokea jotakin uutta ja unohtumatonta.<\/p>\n<p>Valmiita petipaikkoja on rajoitettu m\u00e4\u00e4r\u00e4, joten varaa oma paikkasi pian ja tule kokemaan unohtumaton y\u00f6 aasien kanssa. Voit valita y\u00f6vytk\u00f6 sis\u00e4ll\u00e4 tallissa vai ulkosalla aasien niityll\u00e4. Omilla majoitusvarusteilla (teltta tai riippumatto) tulevia mahtuu mukaan enemm\u00e4nkin.<\/p>\n","protected":false},"excerpt":{"rendered":"<p><strong>Viet\u00e4 y\u00f6 aasitallilla 8.-9.7.26!<\/strong><\/p>\n<p>Kun p\u00e4iv\u00e4 vaihtuu iltaan, aasit vaipuvat iltatoimiinsa \u2013 mutta mit\u00e4 jos j\u00e4isitkin niiden seuraan?<\/p>\n<p>Mit\u00e4 el\u00e4mysy\u00f6 sis\u00e4lt\u00e4\u00e4?<br data-start=\"425\" data-end=\"428\" \/>L\u00e4mminhenkinen ilta aasitallilla \u2013 tutustumista aaseihin ja iltapala sek\u00e4 aaseille ett\u00e4 ihmisille<br data-start=\"509\" data-end=\"512\" \/>Valitse mieleisesi majoitus: telttailu aasien niityll\u00e4 tai tallissa riippumatossa tai patjapaikalla<br data-start=\"636\" data-end=\"639\" \/>Aamu aasien seurassa \u2013 aamuaskareita, ruokintaa ja kiireet\u00f6n aamupala<\/p>\n<p>Valmiita petipaikkoja on rajoitettu m\u00e4\u00e4r\u00e4, joten varaa oma paikkasi nyt ja tule kokemaan unohtumaton y\u00f6 aasien kanssa.<\/p>\n<p>&nbsp;<\/p>\n","protected":false},"featured_media":2851,"comment_status":"open","ping_status":"closed","template":"","meta":[],"product_brand":[],"product_cat":[24],"product_tag":[42,88,90,89],"class_list":{"0":"post-2718","1":"product","2":"type-product","3":"status-publish","4":"has-post-thumbnail","6":"product_cat-aasiaktiviteetit","7":"product_tag-luontoelamys","8":"product_tag-nuku-yo-ulkona","9":"product_tag-riippumatto","10":"product_tag-yo-aasitallilla","11":"wcpa_has_options","13":"first","14":"instock","15":"virtual","16":"taxable","17":"purchasable","18":"product-type-simple"},"yoast_head":"<!-- This site is optimized with the Yoast SEO plugin v27.5 - https:\/\/yoast.com\/product\/yoast-seo-wordpress\/ -->\n<title>Y\u00f6 aasitallilla - SatuAasin talli<\/title>\n<meta name=\"description\" content=\"\ud83c\udf19 Y\u00f6 Aasitallilla \u2013 Unohtumaton el\u00e4mys SatuAasin tallilla! Nyt sinulla on mahdollisuus y\u00f6py\u00e4 aasiemme seurassa ja kokea y\u00f6n taika luonnon keskell\u00e4!\" \/>\n<meta name=\"robots\" content=\"index, follow, max-snippet:-1, max-image-preview:large, max-video-preview:-1\" \/>\n<link rel=\"canonical\" href=\"https:\/\/satuaasintalli.fi\/index.php\/tuote\/yo-aasitallilla\/\" \/>\n<meta property=\"og:locale\" content=\"fi_FI\" \/>\n<meta property=\"og:type\" content=\"article\" \/>\n<meta property=\"og:title\" content=\"Y\u00f6 aasitallilla - SatuAasin talli\" \/>\n<meta property=\"og:description\" content=\"\ud83c\udf19 Y\u00f6 Aasitallilla \u2013 Unohtumaton el\u00e4mys SatuAasin tallilla! Nyt sinulla on mahdollisuus y\u00f6py\u00e4 aasiemme seurassa ja kokea y\u00f6n taika luonnon keskell\u00e4!\" \/>\n<meta property=\"og:url\" content=\"https:\/\/satuaasintalli.fi\/index.php\/tuote\/yo-aasitallilla\/\" \/>\n<meta property=\"og:site_name\" content=\"SatuAasin talli\" \/>\n<meta property=\"article:publisher\" content=\"https:\/\/www.facebook.com\/hevostoimintavalkas\/\" \/>\n<meta property=\"article:modified_time\" content=\"2026-04-30T19:32:52+00:00\" \/>\n<meta property=\"og:image\" content=\"https:\/\/satuaasintalli.fi\/wp-content\/uploads\/2025\/02\/OP4_3431.jpg\" \/>\n\t<meta property=\"og:image:width\" content=\"2000\" \/>\n\t<meta property=\"og:image:height\" content=\"1334\" \/>\n\t<meta property=\"og:image:type\" content=\"image\/jpeg\" \/>\n<meta name=\"twitter:card\" content=\"summary_large_image\" \/>\n<meta name=\"twitter:label1\" content=\"Arvioitu lukuaika\" \/>\n\t<meta name=\"twitter:data1\" content=\"2 minuuttia\" \/>\n<script type=\"application\/ld+json\" class=\"yoast-schema-graph\">{\"@context\":\"https:\\\/\\\/schema.org\",\"@graph\":[{\"@type\":\"WebPage\",\"@id\":\"https:\\\/\\\/satuaasintalli.fi\\\/index.php\\\/tuote\\\/yo-aasitallilla\\\/\",\"url\":\"https:\\\/\\\/satuaasintalli.fi\\\/index.php\\\/tuote\\\/yo-aasitallilla\\\/\",\"name\":\"Y\u00f6 aasitallilla - SatuAasin talli\",\"isPartOf\":{\"@id\":\"https:\\\/\\\/satuaasintalli.fi\\\/#website\"},\"primaryImageOfPage\":{\"@id\":\"https:\\\/\\\/satuaasintalli.fi\\\/index.php\\\/tuote\\\/yo-aasitallilla\\\/#primaryimage\"},\"image\":{\"@id\":\"https:\\\/\\\/satuaasintalli.fi\\\/index.php\\\/tuote\\\/yo-aasitallilla\\\/#primaryimage\"},\"thumbnailUrl\":\"https:\\\/\\\/satuaasintalli.fi\\\/wp-content\\\/uploads\\\/2025\\\/02\\\/OP4_3431.jpg\",\"datePublished\":\"2025-02-17T09:35:48+00:00\",\"dateModified\":\"2026-04-30T19:32:52+00:00\",\"description\":\"\ud83c\udf19 Y\u00f6 Aasitallilla \u2013 Unohtumaton el\u00e4mys SatuAasin tallilla! Nyt sinulla on mahdollisuus y\u00f6py\u00e4 aasiemme seurassa ja kokea y\u00f6n taika luonnon keskell\u00e4!\",\"breadcrumb\":{\"@id\":\"https:\\\/\\\/satuaasintalli.fi\\\/index.php\\\/tuote\\\/yo-aasitallilla\\\/#breadcrumb\"},\"inLanguage\":\"fi\",\"potentialAction\":[{\"@type\":\"ReadAction\",\"target\":[\"https:\\\/\\\/satuaasintalli.fi\\\/index.php\\\/tuote\\\/yo-aasitallilla\\\/\"]}]},{\"@type\":\"ImageObject\",\"inLanguage\":\"fi\",\"@id\":\"https:\\\/\\\/satuaasintalli.fi\\\/index.php\\\/tuote\\\/yo-aasitallilla\\\/#primaryimage\",\"url\":\"https:\\\/\\\/satuaasintalli.fi\\\/wp-content\\\/uploads\\\/2025\\\/02\\\/OP4_3431.jpg\",\"contentUrl\":\"https:\\\/\\\/satuaasintalli.fi\\\/wp-content\\\/uploads\\\/2025\\\/02\\\/OP4_3431.jpg\",\"width\":2000,\"height\":1334,\"caption\":\"SatuaAasin tallin kyltin luona kaksi taluttajaa ja miniaasia\"},{\"@type\":\"BreadcrumbList\",\"@id\":\"https:\\\/\\\/satuaasintalli.fi\\\/index.php\\\/tuote\\\/yo-aasitallilla\\\/#breadcrumb\",\"itemListElement\":[{\"@type\":\"ListItem\",\"position\":1,\"name\":\"Home\",\"item\":\"https:\\\/\\\/satuaasintalli.fi\\\/\"},{\"@type\":\"ListItem\",\"position\":2,\"name\":\"Tervetuloa SatuAasien kauppaan!\",\"item\":\"https:\\\/\\\/satuaasintalli.fi\\\/index.php\\\/kauppa\\\/\"},{\"@type\":\"ListItem\",\"position\":3,\"name\":\"Y\u00f6 aasitallilla\"}]},{\"@type\":\"WebSite\",\"@id\":\"https:\\\/\\\/satuaasintalli.fi\\\/#website\",\"url\":\"https:\\\/\\\/satuaasintalli.fi\\\/\",\"name\":\"SatuAasin talli\",\"description\":\"SatuAasin tallin kotisivut ja verkkokauppa\",\"publisher\":{\"@id\":\"https:\\\/\\\/satuaasintalli.fi\\\/#organization\"},\"potentialAction\":[{\"@type\":\"SearchAction\",\"target\":{\"@type\":\"EntryPoint\",\"urlTemplate\":\"https:\\\/\\\/satuaasintalli.fi\\\/?s={search_term_string}\"},\"query-input\":{\"@type\":\"PropertyValueSpecification\",\"valueRequired\":true,\"valueName\":\"search_term_string\"}}],\"inLanguage\":\"fi\"},{\"@type\":\"Organization\",\"@id\":\"https:\\\/\\\/satuaasintalli.fi\\\/#organization\",\"name\":\"SatuAasin talli\",\"url\":\"https:\\\/\\\/satuaasintalli.fi\\\/\",\"logo\":{\"@type\":\"ImageObject\",\"inLanguage\":\"fi\",\"@id\":\"https:\\\/\\\/satuaasintalli.fi\\\/#\\\/schema\\\/logo\\\/image\\\/\",\"url\":\"https:\\\/\\\/satuaasintalli.fi\\\/wp-content\\\/uploads\\\/2022\\\/03\\\/SatuAasin-talli-logo.png\",\"contentUrl\":\"https:\\\/\\\/satuaasintalli.fi\\\/wp-content\\\/uploads\\\/2022\\\/03\\\/SatuAasin-talli-logo.png\",\"width\":500,\"height\":523,\"caption\":\"SatuAasin talli\"},\"image\":{\"@id\":\"https:\\\/\\\/satuaasintalli.fi\\\/#\\\/schema\\\/logo\\\/image\\\/\"},\"sameAs\":[\"https:\\\/\\\/www.facebook.com\\\/hevostoimintavalkas\\\/\",\"https:\\\/\\\/www.instagram.com\\\/satuaasintalli\\\/?hl=fi\"]}]}<\/script>\n<!-- \/ Yoast SEO plugin. -->","yoast_head_json":{"title":"Y\u00f6 aasitallilla - SatuAasin talli","description":"\ud83c\udf19 Y\u00f6 Aasitallilla \u2013 Unohtumaton el\u00e4mys SatuAasin tallilla! Nyt sinulla on mahdollisuus y\u00f6py\u00e4 aasiemme seurassa ja kokea y\u00f6n taika luonnon keskell\u00e4!","robots":{"index":"index","follow":"follow","max-snippet":"max-snippet:-1","max-image-preview":"max-image-preview:large","max-video-preview":"max-video-preview:-1"},"canonical":"https:\/\/satuaasintalli.fi\/index.php\/tuote\/yo-aasitallilla\/","og_locale":"fi_FI","og_type":"article","og_title":"Y\u00f6 aasitallilla - SatuAasin talli","og_description":"\ud83c\udf19 Y\u00f6 Aasitallilla \u2013 Unohtumaton el\u00e4mys SatuAasin tallilla! Nyt sinulla on mahdollisuus y\u00f6py\u00e4 aasiemme seurassa ja kokea y\u00f6n taika luonnon keskell\u00e4!","og_url":"https:\/\/satuaasintalli.fi\/index.php\/tuote\/yo-aasitallilla\/","og_site_name":"SatuAasin talli","article_publisher":"https:\/\/www.facebook.com\/hevostoimintavalkas\/","article_modified_time":"2026-04-30T19:32:52+00:00","og_image":[{"width":2000,"height":1334,"url":"https:\/\/satuaasintalli.fi\/wp-content\/uploads\/2025\/02\/OP4_3431.jpg","type":"image\/jpeg"}],"twitter_card":"summary_large_image","twitter_misc":{"Arvioitu lukuaika":"2 minuuttia"},"schema":{"@context":"https:\/\/schema.org","@graph":[{"@type":"WebPage","@id":"https:\/\/satuaasintalli.fi\/index.php\/tuote\/yo-aasitallilla\/","url":"https:\/\/satuaasintalli.fi\/index.php\/tuote\/yo-aasitallilla\/","name":"Y\u00f6 aasitallilla - SatuAasin talli","isPartOf":{"@id":"https:\/\/satuaasintalli.fi\/#website"},"primaryImageOfPage":{"@id":"https:\/\/satuaasintalli.fi\/index.php\/tuote\/yo-aasitallilla\/#primaryimage"},"image":{"@id":"https:\/\/satuaasintalli.fi\/index.php\/tuote\/yo-aasitallilla\/#primaryimage"},"thumbnailUrl":"https:\/\/satuaasintalli.fi\/wp-content\/uploads\/2025\/02\/OP4_3431.jpg","datePublished":"2025-02-17T09:35:48+00:00","dateModified":"2026-04-30T19:32:52+00:00","description":"\ud83c\udf19 Y\u00f6 Aasitallilla \u2013 Unohtumaton el\u00e4mys SatuAasin tallilla! Nyt sinulla on mahdollisuus y\u00f6py\u00e4 aasiemme seurassa ja kokea y\u00f6n taika luonnon keskell\u00e4!","breadcrumb":{"@id":"https:\/\/satuaasintalli.fi\/index.php\/tuote\/yo-aasitallilla\/#breadcrumb"},"inLanguage":"fi","potentialAction":[{"@type":"ReadAction","target":["https:\/\/satuaasintalli.fi\/index.php\/tuote\/yo-aasitallilla\/"]}]},{"@type":"ImageObject","inLanguage":"fi","@id":"https:\/\/satuaasintalli.fi\/index.php\/tuote\/yo-aasitallilla\/#primaryimage","url":"https:\/\/satuaasintalli.fi\/wp-content\/uploads\/2025\/02\/OP4_3431.jpg","contentUrl":"https:\/\/satuaasintalli.fi\/wp-content\/uploads\/2025\/02\/OP4_3431.jpg","width":2000,"height":1334,"caption":"SatuaAasin tallin kyltin luona kaksi taluttajaa ja miniaasia"},{"@type":"BreadcrumbList","@id":"https:\/\/satuaasintalli.fi\/index.php\/tuote\/yo-aasitallilla\/#breadcrumb","itemListElement":[{"@type":"ListItem","position":1,"name":"Home","item":"https:\/\/satuaasintalli.fi\/"},{"@type":"ListItem","position":2,"name":"Tervetuloa SatuAasien kauppaan!","item":"https:\/\/satuaasintalli.fi\/index.php\/kauppa\/"},{"@type":"ListItem","position":3,"name":"Y\u00f6 aasitallilla"}]},{"@type":"WebSite","@id":"https:\/\/satuaasintalli.fi\/#website","url":"https:\/\/satuaasintalli.fi\/","name":"SatuAasin talli","description":"SatuAasin tallin kotisivut ja verkkokauppa","publisher":{"@id":"https:\/\/satuaasintalli.fi\/#organization"},"potentialAction":[{"@type":"SearchAction","target":{"@type":"EntryPoint","urlTemplate":"https:\/\/satuaasintalli.fi\/?s={search_term_string}"},"query-input":{"@type":"PropertyValueSpecification","valueRequired":true,"valueName":"search_term_string"}}],"inLanguage":"fi"},{"@type":"Organization","@id":"https:\/\/satuaasintalli.fi\/#organization","name":"SatuAasin talli","url":"https:\/\/satuaasintalli.fi\/","logo":{"@type":"ImageObject","inLanguage":"fi","@id":"https:\/\/satuaasintalli.fi\/#\/schema\/logo\/image\/","url":"https:\/\/satuaasintalli.fi\/wp-content\/uploads\/2022\/03\/SatuAasin-talli-logo.png","contentUrl":"https:\/\/satuaasintalli.fi\/wp-content\/uploads\/2022\/03\/SatuAasin-talli-logo.png","width":500,"height":523,"caption":"SatuAasin talli"},"image":{"@id":"https:\/\/satuaasintalli.fi\/#\/schema\/logo\/image\/"},"sameAs":["https:\/\/www.facebook.com\/hevostoimintavalkas\/","https:\/\/www.instagram.com\/satuaasintalli\/?hl=fi"]}]}},"wcpa_form_fields":{"wcpaData":{"product":{"product_price":50,"price_html":"<span class=\"woocommerce-Price-amount amount\"><bdi>50,00&nbsp;<span class=\"woocommerce-Price-currencySymbol\">&euro;<\/span><\/bdi><\/span>","original_product_price":50,"price_including_tax":50,"price_excluding_tax":39.8406370000000009667928679846227169036865234375,"product_id":{"parent":2718,"variation":false},"is_variable":false,"stock_status":"instock","stock_quantity":null,"parent_sku":"","product_attributes":[],"custom_fields":[],"is_taxable":true,"product_name":"Y\u00f6 aasitallilla","hasImage":false},"fields":{"sec_767c3067034831":{"extra":{"key":"sec_767c3067034831","section_id":"sec_767c3067034831","name":"Default","status":1,"cl_rule":"show","enableCl":false,"relations":[],"toggle":true,"title_tag":"h3","show_title":false,"showPrice":"default","form_id":3237,"form_rules":{"exclude_from_discount":false,"fee_label":"","disp_hide_options_price":false,"disp_show_section_price":false,"disp_show_field_price":true,"layout_option":"standard","pric_use_as_fee":false,"process_fee_as":"woo_fee"},"layout_option":"standard"},"fields":[[{"active":true,"col":6,"relations":false,"cl_rule":"show","enableCl":false,"price":"","enablePrice":true,"className":"","label_position":"default","desc_position":"default","type":"checkbox-group","required":false,"elementId":"checkbox-group_267c3067034864","label":"Valitse, miten haluat majoittua","name":"checkbox-group_267c3067034864","values":[{"label":"Omilla varusteilla ulkotiloissa","value":"Option - 1","selected":false,"tempId":"aco_3733","price":"50","description":"(esim. teltta, riippumatto, omat petivaatteet)","gt_translate_keys":["label","description"]},{"label":"Tallissa riippumatossa tai karsinassa lattialla","value":"Option - 2","selected":false,"tempId":"aco_3734","price":"65","description":"(sis. riippumatto\/makuualusta ja tyyny. Oma makuupussi\/peitto mukaan)","gt_translate_keys":["label","description"]}],"layOut":"","error":false,"checkUi":"","priceOptions":"different_for_all","pricingType":"fixed","enable_quantity":true,"quantity_decimal":false,"quantity_step":"1","quantity_label":"Hl\u00f6","options_description":true,"isWeightTemplate":false,"isTemplate":false,"min_quantity":"1","repeater_field_label":"{field_label}","repeater_bind":"","gt_translate_keys":["label","repeater_field_label","quantity_label"],"price_dependency":false,"cl_dependency":false,"value":""}],[{"active":true,"col":6,"relations":false,"cl_rule":"show","enableCl":false,"price":"","enablePrice":true,"className":"","label_position":"default","desc_position":"default","type":"productGroup","required":false,"elementId":"productgroup_867c306703486f","name":"productgroup_867c306703486f","label":"Tilaan aamu- ja iltapalan","values":[{"label":"Aamu- ja iltapala (L)","value":"2715","selected":false,"tempId":"aco_391","gt_translate_keys":["label"],"stock_status":"instock","price":15}],"layOut":"","error":false,"checkUi":"","custom_label":true,"priceOptions":"different_for_all","disp_type":"squircle","enable_quantity":true,"quantity_decimal":false,"quantity_step":"1","quantity_label":"Tilattava m\u00e4\u00e4r\u00e4","enableClearSelection":true,"independent":true,"gt_translate_keys":["label","quantity_label"],"price_dependency":false,"cl_dependency":false,"disp_size_img":{"width":75,"height":75},"pricingType":"fixed","value":""}],[{"active":true,"col":6,"relations":false,"cl_rule":"show","enableCl":false,"price":"","enablePrice":false,"className":"","label_position":"default","desc_position":"default","type":"text","subtype":"text","required":false,"elementId":"text_167c3067034877","label":"Mainitse mahdolliset erityisruokavaliot t\u00e4h\u00e4n, jos tilaat ruuat tallilta.","name":"text_167c3067034877","value":"","error":false,"gt_translate_keys":["label","value"],"price_dependency":false,"cl_dependency":false}]]}},"config":{"price_override":"if_gt_zero","enable_recaptcha":false,"bind_quantity":false,"quantity_bind_formula":false,"disp_summ_show_option_price":true,"disp_summ_show_product_price":true,"disp_summ_show_total_price":true,"disp_summ_show_fee":false,"disp_summ_show_discount":false,"summary_title":"","options_total_label":"Lis\u00e4valinnat","total_label":"Yhteens\u00e4","options_product_label":"Tuotteen hinta","fee_label":"","discount_label":"Alennus","has_price":true,"has_quantity_formula":false},"mc_unit":1,"tax_rate":1,"tax_rate_real":0.25500000000000000444089209850062616169452667236328125,"discount":{"percentage":0,"fixed":0},"design":{"conf":{"LabelPosition":"above","DescPosition":"above","UploadField":"custom_1","QuantityFieldStyle":"default"},"css":{"LeftLabelWidth":"100px"}},"formulas":[],"lookuptables":[],"clones":false,"cartKey":false}},"_links":{"self":[{"href":"https:\/\/satuaasintalli.fi\/index.php\/wp-json\/wp\/v2\/product\/2718","targetHints":{"allow":["GET"]}}],"collection":[{"href":"https:\/\/satuaasintalli.fi\/index.php\/wp-json\/wp\/v2\/product"}],"about":[{"href":"https:\/\/satuaasintalli.fi\/index.php\/wp-json\/wp\/v2\/types\/product"}],"replies":[{"embeddable":true,"href":"https:\/\/satuaasintalli.fi\/index.php\/wp-json\/wp\/v2\/comments?post=2718"}],"version-history":[{"count":7,"href":"https:\/\/satuaasintalli.fi\/index.php\/wp-json\/wp\/v2\/product\/2718\/revisions"}],"predecessor-version":[{"id":3133,"href":"https:\/\/satuaasintalli.fi\/index.php\/wp-json\/wp\/v2\/product\/2718\/revisions\/3133"}],"wp:featuredmedia":[{"embeddable":true,"href":"https:\/\/satuaasintalli.fi\/index.php\/wp-json\/wp\/v2\/media\/2851"}],"wp:attachment":[{"href":"https:\/\/satuaasintalli.fi\/index.php\/wp-json\/wp\/v2\/media?parent=2718"}],"wp:term":[{"taxonomy":"product_brand","embeddable":true,"href":"https:\/\/satuaasintalli.fi\/index.php\/wp-json\/wp\/v2\/product_brand?post=2718"},{"taxonomy":"product_cat","embeddable":true,"href":"https:\/\/satuaasintalli.fi\/index.php\/wp-json\/wp\/v2\/product_cat?post=2718"},{"taxonomy":"product_tag","embeddable":true,"href":"https:\/\/satuaasintalli.fi\/index.php\/wp-json\/wp\/v2\/product_tag?post=2718"}],"curies":[{"name":"wp","href":"https:\/\/api.w.org\/{rel}","templated":true}]}}