{"id":2690,"date":"2025-02-09T19:00:13","date_gmt":"2025-02-09T19:00:13","guid":{"rendered":"https:\/\/satuaasintalli.fi\/?post_type=product&#038;p=2690"},"modified":"2025-02-27T11:33:15","modified_gmt":"2025-02-27T11:33:15","slug":"piirroskuva-paapotretit-kangaskassi","status":"publish","type":"product","link":"https:\/\/satuaasintalli.fi\/index.php\/tuote\/piirroskuva-paapotretit-kangaskassi\/","title":{"rendered":"Piirroskuva p\u00e4\u00e4potretit -kangaskassi"},"content":{"rendered":"<p>Puuvillasta tehty kangaskassi, jossa aasiaiheinen kuva ja teksti. T\u00e4m\u00e4 kassi kainalossa kelpaa l\u00e4hte\u00e4 kauppaan! &#8211; Materiaali: 100% puuvilla.<\/p>\n<p>&#8211; Pesuohje: Tahrojen puhdistus kostealla liinalla, tarvittaessa pesukoneessa kylm\u00e4ss\u00e4 vedess\u00e4.<\/p>\n<p>HUOM! Tuotteet tilataan tilauskohtaisesti painatusyritykselt\u00e4, mist\u00e4 ne toimitetaan suoraan ostajalle. Painatus tehd\u00e4\u00e4n Suomessa \u00c4\u00e4nekoskella Kaiffarin painopajassa.<\/p>\n","protected":false},"excerpt":{"rendered":"<p>Puuvillasta tehty kangaskassi, jossa aasiaiheinen kuva. T\u00e4m\u00e4 kassi kainalossa kelpaa l\u00e4hte\u00e4 kauppaan! Ja kantaahan aasi tietenkin kassissa my\u00f6s muutkin kantamukset. Mahtava lahjaidea on t\u00e4ytt\u00e4\u00e4 aasikassi muilla aasimaisilla tuotteilla ja yll\u00e4tt\u00e4\u00e4 lahjansaaja perinpohjin!<\/p>\n<p>Kassin v\u00e4rein\u00e4 musta ja natural. Kangaskassin koko on 38 x 42cm.<\/p>\n<p>Kuvana Cesar ja Nico aasien p\u00e4\u00e4potretit Silva K\u00e4rp\u00e4noja, Taikasipuli piirt\u00e4m\u00e4n\u00e4.<\/p>\n","protected":false},"featured_media":2673,"comment_status":"open","ping_status":"closed","template":"","meta":[],"product_brand":[],"product_cat":[30],"product_tag":[],"class_list":{"0":"post-2690","1":"product","2":"type-product","3":"status-publish","4":"has-post-thumbnail","6":"product_cat-kangaskassit","7":"wcpa_has_options","9":"first","10":"instock","11":"taxable","12":"shipping-taxable","13":"purchasable","14":"product-type-simple"},"yoast_head":"<!-- This site is optimized with the Yoast SEO plugin v27.4 - https:\/\/yoast.com\/product\/yoast-seo-wordpress\/ -->\n<title>Piirroskuva p\u00e4\u00e4potretit -kangaskassi - SatuAasin talli<\/title>\n<meta name=\"description\" content=\"Puuvillasta tehty kangaskassi, jossa aasiaiheinen kuva ja teksti. T\u00e4m\u00e4 kassi kainalossa kelpaa l\u00e4hte\u00e4 kauppaan! Kaksi aasien p\u00e4\u00e4potrettia kuvana.\" \/>\n<meta name=\"robots\" content=\"index, follow, max-snippet:-1, max-image-preview:large, max-video-preview:-1\" \/>\n<link rel=\"canonical\" href=\"https:\/\/satuaasintalli.fi\/index.php\/tuote\/piirroskuva-paapotretit-kangaskassi\/\" \/>\n<meta property=\"og:locale\" content=\"fi_FI\" \/>\n<meta property=\"og:type\" content=\"article\" \/>\n<meta property=\"og:title\" content=\"Piirroskuva p\u00e4\u00e4potretit -kangaskassi - SatuAasin talli\" \/>\n<meta property=\"og:description\" content=\"Puuvillasta tehty kangaskassi, jossa aasiaiheinen kuva ja teksti. T\u00e4m\u00e4 kassi kainalossa kelpaa l\u00e4hte\u00e4 kauppaan! Kaksi aasien p\u00e4\u00e4potrettia kuvana.\" \/>\n<meta property=\"og:url\" content=\"https:\/\/satuaasintalli.fi\/index.php\/tuote\/piirroskuva-paapotretit-kangaskassi\/\" \/>\n<meta property=\"og:site_name\" content=\"SatuAasin talli\" \/>\n<meta property=\"article:publisher\" content=\"https:\/\/www.facebook.com\/hevostoimintavalkas\/\" \/>\n<meta property=\"article:modified_time\" content=\"2025-02-27T11:33:15+00:00\" \/>\n<meta property=\"og:image\" content=\"https:\/\/satuaasintalli.fi\/wp-content\/uploads\/2025\/02\/Piirroskuva-paapotretit-kangaskassi-natural.jpg\" \/>\n\t<meta property=\"og:image:width\" content=\"1028\" \/>\n\t<meta property=\"og:image:height\" content=\"1030\" \/>\n\t<meta property=\"og:image:type\" content=\"image\/jpeg\" \/>\n<meta name=\"twitter:card\" content=\"summary_large_image\" \/>\n<meta name=\"twitter:label1\" content=\"Arvioitu lukuaika\" \/>\n\t<meta name=\"twitter:data1\" content=\"1 minuutti\" \/>\n<script type=\"application\/ld+json\" class=\"yoast-schema-graph\">{\"@context\":\"https:\\\/\\\/schema.org\",\"@graph\":[{\"@type\":\"WebPage\",\"@id\":\"https:\\\/\\\/satuaasintalli.fi\\\/index.php\\\/tuote\\\/piirroskuva-paapotretit-kangaskassi\\\/\",\"url\":\"https:\\\/\\\/satuaasintalli.fi\\\/index.php\\\/tuote\\\/piirroskuva-paapotretit-kangaskassi\\\/\",\"name\":\"Piirroskuva p\u00e4\u00e4potretit -kangaskassi - SatuAasin talli\",\"isPartOf\":{\"@id\":\"https:\\\/\\\/satuaasintalli.fi\\\/#website\"},\"primaryImageOfPage\":{\"@id\":\"https:\\\/\\\/satuaasintalli.fi\\\/index.php\\\/tuote\\\/piirroskuva-paapotretit-kangaskassi\\\/#primaryimage\"},\"image\":{\"@id\":\"https:\\\/\\\/satuaasintalli.fi\\\/index.php\\\/tuote\\\/piirroskuva-paapotretit-kangaskassi\\\/#primaryimage\"},\"thumbnailUrl\":\"https:\\\/\\\/satuaasintalli.fi\\\/wp-content\\\/uploads\\\/2025\\\/02\\\/Piirroskuva-paapotretit-kangaskassi-natural.jpg\",\"datePublished\":\"2025-02-09T19:00:13+00:00\",\"dateModified\":\"2025-02-27T11:33:15+00:00\",\"description\":\"Puuvillasta tehty kangaskassi, jossa aasiaiheinen kuva ja teksti. T\u00e4m\u00e4 kassi kainalossa kelpaa l\u00e4hte\u00e4 kauppaan! Kaksi aasien p\u00e4\u00e4potrettia kuvana.\",\"breadcrumb\":{\"@id\":\"https:\\\/\\\/satuaasintalli.fi\\\/index.php\\\/tuote\\\/piirroskuva-paapotretit-kangaskassi\\\/#breadcrumb\"},\"inLanguage\":\"fi\",\"potentialAction\":[{\"@type\":\"ReadAction\",\"target\":[\"https:\\\/\\\/satuaasintalli.fi\\\/index.php\\\/tuote\\\/piirroskuva-paapotretit-kangaskassi\\\/\"]}]},{\"@type\":\"ImageObject\",\"inLanguage\":\"fi\",\"@id\":\"https:\\\/\\\/satuaasintalli.fi\\\/index.php\\\/tuote\\\/piirroskuva-paapotretit-kangaskassi\\\/#primaryimage\",\"url\":\"https:\\\/\\\/satuaasintalli.fi\\\/wp-content\\\/uploads\\\/2025\\\/02\\\/Piirroskuva-paapotretit-kangaskassi-natural.jpg\",\"contentUrl\":\"https:\\\/\\\/satuaasintalli.fi\\\/wp-content\\\/uploads\\\/2025\\\/02\\\/Piirroskuva-paapotretit-kangaskassi-natural.jpg\",\"width\":1028,\"height\":1030,\"caption\":\"Piirroskuva p\u00e4\u00e4potretit-kangaskassi natural\"},{\"@type\":\"BreadcrumbList\",\"@id\":\"https:\\\/\\\/satuaasintalli.fi\\\/index.php\\\/tuote\\\/piirroskuva-paapotretit-kangaskassi\\\/#breadcrumb\",\"itemListElement\":[{\"@type\":\"ListItem\",\"position\":1,\"name\":\"Home\",\"item\":\"https:\\\/\\\/satuaasintalli.fi\\\/\"},{\"@type\":\"ListItem\",\"position\":2,\"name\":\"Tervetuloa SatuAasien kauppaan!\",\"item\":\"https:\\\/\\\/satuaasintalli.fi\\\/index.php\\\/kauppa\\\/\"},{\"@type\":\"ListItem\",\"position\":3,\"name\":\"Piirroskuva p\u00e4\u00e4potretit -kangaskassi\"}]},{\"@type\":\"WebSite\",\"@id\":\"https:\\\/\\\/satuaasintalli.fi\\\/#website\",\"url\":\"https:\\\/\\\/satuaasintalli.fi\\\/\",\"name\":\"SatuAasin talli\",\"description\":\"SatuAasin tallin kotisivut ja verkkokauppa\",\"publisher\":{\"@id\":\"https:\\\/\\\/satuaasintalli.fi\\\/#organization\"},\"potentialAction\":[{\"@type\":\"SearchAction\",\"target\":{\"@type\":\"EntryPoint\",\"urlTemplate\":\"https:\\\/\\\/satuaasintalli.fi\\\/?s={search_term_string}\"},\"query-input\":{\"@type\":\"PropertyValueSpecification\",\"valueRequired\":true,\"valueName\":\"search_term_string\"}}],\"inLanguage\":\"fi\"},{\"@type\":\"Organization\",\"@id\":\"https:\\\/\\\/satuaasintalli.fi\\\/#organization\",\"name\":\"SatuAasin talli\",\"url\":\"https:\\\/\\\/satuaasintalli.fi\\\/\",\"logo\":{\"@type\":\"ImageObject\",\"inLanguage\":\"fi\",\"@id\":\"https:\\\/\\\/satuaasintalli.fi\\\/#\\\/schema\\\/logo\\\/image\\\/\",\"url\":\"https:\\\/\\\/satuaasintalli.fi\\\/wp-content\\\/uploads\\\/2022\\\/03\\\/SatuAasin-talli-logo.png\",\"contentUrl\":\"https:\\\/\\\/satuaasintalli.fi\\\/wp-content\\\/uploads\\\/2022\\\/03\\\/SatuAasin-talli-logo.png\",\"width\":500,\"height\":523,\"caption\":\"SatuAasin talli\"},\"image\":{\"@id\":\"https:\\\/\\\/satuaasintalli.fi\\\/#\\\/schema\\\/logo\\\/image\\\/\"},\"sameAs\":[\"https:\\\/\\\/www.facebook.com\\\/hevostoimintavalkas\\\/\",\"https:\\\/\\\/www.instagram.com\\\/satuaasintalli\\\/?hl=fi\"]}]}<\/script>\n<!-- \/ Yoast SEO plugin. -->","yoast_head_json":{"title":"Piirroskuva p\u00e4\u00e4potretit -kangaskassi - SatuAasin talli","description":"Puuvillasta tehty kangaskassi, jossa aasiaiheinen kuva ja teksti. T\u00e4m\u00e4 kassi kainalossa kelpaa l\u00e4hte\u00e4 kauppaan! Kaksi aasien p\u00e4\u00e4potrettia kuvana.","robots":{"index":"index","follow":"follow","max-snippet":"max-snippet:-1","max-image-preview":"max-image-preview:large","max-video-preview":"max-video-preview:-1"},"canonical":"https:\/\/satuaasintalli.fi\/index.php\/tuote\/piirroskuva-paapotretit-kangaskassi\/","og_locale":"fi_FI","og_type":"article","og_title":"Piirroskuva p\u00e4\u00e4potretit -kangaskassi - SatuAasin talli","og_description":"Puuvillasta tehty kangaskassi, jossa aasiaiheinen kuva ja teksti. T\u00e4m\u00e4 kassi kainalossa kelpaa l\u00e4hte\u00e4 kauppaan! Kaksi aasien p\u00e4\u00e4potrettia kuvana.","og_url":"https:\/\/satuaasintalli.fi\/index.php\/tuote\/piirroskuva-paapotretit-kangaskassi\/","og_site_name":"SatuAasin talli","article_publisher":"https:\/\/www.facebook.com\/hevostoimintavalkas\/","article_modified_time":"2025-02-27T11:33:15+00:00","og_image":[{"width":1028,"height":1030,"url":"https:\/\/satuaasintalli.fi\/wp-content\/uploads\/2025\/02\/Piirroskuva-paapotretit-kangaskassi-natural.jpg","type":"image\/jpeg"}],"twitter_card":"summary_large_image","twitter_misc":{"Arvioitu lukuaika":"1 minuutti"},"schema":{"@context":"https:\/\/schema.org","@graph":[{"@type":"WebPage","@id":"https:\/\/satuaasintalli.fi\/index.php\/tuote\/piirroskuva-paapotretit-kangaskassi\/","url":"https:\/\/satuaasintalli.fi\/index.php\/tuote\/piirroskuva-paapotretit-kangaskassi\/","name":"Piirroskuva p\u00e4\u00e4potretit -kangaskassi - SatuAasin talli","isPartOf":{"@id":"https:\/\/satuaasintalli.fi\/#website"},"primaryImageOfPage":{"@id":"https:\/\/satuaasintalli.fi\/index.php\/tuote\/piirroskuva-paapotretit-kangaskassi\/#primaryimage"},"image":{"@id":"https:\/\/satuaasintalli.fi\/index.php\/tuote\/piirroskuva-paapotretit-kangaskassi\/#primaryimage"},"thumbnailUrl":"https:\/\/satuaasintalli.fi\/wp-content\/uploads\/2025\/02\/Piirroskuva-paapotretit-kangaskassi-natural.jpg","datePublished":"2025-02-09T19:00:13+00:00","dateModified":"2025-02-27T11:33:15+00:00","description":"Puuvillasta tehty kangaskassi, jossa aasiaiheinen kuva ja teksti. T\u00e4m\u00e4 kassi kainalossa kelpaa l\u00e4hte\u00e4 kauppaan! Kaksi aasien p\u00e4\u00e4potrettia kuvana.","breadcrumb":{"@id":"https:\/\/satuaasintalli.fi\/index.php\/tuote\/piirroskuva-paapotretit-kangaskassi\/#breadcrumb"},"inLanguage":"fi","potentialAction":[{"@type":"ReadAction","target":["https:\/\/satuaasintalli.fi\/index.php\/tuote\/piirroskuva-paapotretit-kangaskassi\/"]}]},{"@type":"ImageObject","inLanguage":"fi","@id":"https:\/\/satuaasintalli.fi\/index.php\/tuote\/piirroskuva-paapotretit-kangaskassi\/#primaryimage","url":"https:\/\/satuaasintalli.fi\/wp-content\/uploads\/2025\/02\/Piirroskuva-paapotretit-kangaskassi-natural.jpg","contentUrl":"https:\/\/satuaasintalli.fi\/wp-content\/uploads\/2025\/02\/Piirroskuva-paapotretit-kangaskassi-natural.jpg","width":1028,"height":1030,"caption":"Piirroskuva p\u00e4\u00e4potretit-kangaskassi natural"},{"@type":"BreadcrumbList","@id":"https:\/\/satuaasintalli.fi\/index.php\/tuote\/piirroskuva-paapotretit-kangaskassi\/#breadcrumb","itemListElement":[{"@type":"ListItem","position":1,"name":"Home","item":"https:\/\/satuaasintalli.fi\/"},{"@type":"ListItem","position":2,"name":"Tervetuloa SatuAasien kauppaan!","item":"https:\/\/satuaasintalli.fi\/index.php\/kauppa\/"},{"@type":"ListItem","position":3,"name":"Piirroskuva p\u00e4\u00e4potretit -kangaskassi"}]},{"@type":"WebSite","@id":"https:\/\/satuaasintalli.fi\/#website","url":"https:\/\/satuaasintalli.fi\/","name":"SatuAasin talli","description":"SatuAasin tallin kotisivut ja verkkokauppa","publisher":{"@id":"https:\/\/satuaasintalli.fi\/#organization"},"potentialAction":[{"@type":"SearchAction","target":{"@type":"EntryPoint","urlTemplate":"https:\/\/satuaasintalli.fi\/?s={search_term_string}"},"query-input":{"@type":"PropertyValueSpecification","valueRequired":true,"valueName":"search_term_string"}}],"inLanguage":"fi"},{"@type":"Organization","@id":"https:\/\/satuaasintalli.fi\/#organization","name":"SatuAasin talli","url":"https:\/\/satuaasintalli.fi\/","logo":{"@type":"ImageObject","inLanguage":"fi","@id":"https:\/\/satuaasintalli.fi\/#\/schema\/logo\/image\/","url":"https:\/\/satuaasintalli.fi\/wp-content\/uploads\/2022\/03\/SatuAasin-talli-logo.png","contentUrl":"https:\/\/satuaasintalli.fi\/wp-content\/uploads\/2022\/03\/SatuAasin-talli-logo.png","width":500,"height":523,"caption":"SatuAasin talli"},"image":{"@id":"https:\/\/satuaasintalli.fi\/#\/schema\/logo\/image\/"},"sameAs":["https:\/\/www.facebook.com\/hevostoimintavalkas\/","https:\/\/www.instagram.com\/satuaasintalli\/?hl=fi"]}]}},"wcpa_form_fields":{"wcpaData":{"product":{"product_price":19,"price_html":"<span class=\"woocommerce-Price-amount amount\"><bdi>19,00&nbsp;<span class=\"woocommerce-Price-currencySymbol\">&euro;<\/span><\/bdi><\/span>","original_product_price":19,"price_including_tax":19,"price_excluding_tax":15.139441999999998955672708689235150814056396484375,"product_id":{"parent":2690,"variation":false},"is_variable":false,"stock_status":"instock","stock_quantity":null,"parent_sku":"","product_attributes":[],"custom_fields":[],"is_taxable":true,"product_name":"Piirroskuva p\u00e4\u00e4potretit -kangaskassi","hasImage":false},"fields":{"sec_567a8fa0a69772":{"extra":{"key":"sec_567a8fa0a69772","section_id":"sec_567a8fa0a69772","name":"New Section","status":1,"cl_rule":"show","enableCl":false,"relations":[],"toggle":true,"title_tag":"h4","show_title":false,"showPrice":"default","form_id":2680,"form_rules":{"exclude_from_discount":false,"fee_label":"","disp_hide_options_price":false,"disp_show_section_price":false,"disp_show_field_price":true,"layout_option":"standard","pric_use_as_fee":false,"process_fee_as":"woo_fee"},"layout_option":"standard"},"fields":[[{"label":"Valitse v\u00e4ri","active":true,"required":false,"elementId":"color-group_367a8fa0a69795","name":"color-group_367a8fa0a69795","label_position":"default","desc_position":"default","enablePrice":true,"className":"","enableCl":false,"relations":[],"repeater":false,"repeater_bind":"","repeater_field_label":"{field_label}","enableDesign":true,"enable_product_image":true,"layOut":"inline","options_tooltip":false,"selection_type":"tick","show_label_inside":false,"adjust_width":false,"disp_type":"circle","values":[{"label":"Musta","value":"Option - 1","selected":false,"color":"#000000","tempId":"aco_606","pimage":"https:\/\/satuaasintalli.fi\/wp-content\/uploads\/2025\/02\/Piirroskuva-paapotretit-kangaskassi-musta.jpg","pthumb":"https:\/\/satuaasintalli.fi\/wp-content\/uploads\/2025\/02\/Piirroskuva-paapotretit-kangaskassi-musta-150x150.jpg","pimage_id":2672,"productImage":{"title":"Piirroskuva-p\u00e4\u00e4potretit-kangaskassi-musta","caption":"","url":"https:\/\/satuaasintalli.fi\/wp-content\/uploads\/2025\/02\/Piirroskuva-paapotretit-kangaskassi-musta.jpg","alt":"Piirroskuva p\u00e4\u00e4potretit-kangaskassi musta","src":"https:\/\/satuaasintalli.fi\/wp-content\/uploads\/2025\/02\/Piirroskuva-paapotretit-kangaskassi-musta-600x601.jpg","srcset":"https:\/\/satuaasintalli.fi\/wp-content\/uploads\/2025\/02\/Piirroskuva-paapotretit-kangaskassi-musta-600x601.jpg 600w, https:\/\/satuaasintalli.fi\/wp-content\/uploads\/2025\/02\/Piirroskuva-paapotretit-kangaskassi-musta-300x300.jpg 300w, https:\/\/satuaasintalli.fi\/wp-content\/uploads\/2025\/02\/Piirroskuva-paapotretit-kangaskassi-musta-1022x1024.jpg 1022w, https:\/\/satuaasintalli.fi\/wp-content\/uploads\/2025\/02\/Piirroskuva-paapotretit-kangaskassi-musta-150x150.jpg 150w, https:\/\/satuaasintalli.fi\/wp-content\/uploads\/2025\/02\/Piirroskuva-paapotretit-kangaskassi-musta-768x769.jpg 768w, https:\/\/satuaasintalli.fi\/wp-content\/uploads\/2025\/02\/Piirroskuva-paapotretit-kangaskassi-musta-450x450.jpg 450w, https:\/\/satuaasintalli.fi\/wp-content\/uploads\/2025\/02\/Piirroskuva-paapotretit-kangaskassi-musta-100x100.jpg 100w, https:\/\/satuaasintalli.fi\/wp-content\/uploads\/2025\/02\/Piirroskuva-paapotretit-kangaskassi-musta.jpg 1028w","sizes":"(max-width: 600px) 100vw, 600px","full_src":"https:\/\/satuaasintalli.fi\/wp-content\/uploads\/2025\/02\/Piirroskuva-paapotretit-kangaskassi-musta.jpg","full_src_w":1028,"full_src_h":1030,"gallery_thumbnail_src":"https:\/\/satuaasintalli.fi\/wp-content\/uploads\/2025\/02\/Piirroskuva-paapotretit-kangaskassi-musta-100x100.jpg","gallery_thumbnail_src_w":100,"gallery_thumbnail_src_h":100,"thumb_src":"https:\/\/satuaasintalli.fi\/wp-content\/uploads\/2025\/02\/Piirroskuva-paapotretit-kangaskassi-musta-450x450.jpg","thumb_src_w":450,"thumb_src_h":450,"src_w":600,"src_h":601,"image_id":2672},"gt_translate_keys":["label"]},{"label":"Natural","value":"Option - 2","selected":false,"color":"#f1eae3","tempId":"aco_605","pimage":"https:\/\/satuaasintalli.fi\/wp-content\/uploads\/2025\/02\/Piirroskuva-paapotretit-kangaskassi-natural.jpg","pthumb":"https:\/\/satuaasintalli.fi\/wp-content\/uploads\/2025\/02\/Piirroskuva-paapotretit-kangaskassi-natural-150x150.jpg","pimage_id":2673,"productImage":{"title":"Piirroskuva-p\u00e4\u00e4potretit-kangaskassi-natural","caption":"","url":"https:\/\/satuaasintalli.fi\/wp-content\/uploads\/2025\/02\/Piirroskuva-paapotretit-kangaskassi-natural.jpg","alt":"Piirroskuva p\u00e4\u00e4potretit-kangaskassi natural","src":"https:\/\/satuaasintalli.fi\/wp-content\/uploads\/2025\/02\/Piirroskuva-paapotretit-kangaskassi-natural-600x601.jpg","srcset":"https:\/\/satuaasintalli.fi\/wp-content\/uploads\/2025\/02\/Piirroskuva-paapotretit-kangaskassi-natural-600x601.jpg 600w, https:\/\/satuaasintalli.fi\/wp-content\/uploads\/2025\/02\/Piirroskuva-paapotretit-kangaskassi-natural-300x300.jpg 300w, https:\/\/satuaasintalli.fi\/wp-content\/uploads\/2025\/02\/Piirroskuva-paapotretit-kangaskassi-natural-1022x1024.jpg 1022w, https:\/\/satuaasintalli.fi\/wp-content\/uploads\/2025\/02\/Piirroskuva-paapotretit-kangaskassi-natural-150x150.jpg 150w, https:\/\/satuaasintalli.fi\/wp-content\/uploads\/2025\/02\/Piirroskuva-paapotretit-kangaskassi-natural-768x769.jpg 768w, https:\/\/satuaasintalli.fi\/wp-content\/uploads\/2025\/02\/Piirroskuva-paapotretit-kangaskassi-natural-450x450.jpg 450w, https:\/\/satuaasintalli.fi\/wp-content\/uploads\/2025\/02\/Piirroskuva-paapotretit-kangaskassi-natural-100x100.jpg 100w, https:\/\/satuaasintalli.fi\/wp-content\/uploads\/2025\/02\/Piirroskuva-paapotretit-kangaskassi-natural.jpg 1028w","sizes":"(max-width: 600px) 100vw, 600px","full_src":"https:\/\/satuaasintalli.fi\/wp-content\/uploads\/2025\/02\/Piirroskuva-paapotretit-kangaskassi-natural.jpg","full_src_w":1028,"full_src_h":1030,"gallery_thumbnail_src":"https:\/\/satuaasintalli.fi\/wp-content\/uploads\/2025\/02\/Piirroskuva-paapotretit-kangaskassi-natural-100x100.jpg","gallery_thumbnail_src_w":100,"gallery_thumbnail_src_h":100,"thumb_src":"https:\/\/satuaasintalli.fi\/wp-content\/uploads\/2025\/02\/Piirroskuva-paapotretit-kangaskassi-natural-450x450.jpg","thumb_src_w":450,"thumb_src_h":450,"src_w":600,"src_h":601,"image_id":2673},"gt_translate_keys":["label"]}],"price":"19","cl_rule":"show","col":6,"type":"color-group","error":false,"enable_quantity":false,"quantity_decimal":false,"quantity_step":"1","quantity_label":"Quantity","priceOptions":"fixed_for_all","pricingType":"fixed","gt_translate_keys":["label","repeater_field_label","quantity_label"],"price_dependency":false,"cl_dependency":false,"value":""}]]}},"config":{"price_override":"if_gt_zero","enable_recaptcha":false,"bind_quantity":false,"quantity_bind_formula":false,"disp_summ_show_option_price":true,"disp_summ_show_product_price":true,"disp_summ_show_total_price":true,"disp_summ_show_fee":false,"disp_summ_show_discount":false,"summary_title":"","options_total_label":"Lis\u00e4valinnat","total_label":"Yhteens\u00e4","options_product_label":"Tuotteen hinta","fee_label":"","discount_label":"Alennus","has_price":true,"has_quantity_formula":false},"mc_unit":1,"tax_rate":1,"tax_rate_real":0.25500000000000000444089209850062616169452667236328125,"discount":{"percentage":0,"fixed":0},"design":{"conf":{"LabelPosition":"above","DescPosition":"above","UploadField":"custom_1","QuantityFieldStyle":"default"},"css":{"LeftLabelWidth":"100px"}},"formulas":[],"lookuptables":[],"clones":false,"cartKey":false}},"_links":{"self":[{"href":"https:\/\/satuaasintalli.fi\/index.php\/wp-json\/wp\/v2\/product\/2690","targetHints":{"allow":["GET"]}}],"collection":[{"href":"https:\/\/satuaasintalli.fi\/index.php\/wp-json\/wp\/v2\/product"}],"about":[{"href":"https:\/\/satuaasintalli.fi\/index.php\/wp-json\/wp\/v2\/types\/product"}],"replies":[{"embeddable":true,"href":"https:\/\/satuaasintalli.fi\/index.php\/wp-json\/wp\/v2\/comments?post=2690"}],"version-history":[{"count":3,"href":"https:\/\/satuaasintalli.fi\/index.php\/wp-json\/wp\/v2\/product\/2690\/revisions"}],"predecessor-version":[{"id":3121,"href":"https:\/\/satuaasintalli.fi\/index.php\/wp-json\/wp\/v2\/product\/2690\/revisions\/3121"}],"wp:featuredmedia":[{"embeddable":true,"href":"https:\/\/satuaasintalli.fi\/index.php\/wp-json\/wp\/v2\/media\/2673"}],"wp:attachment":[{"href":"https:\/\/satuaasintalli.fi\/index.php\/wp-json\/wp\/v2\/media?parent=2690"}],"wp:term":[{"taxonomy":"product_brand","embeddable":true,"href":"https:\/\/satuaasintalli.fi\/index.php\/wp-json\/wp\/v2\/product_brand?post=2690"},{"taxonomy":"product_cat","embeddable":true,"href":"https:\/\/satuaasintalli.fi\/index.php\/wp-json\/wp\/v2\/product_cat?post=2690"},{"taxonomy":"product_tag","embeddable":true,"href":"https:\/\/satuaasintalli.fi\/index.php\/wp-json\/wp\/v2\/product_tag?post=2690"}],"curies":[{"name":"wp","href":"https:\/\/api.w.org\/{rel}","templated":true}]}}