{"id":3086,"date":"2025-02-27T14:34:35","date_gmt":"2025-02-27T14:34:35","guid":{"rendered":"https:\/\/satuaasintalli.fi\/?page_id=3086"},"modified":"2025-04-28T14:21:01","modified_gmt":"2025-04-28T12:21:01","slug":"toimintaohjeet-aasiaktiviteetteihin","status":"publish","type":"page","link":"https:\/\/satuaasintalli.fi\/index.php\/toimintaohjeet-aasiaktiviteetteihin\/","title":{"rendered":"Toimintaohjeet aasiaktiviteetteihin"},"content":{"rendered":"\n<h2 class=\"wp-block-heading has-text-align-center\">T\u00e4m\u00e4 ohjeistus koskee aasiaktiviteettien ja kurssien tilauksia:<\/h2>\n\n\n\n<p class=\"has-text-align-center\">Mets\u00e4retki 2h<\/p>\n\n\n\n<p class=\"has-text-align-center\">Turpatuokio 1h<\/p>\n\n\n\n<p class=\"has-text-align-center\">Aasivaellukset 3-4h<\/p>\n\n\n\n<p class=\"has-text-align-center\">Muut verkkokaupassa olevat tiettyn\u00e4 p\u00e4iv\u00e4n\u00e4 olevat tallin tapahtumat<\/p>\n\n\n\n<p>Tilattuasi aasiaktiviteetin, sinuun ollaan viel\u00e4 erikseen yhteydess\u00e4 ensisijaisesti s\u00e4hk\u00f6postilla (osoitteesta satu(at)satuaasintalli.fi), mik\u00e4li aktiviteetin toteuttamiseen liittyy jotain sovittavaa tai ep\u00e4selvyytt\u00e4 (esim. omavalintaisen p\u00e4iv\u00e4m\u00e4\u00e4r\u00e4n sopiminen). Pidempi\u00e4 tapahtumia, kuten leirej\u00e4 tai kurssip\u00e4ivi\u00e4 ennen osallistujille l\u00e4hetet\u00e4\u00e4n viel\u00e4 tarkempi infokirje s\u00e4hk\u00f6postitse l\u00e4hemp\u00e4n\u00e4 tapahtuman ajankohtaa. Joskus l\u00e4hetetty s\u00e4hk\u00f6posti ohjautuu roskaposteihin, joten on hyv\u00e4 tarkastaa sielt\u00e4kin, jos odotat infokirjett\u00e4 ja viesti\u00e4 ei muuten n\u00e4y.<\/p>\n\n\n\n<p><strong>Tilat<\/strong><\/p>\n\n\n\n<p>Aasit asuvat pihattotallissa, jossa ei ole l\u00e4mmityst\u00e4. Talli on siis eri vuodenaikojen l\u00e4mp\u00f6tilojen mukainen ja t\u00e4m\u00e4 on hyv\u00e4 huomioida vaatetuksessa. Tallilla on k\u00e4vij\u00f6iden k\u00e4yt\u00f6ss\u00e4 puucee ja vesipiste. Tilat eiv\u00e4t ole t\u00e4ysin esteett\u00f6m\u00e4t, sill\u00e4 talli sijaitsee m\u00e4en p\u00e4\u00e4ll\u00e4 ja tallissa on joitain korkeampia kynnyksi\u00e4. Tallin l\u00e4heisyydess\u00e4 on k\u00e4yt\u00f6ss\u00e4 joissain tapahtumissa latokahvila, jossa my\u00f6sk\u00e4\u00e4n ei ole l\u00e4mmityst\u00e4. Parkkipaikka l\u00f6ytyy tallin l\u00e4heisyydest\u00e4.<\/p>\n\n\n\n<p><strong>Pukeutuminen<\/strong><\/p>\n\n\n\n<p>Tapahtumat toteutetaan pihattotallissa ja ulkotiloissa. Mukaasi tarvitset iloisen mielen ja s\u00e4\u00e4nmukaisen, likaakin siet\u00e4v\u00e4n ulkoiluvaatetuksen. Kannattaa ottaa jalkoihin mukavat ja k\u00e4velyyn sopivat jalkineet. M\u00e4r\u00e4ll\u00e4 kelill\u00e4 erityisesti mets\u00e4reitit voivat olla vetisi\u00e4, joten vett\u00e4 pit\u00e4v\u00e4t keng\u00e4t on hyv\u00e4 valinta. Talvella riitt\u00e4v\u00e4n l\u00e4mmin pukeutuminen on suositeltavaa, sill\u00e4 talli on kylm\u00e4pihatto. Kes\u00e4ll\u00e4 taas auringolta ja \u00f6t\u00f6k\u00f6ilt\u00e4 suojaava vaatetus on paras valinta tallille tullessa.<\/p>\n\n\n\n<p><strong>Ev\u00e4\u00e4t<\/strong><\/p>\n\n\n\n<p>Mets\u00e4retkelle ja aasivaellukselle voit ottaa omat ev\u00e4\u00e4t mukaan, jos et ostanut niit\u00e4 tilauksen yhteydess\u00e4 tallilta. Tallin kautta tilattuna ev\u00e4\u00e4t sis\u00e4lt\u00e4v\u00e4t oman maatilan perunoista tehdyn perunas\u00e4mpyl\u00e4n t\u00e4ytteineen, juotavaa ja makeaa herkuteltavaa. Huomioithan, ett\u00e4 tallin valmistamat ev\u00e4\u00e4t tehd\u00e4\u00e4n vain ennakkotilausten perusteella ja niit\u00e4 ei voi ostaa vasta tallille tullessa. Ev\u00e4stilausten pit\u00e4\u00e4 olla tehtyn\u00e4 v\u00e4hint\u00e4\u00e4n kolme vuorokautta ennen varaamaasi retke\u00e4\/vaellusta. Kes\u00e4keleill\u00e4 v\u00e4hint\u00e4\u00e4n oma juomapullo on hyv\u00e4 olla mukana.<\/p>\n\n\n\n<p><strong>Aasit<\/strong><\/p>\n\n\n\n<p>Aktiviteeteissa p\u00e4\u00e4set l\u00e4heisiin tekemisiin aasiemme kanssa. Kaikki aasit ovat kilttej\u00e4 ja ty\u00f6h\u00f6ns\u00e4 koulutettuja. Ne eiv\u00e4t pure tai potki ihmisi\u00e4 tahallaan. Oma rauhallinen k\u00e4yt\u00f6s ja annettujen ohjeiden noudattaminen varmistavat sen, ett\u00e4 aasien kanssa on turvallista toimia. Paras paikka rapsuttaa aasia on sen kaula ja selk\u00e4. Aasien aitauksen aidassa ei ole s\u00e4hk\u00f6\u00e4 p\u00e4\u00e4ll\u00e4. Aaseja ei saa sy\u00f6tt\u00e4\u00e4 ilman lupaa, mutta joihinkin aktiviteetteihin kuuluu niiden ruokinnasta huolehtiminen.<\/p>\n\n\n\n<p><strong>Ajo-ohjeet<\/strong><\/p>\n\n\n\n<p>Tallin osoite on Tev\u00e4nn\u00f6n pikatie 191, Loppi.<\/p>\n\n\n\n<p>Kotikatumme Tev\u00e4nn\u00f6n pikatie on nimest\u00e4\u00e4n huolimatta melko pienehk\u00f6 ja rauhallinen hiekkatie. Ajathan siis varovasti mutkaisella tiell\u00e4. Navigaattoriin kannattaa laittaa kohteeksi SatuAasin talli. Tien varrella on numerokyltti 191, josta asvaltoidun pihatiemme tunnistaa (jotkin navigaattorit saattavat osoitteen n\u00e4ytt\u00e4\u00e4 hieman eri kohtaan). Huomioithan, ett\u00e4 piha-alueella liikkuu my\u00f6s maatalousajoneuvoja. Voit soitella, kun k\u00e4\u00e4nnyt Tev\u00e4nn\u00f6n pikatielle, niin ohjeistan tarvittaessa lis\u00e4\u00e4 ja tulen vastaan parkkipaikalle. Kannattaa muutenkin soitella, jos matkan varrella tulee jotain ep\u00e4selv\u00e4\u00e4.<\/p>\n\n\n\n<p><strong>Valokuvaaminen<\/strong><\/p>\n\n\n\n<p>Tallilla saa ottaa valokuvia ja videoita omaan k\u00e4ytt\u00f6\u00f6n. Jos jaat niit\u00e4 sosiaaliseen mediaan, niin liit\u00e4th\u00e4n niihin tunnisteen #satuaasintalli ja @satuaasintalli. Laita my\u00f6s SatuAasin talli seurantaan Facebookissa, Instagramissa ja TikTokissa. Avoimissa tapahtumissa on hyv\u00e4 kysy\u00e4 my\u00f6s kuvaan tulevilta muilta ihmisilt\u00e4, voiko kuvan julkaista.<\/p>\n\n\n\n<p><strong>Vakuutukset<\/strong><\/p>\n\n\n\n<p>Asiakkaita ei ole tallin puolesta vakuutettu. Oma tapaturmavakuutus on suositeltavaa aasiaktiviteetteihin tulijoille. Tallilla on vastuuvakuutus aasien aiheuttamien vahinkojen varalle.<\/p>\n\n\n\n<p><strong>Peruutusehdot<\/strong><\/p>\n\n\n\n<p>Sovitut k\u00e4ynnit on peruttava asianmukaisesti ja tarkemmat peruutusehdot l\u00f6yd\u00e4t <a href=\"https:\/\/satuaasintalli.fi\/index.php\/tilaus-ja-toimitusehdot\/\">tilaus- ja toimitusehdoista.<\/a> Yleisin peruutusehto on v\u00e4hint\u00e4\u00e4n 48 tuntia ennen tapahtumaa, jolloin osallistumisen voi ensisijaisesti siirt\u00e4\u00e4 toiseen ajankohtaan vastaavaan tapahtumaan. Mik\u00e4li vastaavaa tapahtumaa ei ole tarjolla tai mahdollista toteuttaa en\u00e4\u00e4 l\u00e4hiaikoina (esim. saman kes\u00e4n aikana), voidaan maksu palauttaa kokonaisuudessaan tai siirt\u00e4\u00e4 vastaava summa kohdennettavaksi toiseen tallin tapahtumaan, jos peruminen on tehty ajoissa (48h ennen tapahtumaa). Peruuttamattomista k\u00e4ynneist\u00e4 hyvityst\u00e4 ei tehd\u00e4. Sairastapauksissa maksu voidaan palauttaa\/hyvitt\u00e4\u00e4 l\u00e4\u00e4k\u00e4rintodistusta vastaan. Huonon kelin (jatkuva sade, kova pakkanen, liukkaus) sattuessa varattuun ajankohtaan, voi tallinpit\u00e4j\u00e4 perua\/siirt\u00e4\u00e4 k\u00e4ynnin toiseen ajankohtaan. T\u00e4st\u00e4 tiedotetaan viimeist\u00e4\u00e4n tapahtumaa edelt\u00e4v\u00e4n\u00e4 iltana.<\/p>\n","protected":false},"excerpt":{"rendered":"<p>T\u00e4m\u00e4 ohjeistus koskee aasiaktiviteettien ja kurssien tilauksia: Mets\u00e4retki 2h Turpatuokio 1h Aasivaellukset 3-4h Muut verkkokaupassa olevat tiettyn\u00e4 p\u00e4iv\u00e4n\u00e4 olevat tallin tapahtumat Tilattuasi aasiaktiviteetin, sinuun ollaan viel\u00e4 erikseen yhteydess\u00e4 ensisijaisesti s\u00e4hk\u00f6postilla (osoitteesta satu(at)satuaasintalli.fi), mik\u00e4li aktiviteetin toteuttamiseen liittyy jotain sovittavaa tai ep\u00e4selvyytt\u00e4 (esim. omavalintaisen p\u00e4iv\u00e4m\u00e4\u00e4r\u00e4n sopiminen). Pidempi\u00e4 tapahtumia, kuten leirej\u00e4 tai kurssip\u00e4ivi\u00e4 ennen osallistujille l\u00e4hetet\u00e4\u00e4n viel\u00e4 tarkempi [&hellip;]<\/p>\n","protected":false},"author":2,"featured_media":0,"parent":0,"menu_order":0,"comment_status":"closed","ping_status":"closed","template":"","meta":{"footnotes":""},"class_list":["post-3086","page","type-page","status-publish","hentry"],"yoast_head":"<!-- This site is optimized with the Yoast SEO plugin v27.4 - https:\/\/yoast.com\/product\/yoast-seo-wordpress\/ -->\n<title>Toimintaohjeet aasiaktiviteetteihin - SatuAasin talli<\/title>\n<meta name=\"description\" content=\"SatuAasin tallille aasiaktiviteettiin tullessa kannattaa ottaa iloinen mieli mukaan. T\u00e4st\u00e4 voit tutustua muihin etuk\u00e4teisohjeistuksiin.\" \/>\n<meta name=\"robots\" content=\"index, follow, max-snippet:-1, max-image-preview:large, max-video-preview:-1\" \/>\n<link rel=\"canonical\" href=\"https:\/\/satuaasintalli.fi\/index.php\/toimintaohjeet-aasiaktiviteetteihin\/\" \/>\n<meta property=\"og:locale\" content=\"fi_FI\" \/>\n<meta property=\"og:type\" content=\"article\" \/>\n<meta property=\"og:title\" content=\"Toimintaohjeet aasiaktiviteetteihin - SatuAasin talli\" \/>\n<meta property=\"og:description\" content=\"SatuAasin tallille aasiaktiviteettiin tullessa kannattaa ottaa iloinen mieli mukaan. T\u00e4st\u00e4 voit tutustua muihin etuk\u00e4teisohjeistuksiin.\" \/>\n<meta property=\"og:url\" content=\"https:\/\/satuaasintalli.fi\/index.php\/toimintaohjeet-aasiaktiviteetteihin\/\" \/>\n<meta property=\"og:site_name\" content=\"SatuAasin talli\" \/>\n<meta property=\"article:publisher\" content=\"https:\/\/www.facebook.com\/hevostoimintavalkas\/\" \/>\n<meta property=\"article:modified_time\" content=\"2025-04-28T12:21:01+00:00\" \/>\n<meta name=\"twitter:card\" content=\"summary_large_image\" \/>\n<meta name=\"twitter:label1\" content=\"Arvioitu lukuaika\" \/>\n\t<meta name=\"twitter:data1\" content=\"4 minuuttia\" \/>\n<script type=\"application\/ld+json\" class=\"yoast-schema-graph\">{\"@context\":\"https:\\\/\\\/schema.org\",\"@graph\":[{\"@type\":\"WebPage\",\"@id\":\"https:\\\/\\\/satuaasintalli.fi\\\/index.php\\\/toimintaohjeet-aasiaktiviteetteihin\\\/\",\"url\":\"https:\\\/\\\/satuaasintalli.fi\\\/index.php\\\/toimintaohjeet-aasiaktiviteetteihin\\\/\",\"name\":\"Toimintaohjeet aasiaktiviteetteihin - SatuAasin talli\",\"isPartOf\":{\"@id\":\"https:\\\/\\\/satuaasintalli.fi\\\/#website\"},\"datePublished\":\"2025-02-27T14:34:35+00:00\",\"dateModified\":\"2025-04-28T12:21:01+00:00\",\"description\":\"SatuAasin tallille aasiaktiviteettiin tullessa kannattaa ottaa iloinen mieli mukaan. T\u00e4st\u00e4 voit tutustua muihin etuk\u00e4teisohjeistuksiin.\",\"breadcrumb\":{\"@id\":\"https:\\\/\\\/satuaasintalli.fi\\\/index.php\\\/toimintaohjeet-aasiaktiviteetteihin\\\/#breadcrumb\"},\"inLanguage\":\"fi\",\"potentialAction\":[{\"@type\":\"ReadAction\",\"target\":[\"https:\\\/\\\/satuaasintalli.fi\\\/index.php\\\/toimintaohjeet-aasiaktiviteetteihin\\\/\"]}]},{\"@type\":\"BreadcrumbList\",\"@id\":\"https:\\\/\\\/satuaasintalli.fi\\\/index.php\\\/toimintaohjeet-aasiaktiviteetteihin\\\/#breadcrumb\",\"itemListElement\":[{\"@type\":\"ListItem\",\"position\":1,\"name\":\"Home\",\"item\":\"https:\\\/\\\/satuaasintalli.fi\\\/\"},{\"@type\":\"ListItem\",\"position\":2,\"name\":\"Toimintaohjeet aasiaktiviteetteihin\"}]},{\"@type\":\"WebSite\",\"@id\":\"https:\\\/\\\/satuaasintalli.fi\\\/#website\",\"url\":\"https:\\\/\\\/satuaasintalli.fi\\\/\",\"name\":\"SatuAasin talli\",\"description\":\"SatuAasin tallin kotisivut ja verkkokauppa\",\"publisher\":{\"@id\":\"https:\\\/\\\/satuaasintalli.fi\\\/#organization\"},\"potentialAction\":[{\"@type\":\"SearchAction\",\"target\":{\"@type\":\"EntryPoint\",\"urlTemplate\":\"https:\\\/\\\/satuaasintalli.fi\\\/?s={search_term_string}\"},\"query-input\":{\"@type\":\"PropertyValueSpecification\",\"valueRequired\":true,\"valueName\":\"search_term_string\"}}],\"inLanguage\":\"fi\"},{\"@type\":\"Organization\",\"@id\":\"https:\\\/\\\/satuaasintalli.fi\\\/#organization\",\"name\":\"SatuAasin talli\",\"url\":\"https:\\\/\\\/satuaasintalli.fi\\\/\",\"logo\":{\"@type\":\"ImageObject\",\"inLanguage\":\"fi\",\"@id\":\"https:\\\/\\\/satuaasintalli.fi\\\/#\\\/schema\\\/logo\\\/image\\\/\",\"url\":\"https:\\\/\\\/satuaasintalli.fi\\\/wp-content\\\/uploads\\\/2022\\\/03\\\/SatuAasin-talli-logo.png\",\"contentUrl\":\"https:\\\/\\\/satuaasintalli.fi\\\/wp-content\\\/uploads\\\/2022\\\/03\\\/SatuAasin-talli-logo.png\",\"width\":500,\"height\":523,\"caption\":\"SatuAasin talli\"},\"image\":{\"@id\":\"https:\\\/\\\/satuaasintalli.fi\\\/#\\\/schema\\\/logo\\\/image\\\/\"},\"sameAs\":[\"https:\\\/\\\/www.facebook.com\\\/hevostoimintavalkas\\\/\",\"https:\\\/\\\/www.instagram.com\\\/satuaasintalli\\\/?hl=fi\"]}]}<\/script>\n<!-- \/ Yoast SEO plugin. -->","yoast_head_json":{"title":"Toimintaohjeet aasiaktiviteetteihin - SatuAasin talli","description":"SatuAasin tallille aasiaktiviteettiin tullessa kannattaa ottaa iloinen mieli mukaan. T\u00e4st\u00e4 voit tutustua muihin etuk\u00e4teisohjeistuksiin.","robots":{"index":"index","follow":"follow","max-snippet":"max-snippet:-1","max-image-preview":"max-image-preview:large","max-video-preview":"max-video-preview:-1"},"canonical":"https:\/\/satuaasintalli.fi\/index.php\/toimintaohjeet-aasiaktiviteetteihin\/","og_locale":"fi_FI","og_type":"article","og_title":"Toimintaohjeet aasiaktiviteetteihin - SatuAasin talli","og_description":"SatuAasin tallille aasiaktiviteettiin tullessa kannattaa ottaa iloinen mieli mukaan. T\u00e4st\u00e4 voit tutustua muihin etuk\u00e4teisohjeistuksiin.","og_url":"https:\/\/satuaasintalli.fi\/index.php\/toimintaohjeet-aasiaktiviteetteihin\/","og_site_name":"SatuAasin talli","article_publisher":"https:\/\/www.facebook.com\/hevostoimintavalkas\/","article_modified_time":"2025-04-28T12:21:01+00:00","twitter_card":"summary_large_image","twitter_misc":{"Arvioitu lukuaika":"4 minuuttia"},"schema":{"@context":"https:\/\/schema.org","@graph":[{"@type":"WebPage","@id":"https:\/\/satuaasintalli.fi\/index.php\/toimintaohjeet-aasiaktiviteetteihin\/","url":"https:\/\/satuaasintalli.fi\/index.php\/toimintaohjeet-aasiaktiviteetteihin\/","name":"Toimintaohjeet aasiaktiviteetteihin - SatuAasin talli","isPartOf":{"@id":"https:\/\/satuaasintalli.fi\/#website"},"datePublished":"2025-02-27T14:34:35+00:00","dateModified":"2025-04-28T12:21:01+00:00","description":"SatuAasin tallille aasiaktiviteettiin tullessa kannattaa ottaa iloinen mieli mukaan. T\u00e4st\u00e4 voit tutustua muihin etuk\u00e4teisohjeistuksiin.","breadcrumb":{"@id":"https:\/\/satuaasintalli.fi\/index.php\/toimintaohjeet-aasiaktiviteetteihin\/#breadcrumb"},"inLanguage":"fi","potentialAction":[{"@type":"ReadAction","target":["https:\/\/satuaasintalli.fi\/index.php\/toimintaohjeet-aasiaktiviteetteihin\/"]}]},{"@type":"BreadcrumbList","@id":"https:\/\/satuaasintalli.fi\/index.php\/toimintaohjeet-aasiaktiviteetteihin\/#breadcrumb","itemListElement":[{"@type":"ListItem","position":1,"name":"Home","item":"https:\/\/satuaasintalli.fi\/"},{"@type":"ListItem","position":2,"name":"Toimintaohjeet aasiaktiviteetteihin"}]},{"@type":"WebSite","@id":"https:\/\/satuaasintalli.fi\/#website","url":"https:\/\/satuaasintalli.fi\/","name":"SatuAasin talli","description":"SatuAasin tallin kotisivut ja verkkokauppa","publisher":{"@id":"https:\/\/satuaasintalli.fi\/#organization"},"potentialAction":[{"@type":"SearchAction","target":{"@type":"EntryPoint","urlTemplate":"https:\/\/satuaasintalli.fi\/?s={search_term_string}"},"query-input":{"@type":"PropertyValueSpecification","valueRequired":true,"valueName":"search_term_string"}}],"inLanguage":"fi"},{"@type":"Organization","@id":"https:\/\/satuaasintalli.fi\/#organization","name":"SatuAasin talli","url":"https:\/\/satuaasintalli.fi\/","logo":{"@type":"ImageObject","inLanguage":"fi","@id":"https:\/\/satuaasintalli.fi\/#\/schema\/logo\/image\/","url":"https:\/\/satuaasintalli.fi\/wp-content\/uploads\/2022\/03\/SatuAasin-talli-logo.png","contentUrl":"https:\/\/satuaasintalli.fi\/wp-content\/uploads\/2022\/03\/SatuAasin-talli-logo.png","width":500,"height":523,"caption":"SatuAasin talli"},"image":{"@id":"https:\/\/satuaasintalli.fi\/#\/schema\/logo\/image\/"},"sameAs":["https:\/\/www.facebook.com\/hevostoimintavalkas\/","https:\/\/www.instagram.com\/satuaasintalli\/?hl=fi"]}]}},"_links":{"self":[{"href":"https:\/\/satuaasintalli.fi\/index.php\/wp-json\/wp\/v2\/pages\/3086","targetHints":{"allow":["GET"]}}],"collection":[{"href":"https:\/\/satuaasintalli.fi\/index.php\/wp-json\/wp\/v2\/pages"}],"about":[{"href":"https:\/\/satuaasintalli.fi\/index.php\/wp-json\/wp\/v2\/types\/page"}],"author":[{"embeddable":true,"href":"https:\/\/satuaasintalli.fi\/index.php\/wp-json\/wp\/v2\/users\/2"}],"replies":[{"embeddable":true,"href":"https:\/\/satuaasintalli.fi\/index.php\/wp-json\/wp\/v2\/comments?post=3086"}],"version-history":[{"count":6,"href":"https:\/\/satuaasintalli.fi\/index.php\/wp-json\/wp\/v2\/pages\/3086\/revisions"}],"predecessor-version":[{"id":3368,"href":"https:\/\/satuaasintalli.fi\/index.php\/wp-json\/wp\/v2\/pages\/3086\/revisions\/3368"}],"wp:attachment":[{"href":"https:\/\/satuaasintalli.fi\/index.php\/wp-json\/wp\/v2\/media?parent=3086"}],"curies":[{"name":"wp","href":"https:\/\/api.w.org\/{rel}","templated":true}]}}