{"id":3084,"date":"2025-02-27T14:52:30","date_gmt":"2025-02-27T14:52:30","guid":{"rendered":"https:\/\/satuaasintalli.fi\/?page_id=3084"},"modified":"2025-03-04T06:44:54","modified_gmt":"2025-03-04T06:44:54","slug":"saavutettavuusseloste","status":"publish","type":"page","link":"https:\/\/satuaasintalli.fi\/index.php\/saavutettavuusseloste\/","title":{"rendered":"Saavutettavuusseloste"},"content":{"rendered":"\n<p>T\u00e4m\u00e4 saavutettavuusseloste koskee SatuAasin talli (2698535\u20134) verkkosivustoa kauppa.satuaasintalli.fi ja on laadittu 27.02.2025.<\/p>\n\n\n\n<p><strong>Yrityksen taustatiedot<\/strong><\/p>\n\n\n\n<p>SatuAasin talli on mikroyritys, joka tarkoittaa, ett\u00e4 meill\u00e4 on alle 10 ty\u00f6ntekij\u00e4\u00e4 ja vuotuinen liikevaihto tai taseen loppusumma on alle 2 miljoonaa euroa. T\u00e4m\u00e4n vuoksi meit\u00e4 ei velvoita noudattamaan EU: saavutettavuusdirektiivin (2016\/2102) saavutettavuusvaatimuksia.<\/p>\n\n\n\n<p><strong>Sitoutuminen saavutettavuuteen<\/strong><\/p>\n\n\n\n<p>Vaikka meit\u00e4 ei lain mukaan velvoiteta t\u00e4ytt\u00e4m\u00e4\u00e4n saavutettavuusvaatimuksia, olemme sitoutuneet parantamaan verkkosivustomme saavutettavuutta mahdollisuuksien mukaan. Haluamme varmistaa, ett\u00e4 mahdollisimman moni k\u00e4ytt\u00e4j\u00e4 voi k\u00e4ytt\u00e4\u00e4 verkkosivustoamme vaivattomasti.<\/p>\n\n\n\n<p><strong>Saavutettavuuden tila<\/strong><\/p>\n\n\n\n<p>Olemme toteuttaneet seuraavat toimenpiteet parantaaksemme verkkosivustomme saavutettavuutta:<\/p>\n\n\n\n<p>&#8211; Tekstin koon ja kontrastin s\u00e4\u00e4t\u00f6j\u00e4 on parannettu.<\/p>\n\n\n\n<p>&#8211; Kuville on lis\u00e4tty tekstivaihtoehtoja mahdollisuuksien mukaan.<\/p>\n\n\n\n<p>&#8211; Linkkien selkeytt\u00e4 ja tunnistettavuutta on parannettu.<\/p>\n\n\n\n<p><strong>Kohtuuttomat rasitteet<\/strong><\/p>\n\n\n\n<p>Joidenkin saavutettavuusvaatimusten t\u00e4ytt\u00e4minen on kuitenkin osoittautunut teknisesti, sill\u00e4 k\u00e4ytt\u00e4m\u00e4mme verkkojulkaisualusta ei n\u00e4it\u00e4 kaikkia teknisi\u00e4 toimenpiteit\u00e4 mahdollista. T\u00e4m\u00e4n vuoksi kaikki vaatimukset eiv\u00e4t v\u00e4ltt\u00e4m\u00e4tt\u00e4 t\u00e4yty.<\/p>\n\n\n\n<p><strong>Palaute ja yhteydenotto<\/strong><\/p>\n\n\n\n<p>Arvostamme k\u00e4ytt\u00e4jien palautetta verkkosivustomme saavutettavuudesta. Jos kohtaatte ongelmia tai teill\u00e4 on ehdotuksia, otattehan meihin yhteytt\u00e4. Pyrimme parantamaan saavutettavuutta jatkuvasti saatujen palautteiden perusteella.<\/p>\n\n\n\n<p>Voitte ottaa yhteytt\u00e4 meihin seuraavasti:<\/p>\n\n\n\n<p>&#8211; S\u00e4hk\u00f6posti: satu(at)satuaasintalli.fi<\/p>\n\n\n\n<p>&#8211; Puhelin: 040-4123725<\/p>\n\n\n\n<p>&#8211; Postiosoite: Tev\u00e4nn\u00f6n pikatie 191, 12750 Pilpala.<\/p>\n\n\n\n<p><strong>Selosteen hyv\u00e4ksynt\u00e4<\/strong><\/p>\n\n\n\n<p>T\u00e4m\u00e4 seloste on hyv\u00e4ksytty ja julkaistu \u00a027.2.2025 ja sit\u00e4 p\u00e4ivitet\u00e4\u00e4n tarpeen mukaan.<\/p>\n","protected":false},"excerpt":{"rendered":"<p>T\u00e4m\u00e4 saavutettavuusseloste koskee SatuAasin talli (2698535\u20134) verkkosivustoa kauppa.satuaasintalli.fi ja on laadittu 27.02.2025. Yrityksen taustatiedot SatuAasin talli on mikroyritys, joka tarkoittaa, ett\u00e4 meill\u00e4 on alle 10 ty\u00f6ntekij\u00e4\u00e4 ja vuotuinen liikevaihto tai taseen loppusumma on alle 2 miljoonaa euroa. T\u00e4m\u00e4n vuoksi meit\u00e4 ei velvoita noudattamaan EU: saavutettavuusdirektiivin (2016\/2102) saavutettavuusvaatimuksia. Sitoutuminen saavutettavuuteen Vaikka meit\u00e4 ei lain mukaan velvoiteta [&hellip;]<\/p>\n","protected":false},"author":2,"featured_media":0,"parent":0,"menu_order":0,"comment_status":"closed","ping_status":"closed","template":"","meta":{"footnotes":""},"class_list":["post-3084","page","type-page","status-publish","hentry"],"yoast_head":"<!-- This site is optimized with the Yoast SEO plugin v27.4 - https:\/\/yoast.com\/product\/yoast-seo-wordpress\/ -->\n<title>Saavutettavuusseloste - SatuAasin talli<\/title>\n<meta name=\"description\" content=\"SatuAasin tallin verkkokaupan saavutettavuusseloste.\" \/>\n<meta name=\"robots\" content=\"index, follow, max-snippet:-1, max-image-preview:large, max-video-preview:-1\" \/>\n<link rel=\"canonical\" href=\"https:\/\/satuaasintalli.fi\/index.php\/saavutettavuusseloste\/\" \/>\n<meta property=\"og:locale\" content=\"fi_FI\" \/>\n<meta property=\"og:type\" content=\"article\" \/>\n<meta property=\"og:title\" content=\"Saavutettavuusseloste - SatuAasin talli\" \/>\n<meta property=\"og:description\" content=\"SatuAasin tallin verkkokaupan saavutettavuusseloste.\" \/>\n<meta property=\"og:url\" content=\"https:\/\/satuaasintalli.fi\/index.php\/saavutettavuusseloste\/\" \/>\n<meta property=\"og:site_name\" content=\"SatuAasin talli\" \/>\n<meta property=\"article:publisher\" content=\"https:\/\/www.facebook.com\/hevostoimintavalkas\/\" \/>\n<meta property=\"article:modified_time\" content=\"2025-03-04T06:44:54+00:00\" \/>\n<meta name=\"twitter:card\" content=\"summary_large_image\" \/>\n<meta name=\"twitter:label1\" content=\"Arvioitu lukuaika\" \/>\n\t<meta name=\"twitter:data1\" content=\"2 minuuttia\" \/>\n<script type=\"application\/ld+json\" class=\"yoast-schema-graph\">{\"@context\":\"https:\\\/\\\/schema.org\",\"@graph\":[{\"@type\":\"WebPage\",\"@id\":\"https:\\\/\\\/satuaasintalli.fi\\\/index.php\\\/saavutettavuusseloste\\\/\",\"url\":\"https:\\\/\\\/satuaasintalli.fi\\\/index.php\\\/saavutettavuusseloste\\\/\",\"name\":\"Saavutettavuusseloste - SatuAasin talli\",\"isPartOf\":{\"@id\":\"https:\\\/\\\/satuaasintalli.fi\\\/#website\"},\"datePublished\":\"2025-02-27T14:52:30+00:00\",\"dateModified\":\"2025-03-04T06:44:54+00:00\",\"description\":\"SatuAasin tallin verkkokaupan saavutettavuusseloste.\",\"breadcrumb\":{\"@id\":\"https:\\\/\\\/satuaasintalli.fi\\\/index.php\\\/saavutettavuusseloste\\\/#breadcrumb\"},\"inLanguage\":\"fi\",\"potentialAction\":[{\"@type\":\"ReadAction\",\"target\":[\"https:\\\/\\\/satuaasintalli.fi\\\/index.php\\\/saavutettavuusseloste\\\/\"]}]},{\"@type\":\"BreadcrumbList\",\"@id\":\"https:\\\/\\\/satuaasintalli.fi\\\/index.php\\\/saavutettavuusseloste\\\/#breadcrumb\",\"itemListElement\":[{\"@type\":\"ListItem\",\"position\":1,\"name\":\"Home\",\"item\":\"https:\\\/\\\/satuaasintalli.fi\\\/\"},{\"@type\":\"ListItem\",\"position\":2,\"name\":\"Saavutettavuusseloste\"}]},{\"@type\":\"WebSite\",\"@id\":\"https:\\\/\\\/satuaasintalli.fi\\\/#website\",\"url\":\"https:\\\/\\\/satuaasintalli.fi\\\/\",\"name\":\"SatuAasin talli\",\"description\":\"SatuAasin tallin kotisivut ja verkkokauppa\",\"publisher\":{\"@id\":\"https:\\\/\\\/satuaasintalli.fi\\\/#organization\"},\"potentialAction\":[{\"@type\":\"SearchAction\",\"target\":{\"@type\":\"EntryPoint\",\"urlTemplate\":\"https:\\\/\\\/satuaasintalli.fi\\\/?s={search_term_string}\"},\"query-input\":{\"@type\":\"PropertyValueSpecification\",\"valueRequired\":true,\"valueName\":\"search_term_string\"}}],\"inLanguage\":\"fi\"},{\"@type\":\"Organization\",\"@id\":\"https:\\\/\\\/satuaasintalli.fi\\\/#organization\",\"name\":\"SatuAasin talli\",\"url\":\"https:\\\/\\\/satuaasintalli.fi\\\/\",\"logo\":{\"@type\":\"ImageObject\",\"inLanguage\":\"fi\",\"@id\":\"https:\\\/\\\/satuaasintalli.fi\\\/#\\\/schema\\\/logo\\\/image\\\/\",\"url\":\"https:\\\/\\\/satuaasintalli.fi\\\/wp-content\\\/uploads\\\/2022\\\/03\\\/SatuAasin-talli-logo.png\",\"contentUrl\":\"https:\\\/\\\/satuaasintalli.fi\\\/wp-content\\\/uploads\\\/2022\\\/03\\\/SatuAasin-talli-logo.png\",\"width\":500,\"height\":523,\"caption\":\"SatuAasin talli\"},\"image\":{\"@id\":\"https:\\\/\\\/satuaasintalli.fi\\\/#\\\/schema\\\/logo\\\/image\\\/\"},\"sameAs\":[\"https:\\\/\\\/www.facebook.com\\\/hevostoimintavalkas\\\/\",\"https:\\\/\\\/www.instagram.com\\\/satuaasintalli\\\/?hl=fi\"]}]}<\/script>\n<!-- \/ Yoast SEO plugin. -->","yoast_head_json":{"title":"Saavutettavuusseloste - SatuAasin talli","description":"SatuAasin tallin verkkokaupan saavutettavuusseloste.","robots":{"index":"index","follow":"follow","max-snippet":"max-snippet:-1","max-image-preview":"max-image-preview:large","max-video-preview":"max-video-preview:-1"},"canonical":"https:\/\/satuaasintalli.fi\/index.php\/saavutettavuusseloste\/","og_locale":"fi_FI","og_type":"article","og_title":"Saavutettavuusseloste - SatuAasin talli","og_description":"SatuAasin tallin verkkokaupan saavutettavuusseloste.","og_url":"https:\/\/satuaasintalli.fi\/index.php\/saavutettavuusseloste\/","og_site_name":"SatuAasin talli","article_publisher":"https:\/\/www.facebook.com\/hevostoimintavalkas\/","article_modified_time":"2025-03-04T06:44:54+00:00","twitter_card":"summary_large_image","twitter_misc":{"Arvioitu lukuaika":"2 minuuttia"},"schema":{"@context":"https:\/\/schema.org","@graph":[{"@type":"WebPage","@id":"https:\/\/satuaasintalli.fi\/index.php\/saavutettavuusseloste\/","url":"https:\/\/satuaasintalli.fi\/index.php\/saavutettavuusseloste\/","name":"Saavutettavuusseloste - SatuAasin talli","isPartOf":{"@id":"https:\/\/satuaasintalli.fi\/#website"},"datePublished":"2025-02-27T14:52:30+00:00","dateModified":"2025-03-04T06:44:54+00:00","description":"SatuAasin tallin verkkokaupan saavutettavuusseloste.","breadcrumb":{"@id":"https:\/\/satuaasintalli.fi\/index.php\/saavutettavuusseloste\/#breadcrumb"},"inLanguage":"fi","potentialAction":[{"@type":"ReadAction","target":["https:\/\/satuaasintalli.fi\/index.php\/saavutettavuusseloste\/"]}]},{"@type":"BreadcrumbList","@id":"https:\/\/satuaasintalli.fi\/index.php\/saavutettavuusseloste\/#breadcrumb","itemListElement":[{"@type":"ListItem","position":1,"name":"Home","item":"https:\/\/satuaasintalli.fi\/"},{"@type":"ListItem","position":2,"name":"Saavutettavuusseloste"}]},{"@type":"WebSite","@id":"https:\/\/satuaasintalli.fi\/#website","url":"https:\/\/satuaasintalli.fi\/","name":"SatuAasin talli","description":"SatuAasin tallin kotisivut ja verkkokauppa","publisher":{"@id":"https:\/\/satuaasintalli.fi\/#organization"},"potentialAction":[{"@type":"SearchAction","target":{"@type":"EntryPoint","urlTemplate":"https:\/\/satuaasintalli.fi\/?s={search_term_string}"},"query-input":{"@type":"PropertyValueSpecification","valueRequired":true,"valueName":"search_term_string"}}],"inLanguage":"fi"},{"@type":"Organization","@id":"https:\/\/satuaasintalli.fi\/#organization","name":"SatuAasin talli","url":"https:\/\/satuaasintalli.fi\/","logo":{"@type":"ImageObject","inLanguage":"fi","@id":"https:\/\/satuaasintalli.fi\/#\/schema\/logo\/image\/","url":"https:\/\/satuaasintalli.fi\/wp-content\/uploads\/2022\/03\/SatuAasin-talli-logo.png","contentUrl":"https:\/\/satuaasintalli.fi\/wp-content\/uploads\/2022\/03\/SatuAasin-talli-logo.png","width":500,"height":523,"caption":"SatuAasin talli"},"image":{"@id":"https:\/\/satuaasintalli.fi\/#\/schema\/logo\/image\/"},"sameAs":["https:\/\/www.facebook.com\/hevostoimintavalkas\/","https:\/\/www.instagram.com\/satuaasintalli\/?hl=fi"]}]}},"_links":{"self":[{"href":"https:\/\/satuaasintalli.fi\/index.php\/wp-json\/wp\/v2\/pages\/3084","targetHints":{"allow":["GET"]}}],"collection":[{"href":"https:\/\/satuaasintalli.fi\/index.php\/wp-json\/wp\/v2\/pages"}],"about":[{"href":"https:\/\/satuaasintalli.fi\/index.php\/wp-json\/wp\/v2\/types\/page"}],"author":[{"embeddable":true,"href":"https:\/\/satuaasintalli.fi\/index.php\/wp-json\/wp\/v2\/users\/2"}],"replies":[{"embeddable":true,"href":"https:\/\/satuaasintalli.fi\/index.php\/wp-json\/wp\/v2\/comments?post=3084"}],"version-history":[{"count":4,"href":"https:\/\/satuaasintalli.fi\/index.php\/wp-json\/wp\/v2\/pages\/3084\/revisions"}],"predecessor-version":[{"id":3290,"href":"https:\/\/satuaasintalli.fi\/index.php\/wp-json\/wp\/v2\/pages\/3084\/revisions\/3290"}],"wp:attachment":[{"href":"https:\/\/satuaasintalli.fi\/index.php\/wp-json\/wp\/v2\/media?parent=3084"}],"curies":[{"name":"wp","href":"https:\/\/api.w.org\/{rel}","templated":true}]}}