{"id":303,"date":"2022-03-03T11:24:55","date_gmt":"2022-03-03T11:24:55","guid":{"rendered":"https:\/\/satuaasintalli.fi\/?page_id=303"},"modified":"2024-10-24T11:40:16","modified_gmt":"2024-10-24T11:40:16","slug":"myytavat-aasit","status":"publish","type":"page","link":"https:\/\/satuaasintalli.fi\/index.php\/myytavat-aasit\/","title":{"rendered":"Myyt\u00e4v\u00e4t aasit"},"content":{"rendered":"\t\t<div data-elementor-type=\"wp-page\" data-elementor-id=\"303\" class=\"elementor elementor-303\" data-elementor-post-type=\"page\">\n\t\t\t\t\t\t<section class=\"elementor-section elementor-top-section elementor-element elementor-element-1dfa781 elementor-reverse-mobile elementor-section-boxed elementor-section-height-default elementor-section-height-default\" data-id=\"1dfa781\" data-element_type=\"section\" data-e-type=\"section\" data-settings=\"{&quot;background_background&quot;:&quot;classic&quot;}\">\n\t\t\t\t\t\t<div class=\"elementor-container elementor-column-gap-default\">\n\t\t\t\t\t<div class=\"elementor-column elementor-col-100 elementor-top-column elementor-element elementor-element-59038f7\" data-id=\"59038f7\" data-element_type=\"column\" data-e-type=\"column\">\n\t\t\t<div class=\"elementor-widget-wrap elementor-element-populated\">\n\t\t\t\t\t\t<div class=\"elementor-element elementor-element-6350bc0 elementor-widget elementor-widget-heading\" data-id=\"6350bc0\" data-element_type=\"widget\" data-e-type=\"widget\" data-widget_type=\"heading.default\">\n\t\t\t\t<div class=\"elementor-widget-container\">\n\t\t\t\t\t<h2 class=\"elementor-heading-title elementor-size-default\">Aasien myynti ja myyntiv\u00e4litys<\/h2>\t\t\t\t<\/div>\n\t\t\t\t<\/div>\n\t\t\t\t\t<\/div>\n\t\t<\/div>\n\t\t\t\t\t<\/div>\n\t\t<\/section>\n\t\t\t\t<section class=\"elementor-section elementor-top-section elementor-element elementor-element-006cd9b elementor-section-boxed elementor-section-height-default elementor-section-height-default\" data-id=\"006cd9b\" data-element_type=\"section\" data-e-type=\"section\">\n\t\t\t\t\t\t<div class=\"elementor-container elementor-column-gap-default\">\n\t\t\t\t\t<div class=\"elementor-column elementor-col-50 elementor-top-column elementor-element elementor-element-82a48be\" data-id=\"82a48be\" data-element_type=\"column\" data-e-type=\"column\">\n\t\t\t<div class=\"elementor-widget-wrap elementor-element-populated\">\n\t\t\t\t\t\t<div class=\"elementor-element elementor-element-3571ef8 elementor-widget elementor-widget-text-editor\" data-id=\"3571ef8\" data-element_type=\"widget\" data-e-type=\"widget\" data-widget_type=\"text-editor.default\">\n\t\t\t\t<div class=\"elementor-widget-container\">\n\t\t\t\t\t\t\t\t\t<p><span style=\"letter-spacing: -0.27px;\">Seuraavan kerran myyntiaaseja tulee kauttani Suomeen kev\u00e4\u00e4ll\u00e4\/kes\u00e4ll\u00e4 2025. Talven aikana on hyvin aikaa etsiskell\u00e4 juuri Sinulle sopivaa pitk\u00e4korvaista kaveria. Mahdollista on etsi\u00e4 sek\u00e4 v\u00e4limeren miniaaseja ett\u00e4 tavallisia, noin 100-140 cm s\u00e4k\u00e4isi\u00e4 aaseja.<\/span><\/p>\n<p>Toisinaan otan my\u00f6s kotitallilleni koulutukseen tai myyntiv\u00e4litykseen aaseja. Minulla on my\u00f6s v\u00e4lill\u00e4 tietoa Suomessa myynniss\u00e4 olevista aaseista, joten miss\u00e4 vain aasin hankintaa tai myyntiin liittyv\u00e4ss\u00e4 asiassa, ota rohkeasti yhteytt\u00e4.<\/p><p><span style=\"color: rgb(127, 102, 80); font-family: Muli, sans-serif; letter-spacing: -0.27px;\">Huomioithan, ett\u00e4 yksi t\u00e4rke\u00e4 osa aasin hyvinvointia on sen laumakaverit, joten min\u00e4 myyn aaseja vain kotiin, jossa uudella aasilla on jo ennest\u00e4\u00e4n aasikaveri olemassa tai johon hankitaan samalla kertaa v\u00e4hint\u00e4\u00e4n kaksi aasia. En siis myy aasia hevosen tai ponin seuralaiseksi.<\/span><\/p>\t\t\t\t\t\t\t\t<\/div>\n\t\t\t\t<\/div>\n\t\t\t\t\t<\/div>\n\t\t<\/div>\n\t\t\t\t<div class=\"elementor-column elementor-col-50 elementor-top-column elementor-element elementor-element-70f757e\" data-id=\"70f757e\" data-element_type=\"column\" data-e-type=\"column\">\n\t\t\t<div class=\"elementor-widget-wrap elementor-element-populated\">\n\t\t\t\t\t\t<div class=\"elementor-element elementor-element-afa72b3 elementor-widget elementor-widget-image\" data-id=\"afa72b3\" data-element_type=\"widget\" data-e-type=\"widget\" data-widget_type=\"image.default\">\n\t\t\t\t<div class=\"elementor-widget-container\">\n\t\t\t\t\t\t\t\t\t\t\t\t\t\t\t<img fetchpriority=\"high\" decoding=\"async\" width=\"580\" height=\"474\" src=\"https:\/\/satuaasintalli.fi\/wp-content\/uploads\/2022\/03\/Kolme-erikokoista-aasia-sivusta-768x628.jpg\" class=\"attachment-medium_large size-medium_large wp-image-735\" alt=\"\" srcset=\"https:\/\/satuaasintalli.fi\/wp-content\/uploads\/2022\/03\/Kolme-erikokoista-aasia-sivusta-768x628.jpg 768w, https:\/\/satuaasintalli.fi\/wp-content\/uploads\/2022\/03\/Kolme-erikokoista-aasia-sivusta-scaled-600x491.jpg 600w, https:\/\/satuaasintalli.fi\/wp-content\/uploads\/2022\/03\/Kolme-erikokoista-aasia-sivusta-300x245.jpg 300w, https:\/\/satuaasintalli.fi\/wp-content\/uploads\/2022\/03\/Kolme-erikokoista-aasia-sivusta-1024x838.jpg 1024w, https:\/\/satuaasintalli.fi\/wp-content\/uploads\/2022\/03\/Kolme-erikokoista-aasia-sivusta-1536x1256.jpg 1536w, https:\/\/satuaasintalli.fi\/wp-content\/uploads\/2022\/03\/Kolme-erikokoista-aasia-sivusta-2048x1675.jpg 2048w, https:\/\/satuaasintalli.fi\/wp-content\/uploads\/2022\/03\/Kolme-erikokoista-aasia-sivusta-1200x982.jpg 1200w, https:\/\/satuaasintalli.fi\/wp-content\/uploads\/2022\/03\/Kolme-erikokoista-aasia-sivusta-1980x1620.jpg 1980w\" sizes=\"(max-width: 580px) 100vw, 580px\" \/>\t\t\t\t\t\t\t\t\t\t\t\t\t\t\t<\/div>\n\t\t\t\t<\/div>\n\t\t\t\t\t<\/div>\n\t\t<\/div>\n\t\t\t\t\t<\/div>\n\t\t<\/section>\n\t\t\t\t<section class=\"elementor-section elementor-top-section elementor-element elementor-element-8850226 elementor-section-boxed elementor-section-height-default elementor-section-height-default\" data-id=\"8850226\" data-element_type=\"section\" data-e-type=\"section\">\n\t\t\t\t\t\t<div class=\"elementor-container elementor-column-gap-default\">\n\t\t\t\t\t<div class=\"elementor-column elementor-col-100 elementor-top-column elementor-element elementor-element-64d0fa2\" data-id=\"64d0fa2\" data-element_type=\"column\" data-e-type=\"column\">\n\t\t\t<div class=\"elementor-widget-wrap elementor-element-populated\">\n\t\t\t\t\t\t<div class=\"elementor-element elementor-element-16421a7 elementor-widget elementor-widget-heading\" data-id=\"16421a7\" data-element_type=\"widget\" data-e-type=\"widget\" data-widget_type=\"heading.default\">\n\t\t\t\t<div class=\"elementor-widget-container\">\n\t\t\t\t\t<h2 class=\"elementor-heading-title elementor-size-xl\">Aasikaveria etsim\u00e4ss\u00e4?<\/h2>\t\t\t\t<\/div>\n\t\t\t\t<\/div>\n\t\t\t\t<div class=\"elementor-element elementor-element-4a337b4 elementor-widget elementor-widget-text-editor\" data-id=\"4a337b4\" data-element_type=\"widget\" data-e-type=\"widget\" data-widget_type=\"text-editor.default\">\n\t\t\t\t<div class=\"elementor-widget-container\">\n\t\t\t\t\t\t\t\t\t<p>Oletko omaa karvakaveria vailla ja tallissasi olisi paikka uskolliselle pitk\u00e4korvaiselle kaverille (tai parille)? Olen jo useamman vuoden ajan tuonut asiakkaiden pyynn\u00f6st\u00e4 Suomeen v\u00e4limeren miniaaseja sek\u00e4 tavallisia aaseja. Suomen aasikanta on melko pieni ja etenk\u00e4\u00e4n v\u00e4limeren miniaaseja tai isompia ratsuaaseja (reilu 140 cm) ei Suomessa niiden harvinaisuuden vuoksi juuri koskaan ole myynniss\u00e4. Minulla on Eurooppaan hyv\u00e4t kontaktit, joiden avulla pystyn l\u00f6yt\u00e4m\u00e4\u00e4n sinulle toiveidesi mukaisen aasin. Aasit tulevat usein kev\u00e4\u00e4ll\u00e4 tai kes\u00e4ll\u00e4 Suomeen hevoskuljetusautolla isompana ryhm\u00e4n\u00e4, jotta kuljetuskustannuksia voidaan jakaa useamman aasinostajan kesken.<\/p><div><div>Miten aasin hankinta kauttani etenee?<\/div><div>&#8211; Kerrot minulle toiveesi aasin suhteen (sukupuoli, ik\u00e4, v\u00e4ri, koko, koulutustaso) sek\u00e4 budjettisi.<\/div><div>&#8211; Haastattelen sinua, millaisiin tiloihin ja k\u00e4ytt\u00f6\u00f6n aasi\/aasit olisivat tulossa ja tarvittaessa annan lis\u00e4neuvoja.<\/div><div>&#8211; Kontaktini ulkomailla antavat tietoja sopivista yksil\u00f6ist\u00e4 ja voit niiden perusteella tehd\u00e4 p\u00e4\u00e4t\u00f6ksen, mink\u00e4\/mitk\u00e4 aasit haluat.<\/div><div>&#8211; Maksat aasin\/aasit laskulla ja hintaan sis\u00e4ltyy aasi\/aasit, riimu ja riimunnaru, el\u00e4inl\u00e4\u00e4k\u00e4rintarkastus l\u00e4ht\u00f6maassa, kuljetus Suomeen Lopelle\/l\u00e4hist\u00f6lle ja myyntiprovisio.<\/div><div>&#8211; Saat kaupanp\u00e4\u00e4lle kirjoittamani Aasinostajan oppaan, josta l\u00f6ytyy perustietoa aasien hoidosta.<\/div><div>&#8211; Odotat aasin saapumista kotiin ja varaat Hevosjalostusliiton tunnistajan k\u00e4ym\u00e4\u00e4n tallilla aasin Hippokseen rekister\u00f6imist\u00e4 varten.<\/div><div>\u00a0<\/div><div>Tuotavilla a<span style=\"letter-spacing: -0.27px; font-size: 1em;\">aseilla on kaikilla mikrosiru ja passi ja niille tehd\u00e4\u00e4n el\u00e4inl\u00e4\u00e4k\u00e4rin suorittama terveystarkastus ennen matkalle l\u00e4ht\u00f6\u00e4.<\/span><\/div><div>\u00a0<\/div><div>Katso my\u00f6s\u00a0<a href=\"https:\/\/satuaasintalli.fi\/index.php\/usein-kysytyt-kysymykset\/\">usein kysytyt kysymykset<\/a> aasien myyntiin ja hankintaan liittyen ja ole yhteydess\u00e4, jos sinulla on kysytt\u00e4v\u00e4\u00e4. Autan mielell\u00e4ni!<\/div><\/div>\t\t\t\t\t\t\t\t<\/div>\n\t\t\t\t<\/div>\n\t\t\t\t\t<\/div>\n\t\t<\/div>\n\t\t\t\t\t<\/div>\n\t\t<\/section>\n\t\t\t\t<\/div>\n\t\t","protected":false},"excerpt":{"rendered":"<p>Aasien myynti ja myyntiv\u00e4litys Seuraavan kerran myyntiaaseja tulee kauttani Suomeen kev\u00e4\u00e4ll\u00e4\/kes\u00e4ll\u00e4 2025. Talven aikana on hyvin aikaa etsiskell\u00e4 juuri Sinulle sopivaa pitk\u00e4korvaista kaveria. Mahdollista on etsi\u00e4 sek\u00e4 v\u00e4limeren miniaaseja ett\u00e4 tavallisia, noin 100-140 cm s\u00e4k\u00e4isi\u00e4 aaseja. Toisinaan otan my\u00f6s kotitallilleni koulutukseen tai myyntiv\u00e4litykseen aaseja. Minulla on my\u00f6s v\u00e4lill\u00e4 tietoa Suomessa myynniss\u00e4 olevista aaseista, joten miss\u00e4 [&hellip;]<\/p>\n","protected":false},"author":1,"featured_media":0,"parent":0,"menu_order":0,"comment_status":"closed","ping_status":"closed","template":"elementor_header_footer","meta":{"footnotes":""},"class_list":["post-303","page","type-page","status-publish","hentry"],"yoast_head":"<!-- This site is optimized with the Yoast SEO plugin v27.4 - https:\/\/yoast.com\/product\/yoast-seo-wordpress\/ -->\n<title>Myyt\u00e4v\u00e4t aasit - SatuAasin talli<\/title>\n<meta name=\"description\" content=\"Tuomme maahan v\u00e4limerenminiaaseja ja muitakin aaseja tilauksesta mm Hollannista ja Italiasta. Ota yhteytt\u00e4 jos haluat ostaa oman aasin!\" \/>\n<meta name=\"robots\" content=\"index, follow, max-snippet:-1, max-image-preview:large, max-video-preview:-1\" \/>\n<link rel=\"canonical\" href=\"https:\/\/satuaasintalli.fi\/index.php\/myytavat-aasit\/\" \/>\n<meta property=\"og:locale\" content=\"fi_FI\" \/>\n<meta property=\"og:type\" content=\"article\" \/>\n<meta property=\"og:title\" content=\"Myyt\u00e4v\u00e4t aasit - SatuAasin talli\" \/>\n<meta property=\"og:description\" content=\"Tuomme maahan v\u00e4limerenminiaaseja ja muitakin aaseja tilauksesta mm Hollannista ja Italiasta. Ota yhteytt\u00e4 jos haluat ostaa oman aasin!\" \/>\n<meta property=\"og:url\" content=\"https:\/\/satuaasintalli.fi\/index.php\/myytavat-aasit\/\" \/>\n<meta property=\"og:site_name\" content=\"SatuAasin talli\" \/>\n<meta property=\"article:publisher\" content=\"https:\/\/www.facebook.com\/hevostoimintavalkas\/\" \/>\n<meta property=\"article:modified_time\" content=\"2024-10-24T11:40:16+00:00\" \/>\n<meta property=\"og:image\" content=\"https:\/\/satuaasintalli.fi\/wp-content\/uploads\/2022\/03\/Kolme-erikokoista-aasia-sivusta-scaled.jpg\" \/>\n\t<meta property=\"og:image:width\" content=\"2560\" \/>\n\t<meta property=\"og:image:height\" content=\"2094\" \/>\n\t<meta property=\"og:image:type\" content=\"image\/jpeg\" \/>\n<meta name=\"twitter:card\" content=\"summary_large_image\" \/>\n<meta name=\"twitter:label1\" content=\"Arvioitu lukuaika\" \/>\n\t<meta name=\"twitter:data1\" content=\"2 minuuttia\" \/>\n<script type=\"application\/ld+json\" class=\"yoast-schema-graph\">{\"@context\":\"https:\\\/\\\/schema.org\",\"@graph\":[{\"@type\":\"WebPage\",\"@id\":\"https:\\\/\\\/satuaasintalli.fi\\\/index.php\\\/myytavat-aasit\\\/\",\"url\":\"https:\\\/\\\/satuaasintalli.fi\\\/index.php\\\/myytavat-aasit\\\/\",\"name\":\"Myyt\u00e4v\u00e4t aasit - SatuAasin talli\",\"isPartOf\":{\"@id\":\"https:\\\/\\\/satuaasintalli.fi\\\/#website\"},\"primaryImageOfPage\":{\"@id\":\"https:\\\/\\\/satuaasintalli.fi\\\/index.php\\\/myytavat-aasit\\\/#primaryimage\"},\"image\":{\"@id\":\"https:\\\/\\\/satuaasintalli.fi\\\/index.php\\\/myytavat-aasit\\\/#primaryimage\"},\"thumbnailUrl\":\"https:\\\/\\\/satuaasintalli.fi\\\/wp-content\\\/uploads\\\/2022\\\/03\\\/Kolme-erikokoista-aasia-sivusta-768x628.jpg\",\"datePublished\":\"2022-03-03T11:24:55+00:00\",\"dateModified\":\"2024-10-24T11:40:16+00:00\",\"description\":\"Tuomme maahan v\u00e4limerenminiaaseja ja muitakin aaseja tilauksesta mm Hollannista ja Italiasta. Ota yhteytt\u00e4 jos haluat ostaa oman aasin!\",\"breadcrumb\":{\"@id\":\"https:\\\/\\\/satuaasintalli.fi\\\/index.php\\\/myytavat-aasit\\\/#breadcrumb\"},\"inLanguage\":\"fi\",\"potentialAction\":[{\"@type\":\"ReadAction\",\"target\":[\"https:\\\/\\\/satuaasintalli.fi\\\/index.php\\\/myytavat-aasit\\\/\"]}]},{\"@type\":\"ImageObject\",\"inLanguage\":\"fi\",\"@id\":\"https:\\\/\\\/satuaasintalli.fi\\\/index.php\\\/myytavat-aasit\\\/#primaryimage\",\"url\":\"https:\\\/\\\/satuaasintalli.fi\\\/wp-content\\\/uploads\\\/2022\\\/03\\\/Kolme-erikokoista-aasia-sivusta-scaled.jpg\",\"contentUrl\":\"https:\\\/\\\/satuaasintalli.fi\\\/wp-content\\\/uploads\\\/2022\\\/03\\\/Kolme-erikokoista-aasia-sivusta-scaled.jpg\",\"width\":2560,\"height\":2094,\"caption\":\"Edess\u00e4 v\u00e4limeren miniaasi (76 cm), keskell\u00e4 miniaasin ja tavallisen aasin risteytys (91 cm) ja takana tavallinen aasi (100 cm).\"},{\"@type\":\"BreadcrumbList\",\"@id\":\"https:\\\/\\\/satuaasintalli.fi\\\/index.php\\\/myytavat-aasit\\\/#breadcrumb\",\"itemListElement\":[{\"@type\":\"ListItem\",\"position\":1,\"name\":\"Home\",\"item\":\"https:\\\/\\\/satuaasintalli.fi\\\/\"},{\"@type\":\"ListItem\",\"position\":2,\"name\":\"Myyt\u00e4v\u00e4t aasit\"}]},{\"@type\":\"WebSite\",\"@id\":\"https:\\\/\\\/satuaasintalli.fi\\\/#website\",\"url\":\"https:\\\/\\\/satuaasintalli.fi\\\/\",\"name\":\"SatuAasin talli\",\"description\":\"SatuAasin tallin kotisivut ja verkkokauppa\",\"publisher\":{\"@id\":\"https:\\\/\\\/satuaasintalli.fi\\\/#organization\"},\"potentialAction\":[{\"@type\":\"SearchAction\",\"target\":{\"@type\":\"EntryPoint\",\"urlTemplate\":\"https:\\\/\\\/satuaasintalli.fi\\\/?s={search_term_string}\"},\"query-input\":{\"@type\":\"PropertyValueSpecification\",\"valueRequired\":true,\"valueName\":\"search_term_string\"}}],\"inLanguage\":\"fi\"},{\"@type\":\"Organization\",\"@id\":\"https:\\\/\\\/satuaasintalli.fi\\\/#organization\",\"name\":\"SatuAasin talli\",\"url\":\"https:\\\/\\\/satuaasintalli.fi\\\/\",\"logo\":{\"@type\":\"ImageObject\",\"inLanguage\":\"fi\",\"@id\":\"https:\\\/\\\/satuaasintalli.fi\\\/#\\\/schema\\\/logo\\\/image\\\/\",\"url\":\"https:\\\/\\\/satuaasintalli.fi\\\/wp-content\\\/uploads\\\/2022\\\/03\\\/SatuAasin-talli-logo.png\",\"contentUrl\":\"https:\\\/\\\/satuaasintalli.fi\\\/wp-content\\\/uploads\\\/2022\\\/03\\\/SatuAasin-talli-logo.png\",\"width\":500,\"height\":523,\"caption\":\"SatuAasin talli\"},\"image\":{\"@id\":\"https:\\\/\\\/satuaasintalli.fi\\\/#\\\/schema\\\/logo\\\/image\\\/\"},\"sameAs\":[\"https:\\\/\\\/www.facebook.com\\\/hevostoimintavalkas\\\/\",\"https:\\\/\\\/www.instagram.com\\\/satuaasintalli\\\/?hl=fi\"]}]}<\/script>\n<!-- \/ Yoast SEO plugin. -->","yoast_head_json":{"title":"Myyt\u00e4v\u00e4t aasit - SatuAasin talli","description":"Tuomme maahan v\u00e4limerenminiaaseja ja muitakin aaseja tilauksesta mm Hollannista ja Italiasta. Ota yhteytt\u00e4 jos haluat ostaa oman aasin!","robots":{"index":"index","follow":"follow","max-snippet":"max-snippet:-1","max-image-preview":"max-image-preview:large","max-video-preview":"max-video-preview:-1"},"canonical":"https:\/\/satuaasintalli.fi\/index.php\/myytavat-aasit\/","og_locale":"fi_FI","og_type":"article","og_title":"Myyt\u00e4v\u00e4t aasit - SatuAasin talli","og_description":"Tuomme maahan v\u00e4limerenminiaaseja ja muitakin aaseja tilauksesta mm Hollannista ja Italiasta. Ota yhteytt\u00e4 jos haluat ostaa oman aasin!","og_url":"https:\/\/satuaasintalli.fi\/index.php\/myytavat-aasit\/","og_site_name":"SatuAasin talli","article_publisher":"https:\/\/www.facebook.com\/hevostoimintavalkas\/","article_modified_time":"2024-10-24T11:40:16+00:00","og_image":[{"width":2560,"height":2094,"url":"https:\/\/satuaasintalli.fi\/wp-content\/uploads\/2022\/03\/Kolme-erikokoista-aasia-sivusta-scaled.jpg","type":"image\/jpeg"}],"twitter_card":"summary_large_image","twitter_misc":{"Arvioitu lukuaika":"2 minuuttia"},"schema":{"@context":"https:\/\/schema.org","@graph":[{"@type":"WebPage","@id":"https:\/\/satuaasintalli.fi\/index.php\/myytavat-aasit\/","url":"https:\/\/satuaasintalli.fi\/index.php\/myytavat-aasit\/","name":"Myyt\u00e4v\u00e4t aasit - SatuAasin talli","isPartOf":{"@id":"https:\/\/satuaasintalli.fi\/#website"},"primaryImageOfPage":{"@id":"https:\/\/satuaasintalli.fi\/index.php\/myytavat-aasit\/#primaryimage"},"image":{"@id":"https:\/\/satuaasintalli.fi\/index.php\/myytavat-aasit\/#primaryimage"},"thumbnailUrl":"https:\/\/satuaasintalli.fi\/wp-content\/uploads\/2022\/03\/Kolme-erikokoista-aasia-sivusta-768x628.jpg","datePublished":"2022-03-03T11:24:55+00:00","dateModified":"2024-10-24T11:40:16+00:00","description":"Tuomme maahan v\u00e4limerenminiaaseja ja muitakin aaseja tilauksesta mm Hollannista ja Italiasta. Ota yhteytt\u00e4 jos haluat ostaa oman aasin!","breadcrumb":{"@id":"https:\/\/satuaasintalli.fi\/index.php\/myytavat-aasit\/#breadcrumb"},"inLanguage":"fi","potentialAction":[{"@type":"ReadAction","target":["https:\/\/satuaasintalli.fi\/index.php\/myytavat-aasit\/"]}]},{"@type":"ImageObject","inLanguage":"fi","@id":"https:\/\/satuaasintalli.fi\/index.php\/myytavat-aasit\/#primaryimage","url":"https:\/\/satuaasintalli.fi\/wp-content\/uploads\/2022\/03\/Kolme-erikokoista-aasia-sivusta-scaled.jpg","contentUrl":"https:\/\/satuaasintalli.fi\/wp-content\/uploads\/2022\/03\/Kolme-erikokoista-aasia-sivusta-scaled.jpg","width":2560,"height":2094,"caption":"Edess\u00e4 v\u00e4limeren miniaasi (76 cm), keskell\u00e4 miniaasin ja tavallisen aasin risteytys (91 cm) ja takana tavallinen aasi (100 cm)."},{"@type":"BreadcrumbList","@id":"https:\/\/satuaasintalli.fi\/index.php\/myytavat-aasit\/#breadcrumb","itemListElement":[{"@type":"ListItem","position":1,"name":"Home","item":"https:\/\/satuaasintalli.fi\/"},{"@type":"ListItem","position":2,"name":"Myyt\u00e4v\u00e4t aasit"}]},{"@type":"WebSite","@id":"https:\/\/satuaasintalli.fi\/#website","url":"https:\/\/satuaasintalli.fi\/","name":"SatuAasin talli","description":"SatuAasin tallin kotisivut ja verkkokauppa","publisher":{"@id":"https:\/\/satuaasintalli.fi\/#organization"},"potentialAction":[{"@type":"SearchAction","target":{"@type":"EntryPoint","urlTemplate":"https:\/\/satuaasintalli.fi\/?s={search_term_string}"},"query-input":{"@type":"PropertyValueSpecification","valueRequired":true,"valueName":"search_term_string"}}],"inLanguage":"fi"},{"@type":"Organization","@id":"https:\/\/satuaasintalli.fi\/#organization","name":"SatuAasin talli","url":"https:\/\/satuaasintalli.fi\/","logo":{"@type":"ImageObject","inLanguage":"fi","@id":"https:\/\/satuaasintalli.fi\/#\/schema\/logo\/image\/","url":"https:\/\/satuaasintalli.fi\/wp-content\/uploads\/2022\/03\/SatuAasin-talli-logo.png","contentUrl":"https:\/\/satuaasintalli.fi\/wp-content\/uploads\/2022\/03\/SatuAasin-talli-logo.png","width":500,"height":523,"caption":"SatuAasin talli"},"image":{"@id":"https:\/\/satuaasintalli.fi\/#\/schema\/logo\/image\/"},"sameAs":["https:\/\/www.facebook.com\/hevostoimintavalkas\/","https:\/\/www.instagram.com\/satuaasintalli\/?hl=fi"]}]}},"_links":{"self":[{"href":"https:\/\/satuaasintalli.fi\/index.php\/wp-json\/wp\/v2\/pages\/303","targetHints":{"allow":["GET"]}}],"collection":[{"href":"https:\/\/satuaasintalli.fi\/index.php\/wp-json\/wp\/v2\/pages"}],"about":[{"href":"https:\/\/satuaasintalli.fi\/index.php\/wp-json\/wp\/v2\/types\/page"}],"author":[{"embeddable":true,"href":"https:\/\/satuaasintalli.fi\/index.php\/wp-json\/wp\/v2\/users\/1"}],"replies":[{"embeddable":true,"href":"https:\/\/satuaasintalli.fi\/index.php\/wp-json\/wp\/v2\/comments?post=303"}],"version-history":[{"count":149,"href":"https:\/\/satuaasintalli.fi\/index.php\/wp-json\/wp\/v2\/pages\/303\/revisions"}],"predecessor-version":[{"id":2445,"href":"https:\/\/satuaasintalli.fi\/index.php\/wp-json\/wp\/v2\/pages\/303\/revisions\/2445"}],"wp:attachment":[{"href":"https:\/\/satuaasintalli.fi\/index.php\/wp-json\/wp\/v2\/media?parent=303"}],"curies":[{"name":"wp","href":"https:\/\/api.w.org\/{rel}","templated":true}]}}