{"id":204,"date":"2022-03-03T09:03:12","date_gmt":"2022-03-03T09:03:12","guid":{"rendered":"https:\/\/satuaasintalli.fi\/?page_id=204"},"modified":"2024-03-17T18:34:29","modified_gmt":"2024-03-17T18:34:29","slug":"turpatuokio","status":"publish","type":"page","link":"https:\/\/satuaasintalli.fi\/index.php\/turpatuokio\/","title":{"rendered":"Turpatuokio"},"content":{"rendered":"\t\t<div data-elementor-type=\"wp-page\" data-elementor-id=\"204\" class=\"elementor elementor-204\" data-elementor-post-type=\"page\">\n\t\t\t\t\t\t<section class=\"elementor-section elementor-top-section elementor-element elementor-element-f564829 elementor-section-boxed elementor-section-height-default elementor-section-height-default\" data-id=\"f564829\" data-element_type=\"section\" data-e-type=\"section\" data-settings=\"{&quot;background_background&quot;:&quot;classic&quot;}\">\n\t\t\t\t\t\t<div class=\"elementor-container elementor-column-gap-default\">\n\t\t\t\t\t<div class=\"elementor-column elementor-col-50 elementor-top-column elementor-element elementor-element-9e17a8b\" data-id=\"9e17a8b\" data-element_type=\"column\" data-e-type=\"column\">\n\t\t\t<div class=\"elementor-widget-wrap elementor-element-populated\">\n\t\t\t\t\t\t<div class=\"elementor-element elementor-element-e1ef871 elementor-widget elementor-widget-heading\" data-id=\"e1ef871\" data-element_type=\"widget\" data-e-type=\"widget\" data-widget_type=\"heading.default\">\n\t\t\t\t<div class=\"elementor-widget-container\">\n\t\t\t\t\t<h2 class=\"elementor-heading-title elementor-size-xl\">Turpatuokio<\/h2>\t\t\t\t<\/div>\n\t\t\t\t<\/div>\n\t\t\t\t<div class=\"elementor-element elementor-element-a72f6bb elementor-widget elementor-widget-text-editor\" data-id=\"a72f6bb\" data-element_type=\"widget\" data-e-type=\"widget\" data-widget_type=\"text-editor.default\">\n\t\t\t\t<div class=\"elementor-widget-container\">\n\t\t\t\t\t\t\t\t\t<p>Turpatuokion aikana p\u00e4\u00e4set tutustumaan aasilaumamme j\u00e4seniin l\u00e4hiet\u00e4isyydelt\u00e4. Voimme harjailla aaseja ja k\u00e4yd\u00e4 niiden kanssa pienell\u00e4 talutuslenkill\u00e4 tallin l\u00e4himets\u00e4ss\u00e4 tai kokeilla aasiagilityradan suorittamista. Halutessasi tuokion aikana voimme my\u00f6s tehd\u00e4 tallit\u00f6it\u00e4, ruokkia aaseja tai ihan vain seurailla aasilauman el\u00e4m\u00e4\u00e4. T<span style=\"font-size: inherit; text-align: inherit; letter-spacing: -0.015em;\">urpatuokion aikana pienemm\u00e4t lapset (max 30 kg) voivat my\u00f6s kokeilla ratsastamista tallin aasilla. A<\/span><span style=\"letter-spacing: -0.27px; font-size: 1em;\">iempaa kokemusta aaseista tai hevosista ei tarvitse olla, sill\u00e4 aasimme ovat kilttej\u00e4 ja ihmisrakkaita ja sin\u00e4 saat opastusta aasien turvalliseen k\u00e4sittelyyn.<\/span><\/p><p>Turpatuokion kesto on yhden tunnin ja voit tulla tuokioon joko yksin tai yhdess\u00e4 kaverien kanssa. Varusteiksi turpatuokioon tarvitset mukavat jalkineet sek\u00e4 s\u00e4\u00e4nmukaisen ulkoiluvaatetuksen.<\/p>\t\t\t\t\t\t\t\t<\/div>\n\t\t\t\t<\/div>\n\t\t\t\t\t<\/div>\n\t\t<\/div>\n\t\t\t\t<div class=\"elementor-column elementor-col-50 elementor-top-column elementor-element elementor-element-2552700\" data-id=\"2552700\" data-element_type=\"column\" data-e-type=\"column\">\n\t\t\t<div class=\"elementor-widget-wrap elementor-element-populated\">\n\t\t\t\t\t\t<div class=\"elementor-element elementor-element-19b4489 elementor-widget elementor-widget-image\" data-id=\"19b4489\" data-element_type=\"widget\" data-e-type=\"widget\" data-widget_type=\"image.default\">\n\t\t\t\t<div class=\"elementor-widget-container\">\n\t\t\t\t\t\t\t\t\t\t\t\t\t\t\t<img fetchpriority=\"high\" decoding=\"async\" width=\"580\" height=\"773\" src=\"https:\/\/satuaasintalli.fi\/wp-content\/uploads\/2023\/01\/20220305_111415-768x1024.jpg\" class=\"attachment-medium_large size-medium_large wp-image-1477\" alt=\"\" srcset=\"https:\/\/satuaasintalli.fi\/wp-content\/uploads\/2023\/01\/20220305_111415-768x1024.jpg 768w, https:\/\/satuaasintalli.fi\/wp-content\/uploads\/2023\/01\/20220305_111415-scaled-600x800.jpg 600w, https:\/\/satuaasintalli.fi\/wp-content\/uploads\/2023\/01\/20220305_111415-225x300.jpg 225w, https:\/\/satuaasintalli.fi\/wp-content\/uploads\/2023\/01\/20220305_111415-1152x1536.jpg 1152w, https:\/\/satuaasintalli.fi\/wp-content\/uploads\/2023\/01\/20220305_111415-1536x2048.jpg 1536w, https:\/\/satuaasintalli.fi\/wp-content\/uploads\/2023\/01\/20220305_111415-1200x1600.jpg 1200w, https:\/\/satuaasintalli.fi\/wp-content\/uploads\/2023\/01\/20220305_111415-1980x2640.jpg 1980w, https:\/\/satuaasintalli.fi\/wp-content\/uploads\/2023\/01\/20220305_111415-scaled.jpg 1920w\" sizes=\"(max-width: 580px) 100vw, 580px\" \/>\t\t\t\t\t\t\t\t\t\t\t\t\t\t\t<\/div>\n\t\t\t\t<\/div>\n\t\t\t\t<div class=\"elementor-element elementor-element-5fd3af8 elementor-widget elementor-widget-image\" data-id=\"5fd3af8\" data-element_type=\"widget\" data-e-type=\"widget\" data-widget_type=\"image.default\">\n\t\t\t\t<div class=\"elementor-widget-container\">\n\t\t\t\t\t\t\t\t\t\t\t\t\t\t\t<img decoding=\"async\" width=\"580\" height=\"435\" src=\"https:\/\/satuaasintalli.fi\/wp-content\/uploads\/2022\/03\/20180612_131518-768x576.jpeg\" class=\"attachment-medium_large size-medium_large wp-image-206\" alt=\"\" srcset=\"https:\/\/satuaasintalli.fi\/wp-content\/uploads\/2022\/03\/20180612_131518-768x576.jpeg 768w, https:\/\/satuaasintalli.fi\/wp-content\/uploads\/2022\/03\/20180612_131518-600x450.jpeg 600w, https:\/\/satuaasintalli.fi\/wp-content\/uploads\/2022\/03\/20180612_131518-300x225.jpeg 300w, https:\/\/satuaasintalli.fi\/wp-content\/uploads\/2022\/03\/20180612_131518-1024x768.jpeg 1024w, https:\/\/satuaasintalli.fi\/wp-content\/uploads\/2022\/03\/20180612_131518-1200x900.jpeg 1200w, https:\/\/satuaasintalli.fi\/wp-content\/uploads\/2022\/03\/20180612_131518.jpeg 1280w\" sizes=\"(max-width: 580px) 100vw, 580px\" \/>\t\t\t\t\t\t\t\t\t\t\t\t\t\t\t<\/div>\n\t\t\t\t<\/div>\n\t\t\t\t\t<\/div>\n\t\t<\/div>\n\t\t\t\t\t<\/div>\n\t\t<\/section>\n\t\t\t\t<section class=\"elementor-section elementor-top-section elementor-element elementor-element-f336111 elementor-section-boxed elementor-section-height-default elementor-section-height-default\" data-id=\"f336111\" data-element_type=\"section\" data-e-type=\"section\">\n\t\t\t\t\t\t\t<div class=\"elementor-background-overlay\"><\/div>\n\t\t\t\t\t\t\t<div class=\"elementor-container elementor-column-gap-custom\">\n\t\t\t\t\t<div class=\"elementor-column elementor-col-100 elementor-top-column elementor-element elementor-element-f61529b\" data-id=\"f61529b\" data-element_type=\"column\" data-e-type=\"column\">\n\t\t\t<div class=\"elementor-widget-wrap elementor-element-populated\">\n\t\t\t\t\t\t<div class=\"elementor-element elementor-element-c5c18a1 elementor-align-center elementor-mobile-align-justify elementor-widget elementor-widget-button\" data-id=\"c5c18a1\" data-element_type=\"widget\" data-e-type=\"widget\" data-widget_type=\"button.default\">\n\t\t\t\t<div class=\"elementor-widget-container\">\n\t\t\t\t\t\t\t\t\t<div class=\"elementor-button-wrapper\">\n\t\t\t\t\t<a class=\"elementor-button elementor-button-link elementor-size-sm elementor-animation-push\" href=\"https:\/\/satuaasintalli.fi\/index.php\/hinnasto\/\">\n\t\t\t\t\t\t<span class=\"elementor-button-content-wrapper\">\n\t\t\t\t\t\t\t\t\t<span class=\"elementor-button-text\">Hinnasto<\/span>\n\t\t\t\t\t<\/span>\n\t\t\t\t\t<\/a>\n\t\t\t\t<\/div>\n\t\t\t\t\t\t\t\t<\/div>\n\t\t\t\t<\/div>\n\t\t\t\t<div class=\"elementor-element elementor-element-0b6f649 elementor-align-center elementor-mobile-align-justify elementor-widget elementor-widget-button\" data-id=\"0b6f649\" data-element_type=\"widget\" data-e-type=\"widget\" data-widget_type=\"button.default\">\n\t\t\t\t<div class=\"elementor-widget-container\">\n\t\t\t\t\t\t\t\t\t<div class=\"elementor-button-wrapper\">\n\t\t\t\t\t<a class=\"elementor-button elementor-button-link elementor-size-sm elementor-animation-push\" href=\"https:\/\/satuaasintalli.fi\/index.php\/varaa-ilmoittaudu-tapahtumaan\/\">\n\t\t\t\t\t\t<span class=\"elementor-button-content-wrapper\">\n\t\t\t\t\t\t\t\t\t<span class=\"elementor-button-text\">varaa oma turpatuokiosi<\/span>\n\t\t\t\t\t<\/span>\n\t\t\t\t\t<\/a>\n\t\t\t\t<\/div>\n\t\t\t\t\t\t\t\t<\/div>\n\t\t\t\t<\/div>\n\t\t\t\t\t<\/div>\n\t\t<\/div>\n\t\t\t\t\t<\/div>\n\t\t<\/section>\n\t\t\t\t<\/div>\n\t\t","protected":false},"excerpt":{"rendered":"<p>Turpatuokio Turpatuokion aikana p\u00e4\u00e4set tutustumaan aasilaumamme j\u00e4seniin l\u00e4hiet\u00e4isyydelt\u00e4. Voimme harjailla aaseja ja k\u00e4yd\u00e4 niiden kanssa pienell\u00e4 talutuslenkill\u00e4 tallin l\u00e4himets\u00e4ss\u00e4 tai kokeilla aasiagilityradan suorittamista. Halutessasi tuokion aikana voimme my\u00f6s tehd\u00e4 tallit\u00f6it\u00e4, ruokkia aaseja tai ihan vain seurailla aasilauman el\u00e4m\u00e4\u00e4. Turpatuokion aikana pienemm\u00e4t lapset (max 30 kg) voivat my\u00f6s kokeilla ratsastamista tallin aasilla. Aiempaa kokemusta aaseista tai [&hellip;]<\/p>\n","protected":false},"author":1,"featured_media":0,"parent":0,"menu_order":0,"comment_status":"closed","ping_status":"closed","template":"elementor_header_footer","meta":{"footnotes":""},"class_list":["post-204","page","type-page","status-publish","hentry"],"yoast_head":"<!-- This site is optimized with the Yoast SEO plugin v27.4 - https:\/\/yoast.com\/product\/yoast-seo-wordpress\/ -->\n<title>Turpatuokio - SatuAasin talli<\/title>\n<meta name=\"description\" content=\"Turpatuokion aikana p\u00e4\u00e4set tutustumaan aasilaumamme j\u00e4seniin l\u00e4hiet\u00e4isyydelt\u00e4 niit\u00e4 harjailemalla, taluttamalla ja vaikka aasiagilitya tehden.\" \/>\n<meta name=\"robots\" content=\"index, follow, max-snippet:-1, max-image-preview:large, max-video-preview:-1\" \/>\n<link rel=\"canonical\" href=\"https:\/\/satuaasintalli.fi\/index.php\/turpatuokio\/\" \/>\n<meta property=\"og:locale\" content=\"fi_FI\" \/>\n<meta property=\"og:type\" content=\"article\" \/>\n<meta property=\"og:title\" content=\"Turpatuokio - SatuAasin talli\" \/>\n<meta property=\"og:description\" content=\"Turpatuokion aikana p\u00e4\u00e4set tutustumaan aasilaumamme j\u00e4seniin l\u00e4hiet\u00e4isyydelt\u00e4 niit\u00e4 harjailemalla, taluttamalla ja vaikka aasiagilitya tehden.\" \/>\n<meta property=\"og:url\" content=\"https:\/\/satuaasintalli.fi\/index.php\/turpatuokio\/\" \/>\n<meta property=\"og:site_name\" content=\"SatuAasin talli\" \/>\n<meta property=\"article:publisher\" content=\"https:\/\/www.facebook.com\/hevostoimintavalkas\/\" \/>\n<meta property=\"article:modified_time\" content=\"2024-03-17T18:34:29+00:00\" \/>\n<meta property=\"og:image\" content=\"https:\/\/satuaasintalli.fi\/wp-content\/uploads\/2023\/01\/20220305_111415-768x1024.jpg\" \/>\n<meta name=\"twitter:card\" content=\"summary_large_image\" \/>\n<meta name=\"twitter:label1\" content=\"Arvioitu lukuaika\" \/>\n\t<meta name=\"twitter:data1\" content=\"1 minuutti\" \/>\n<script type=\"application\/ld+json\" class=\"yoast-schema-graph\">{\"@context\":\"https:\\\/\\\/schema.org\",\"@graph\":[{\"@type\":\"WebPage\",\"@id\":\"https:\\\/\\\/satuaasintalli.fi\\\/index.php\\\/turpatuokio\\\/\",\"url\":\"https:\\\/\\\/satuaasintalli.fi\\\/index.php\\\/turpatuokio\\\/\",\"name\":\"Turpatuokio - SatuAasin talli\",\"isPartOf\":{\"@id\":\"https:\\\/\\\/satuaasintalli.fi\\\/#website\"},\"primaryImageOfPage\":{\"@id\":\"https:\\\/\\\/satuaasintalli.fi\\\/index.php\\\/turpatuokio\\\/#primaryimage\"},\"image\":{\"@id\":\"https:\\\/\\\/satuaasintalli.fi\\\/index.php\\\/turpatuokio\\\/#primaryimage\"},\"thumbnailUrl\":\"https:\\\/\\\/satuaasintalli.fi\\\/wp-content\\\/uploads\\\/2023\\\/01\\\/20220305_111415-768x1024.jpg\",\"datePublished\":\"2022-03-03T09:03:12+00:00\",\"dateModified\":\"2024-03-17T18:34:29+00:00\",\"description\":\"Turpatuokion aikana p\u00e4\u00e4set tutustumaan aasilaumamme j\u00e4seniin l\u00e4hiet\u00e4isyydelt\u00e4 niit\u00e4 harjailemalla, taluttamalla ja vaikka aasiagilitya tehden.\",\"breadcrumb\":{\"@id\":\"https:\\\/\\\/satuaasintalli.fi\\\/index.php\\\/turpatuokio\\\/#breadcrumb\"},\"inLanguage\":\"fi\",\"potentialAction\":[{\"@type\":\"ReadAction\",\"target\":[\"https:\\\/\\\/satuaasintalli.fi\\\/index.php\\\/turpatuokio\\\/\"]}]},{\"@type\":\"ImageObject\",\"inLanguage\":\"fi\",\"@id\":\"https:\\\/\\\/satuaasintalli.fi\\\/index.php\\\/turpatuokio\\\/#primaryimage\",\"url\":\"https:\\\/\\\/satuaasintalli.fi\\\/wp-content\\\/uploads\\\/2023\\\/01\\\/20220305_111415-scaled.jpg\",\"contentUrl\":\"https:\\\/\\\/satuaasintalli.fi\\\/wp-content\\\/uploads\\\/2023\\\/01\\\/20220305_111415-scaled.jpg\",\"width\":1920,\"height\":2560},{\"@type\":\"BreadcrumbList\",\"@id\":\"https:\\\/\\\/satuaasintalli.fi\\\/index.php\\\/turpatuokio\\\/#breadcrumb\",\"itemListElement\":[{\"@type\":\"ListItem\",\"position\":1,\"name\":\"Home\",\"item\":\"https:\\\/\\\/satuaasintalli.fi\\\/\"},{\"@type\":\"ListItem\",\"position\":2,\"name\":\"Turpatuokio\"}]},{\"@type\":\"WebSite\",\"@id\":\"https:\\\/\\\/satuaasintalli.fi\\\/#website\",\"url\":\"https:\\\/\\\/satuaasintalli.fi\\\/\",\"name\":\"SatuAasin talli\",\"description\":\"SatuAasin tallin kotisivut ja verkkokauppa\",\"publisher\":{\"@id\":\"https:\\\/\\\/satuaasintalli.fi\\\/#organization\"},\"potentialAction\":[{\"@type\":\"SearchAction\",\"target\":{\"@type\":\"EntryPoint\",\"urlTemplate\":\"https:\\\/\\\/satuaasintalli.fi\\\/?s={search_term_string}\"},\"query-input\":{\"@type\":\"PropertyValueSpecification\",\"valueRequired\":true,\"valueName\":\"search_term_string\"}}],\"inLanguage\":\"fi\"},{\"@type\":\"Organization\",\"@id\":\"https:\\\/\\\/satuaasintalli.fi\\\/#organization\",\"name\":\"SatuAasin talli\",\"url\":\"https:\\\/\\\/satuaasintalli.fi\\\/\",\"logo\":{\"@type\":\"ImageObject\",\"inLanguage\":\"fi\",\"@id\":\"https:\\\/\\\/satuaasintalli.fi\\\/#\\\/schema\\\/logo\\\/image\\\/\",\"url\":\"https:\\\/\\\/satuaasintalli.fi\\\/wp-content\\\/uploads\\\/2022\\\/03\\\/SatuAasin-talli-logo.png\",\"contentUrl\":\"https:\\\/\\\/satuaasintalli.fi\\\/wp-content\\\/uploads\\\/2022\\\/03\\\/SatuAasin-talli-logo.png\",\"width\":500,\"height\":523,\"caption\":\"SatuAasin talli\"},\"image\":{\"@id\":\"https:\\\/\\\/satuaasintalli.fi\\\/#\\\/schema\\\/logo\\\/image\\\/\"},\"sameAs\":[\"https:\\\/\\\/www.facebook.com\\\/hevostoimintavalkas\\\/\",\"https:\\\/\\\/www.instagram.com\\\/satuaasintalli\\\/?hl=fi\"]}]}<\/script>\n<!-- \/ Yoast SEO plugin. -->","yoast_head_json":{"title":"Turpatuokio - SatuAasin talli","description":"Turpatuokion aikana p\u00e4\u00e4set tutustumaan aasilaumamme j\u00e4seniin l\u00e4hiet\u00e4isyydelt\u00e4 niit\u00e4 harjailemalla, taluttamalla ja vaikka aasiagilitya tehden.","robots":{"index":"index","follow":"follow","max-snippet":"max-snippet:-1","max-image-preview":"max-image-preview:large","max-video-preview":"max-video-preview:-1"},"canonical":"https:\/\/satuaasintalli.fi\/index.php\/turpatuokio\/","og_locale":"fi_FI","og_type":"article","og_title":"Turpatuokio - SatuAasin talli","og_description":"Turpatuokion aikana p\u00e4\u00e4set tutustumaan aasilaumamme j\u00e4seniin l\u00e4hiet\u00e4isyydelt\u00e4 niit\u00e4 harjailemalla, taluttamalla ja vaikka aasiagilitya tehden.","og_url":"https:\/\/satuaasintalli.fi\/index.php\/turpatuokio\/","og_site_name":"SatuAasin talli","article_publisher":"https:\/\/www.facebook.com\/hevostoimintavalkas\/","article_modified_time":"2024-03-17T18:34:29+00:00","og_image":[{"url":"https:\/\/satuaasintalli.fi\/wp-content\/uploads\/2023\/01\/20220305_111415-768x1024.jpg","type":"","width":"","height":""}],"twitter_card":"summary_large_image","twitter_misc":{"Arvioitu lukuaika":"1 minuutti"},"schema":{"@context":"https:\/\/schema.org","@graph":[{"@type":"WebPage","@id":"https:\/\/satuaasintalli.fi\/index.php\/turpatuokio\/","url":"https:\/\/satuaasintalli.fi\/index.php\/turpatuokio\/","name":"Turpatuokio - SatuAasin talli","isPartOf":{"@id":"https:\/\/satuaasintalli.fi\/#website"},"primaryImageOfPage":{"@id":"https:\/\/satuaasintalli.fi\/index.php\/turpatuokio\/#primaryimage"},"image":{"@id":"https:\/\/satuaasintalli.fi\/index.php\/turpatuokio\/#primaryimage"},"thumbnailUrl":"https:\/\/satuaasintalli.fi\/wp-content\/uploads\/2023\/01\/20220305_111415-768x1024.jpg","datePublished":"2022-03-03T09:03:12+00:00","dateModified":"2024-03-17T18:34:29+00:00","description":"Turpatuokion aikana p\u00e4\u00e4set tutustumaan aasilaumamme j\u00e4seniin l\u00e4hiet\u00e4isyydelt\u00e4 niit\u00e4 harjailemalla, taluttamalla ja vaikka aasiagilitya tehden.","breadcrumb":{"@id":"https:\/\/satuaasintalli.fi\/index.php\/turpatuokio\/#breadcrumb"},"inLanguage":"fi","potentialAction":[{"@type":"ReadAction","target":["https:\/\/satuaasintalli.fi\/index.php\/turpatuokio\/"]}]},{"@type":"ImageObject","inLanguage":"fi","@id":"https:\/\/satuaasintalli.fi\/index.php\/turpatuokio\/#primaryimage","url":"https:\/\/satuaasintalli.fi\/wp-content\/uploads\/2023\/01\/20220305_111415-scaled.jpg","contentUrl":"https:\/\/satuaasintalli.fi\/wp-content\/uploads\/2023\/01\/20220305_111415-scaled.jpg","width":1920,"height":2560},{"@type":"BreadcrumbList","@id":"https:\/\/satuaasintalli.fi\/index.php\/turpatuokio\/#breadcrumb","itemListElement":[{"@type":"ListItem","position":1,"name":"Home","item":"https:\/\/satuaasintalli.fi\/"},{"@type":"ListItem","position":2,"name":"Turpatuokio"}]},{"@type":"WebSite","@id":"https:\/\/satuaasintalli.fi\/#website","url":"https:\/\/satuaasintalli.fi\/","name":"SatuAasin talli","description":"SatuAasin tallin kotisivut ja verkkokauppa","publisher":{"@id":"https:\/\/satuaasintalli.fi\/#organization"},"potentialAction":[{"@type":"SearchAction","target":{"@type":"EntryPoint","urlTemplate":"https:\/\/satuaasintalli.fi\/?s={search_term_string}"},"query-input":{"@type":"PropertyValueSpecification","valueRequired":true,"valueName":"search_term_string"}}],"inLanguage":"fi"},{"@type":"Organization","@id":"https:\/\/satuaasintalli.fi\/#organization","name":"SatuAasin talli","url":"https:\/\/satuaasintalli.fi\/","logo":{"@type":"ImageObject","inLanguage":"fi","@id":"https:\/\/satuaasintalli.fi\/#\/schema\/logo\/image\/","url":"https:\/\/satuaasintalli.fi\/wp-content\/uploads\/2022\/03\/SatuAasin-talli-logo.png","contentUrl":"https:\/\/satuaasintalli.fi\/wp-content\/uploads\/2022\/03\/SatuAasin-talli-logo.png","width":500,"height":523,"caption":"SatuAasin talli"},"image":{"@id":"https:\/\/satuaasintalli.fi\/#\/schema\/logo\/image\/"},"sameAs":["https:\/\/www.facebook.com\/hevostoimintavalkas\/","https:\/\/www.instagram.com\/satuaasintalli\/?hl=fi"]}]}},"_links":{"self":[{"href":"https:\/\/satuaasintalli.fi\/index.php\/wp-json\/wp\/v2\/pages\/204","targetHints":{"allow":["GET"]}}],"collection":[{"href":"https:\/\/satuaasintalli.fi\/index.php\/wp-json\/wp\/v2\/pages"}],"about":[{"href":"https:\/\/satuaasintalli.fi\/index.php\/wp-json\/wp\/v2\/types\/page"}],"author":[{"embeddable":true,"href":"https:\/\/satuaasintalli.fi\/index.php\/wp-json\/wp\/v2\/users\/1"}],"replies":[{"embeddable":true,"href":"https:\/\/satuaasintalli.fi\/index.php\/wp-json\/wp\/v2\/comments?post=204"}],"version-history":[{"count":28,"href":"https:\/\/satuaasintalli.fi\/index.php\/wp-json\/wp\/v2\/pages\/204\/revisions"}],"predecessor-version":[{"id":2318,"href":"https:\/\/satuaasintalli.fi\/index.php\/wp-json\/wp\/v2\/pages\/204\/revisions\/2318"}],"wp:attachment":[{"href":"https:\/\/satuaasintalli.fi\/index.php\/wp-json\/wp\/v2\/media?parent=204"}],"curies":[{"name":"wp","href":"https:\/\/api.w.org\/{rel}","templated":true}]}}