{"id":1156,"date":"2022-08-25T10:40:21","date_gmt":"2022-08-25T10:40:21","guid":{"rendered":"https:\/\/satuaasintalli.fi\/?page_id=1156"},"modified":"2025-05-23T06:53:57","modified_gmt":"2025-05-23T04:53:57","slug":"aasitavarat-loimet","status":"publish","type":"page","link":"https:\/\/satuaasintalli.fi\/index.php\/aasitavarat-loimet\/","title":{"rendered":"Aasitavaroita ja -loimia"},"content":{"rendered":"\t\t<div data-elementor-type=\"wp-page\" data-elementor-id=\"1156\" class=\"elementor elementor-1156\" data-elementor-post-type=\"page\">\n\t\t\t\t\t\t<section class=\"elementor-section elementor-top-section elementor-element elementor-element-7fc35df elementor-section-full_width elementor-section-height-default elementor-section-height-default\" data-id=\"7fc35df\" data-element_type=\"section\" data-e-type=\"section\" data-settings=\"{&quot;background_background&quot;:&quot;classic&quot;}\">\n\t\t\t\t\t\t<div class=\"elementor-container elementor-column-gap-default\">\n\t\t\t\t\t<div class=\"elementor-column elementor-col-100 elementor-top-column elementor-element elementor-element-adf9aa7\" data-id=\"adf9aa7\" data-element_type=\"column\" data-e-type=\"column\">\n\t\t\t<div class=\"elementor-widget-wrap elementor-element-populated\">\n\t\t\t\t\t\t<div class=\"elementor-element elementor-element-1a494b3 elementor-widget elementor-widget-heading\" data-id=\"1a494b3\" data-element_type=\"widget\" data-e-type=\"widget\" data-widget_type=\"heading.default\">\n\t\t\t\t<div class=\"elementor-widget-container\">\n\t\t\t\t\t<h2 class=\"elementor-heading-title elementor-size-xl\">Aasien loimia ja aasimaisia tavaroita myynniss\u00e4<\/h2>\t\t\t\t<\/div>\n\t\t\t\t<\/div>\n\t\t\t\t<div class=\"elementor-element elementor-element-e107288 elementor-widget__width-initial elementor-widget elementor-widget-text-editor\" data-id=\"e107288\" data-element_type=\"widget\" data-e-type=\"widget\" data-widget_type=\"text-editor.default\">\n\t\t\t\t<div class=\"elementor-widget-container\">\n\t\t\t\t\t\t\t\t\t<p>Talliltamme l\u00f6ytyy ihastuttavia, ilostuttavia ja kotia koristuttavia aasiaiheisia esineit\u00e4 (mm. mukit, kangaskassit, tiskir\u00e4tit, avaimenper\u00e4t) sek\u00e4 aasejasi l\u00e4mmitt\u00e4vi\u00e4 loimia. Tuotteita on yleens\u00e4 tarjolla varastossa rajoitettu er\u00e4 tai yksitt\u00e4iskappaleita. Loimitilauksia tehd\u00e4\u00e4n my\u00f6s ennakkoon muutaman kerran vuodessa. Kysy Sadulta tarkennuksia ja lis\u00e4tietoja. Tuotteet ovat nyt loimia lukuun ottamatta tarjolla meid\u00e4n<span style=\"font-size: inherit; text-align: inherit; color: var( --e-global-color-text ); font-family: var( --e-global-typography-text-font-family ), Sans-serif; font-weight: var( --e-global-typography-text-font-weight ); letter-spacing: -0.015em;\">&nbsp;<a href=\"https:\/\/satuaasintalli.fi\/index.php\/kauppa\/\">verkkokaupassa (t\u00e4st\u00e4 tuotesivulle)<\/a>.<\/span><\/p>\n<p>Esill\u00e4 olevat hinnat sis. alv 25,5 %. Postikulut lis\u00e4t\u00e4\u00e4n hintoihin pakettikoon mukaan. Nouto tallilta sovittuina aikoina onnistuu ilmaiseksi<\/p>\t\t\t\t\t\t\t\t<\/div>\n\t\t\t\t<\/div>\n\t\t\t\t\t<\/div>\n\t\t<\/div>\n\t\t\t\t\t<\/div>\n\t\t<\/section>\n\t\t\t\t<section class=\"elementor-section elementor-top-section elementor-element elementor-element-beb00f5 elementor-section-boxed elementor-section-height-default elementor-section-height-default\" data-id=\"beb00f5\" data-element_type=\"section\" data-e-type=\"section\">\n\t\t\t\t\t\t<div class=\"elementor-container elementor-column-gap-default\">\n\t\t\t\t\t<div class=\"elementor-column elementor-col-50 elementor-top-column elementor-element elementor-element-b77c73e\" data-id=\"b77c73e\" data-element_type=\"column\" data-e-type=\"column\">\n\t\t\t<div class=\"elementor-widget-wrap elementor-element-populated\">\n\t\t\t\t\t\t<div class=\"elementor-element elementor-element-1c88e22 elementor-widget elementor-widget-text-editor\" data-id=\"1c88e22\" data-element_type=\"widget\" data-e-type=\"widget\" data-widget_type=\"text-editor.default\">\n\t\t\t\t<div class=\"elementor-widget-container\">\n\t\t\t\t\t\t\t\t\t<p><strong>Aasiloimet<\/strong><\/p><p>Aaseille on usein vaikea l\u00f6yt\u00e4\u00e4 sopivia loimia, sill\u00e4 ne ovat etuosastaan kapearakenteisempia kuin hevoset ja ponit, joille loimet on tehty. Nyt t\u00e4h\u00e4n ongelmaan l\u00f6ytyy kuitenkin ratkaisuja!<\/p><p>Loimitoimituksia hoidan muun toiminnan ohella, joten huomioi, ett\u00e4 toimitukset eiv\u00e4t aina ole v\u00e4ltt\u00e4m\u00e4tt\u00e4 kovin pikaisia ja tilauksia teen loimien valmistajalle muutaman kerran vuodessa.<\/p><p>Alta l\u00f6yd\u00e4t t\u00e4ll\u00e4 hetkell\u00e4 varastossa olevat loimet. Kysele my\u00f6s muita Ruggles malleja ja kokoja tilaustavarana.<\/p><p><u>Ruggles<\/u><\/p><p><span style=\"text-decoration: underline;\">70 cm,\u00a0<\/span><span style=\"letter-spacing: -0.27px;\">3&#8217;3&#8243;\u00a0<\/span><br \/>Talliloimi, 400 G, musta. 50 \u20ac <span style=\"letter-spacing: -0.27px; color: var( --e-global-color-text ); font-family: var( --e-global-typography-text-font-family ), Sans-serif; font-weight: var( --e-global-typography-text-font-weight ); font-size: 1.8rem;\">(ALE 40 \u20ac)<br \/><\/span><span style=\"letter-spacing: -0.27px; color: var( --e-global-color-text ); font-family: var( --e-global-typography-text-font-family ), Sans-serif; font-weight: var( --e-global-typography-text-font-weight ); font-size: 1.8rem;\"><strong>Sadeloimi, 100g, fullneck, vaaleansininen<\/strong> \u00a0106,50 \u20ac (ALE 98 \u20ac).<\/span><\/p><p><span style=\"text-decoration: underline;\">110 cm,\u00a0<\/span><span style=\"letter-spacing: -0.27px;\">4&#8217;6&#8243;\u00a0<\/span><br \/>Puuvillaloimi, musta. 48 \u20ac\u00a0<span style=\"letter-spacing: -0.27px;\">(ALE 30 \u20ac)<\/span><\/p>\t\t\t\t\t\t\t\t<\/div>\n\t\t\t\t<\/div>\n\t\t\t\t\t<\/div>\n\t\t<\/div>\n\t\t\t\t<div class=\"elementor-column elementor-col-50 elementor-top-column elementor-element elementor-element-adc9380\" data-id=\"adc9380\" data-element_type=\"column\" data-e-type=\"column\">\n\t\t\t<div class=\"elementor-widget-wrap elementor-element-populated\">\n\t\t\t\t\t\t<div class=\"elementor-element elementor-element-fb2f689 elementor-widget elementor-widget-text-editor\" data-id=\"fb2f689\" data-element_type=\"widget\" data-e-type=\"widget\" data-widget_type=\"text-editor.default\">\n\t\t\t\t<div class=\"elementor-widget-container\">\n\t\t\t\t\t\t\t\t\t<p><span style=\"color: #8c5630;\"><strong>Ruggless<\/strong> -loimien oma ponien\/aasien mallisto on suunniteltu erityisesti pieni\u00e4 poneja ja aaseja ajatellen ja niiss\u00e4 on mm. hyvin mitoitettu loimen helma ja kaulakappaleet. Paljon my\u00f6s pieni\u00e4 kokoja saatavilla sek\u00e4 omat mallistot hevosille ja ty\u00f6hevosillekin. My\u00f6s muutamia muita hevostarvikkeita saatavilla (mm. riimuja, riimunnaruja, k\u00e4rp\u00e4shuppuja\/loimia, kuljetussuojia, hoitotuotteita, leluja). Katso valikoima\u00a0<\/span><a href=\"http:\/\/www.ruggles-horse-rugs.co.uk\" target=\"_blank\" rel=\"noopener\">www.ruggles-horse-rugs.co.uk<\/a><span style=\"color: #8c5630;\">. Tuotteen lopullisen ostohinnan euroissa saat tiet\u00e4\u00e4, kun kerrot nettisivuilla olevan tuotteen hinnan 1,7:lla.\u00a0<\/span><\/p><p><span style=\"color: #8c5630; letter-spacing: -0.27px;\">Huom! Loimikoot ilmoitetaan tuumissa loimen alahelman pituutena, joten katso mittausohjeet tarkasti oikean koon l\u00f6yt\u00e4miseksi. Loimet ovat hyvin aasille istuvaa mitoitusta. Esimerkkin\u00e4 koko 3&#8217;9-4&#8243; on sopinut aaseille, joille 80-90 cm loimi on hyv\u00e4. 4&#8217;6 loimi taas on ollut hyv\u00e4 95-105 cm loimia k\u00e4ytt\u00e4ville. Satu my\u00f6s neuvoo sopivan loimikoon l\u00f6yt\u00e4misess\u00e4.<\/span><span style=\"color: #8c5630; font-size: inherit; text-align: inherit; letter-spacing: -0.015em;\"><br \/><\/span><\/p><p class=\"_04xlpA direction-ltr align-center para-style-body\"><span class=\"JsGRdQ\">Mittausohjeet:<\/span><\/p><p class=\"_04xlpA direction-ltr align-center para-style-body\"><span class=\"JsGRdQ\">Mittaa hevosesi\/ponisi\/aasisi pituus kuvanmukaisesti keskelt\u00e4 rintakeh\u00e4\u00e4 olan kohdalta takajalan taakse asti (mihin loimi p\u00e4\u00e4ttyy). Muuta mittaustulos jaloiksi ja tuumiksi (esim. 99<\/span><span style=\"font-size: inherit; text-align: inherit; letter-spacing: -0.015em;\">\u00a0cm = noin 3 jalkaa, 3 tuumaa eli 3&#8217;3&#8243;) ja valitse vastaava loimikoko Ruggles- loimien valikoimasta. Jos mitta j\u00e4\u00e4 kahden loimikoon v\u00e4liin, yht\u00e4 suurempi koko on parempi (edess\u00e4 hyv\u00e4 s\u00e4\u00e4t\u00f6vara). Mittayksik\u00f6iden muunnoksessa auttaa mm.\u00a0<\/span><a href=\"https:\/\/www.metric-conversions.org\/fi\/pituus\/jalat-metrit.htm\" target=\"_blank\" rel=\"noopener\">t\u00e4m\u00e4 nettisivusto<\/a>\u00a0ja alla oleva poni\/aasiloimien muunnostaulukko.<\/p>\t\t\t\t\t\t\t\t<\/div>\n\t\t\t\t<\/div>\n\t\t\t\t<div class=\"elementor-element elementor-element-53d0695 elementor-widget elementor-widget-image\" data-id=\"53d0695\" data-element_type=\"widget\" data-e-type=\"widget\" data-widget_type=\"image.default\">\n\t\t\t\t<div class=\"elementor-widget-container\">\n\t\t\t\t\t\t\t\t\t\t\t\t\t\t\t<img decoding=\"async\" src=\"https:\/\/satuaasintalli.fi\/wp-content\/uploads\/2022\/08\/Loimimittauskuva.png\" title=\"\" alt=\"\" loading=\"lazy\" \/>\t\t\t\t\t\t\t\t\t\t\t\t\t\t\t<\/div>\n\t\t\t\t<\/div>\n\t\t\t\t\t<\/div>\n\t\t<\/div>\n\t\t\t\t\t<\/div>\n\t\t<\/section>\n\t\t\t\t<section class=\"elementor-section elementor-top-section elementor-element elementor-element-09dddf6 elementor-section-boxed elementor-section-height-default elementor-section-height-default\" data-id=\"09dddf6\" data-element_type=\"section\" data-e-type=\"section\">\n\t\t\t\t\t\t<div class=\"elementor-container elementor-column-gap-default\">\n\t\t\t\t\t<div class=\"elementor-column elementor-col-100 elementor-top-column elementor-element elementor-element-9af2a12\" data-id=\"9af2a12\" data-element_type=\"column\" data-e-type=\"column\">\n\t\t\t<div class=\"elementor-widget-wrap\">\n\t\t\t\t\t\t\t<\/div>\n\t\t<\/div>\n\t\t\t\t\t<\/div>\n\t\t<\/section>\n\t\t\t\t<\/div>\n\t\t","protected":false},"excerpt":{"rendered":"<p>Aasien loimia ja aasimaisia tavaroita myynniss\u00e4 Talliltamme l\u00f6ytyy ihastuttavia, ilostuttavia ja kotia koristuttavia aasiaiheisia esineit\u00e4 (mm. mukit, kangaskassit, tiskir\u00e4tit, avaimenper\u00e4t) sek\u00e4 aasejasi l\u00e4mmitt\u00e4vi\u00e4 loimia. Tuotteita on yleens\u00e4 tarjolla varastossa rajoitettu er\u00e4 tai yksitt\u00e4iskappaleita. Loimitilauksia tehd\u00e4\u00e4n my\u00f6s ennakkoon muutaman kerran vuodessa. Kysy Sadulta tarkennuksia ja lis\u00e4tietoja. Tuotteet ovat nyt loimia lukuun ottamatta tarjolla meid\u00e4n&nbsp;verkkokaupassa (t\u00e4st\u00e4 tuotesivulle). [&hellip;]<\/p>\n","protected":false},"author":1,"featured_media":0,"parent":0,"menu_order":0,"comment_status":"closed","ping_status":"closed","template":"elementor_header_footer","meta":{"footnotes":""},"class_list":["post-1156","page","type-page","status-publish","hentry"],"yoast_head":"<!-- This site is optimized with the Yoast SEO plugin v27.4 - https:\/\/yoast.com\/product\/yoast-seo-wordpress\/ -->\n<title>Aasitavaroita ja -loimia - SatuAasin talli<\/title>\n<meta name=\"description\" content=\"Myynniss\u00e4 aasiaiheisia koriste-esineit\u00e4 (kotimaista k\u00e4sity\u00f6t\u00e4) sek\u00e4 aaseille sopivia loimia kes\u00e4- ja talvikeleihin.\" \/>\n<meta name=\"robots\" content=\"index, follow, max-snippet:-1, max-image-preview:large, max-video-preview:-1\" \/>\n<link rel=\"canonical\" href=\"https:\/\/satuaasintalli.fi\/index.php\/aasitavarat-loimet\/\" \/>\n<meta property=\"og:locale\" content=\"fi_FI\" \/>\n<meta property=\"og:type\" content=\"article\" \/>\n<meta property=\"og:title\" content=\"Aasitavaroita ja -loimia - SatuAasin talli\" \/>\n<meta property=\"og:description\" content=\"Myynniss\u00e4 aasiaiheisia koriste-esineit\u00e4 (kotimaista k\u00e4sity\u00f6t\u00e4) sek\u00e4 aaseille sopivia loimia kes\u00e4- ja talvikeleihin.\" \/>\n<meta property=\"og:url\" content=\"https:\/\/satuaasintalli.fi\/index.php\/aasitavarat-loimet\/\" \/>\n<meta property=\"og:site_name\" content=\"SatuAasin talli\" \/>\n<meta property=\"article:publisher\" content=\"https:\/\/www.facebook.com\/hevostoimintavalkas\/\" \/>\n<meta property=\"article:modified_time\" content=\"2025-05-23T04:53:57+00:00\" \/>\n<meta property=\"og:image\" content=\"https:\/\/satuaasintalli.fi\/wp-content\/uploads\/2022\/08\/Loimimittauskuva.png\" \/>\n<meta name=\"twitter:card\" content=\"summary_large_image\" \/>\n<meta name=\"twitter:label1\" content=\"Arvioitu lukuaika\" \/>\n\t<meta name=\"twitter:data1\" content=\"3 minuuttia\" \/>\n<script type=\"application\/ld+json\" class=\"yoast-schema-graph\">{\"@context\":\"https:\\\/\\\/schema.org\",\"@graph\":[{\"@type\":\"WebPage\",\"@id\":\"https:\\\/\\\/satuaasintalli.fi\\\/index.php\\\/aasitavarat-loimet\\\/\",\"url\":\"https:\\\/\\\/satuaasintalli.fi\\\/index.php\\\/aasitavarat-loimet\\\/\",\"name\":\"Aasitavaroita ja -loimia - SatuAasin talli\",\"isPartOf\":{\"@id\":\"https:\\\/\\\/satuaasintalli.fi\\\/#website\"},\"primaryImageOfPage\":{\"@id\":\"https:\\\/\\\/satuaasintalli.fi\\\/index.php\\\/aasitavarat-loimet\\\/#primaryimage\"},\"image\":{\"@id\":\"https:\\\/\\\/satuaasintalli.fi\\\/index.php\\\/aasitavarat-loimet\\\/#primaryimage\"},\"thumbnailUrl\":\"https:\\\/\\\/satuaasintalli.fi\\\/wp-content\\\/uploads\\\/2022\\\/08\\\/Loimimittauskuva.png\",\"datePublished\":\"2022-08-25T10:40:21+00:00\",\"dateModified\":\"2025-05-23T04:53:57+00:00\",\"description\":\"Myynniss\u00e4 aasiaiheisia koriste-esineit\u00e4 (kotimaista k\u00e4sity\u00f6t\u00e4) sek\u00e4 aaseille sopivia loimia kes\u00e4- ja talvikeleihin.\",\"breadcrumb\":{\"@id\":\"https:\\\/\\\/satuaasintalli.fi\\\/index.php\\\/aasitavarat-loimet\\\/#breadcrumb\"},\"inLanguage\":\"fi\",\"potentialAction\":[{\"@type\":\"ReadAction\",\"target\":[\"https:\\\/\\\/satuaasintalli.fi\\\/index.php\\\/aasitavarat-loimet\\\/\"]}]},{\"@type\":\"ImageObject\",\"inLanguage\":\"fi\",\"@id\":\"https:\\\/\\\/satuaasintalli.fi\\\/index.php\\\/aasitavarat-loimet\\\/#primaryimage\",\"url\":\"\",\"contentUrl\":\"\"},{\"@type\":\"BreadcrumbList\",\"@id\":\"https:\\\/\\\/satuaasintalli.fi\\\/index.php\\\/aasitavarat-loimet\\\/#breadcrumb\",\"itemListElement\":[{\"@type\":\"ListItem\",\"position\":1,\"name\":\"Home\",\"item\":\"https:\\\/\\\/satuaasintalli.fi\\\/\"},{\"@type\":\"ListItem\",\"position\":2,\"name\":\"Aasitavaroita ja -loimia\"}]},{\"@type\":\"WebSite\",\"@id\":\"https:\\\/\\\/satuaasintalli.fi\\\/#website\",\"url\":\"https:\\\/\\\/satuaasintalli.fi\\\/\",\"name\":\"SatuAasin talli\",\"description\":\"SatuAasin tallin kotisivut ja verkkokauppa\",\"publisher\":{\"@id\":\"https:\\\/\\\/satuaasintalli.fi\\\/#organization\"},\"potentialAction\":[{\"@type\":\"SearchAction\",\"target\":{\"@type\":\"EntryPoint\",\"urlTemplate\":\"https:\\\/\\\/satuaasintalli.fi\\\/?s={search_term_string}\"},\"query-input\":{\"@type\":\"PropertyValueSpecification\",\"valueRequired\":true,\"valueName\":\"search_term_string\"}}],\"inLanguage\":\"fi\"},{\"@type\":\"Organization\",\"@id\":\"https:\\\/\\\/satuaasintalli.fi\\\/#organization\",\"name\":\"SatuAasin talli\",\"url\":\"https:\\\/\\\/satuaasintalli.fi\\\/\",\"logo\":{\"@type\":\"ImageObject\",\"inLanguage\":\"fi\",\"@id\":\"https:\\\/\\\/satuaasintalli.fi\\\/#\\\/schema\\\/logo\\\/image\\\/\",\"url\":\"https:\\\/\\\/satuaasintalli.fi\\\/wp-content\\\/uploads\\\/2022\\\/03\\\/SatuAasin-talli-logo.png\",\"contentUrl\":\"https:\\\/\\\/satuaasintalli.fi\\\/wp-content\\\/uploads\\\/2022\\\/03\\\/SatuAasin-talli-logo.png\",\"width\":500,\"height\":523,\"caption\":\"SatuAasin talli\"},\"image\":{\"@id\":\"https:\\\/\\\/satuaasintalli.fi\\\/#\\\/schema\\\/logo\\\/image\\\/\"},\"sameAs\":[\"https:\\\/\\\/www.facebook.com\\\/hevostoimintavalkas\\\/\",\"https:\\\/\\\/www.instagram.com\\\/satuaasintalli\\\/?hl=fi\"]}]}<\/script>\n<!-- \/ Yoast SEO plugin. -->","yoast_head_json":{"title":"Aasitavaroita ja -loimia - SatuAasin talli","description":"Myynniss\u00e4 aasiaiheisia koriste-esineit\u00e4 (kotimaista k\u00e4sity\u00f6t\u00e4) sek\u00e4 aaseille sopivia loimia kes\u00e4- ja talvikeleihin.","robots":{"index":"index","follow":"follow","max-snippet":"max-snippet:-1","max-image-preview":"max-image-preview:large","max-video-preview":"max-video-preview:-1"},"canonical":"https:\/\/satuaasintalli.fi\/index.php\/aasitavarat-loimet\/","og_locale":"fi_FI","og_type":"article","og_title":"Aasitavaroita ja -loimia - SatuAasin talli","og_description":"Myynniss\u00e4 aasiaiheisia koriste-esineit\u00e4 (kotimaista k\u00e4sity\u00f6t\u00e4) sek\u00e4 aaseille sopivia loimia kes\u00e4- ja talvikeleihin.","og_url":"https:\/\/satuaasintalli.fi\/index.php\/aasitavarat-loimet\/","og_site_name":"SatuAasin talli","article_publisher":"https:\/\/www.facebook.com\/hevostoimintavalkas\/","article_modified_time":"2025-05-23T04:53:57+00:00","og_image":[{"url":"https:\/\/satuaasintalli.fi\/wp-content\/uploads\/2022\/08\/Loimimittauskuva.png","type":"","width":"","height":""}],"twitter_card":"summary_large_image","twitter_misc":{"Arvioitu lukuaika":"3 minuuttia"},"schema":{"@context":"https:\/\/schema.org","@graph":[{"@type":"WebPage","@id":"https:\/\/satuaasintalli.fi\/index.php\/aasitavarat-loimet\/","url":"https:\/\/satuaasintalli.fi\/index.php\/aasitavarat-loimet\/","name":"Aasitavaroita ja -loimia - SatuAasin talli","isPartOf":{"@id":"https:\/\/satuaasintalli.fi\/#website"},"primaryImageOfPage":{"@id":"https:\/\/satuaasintalli.fi\/index.php\/aasitavarat-loimet\/#primaryimage"},"image":{"@id":"https:\/\/satuaasintalli.fi\/index.php\/aasitavarat-loimet\/#primaryimage"},"thumbnailUrl":"https:\/\/satuaasintalli.fi\/wp-content\/uploads\/2022\/08\/Loimimittauskuva.png","datePublished":"2022-08-25T10:40:21+00:00","dateModified":"2025-05-23T04:53:57+00:00","description":"Myynniss\u00e4 aasiaiheisia koriste-esineit\u00e4 (kotimaista k\u00e4sity\u00f6t\u00e4) sek\u00e4 aaseille sopivia loimia kes\u00e4- ja talvikeleihin.","breadcrumb":{"@id":"https:\/\/satuaasintalli.fi\/index.php\/aasitavarat-loimet\/#breadcrumb"},"inLanguage":"fi","potentialAction":[{"@type":"ReadAction","target":["https:\/\/satuaasintalli.fi\/index.php\/aasitavarat-loimet\/"]}]},{"@type":"ImageObject","inLanguage":"fi","@id":"https:\/\/satuaasintalli.fi\/index.php\/aasitavarat-loimet\/#primaryimage","url":"","contentUrl":""},{"@type":"BreadcrumbList","@id":"https:\/\/satuaasintalli.fi\/index.php\/aasitavarat-loimet\/#breadcrumb","itemListElement":[{"@type":"ListItem","position":1,"name":"Home","item":"https:\/\/satuaasintalli.fi\/"},{"@type":"ListItem","position":2,"name":"Aasitavaroita ja -loimia"}]},{"@type":"WebSite","@id":"https:\/\/satuaasintalli.fi\/#website","url":"https:\/\/satuaasintalli.fi\/","name":"SatuAasin talli","description":"SatuAasin tallin kotisivut ja verkkokauppa","publisher":{"@id":"https:\/\/satuaasintalli.fi\/#organization"},"potentialAction":[{"@type":"SearchAction","target":{"@type":"EntryPoint","urlTemplate":"https:\/\/satuaasintalli.fi\/?s={search_term_string}"},"query-input":{"@type":"PropertyValueSpecification","valueRequired":true,"valueName":"search_term_string"}}],"inLanguage":"fi"},{"@type":"Organization","@id":"https:\/\/satuaasintalli.fi\/#organization","name":"SatuAasin talli","url":"https:\/\/satuaasintalli.fi\/","logo":{"@type":"ImageObject","inLanguage":"fi","@id":"https:\/\/satuaasintalli.fi\/#\/schema\/logo\/image\/","url":"https:\/\/satuaasintalli.fi\/wp-content\/uploads\/2022\/03\/SatuAasin-talli-logo.png","contentUrl":"https:\/\/satuaasintalli.fi\/wp-content\/uploads\/2022\/03\/SatuAasin-talli-logo.png","width":500,"height":523,"caption":"SatuAasin talli"},"image":{"@id":"https:\/\/satuaasintalli.fi\/#\/schema\/logo\/image\/"},"sameAs":["https:\/\/www.facebook.com\/hevostoimintavalkas\/","https:\/\/www.instagram.com\/satuaasintalli\/?hl=fi"]}]}},"_links":{"self":[{"href":"https:\/\/satuaasintalli.fi\/index.php\/wp-json\/wp\/v2\/pages\/1156","targetHints":{"allow":["GET"]}}],"collection":[{"href":"https:\/\/satuaasintalli.fi\/index.php\/wp-json\/wp\/v2\/pages"}],"about":[{"href":"https:\/\/satuaasintalli.fi\/index.php\/wp-json\/wp\/v2\/types\/page"}],"author":[{"embeddable":true,"href":"https:\/\/satuaasintalli.fi\/index.php\/wp-json\/wp\/v2\/users\/1"}],"replies":[{"embeddable":true,"href":"https:\/\/satuaasintalli.fi\/index.php\/wp-json\/wp\/v2\/comments?post=1156"}],"version-history":[{"count":204,"href":"https:\/\/satuaasintalli.fi\/index.php\/wp-json\/wp\/v2\/pages\/1156\/revisions"}],"predecessor-version":[{"id":3391,"href":"https:\/\/satuaasintalli.fi\/index.php\/wp-json\/wp\/v2\/pages\/1156\/revisions\/3391"}],"wp:attachment":[{"href":"https:\/\/satuaasintalli.fi\/index.php\/wp-json\/wp\/v2\/media?parent=1156"}],"curies":[{"name":"wp","href":"https:\/\/api.w.org\/{rel}","templated":true}]}}